{"id":11,"date":"2012-12-18T20:19:40","date_gmt":"2012-12-18T19:19:40","guid":{"rendered":"http:\/\/www.subkultur.de\/edition\/?page_id=11"},"modified":"2025-12-15T20:52:50","modified_gmt":"2025-12-15T19:52:50","slug":"uber-uns","status":"publish","type":"page","link":"https:\/\/www.subkultur.de\/edition\/uber-uns\/","title":{"rendered":"\u00dcber uns"},"content":{"rendered":"<p>Willkommen.<\/p>\n<p>Unter Subkultur.de\/com haben wir bereits seit den 1990er Jahren Erfahrung mit Independent-Kultur gemacht, Konzerte und Events veranstaltet. Anno 2009 wurde daraus ein Label f\u00fcr Overground Literatur und Musik: Die Edition Subkultur.<\/p>\n<p>Und heute? Schubladen sind immer noch sekund\u00e4r. Wir m\u00f6gen es immer noch substanziell, schr\u00e4g und subversiv. Und wir machen immer noch gern Szene-Literatur. Aber eine Szene ist kein Ort, keine Menschengruppe, kein Kleidungsstil und kein Klischee, sondern ein Ereignis.<\/p>\n<p>Anno 2019 bestand die Edition Subkultur aus ToM (Produktion, Administration), Marry (Vertr\u00e4ge und Finanzen) und Laura (Lektorat und Promo). Da Laura in den S\u00fcden emigriert ist und dort strebsam studiert, suchen wir seit 2020 einen K\u00e4ptn oder eine Kapit\u00e4nin. Wir sind also derzeit zu zweit.<\/p>\n<p>Wir wollen abseits des Mainstreams agierenden K\u00fcnstlern die M\u00f6glichkeit bieten, ihre Werke zu ver\u00f6ffentlichen. Zugleich haben wir einen professionellen Background und arbeiten mit soliden Vertriebsstrukturen, denn die Edition Subkultur geh\u00f6rt zur <a href=\"http:\/\/www.periplaneta.com\">Periplaneta<\/a> Verlag und Medien Berlin.<\/p>\n<p>In diesem Sinne: Deine Szene, Deine B\u00fccher.<\/p>\n<div class=\"shariff shariff-align-left shariff-widget-align-left\"><ul class=\"shariff-buttons theme-round orientation-horizontal buttonsize-small\"><li class=\"shariff-button facebook\" style=\"background-color:#666666\"><a href=\"https:\/\/www.facebook.com\/sharer\/sharer.php?u=https%3A%2F%2Fwww.subkultur.de%2Fedition%2Fuber-uns%2F\" title=\"Bei Facebook teilen\" aria-label=\"Bei Facebook teilen\" role=\"button\" rel=\"nofollow\" class=\"shariff-link\" style=\"; background-color:#990000; color:#fff\" target=\"_blank\"><span class=\"shariff-icon\" style=\"\"><svg width=\"32px\" height=\"20px\" xmlns=\"http:\/\/www.w3.org\/2000\/svg\" viewBox=\"0 0 18 32\"><path fill=\"#3b5998\" d=\"M17.1 0.2v4.7h-2.8q-1.5 0-2.1 0.6t-0.5 1.9v3.4h5.2l-0.7 5.3h-4.5v13.6h-5.5v-13.6h-4.5v-5.3h4.5v-3.9q0-3.3 1.9-5.2t5-1.8q2.6 0 4.1 0.2z\"\/><\/svg><\/span><\/a><\/li><li class=\"shariff-button twitter\" style=\"background-color:#666666\"><a href=\"https:\/\/twitter.com\/share?url=https%3A%2F%2Fwww.subkultur.de%2Fedition%2Fuber-uns%2F&text=%C3%9Cber%20uns\" title=\"Bei X teilen\" aria-label=\"Bei X teilen\" role=\"button\" rel=\"noopener nofollow\" class=\"shariff-link\" style=\"; background-color:#990000; color:#fff\" target=\"_blank\"><span class=\"shariff-icon\" style=\"\"><svg width=\"32px\" height=\"20px\" xmlns=\"http:\/\/www.w3.org\/2000\/svg\" viewBox=\"0 0 24 24\"><path fill=\"#000\" d=\"M14.258 10.152L23.176 0h-2.113l-7.747 8.813L7.133 0H0l9.352 13.328L0 23.973h2.113l8.176-9.309 6.531 9.309h7.133zm-2.895 3.293l-.949-1.328L2.875 1.56h3.246l6.086 8.523.945 1.328 7.91 11.078h-3.246zm0 0\"\/><\/svg><\/span><\/a><\/li><li class=\"shariff-button whatsapp shariff-mobile\" style=\"background-color:#666666\"><a href=\"https:\/\/api.whatsapp.com\/send?text=https%3A%2F%2Fwww.subkultur.de%2Fedition%2Fuber-uns%2F%20%C3%9Cber%20uns\" title=\"Bei Whatsapp teilen\" aria-label=\"Bei Whatsapp teilen\" role=\"button\" rel=\"noopener nofollow\" class=\"shariff-link\" style=\"; background-color:#990000; color:#fff\" target=\"_blank\"><span class=\"shariff-icon\" style=\"\"><svg width=\"32px\" height=\"20px\" xmlns=\"http:\/\/www.w3.org\/2000\/svg\" viewBox=\"0 0 32 32\"><path fill=\"#34af23\" d=\"M17.6 17.4q0.2 0 1.7 0.8t1.6 0.9q0 0.1 0 0.3 0 0.6-0.3 1.4-0.3 0.7-1.3 1.2t-1.8 0.5q-1 0-3.4-1.1-1.7-0.8-3-2.1t-2.6-3.3q-1.3-1.9-1.3-3.5v-0.1q0.1-1.6 1.3-2.8 0.4-0.4 0.9-0.4 0.1 0 0.3 0t0.3 0q0.3 0 0.5 0.1t0.3 0.5q0.1 0.4 0.6 1.6t0.4 1.3q0 0.4-0.6 1t-0.6 0.8q0 0.1 0.1 0.3 0.6 1.3 1.8 2.4 1 0.9 2.7 1.8 0.2 0.1 0.4 0.1 0.3 0 1-0.9t0.9-0.9zM14 26.9q2.3 0 4.3-0.9t3.6-2.4 2.4-3.6 0.9-4.3-0.9-4.3-2.4-3.6-3.6-2.4-4.3-0.9-4.3 0.9-3.6 2.4-2.4 3.6-0.9 4.3q0 3.6 2.1 6.6l-1.4 4.2 4.3-1.4q2.8 1.9 6.2 1.9zM14 2.2q2.7 0 5.2 1.1t4.3 2.9 2.9 4.3 1.1 5.2-1.1 5.2-2.9 4.3-4.3 2.9-5.2 1.1q-3.5 0-6.5-1.7l-7.4 2.4 2.4-7.2q-1.9-3.2-1.9-6.9 0-2.7 1.1-5.2t2.9-4.3 4.3-2.9 5.2-1.1z\"\/><\/svg><\/span><\/a><\/li><li class=\"shariff-button paypal\" style=\"background-color:#666666\"><a href=\"https:\/\/www.paypal.com\/cgi-bin\/webscr?cmd=_s-xclick&#038;hosted_button_id=PLJWJSQLT8Z36\" title=\"Spenden mit PayPal\" aria-label=\"Spenden mit PayPal\" role=\"button\" rel=\"noopener nofollow\" class=\"shariff-link\" style=\"; background-color:#990000; color:#fff\" target=\"_blank\"><span class=\"shariff-icon\" style=\"\"><svg width=\"32px\" height=\"20px\" xmlns=\"http:\/\/www.w3.org\/2000\/svg\" viewBox=\"0 0 32 32\"><path fill=\"#009cde\" d=\"M19.9 8q0-2.8-4.2-2.8h-1.2q-0.6 0-1.1 0.4t-0.6 0.9l-1.1 4.9q0 0.1 0 0.3 0 0.4 0.3 0.7t0.7 0.3h0.9q1.2 0 2.3-0.2t2-0.7 1.5-1.5 0.5-2.3zM30.6 10.7q0 4.7-3.9 7.6-3.9 2.9-10.9 2.9h-1.1q-0.6 0-1.1 0.4t-0.6 0.9l-1.3 5.6q-0.1 0.6-0.7 1.1t-1.2 0.5h-3.8q-0.6 0-0.9-0.4t-0.4-0.9q0-0.2 0.2-1.2h2.7q0.6 0 1.1-0.4t0.7-1l1.3-5.6q0.1-0.6 0.7-1t1.1-0.4h1.1q7 0 10.8-2.9t3.9-7.5q0-2.3-0.9-3.7 3.3 1.6 3.3 6zM27.4 7.4q0 4.7-3.9 7.6-3.9 2.9-10.9 2.9h-1.1q-0.6 0-1.1 0.4t-0.6 0.9l-1.3 5.6q-0.1 0.6-0.7 1.1t-1.2 0.5h-3.8q-0.6 0-0.9-0.3t-0.4-0.9q0-0.1 0-0.4l5.4-23.2q0.1-0.6 0.7-1.1t1.2-0.5h7.9q1.2 0 2.2 0.1t2.2 0.3 2 0.5 1.7 0.9 1.4 1.3 0.9 1.8 0.3 2.4z\"\/><\/svg><\/span><\/a><\/li><li class=\"shariff-button rss\" style=\"background-color:#666666\"><a href=\"https:\/\/www.subkultur.de\/edition\/feed\/rss\/\" title=\"RSS-feed\" aria-label=\"RSS-feed\" role=\"button\" class=\"shariff-link\" style=\"; background-color:#990000; color:#fff\" target=\"_blank\"><span class=\"shariff-icon\" style=\"\"><svg width=\"32px\" height=\"20px\" xmlns=\"http:\/\/www.w3.org\/2000\/svg\" viewBox=\"0 0 32 32\"><path fill=\"#fe9312\" d=\"M4.3 23.5c-2.3 0-4.3 1.9-4.3 4.3 0 2.3 1.9 4.2 4.3 4.2 2.4 0 4.3-1.9 4.3-4.2 0-2.3-1.9-4.3-4.3-4.3zM0 10.9v6.1c4 0 7.7 1.6 10.6 4.4 2.8 2.8 4.4 6.6 4.4 10.6h6.2c0-11.7-9.5-21.1-21.1-21.1zM0 0v6.1c14.2 0 25.8 11.6 25.8 25.9h6.2c0-17.6-14.4-32-32-32z\"\/><\/svg><\/span><\/a><\/li><\/ul><\/div>","protected":false},"excerpt":{"rendered":"<p>Willkommen. Unter Subkultur.de\/com haben wir bereits seit den 1990er Jahren Erfahrung mit Independent-Kultur gemacht, Konzerte und Events veranstaltet. Anno 2009 wurde daraus ein Label f\u00fcr Overground Literatur und Musik: Die Edition Subkultur. Und heute? Schubladen sind immer noch sekund\u00e4r. Wir m\u00f6gen es immer noch substanziell, schr\u00e4g und subversiv. Und wir machen immer noch gern Szene-Literatur. [&hellip;]<\/p>\n","protected":false},"author":1,"featured_media":3112,"parent":0,"menu_order":0,"comment_status":"open","ping_status":"closed","template":"","meta":{"footnotes":""},"class_list":["post-11","page","type-page","status-publish","has-post-thumbnail","hentry"],"yoast_head":"<!-- This site is optimized with the Yoast SEO plugin v27.4 - https:\/\/yoast.com\/product\/yoast-seo-wordpress\/ -->\n<title>\u00dcber uns - edition.subkultur<\/title>\n<meta name=\"description\" content=\"Die Edition Subkultur geh\u00f6rt zur Periplaneta Berlin. Wir wollen abseits des Mainstreams agierenden K\u00fcnstlern die M\u00f6glichkeit bieten, ihre Werke zu ver\u00f6ffentlichen.\" \/>\n<meta name=\"robots\" content=\"index, follow, max-snippet:-1, max-image-preview:large, max-video-preview:-1\" \/>\n<link rel=\"canonical\" href=\"https:\/\/www.subkultur.de\/edition\/uber-uns\/\" \/>\n<meta property=\"og:locale\" content=\"de_DE\" \/>\n<meta property=\"og:type\" content=\"article\" \/>\n<meta property=\"og:title\" content=\"Edition Subkultur\" \/>\n<meta property=\"og:description\" content=\"Wir wollen jungen und abseits des Mainstreams agierenden K\u00fcnstlern eine einfache M\u00f6glichkeit bieten, ihre Werke zu ver\u00f6ffentlichen. Zugleich haben wir einen professionellen Background und arbeiten mit soliden Vertriebsstrukturen.\" \/>\n<meta property=\"og:url\" content=\"https:\/\/www.subkultur.de\/edition\/uber-uns\/\" \/>\n<meta property=\"og:site_name\" content=\"edition.subkultur\" \/>\n<meta property=\"article:publisher\" content=\"https:\/\/www.facebook.com\/edition.subkultur\/\" \/>\n<meta property=\"article:modified_time\" content=\"2025-12-15T19:52:50+00:00\" \/>\n<meta property=\"og:image\" content=\"https:\/\/www.subkultur.de\/edition\/wp-content\/uploads\/2019\/10\/subkultur.jpg\" \/>\n\t<meta property=\"og:image:width\" content=\"1120\" \/>\n\t<meta property=\"og:image:height\" content=\"630\" \/>\n\t<meta property=\"og:image:type\" content=\"image\/jpeg\" \/>\n<meta name=\"twitter:card\" content=\"summary_large_image\" \/>\n<meta name=\"twitter:title\" content=\"Edition Subkultur\" \/>\n<meta name=\"twitter:description\" content=\"Wir wollen jungen und abseits des Mainstreams agierenden K\u00fcnstlern eine einfache M\u00f6glichkeit bieten, ihre Werke zu ver\u00f6ffentlichen. Zugleich haben wir einen professionellen Background und arbeiten mit soliden Vertriebsstrukturen.\" \/>\n<meta name=\"twitter:image\" content=\"https:\/\/www.subkultur.de\/edition\/wp-content\/uploads\/2019\/10\/subkultur.jpg\" \/>\n<meta name=\"twitter:label1\" content=\"Gesch\u00e4tzte Lesezeit\" \/>\n\t<meta name=\"twitter:data1\" content=\"2\u00a0Minuten\" \/>\n<script type=\"application\/ld+json\" class=\"yoast-schema-graph\">{\"@context\":\"https:\\\/\\\/schema.org\",\"@graph\":[{\"@type\":\"WebPage\",\"@id\":\"https:\\\/\\\/www.subkultur.de\\\/edition\\\/uber-uns\\\/\",\"url\":\"https:\\\/\\\/www.subkultur.de\\\/edition\\\/uber-uns\\\/\",\"name\":\"\u00dcber uns - edition.subkultur\",\"isPartOf\":{\"@id\":\"https:\\\/\\\/www.subkultur.de\\\/edition\\\/#website\"},\"primaryImageOfPage\":{\"@id\":\"https:\\\/\\\/www.subkultur.de\\\/edition\\\/uber-uns\\\/#primaryimage\"},\"image\":{\"@id\":\"https:\\\/\\\/www.subkultur.de\\\/edition\\\/uber-uns\\\/#primaryimage\"},\"thumbnailUrl\":\"https:\\\/\\\/www.subkultur.de\\\/edition\\\/wp-content\\\/uploads\\\/2018\\\/12\\\/IMG_6703-e1545258550618.jpg\",\"datePublished\":\"2012-12-18T19:19:40+00:00\",\"dateModified\":\"2025-12-15T19:52:50+00:00\",\"description\":\"Die Edition Subkultur geh\u00f6rt zur Periplaneta Berlin. Wir wollen abseits des Mainstreams agierenden K\u00fcnstlern die M\u00f6glichkeit bieten, ihre Werke zu ver\u00f6ffentlichen.\",\"breadcrumb\":{\"@id\":\"https:\\\/\\\/www.subkultur.de\\\/edition\\\/uber-uns\\\/#breadcrumb\"},\"inLanguage\":\"de\",\"potentialAction\":[{\"@type\":\"ReadAction\",\"target\":[\"https:\\\/\\\/www.subkultur.de\\\/edition\\\/uber-uns\\\/\"]}]},{\"@type\":\"ImageObject\",\"inLanguage\":\"de\",\"@id\":\"https:\\\/\\\/www.subkultur.de\\\/edition\\\/uber-uns\\\/#primaryimage\",\"url\":\"https:\\\/\\\/www.subkultur.de\\\/edition\\\/wp-content\\\/uploads\\\/2018\\\/12\\\/IMG_6703-e1545258550618.jpg\",\"contentUrl\":\"https:\\\/\\\/www.subkultur.de\\\/edition\\\/wp-content\\\/uploads\\\/2018\\\/12\\\/IMG_6703-e1545258550618.jpg\",\"width\":1120,\"height\":630,\"caption\":\"Thomas Manegold -edition subkultur\"},{\"@type\":\"BreadcrumbList\",\"@id\":\"https:\\\/\\\/www.subkultur.de\\\/edition\\\/uber-uns\\\/#breadcrumb\",\"itemListElement\":[{\"@type\":\"ListItem\",\"position\":1,\"name\":\"Startseite\",\"item\":\"https:\\\/\\\/www.subkultur.de\\\/edition\\\/\"},{\"@type\":\"ListItem\",\"position\":2,\"name\":\"\u00dcber uns\"}]},{\"@type\":\"WebSite\",\"@id\":\"https:\\\/\\\/www.subkultur.de\\\/edition\\\/#website\",\"url\":\"https:\\\/\\\/www.subkultur.de\\\/edition\\\/\",\"name\":\"edition.subkultur\",\"description\":\"Overground Literatur &amp; Music\",\"publisher\":{\"@id\":\"https:\\\/\\\/www.subkultur.de\\\/edition\\\/#organization\"},\"potentialAction\":[{\"@type\":\"SearchAction\",\"target\":{\"@type\":\"EntryPoint\",\"urlTemplate\":\"https:\\\/\\\/www.subkultur.de\\\/edition\\\/?s={search_term_string}\"},\"query-input\":{\"@type\":\"PropertyValueSpecification\",\"valueRequired\":true,\"valueName\":\"search_term_string\"}}],\"inLanguage\":\"de\"},{\"@type\":\"Organization\",\"@id\":\"https:\\\/\\\/www.subkultur.de\\\/edition\\\/#organization\",\"name\":\"Edition Subkultur\",\"url\":\"https:\\\/\\\/www.subkultur.de\\\/edition\\\/\",\"logo\":{\"@type\":\"ImageObject\",\"inLanguage\":\"de\",\"@id\":\"https:\\\/\\\/www.subkultur.de\\\/edition\\\/#\\\/schema\\\/logo\\\/image\\\/\",\"url\":\"https:\\\/\\\/i0.wp.com\\\/www.subkultur.de\\\/edition\\\/wp-content\\\/uploads\\\/2018\\\/08\\\/sublogo3001.png?fit=300%2C111&ssl=1\",\"contentUrl\":\"https:\\\/\\\/i0.wp.com\\\/www.subkultur.de\\\/edition\\\/wp-content\\\/uploads\\\/2018\\\/08\\\/sublogo3001.png?fit=300%2C111&ssl=1\",\"width\":300,\"height\":111,\"caption\":\"Edition Subkultur\"},\"image\":{\"@id\":\"https:\\\/\\\/www.subkultur.de\\\/edition\\\/#\\\/schema\\\/logo\\\/image\\\/\"},\"sameAs\":[\"https:\\\/\\\/www.facebook.com\\\/edition.subkultur\\\/\"]}]}<\/script>\n<!-- \/ Yoast SEO plugin. -->","yoast_head_json":{"title":"\u00dcber uns - edition.subkultur","description":"Die Edition Subkultur geh\u00f6rt zur Periplaneta Berlin. Wir wollen abseits des Mainstreams agierenden K\u00fcnstlern die M\u00f6glichkeit bieten, ihre Werke zu ver\u00f6ffentlichen.","robots":{"index":"index","follow":"follow","max-snippet":"max-snippet:-1","max-image-preview":"max-image-preview:large","max-video-preview":"max-video-preview:-1"},"canonical":"https:\/\/www.subkultur.de\/edition\/uber-uns\/","og_locale":"de_DE","og_type":"article","og_title":"Edition Subkultur","og_description":"Wir wollen jungen und abseits des Mainstreams agierenden K\u00fcnstlern eine einfache M\u00f6glichkeit bieten, ihre Werke zu ver\u00f6ffentlichen. Zugleich haben wir einen professionellen Background und arbeiten mit soliden Vertriebsstrukturen.","og_url":"https:\/\/www.subkultur.de\/edition\/uber-uns\/","og_site_name":"edition.subkultur","article_publisher":"https:\/\/www.facebook.com\/edition.subkultur\/","article_modified_time":"2025-12-15T19:52:50+00:00","og_image":[{"width":1120,"height":630,"url":"https:\/\/www.subkultur.de\/edition\/wp-content\/uploads\/2019\/10\/subkultur.jpg","type":"image\/jpeg"}],"twitter_card":"summary_large_image","twitter_title":"Edition Subkultur","twitter_description":"Wir wollen jungen und abseits des Mainstreams agierenden K\u00fcnstlern eine einfache M\u00f6glichkeit bieten, ihre Werke zu ver\u00f6ffentlichen. Zugleich haben wir einen professionellen Background und arbeiten mit soliden Vertriebsstrukturen.","twitter_image":"https:\/\/www.subkultur.de\/edition\/wp-content\/uploads\/2019\/10\/subkultur.jpg","twitter_misc":{"Gesch\u00e4tzte Lesezeit":"2\u00a0Minuten"},"schema":{"@context":"https:\/\/schema.org","@graph":[{"@type":"WebPage","@id":"https:\/\/www.subkultur.de\/edition\/uber-uns\/","url":"https:\/\/www.subkultur.de\/edition\/uber-uns\/","name":"\u00dcber uns - edition.subkultur","isPartOf":{"@id":"https:\/\/www.subkultur.de\/edition\/#website"},"primaryImageOfPage":{"@id":"https:\/\/www.subkultur.de\/edition\/uber-uns\/#primaryimage"},"image":{"@id":"https:\/\/www.subkultur.de\/edition\/uber-uns\/#primaryimage"},"thumbnailUrl":"https:\/\/www.subkultur.de\/edition\/wp-content\/uploads\/2018\/12\/IMG_6703-e1545258550618.jpg","datePublished":"2012-12-18T19:19:40+00:00","dateModified":"2025-12-15T19:52:50+00:00","description":"Die Edition Subkultur geh\u00f6rt zur Periplaneta Berlin. Wir wollen abseits des Mainstreams agierenden K\u00fcnstlern die M\u00f6glichkeit bieten, ihre Werke zu ver\u00f6ffentlichen.","breadcrumb":{"@id":"https:\/\/www.subkultur.de\/edition\/uber-uns\/#breadcrumb"},"inLanguage":"de","potentialAction":[{"@type":"ReadAction","target":["https:\/\/www.subkultur.de\/edition\/uber-uns\/"]}]},{"@type":"ImageObject","inLanguage":"de","@id":"https:\/\/www.subkultur.de\/edition\/uber-uns\/#primaryimage","url":"https:\/\/www.subkultur.de\/edition\/wp-content\/uploads\/2018\/12\/IMG_6703-e1545258550618.jpg","contentUrl":"https:\/\/www.subkultur.de\/edition\/wp-content\/uploads\/2018\/12\/IMG_6703-e1545258550618.jpg","width":1120,"height":630,"caption":"Thomas Manegold -edition subkultur"},{"@type":"BreadcrumbList","@id":"https:\/\/www.subkultur.de\/edition\/uber-uns\/#breadcrumb","itemListElement":[{"@type":"ListItem","position":1,"name":"Startseite","item":"https:\/\/www.subkultur.de\/edition\/"},{"@type":"ListItem","position":2,"name":"\u00dcber uns"}]},{"@type":"WebSite","@id":"https:\/\/www.subkultur.de\/edition\/#website","url":"https:\/\/www.subkultur.de\/edition\/","name":"edition.subkultur","description":"Overground Literatur &amp; Music","publisher":{"@id":"https:\/\/www.subkultur.de\/edition\/#organization"},"potentialAction":[{"@type":"SearchAction","target":{"@type":"EntryPoint","urlTemplate":"https:\/\/www.subkultur.de\/edition\/?s={search_term_string}"},"query-input":{"@type":"PropertyValueSpecification","valueRequired":true,"valueName":"search_term_string"}}],"inLanguage":"de"},{"@type":"Organization","@id":"https:\/\/www.subkultur.de\/edition\/#organization","name":"Edition Subkultur","url":"https:\/\/www.subkultur.de\/edition\/","logo":{"@type":"ImageObject","inLanguage":"de","@id":"https:\/\/www.subkultur.de\/edition\/#\/schema\/logo\/image\/","url":"https:\/\/i0.wp.com\/www.subkultur.de\/edition\/wp-content\/uploads\/2018\/08\/sublogo3001.png?fit=300%2C111&ssl=1","contentUrl":"https:\/\/i0.wp.com\/www.subkultur.de\/edition\/wp-content\/uploads\/2018\/08\/sublogo3001.png?fit=300%2C111&ssl=1","width":300,"height":111,"caption":"Edition Subkultur"},"image":{"@id":"https:\/\/www.subkultur.de\/edition\/#\/schema\/logo\/image\/"},"sameAs":["https:\/\/www.facebook.com\/edition.subkultur\/"]}]}},"jetpack-related-posts":[{"id":2723,"url":"https:\/\/www.subkultur.de\/edition\/datenschutzerklaerung\/","url_meta":{"origin":11,"position":0},"title":"Datenschutzerkl\u00e4rung","author":"Thomas Manegold","date":"09.05.2018","format":false,"excerpt":"Verantwortliche Stelle im Sinne der Datenschutzgesetze ist: Edition Subkultur c\/o Thomas Manegold Bornholmer Str. 81a 10439 Berlin mail@edition.subkultur.de Tel.: 030 \/ 44673433 E-Mail: it@periplaneta.com Website: https:\/\/www.edition.subkultur und weitere URLs, die auf den selben Inhalt verweisen, wie z.B. https:\/\/subkultur.de\/edition Ihre Betroffenenrechte Unter den angegebenen Kontaktdaten unseres Datenschutzbeauftragten k\u00f6nnen Sie jederzeit folgende\u2026","rel":"","context":"\u00c4hnlicher Beitrag","block_context":{"text":"\u00c4hnlicher Beitrag","link":""},"img":{"alt_text":"Marion Alexa M\u00fcller - edition subkultur","src":"https:\/\/i0.wp.com\/www.subkultur.de\/edition\/wp-content\/uploads\/2018\/12\/IMG_2846-e1545258270535.jpg?resize=350%2C200&ssl=1","width":350,"height":200,"srcset":"https:\/\/i0.wp.com\/www.subkultur.de\/edition\/wp-content\/uploads\/2018\/12\/IMG_2846-e1545258270535.jpg?resize=350%2C200&ssl=1 1x, https:\/\/i0.wp.com\/www.subkultur.de\/edition\/wp-content\/uploads\/2018\/12\/IMG_2846-e1545258270535.jpg?resize=525%2C300&ssl=1 1.5x, https:\/\/i0.wp.com\/www.subkultur.de\/edition\/wp-content\/uploads\/2018\/12\/IMG_2846-e1545258270535.jpg?resize=700%2C400&ssl=1 2x, https:\/\/i0.wp.com\/www.subkultur.de\/edition\/wp-content\/uploads\/2018\/12\/IMG_2846-e1545258270535.jpg?resize=1050%2C600&ssl=1 3x"},"classes":[]},{"id":492,"url":"https:\/\/www.subkultur.de\/edition\/versandbedingungen\/","url_meta":{"origin":11,"position":1},"title":"Versandbedingungen","author":"Thomas Manegold","date":"13.06.2014","format":false,"excerpt":"Versandbedingungen Innerhalb Deutschlands sind Lieferungen an Endkunden ab einem Mindestbestellwert von maximal 8 \u20ac versandkostenfrei. F\u00fcr Lieferungen unter dem Mindestbestellwert und in andere L\u00e4nder erheben wir je Bestellung eine Versandpauschale. Innerhalb der EU: 3,75 \u20ac ; au\u00dferhalb der EU: 6,50 \u20ac. Die Auslieferung wird \u2013 falls erforderlich \u2013 in Teillieferungen\u2026","rel":"","context":"\u00c4hnlicher Beitrag","block_context":{"text":"\u00c4hnlicher Beitrag","link":""},"img":{"alt_text":"Marion Alexa M\u00fcller - edition subkultur","src":"https:\/\/i0.wp.com\/www.subkultur.de\/edition\/wp-content\/uploads\/2018\/12\/IMG_2846-e1545258270535.jpg?resize=350%2C200&ssl=1","width":350,"height":200,"srcset":"https:\/\/i0.wp.com\/www.subkultur.de\/edition\/wp-content\/uploads\/2018\/12\/IMG_2846-e1545258270535.jpg?resize=350%2C200&ssl=1 1x, https:\/\/i0.wp.com\/www.subkultur.de\/edition\/wp-content\/uploads\/2018\/12\/IMG_2846-e1545258270535.jpg?resize=525%2C300&ssl=1 1.5x, https:\/\/i0.wp.com\/www.subkultur.de\/edition\/wp-content\/uploads\/2018\/12\/IMG_2846-e1545258270535.jpg?resize=700%2C400&ssl=1 2x, https:\/\/i0.wp.com\/www.subkultur.de\/edition\/wp-content\/uploads\/2018\/12\/IMG_2846-e1545258270535.jpg?resize=1050%2C600&ssl=1 3x"},"classes":[]},{"id":1308,"url":"https:\/\/www.subkultur.de\/edition\/widerrufsrecht-formular\/","url_meta":{"origin":11,"position":2},"title":"Widerrufsrecht &#038; Formular","author":"Thomas Manegold","date":"13.06.2014","format":false,"excerpt":"Widerrufsrecht (1) Verbrauchern\/ Endkunden steht ein gesetzliches Widerrufsrecht zu. Verbraucher ist jede nat\u00fcrliche Person, die ein Rechtsgesch\u00e4ft zu Zwecken abschlie\u00dft, die \u00fcberwiegend weder ihrer gewerblichen noch ihrer selbst\u00e4ndigen beruflichen T\u00e4tigkeit zugerechnet werden k\u00f6nnen (\u00a7 13 BGB). (2) Verbraucher\/ Endkunden haben das Recht, binnen vierzehn Tagen ohne Angabe von Gr\u00fcnden diesen\u2026","rel":"","context":"\u00c4hnlicher Beitrag","block_context":{"text":"\u00c4hnlicher Beitrag","link":""},"img":{"alt_text":"Leseb\u00fchne \"Ohne Wenn und Laber\"","src":"https:\/\/i0.wp.com\/www.subkultur.de\/edition\/wp-content\/uploads\/2018\/12\/IMG_0020-e1545258153791.jpg?resize=350%2C200&ssl=1","width":350,"height":200,"srcset":"https:\/\/i0.wp.com\/www.subkultur.de\/edition\/wp-content\/uploads\/2018\/12\/IMG_0020-e1545258153791.jpg?resize=350%2C200&ssl=1 1x, https:\/\/i0.wp.com\/www.subkultur.de\/edition\/wp-content\/uploads\/2018\/12\/IMG_0020-e1545258153791.jpg?resize=525%2C300&ssl=1 1.5x, https:\/\/i0.wp.com\/www.subkultur.de\/edition\/wp-content\/uploads\/2018\/12\/IMG_0020-e1545258153791.jpg?resize=700%2C400&ssl=1 2x, https:\/\/i0.wp.com\/www.subkultur.de\/edition\/wp-content\/uploads\/2018\/12\/IMG_0020-e1545258153791.jpg?resize=1050%2C600&ssl=1 3x"},"classes":[]},{"id":154,"url":"https:\/\/www.subkultur.de\/edition\/allgemeine-geschaftsbedingungen\/","url_meta":{"origin":11,"position":3},"title":"Allgemeine Gesch\u00e4ftsbedingungen","author":"Thomas Manegold","date":"02.02.2013","format":false,"excerpt":"Es gelten die allgemeinen Gesch\u00e4ftsbedingungen von Periplaneta \u00a7 1\u00a0 Unsere Gesch\u00e4ftsadresse lautet: (Bei einer Bestellung schlie\u00dfen Sie einen Vertrag mit) PERIPLANETA Marion Alexa M\u00fcller Bornholmer Str. 81a 10439 Berlin Tel: 030\/446 734 33 Gesch\u00e4ftsf\u00fchrerin des Verlages, des Imprints und des Onlineshops Marion Alexa M\u00fcller. Verkehrsnummer: 13881 Steuernummer: St.Nr. 31\/449\/71164 Umsatzsteueridentifikationsnummer:\u2026","rel":"","context":"\u00c4hnlicher Beitrag","block_context":{"text":"\u00c4hnlicher Beitrag","link":""},"img":{"alt_text":"Marion Alexa M\u00fcller - edition subkultur","src":"https:\/\/i0.wp.com\/www.subkultur.de\/edition\/wp-content\/uploads\/2018\/12\/IMG_2846-e1545258270535.jpg?resize=350%2C200&ssl=1","width":350,"height":200,"srcset":"https:\/\/i0.wp.com\/www.subkultur.de\/edition\/wp-content\/uploads\/2018\/12\/IMG_2846-e1545258270535.jpg?resize=350%2C200&ssl=1 1x, https:\/\/i0.wp.com\/www.subkultur.de\/edition\/wp-content\/uploads\/2018\/12\/IMG_2846-e1545258270535.jpg?resize=525%2C300&ssl=1 1.5x, https:\/\/i0.wp.com\/www.subkultur.de\/edition\/wp-content\/uploads\/2018\/12\/IMG_2846-e1545258270535.jpg?resize=700%2C400&ssl=1 2x, https:\/\/i0.wp.com\/www.subkultur.de\/edition\/wp-content\/uploads\/2018\/12\/IMG_2846-e1545258270535.jpg?resize=1050%2C600&ssl=1 3x"},"classes":[]},{"id":4721,"url":"https:\/\/www.subkultur.de\/edition\/danke-fuer-deinen-support\/","url_meta":{"origin":11,"position":4},"title":"Danke f\u00fcr Deinen Support.","author":"Thomas Manegold","date":"27.03.2020","format":false,"excerpt":"https:\/\/edition.subkultur.de - B\u00fccher, die anders sind.","rel":"","context":"\u00c4hnlicher Beitrag","block_context":{"text":"\u00c4hnlicher Beitrag","link":""},"img":{"alt_text":"","src":"https:\/\/i0.wp.com\/www.subkultur.de\/edition\/wp-content\/uploads\/2020\/03\/subdonation.gif?resize=350%2C200&ssl=1","width":350,"height":200,"srcset":"https:\/\/i0.wp.com\/www.subkultur.de\/edition\/wp-content\/uploads\/2020\/03\/subdonation.gif?resize=350%2C200&ssl=1 1x, https:\/\/i0.wp.com\/www.subkultur.de\/edition\/wp-content\/uploads\/2020\/03\/subdonation.gif?resize=525%2C300&ssl=1 1.5x, https:\/\/i0.wp.com\/www.subkultur.de\/edition\/wp-content\/uploads\/2020\/03\/subdonation.gif?resize=700%2C400&ssl=1 2x"},"classes":[]},{"id":48,"url":"https:\/\/www.subkultur.de\/edition\/kontakt\/","url_meta":{"origin":11,"position":5},"title":"Kontakt","author":"Thomas Manegold","date":"18.12.2012","format":false,"excerpt":"Post: Subkultur c\/o Periplaneta - Bornholmer Str. 81a - 10439 Berlin - Germany Phone: 01578 061 822 1 Manuskripte, Autorenkontakt: Ja, gerne. Derzeit nehmen wir wieder Bewerbungen entgegen.","rel":"","context":"\u00c4hnlicher Beitrag","block_context":{"text":"\u00c4hnlicher Beitrag","link":""},"img":{"alt_text":"","src":"https:\/\/i0.wp.com\/www.subkultur.de\/edition\/wp-content\/uploads\/2018\/12\/DSC_0022_2-e1545257905250.jpg?resize=350%2C200&ssl=1","width":350,"height":200,"srcset":"https:\/\/i0.wp.com\/www.subkultur.de\/edition\/wp-content\/uploads\/2018\/12\/DSC_0022_2-e1545257905250.jpg?resize=350%2C200&ssl=1 1x, https:\/\/i0.wp.com\/www.subkultur.de\/edition\/wp-content\/uploads\/2018\/12\/DSC_0022_2-e1545257905250.jpg?resize=525%2C300&ssl=1 1.5x, https:\/\/i0.wp.com\/www.subkultur.de\/edition\/wp-content\/uploads\/2018\/12\/DSC_0022_2-e1545257905250.jpg?resize=700%2C400&ssl=1 2x, https:\/\/i0.wp.com\/www.subkultur.de\/edition\/wp-content\/uploads\/2018\/12\/DSC_0022_2-e1545257905250.jpg?resize=1050%2C600&ssl=1 3x"},"classes":[]}],"jetpack_sharing_enabled":true,"_links":{"self":[{"href":"https:\/\/www.subkultur.de\/edition\/wp-json\/wp\/v2\/pages\/11","targetHints":{"allow":["GET"]}}],"collection":[{"href":"https:\/\/www.subkultur.de\/edition\/wp-json\/wp\/v2\/pages"}],"about":[{"href":"https:\/\/www.subkultur.de\/edition\/wp-json\/wp\/v2\/types\/page"}],"author":[{"embeddable":true,"href":"https:\/\/www.subkultur.de\/edition\/wp-json\/wp\/v2\/users\/1"}],"replies":[{"embeddable":true,"href":"https:\/\/www.subkultur.de\/edition\/wp-json\/wp\/v2\/comments?post=11"}],"version-history":[{"count":1,"href":"https:\/\/www.subkultur.de\/edition\/wp-json\/wp\/v2\/pages\/11\/revisions"}],"predecessor-version":[{"id":8489,"href":"https:\/\/www.subkultur.de\/edition\/wp-json\/wp\/v2\/pages\/11\/revisions\/8489"}],"wp:featuredmedia":[{"embeddable":true,"href":"https:\/\/www.subkultur.de\/edition\/wp-json\/wp\/v2\/media\/3112"}],"wp:attachment":[{"href":"https:\/\/www.subkultur.de\/edition\/wp-json\/wp\/v2\/media?parent=11"}],"curies":[{"name":"wp","href":"https:\/\/api.w.org\/{rel}","templated":true}]}}