{"id":1308,"date":"2014-06-13T00:44:26","date_gmt":"2014-06-12T22:44:26","guid":{"rendered":"http:\/\/www.subkultur.de\/edition\/?page_id=1308"},"modified":"2018-12-19T23:04:08","modified_gmt":"2018-12-19T22:04:08","slug":"widerrufsrecht-formular","status":"publish","type":"page","link":"https:\/\/www.subkultur.de\/edition\/widerrufsrecht-formular\/","title":{"rendered":"Widerrufsrecht &#038; Formular"},"content":{"rendered":"<p><strong>Widerrufsrecht<\/strong><\/p>\n<p><strong>(1)<\/strong> Verbrauchern\/ Endkunden steht ein gesetzliches Widerrufsrecht zu. Verbraucher ist jede nat\u00fcrliche Person, die ein Rechtsgesch\u00e4ft zu Zwecken abschlie\u00dft, die \u00fcberwiegend weder ihrer gewerblichen noch ihrer selbst\u00e4ndigen beruflichen T\u00e4tigkeit zugerechnet werden k\u00f6nnen (\u00a7 13 BGB).<\/p>\n<p><strong>(2)<\/strong> Verbraucher\/ Endkunden haben das Recht, binnen vierzehn Tagen ohne Angabe von Gr\u00fcnden diesen Vertrag zu widerrufen.Die Widerrufsfrist betr\u00e4gt vierzehn Tage ab dem Tag an dem Sie oder ein von Ihnen benannter Dritter, der nicht der Bef\u00f6rderer ist, die Waren in Besitz genommen haben bzw. hat.<\/p>\n<p><strong>(3)<\/strong> Um Ihr Widerrufsrecht auszu\u00fcben, m\u00fcssen Sie uns Ihren Namen, Ihre Anschrift und, soweit verf\u00fcgbar, Ihre Telefonnummer, Telefaxnummer und E-Mail-Adresse mittels einer eindeutigen Erkl\u00e4rung (z. B. ein mit der Post versandter Brief, Telefax oder E-Mail) \u00fcber Ihren Entschluss, diesen Vertrag zu widerrufen, informieren. Sie k\u00f6nnen daf\u00fcr auch unser Muster-Widerrufsformular verwenden, was jedoch nicht vorgeschrieben ist. Zur Wahrung der Widerrufsfrist reicht es aus, dass Sie die Mitteilung \u00fcber die Aus\u00fcbung des Widerrufsrechts vor Ablauf der Widerrufsfrist absenden.<\/p>\n<ul>\n<li><a href=\"https:\/\/www.subkultur.de\/edition\/wp-content\/uploads\/2013\/02\/widerrufsub.pdf\">Widerruf-Formular als pdf<\/a><\/li>\n<li><a href=\"https:\/\/www.subkultur.de\/edition\/wp-content\/uploads\/2013\/02\/widerrufsub.rtf\">Widerruf-Formular als Textdatei<\/a><\/li>\n<\/ul>\n<p><strong>(4)<\/strong> Folgen des Widerrufs: Wenn Sie diesen Vertrag widerrufen, haben wir Ihnen alle Zahlungen, die wir von Ihnen in Zusammenhang mit dem widerrufenen Vertrag erhalten haben, einschlie\u00dflich der Lieferkosten (mit Ausnahme der zus\u00e4tzlichen Kosten, die sich daraus ergeben, dass Sie eine andere Art der Lieferung als die von uns angebotene, g\u00fcnstigste Standardlieferung gew\u00e4hlt haben), unverz\u00fcglich und sp\u00e4testens binnen vierzehn Tagen ab dem Tag zur\u00fcckzuzahlen, an dem die Mitteilung \u00fcber Ihren Widerruf dieses Vertrags bei uns eingegangen ist. F\u00fcr diese R\u00fcckzahlung verwenden wir dasselbe Zahlungsmittel, das Sie bei der urspr\u00fcnglichen Transaktion eingesetzt haben, es sei denn, mit Ihnen wurde ausdr\u00fccklich etwas anderes vereinbart; in keinem Fall werden Ihnen wegen dieser R\u00fcckzahlung Entgelte berechnet.<\/p>\n<p>Wir k\u00f6nnen die R\u00fcckzahlung verweigern, bis wir die Waren wieder zur\u00fcckerhalten haben oder bis Sie den Nachweis erbracht haben, dass Sie die Waren zur\u00fcckgesandt haben, je nachdem, welches der fr\u00fchere Zeitpunkt ist.<\/p>\n<p>Sie haben die Waren unverz\u00fcglich und in jedem Fall sp\u00e4testens binnen vierzehn Tagen ab dem Tag, an dem Sie uns \u00fcber den Widerruf dieses Vertrags unterrichten, auf eigene Kosten an uns zur\u00fcckzusenden oder zu \u00fcbergeben. Die Frist ist gewahrt, wenn Sie die Waren vor Ablauf der Frist von vierzehn Tagen absenden. Sie tragen die unmittelbaren Kosten der R\u00fccksendung der Waren. Unfreie Zusendungen werden nicht angenommen und gehen an den Absender zur\u00fcck. Sie m\u00fcssen f\u00fcr einen etwaigen Wertverlust der Waren nur aufkommen, wenn dieser Wertverlust auf einen zur Pr\u00fcfung der Beschaffenheit, Eigenschaften und Funktionsweise der Waren nicht notwendigen Umgang mit ihnen zur\u00fcckzuf\u00fchren ist.<\/p>\n<p><strong>(5)<\/strong> <strong>Ausschluss bzw. vorzeitiges Erl\u00f6schen des Widerrufsrechts:<\/strong><br \/>\na) Ein Widerrufsrecht besteht nicht bei Lieferungen von Ton- oder Videoaufnahmen (z.B. CD, Musik- oder Videokassetten) oder von Computersoftware in einer versiegelten Verpackung, wenn die Versiegelung nach der Lieferung entfernt wurde.<\/p>\n<p>b) Ein Widerrufsrecht besteht ferner nicht bei Waren, die nicht vorgefertigt sind und f\u00fcr deren Herstellung eine individuelle Auswahl oder Bestimmung durch den Verbraucher ma\u00dfgeblich ist oder die eindeutig auf die pers\u00f6nlichen Bed\u00fcrfnisse des Verbrauchers zugeschnitten sind.<\/p>\n<p>c) Ein Widerrufsrecht besteht au\u00dferdem nicht bei Vertr\u00e4gen zur Lieferung von Zeitungen, Zeitschriften oder Illustrierten mit Ausnahme von Abonnement-Vertr\u00e4gen.<\/p>\n<p>d) Das Widerrufsrecht bei digitalen\/ virtuellen Produkten, wie MP3, anderen Dateien oder E-Books erlischt, sobald diese im Verlauf des Bestellvorgangs&nbsp;&nbsp; dem Kunden zum Download zur Verf\u00fcgung gestellt sind.<\/p>\n<p>&nbsp;<\/p>\n<hr \/>\n<p>&nbsp;<\/p>\n<h4>An:<br \/>\nPeriplaneta Verlag und Mediengruppe<br \/>\nZentrale Bestellungsr\u00fccknahme<br \/>\nBornholmer Str. 81a<br \/>\n10439 Berlin<br \/>\nshop@periplaneta.com<br \/>\nTel: 030\/ 446 734 33<br \/>\nFax: 030\/ 437 209 56<\/h4>\n<p>Hiermit widerrufe(n) ich\/wir (*) den von mir\/uns (*) abgeschlossenen Vertrag \u00fcber den Kauf<br \/>\nder folgenden Waren (*)\/ die Erbringung der folgenden Dienstleistung (*):<\/p>\n<p>-Bestellt am (*)\/erhalten am (*): &#8230;&#8230;&#8230;&#8230;&#8230;&#8230;&#8230;&#8230;&#8230;&#8230;&#8230;&#8230;&#8230;&#8230;&#8230;..<br \/>\n-Name des\/der Verbraucher(s): &#8230;&#8230;&#8230;&#8230;&#8230;&#8230;&#8230;&#8230;&#8230;&#8230;&#8230;&#8230;&#8230;&#8230;&#8230;..<br \/>\n-Anschrift des\/der Verbraucher(s): &#8230;&#8230;&#8230;&#8230;&#8230;&#8230;&#8230;&#8230;&#8230;&#8230;&#8230;&#8230;&#8230;&#8230;&#8230;..<\/p>\n<p>&#8230;&#8230;&#8230;&#8230;&#8230;&#8230;&#8230;&#8230;&#8230;&#8230;&#8230;&#8230;&#8230;&#8230;&#8230;&#8230;&#8230;&#8230;&#8230;<br \/>\nUnterschrift des\/der Verbraucher(s) (nur bei Mitteilung auf Papier)<\/p>\n<p>&#8230;&#8230;&#8230;&#8230;&#8230;&#8230;&#8230;&#8230;&#8230;&#8230;&#8230;&#8230;&#8230;&#8230;&#8230;&#8230;&#8230;&#8230;..<br \/>\nDatum<br \/>\n_______________<br \/>\n(*) Unzutreffendes streichen.<\/p>\n<ul>\n<li><a href=\"https:\/\/www.subkultur.de\/edition\/wp-content\/uploads\/2013\/02\/widerrufsub.pdf\">Widerruf-Formular als pdf<\/a><\/li>\n<li><a href=\"https:\/\/www.subkultur.de\/edition\/wp-content\/uploads\/2013\/02\/widerrufsub.rtf\">Widerruf-Formular als Textdatei<\/a><\/li>\n<\/ul>\n","protected":false},"excerpt":{"rendered":"<p>Widerrufsrecht (1) Verbrauchern\/ Endkunden steht ein gesetzliches Widerrufsrecht zu. Verbraucher ist jede nat\u00fcrliche Person, die ein Rechtsgesch\u00e4ft zu Zwecken abschlie\u00dft, die \u00fcberwiegend weder ihrer gewerblichen noch ihrer selbst\u00e4ndigen beruflichen T\u00e4tigkeit zugerechnet werden k\u00f6nnen (\u00a7 13 BGB). (2) Verbraucher\/ Endkunden haben das Recht, binnen vierzehn Tagen ohne Angabe von Gr\u00fcnden diesen Vertrag zu widerrufen.Die Widerrufsfrist betr\u00e4gt [&hellip;]<\/p>\n","protected":false},"author":1,"featured_media":3100,"parent":0,"menu_order":0,"comment_status":"closed","ping_status":"closed","template":"","meta":{"footnotes":""},"class_list":["post-1308","page","type-page","status-publish","has-post-thumbnail","hentry"],"yoast_head":"<!-- This site is optimized with the Yoast SEO plugin v27.4 - https:\/\/yoast.com\/product\/yoast-seo-wordpress\/ -->\n<title>Widerrufsrecht &amp; Formular - edition.subkultur<\/title>\n<meta name=\"robots\" content=\"index, follow, max-snippet:-1, max-image-preview:large, max-video-preview:-1\" \/>\n<link rel=\"canonical\" href=\"https:\/\/www.subkultur.de\/edition\/widerrufsrecht-formular\/\" \/>\n<meta property=\"og:locale\" content=\"de_DE\" \/>\n<meta property=\"og:type\" content=\"article\" \/>\n<meta property=\"og:title\" content=\"Widerrufsrecht &amp; Formular - edition.subkultur\" \/>\n<meta property=\"og:description\" content=\"Widerrufsrecht (1) Verbrauchern\/ Endkunden steht ein gesetzliches Widerrufsrecht zu. Verbraucher ist jede nat\u00fcrliche Person, die ein Rechtsgesch\u00e4ft zu Zwecken abschlie\u00dft, die \u00fcberwiegend weder ihrer gewerblichen noch ihrer selbst\u00e4ndigen beruflichen T\u00e4tigkeit zugerechnet werden k\u00f6nnen (\u00a7 13 BGB). (2) Verbraucher\/ Endkunden haben das Recht, binnen vierzehn Tagen ohne Angabe von Gr\u00fcnden diesen Vertrag zu widerrufen.Die Widerrufsfrist betr\u00e4gt [&hellip;]\" \/>\n<meta property=\"og:url\" content=\"https:\/\/www.subkultur.de\/edition\/widerrufsrecht-formular\/\" \/>\n<meta property=\"og:site_name\" content=\"edition.subkultur\" \/>\n<meta property=\"article:publisher\" content=\"https:\/\/www.facebook.com\/edition.subkultur\/\" \/>\n<meta property=\"article:modified_time\" content=\"2018-12-19T22:04:08+00:00\" \/>\n<meta property=\"og:image\" content=\"https:\/\/i1.wp.com\/www.subkultur.de\/edition\/wp-content\/uploads\/2018\/12\/IMG_0020-e1545258153791.jpg?fit=1120%2C630&ssl=1\" \/>\n\t<meta property=\"og:image:width\" content=\"1120\" \/>\n\t<meta property=\"og:image:height\" content=\"630\" \/>\n\t<meta property=\"og:image:type\" content=\"image\/jpeg\" \/>\n<meta name=\"twitter:card\" content=\"summary_large_image\" \/>\n<meta name=\"twitter:label1\" content=\"Gesch\u00e4tzte Lesezeit\" \/>\n\t<meta name=\"twitter:data1\" content=\"3\u00a0Minuten\" \/>\n<script type=\"application\/ld+json\" class=\"yoast-schema-graph\">{\"@context\":\"https:\\\/\\\/schema.org\",\"@graph\":[{\"@type\":\"WebPage\",\"@id\":\"https:\\\/\\\/www.subkultur.de\\\/edition\\\/widerrufsrecht-formular\\\/\",\"url\":\"https:\\\/\\\/www.subkultur.de\\\/edition\\\/widerrufsrecht-formular\\\/\",\"name\":\"Widerrufsrecht & Formular - edition.subkultur\",\"isPartOf\":{\"@id\":\"https:\\\/\\\/www.subkultur.de\\\/edition\\\/#website\"},\"primaryImageOfPage\":{\"@id\":\"https:\\\/\\\/www.subkultur.de\\\/edition\\\/widerrufsrecht-formular\\\/#primaryimage\"},\"image\":{\"@id\":\"https:\\\/\\\/www.subkultur.de\\\/edition\\\/widerrufsrecht-formular\\\/#primaryimage\"},\"thumbnailUrl\":\"https:\\\/\\\/www.subkultur.de\\\/edition\\\/wp-content\\\/uploads\\\/2018\\\/12\\\/IMG_0020-e1545258153791.jpg\",\"datePublished\":\"2014-06-12T22:44:26+00:00\",\"dateModified\":\"2018-12-19T22:04:08+00:00\",\"breadcrumb\":{\"@id\":\"https:\\\/\\\/www.subkultur.de\\\/edition\\\/widerrufsrecht-formular\\\/#breadcrumb\"},\"inLanguage\":\"de\",\"potentialAction\":[{\"@type\":\"ReadAction\",\"target\":[\"https:\\\/\\\/www.subkultur.de\\\/edition\\\/widerrufsrecht-formular\\\/\"]}]},{\"@type\":\"ImageObject\",\"inLanguage\":\"de\",\"@id\":\"https:\\\/\\\/www.subkultur.de\\\/edition\\\/widerrufsrecht-formular\\\/#primaryimage\",\"url\":\"https:\\\/\\\/www.subkultur.de\\\/edition\\\/wp-content\\\/uploads\\\/2018\\\/12\\\/IMG_0020-e1545258153791.jpg\",\"contentUrl\":\"https:\\\/\\\/www.subkultur.de\\\/edition\\\/wp-content\\\/uploads\\\/2018\\\/12\\\/IMG_0020-e1545258153791.jpg\",\"width\":1120,\"height\":630,\"caption\":\"Leseb\u00fchne \\\"Ohne Wenn und Laber\\\"\"},{\"@type\":\"BreadcrumbList\",\"@id\":\"https:\\\/\\\/www.subkultur.de\\\/edition\\\/widerrufsrecht-formular\\\/#breadcrumb\",\"itemListElement\":[{\"@type\":\"ListItem\",\"position\":1,\"name\":\"Startseite\",\"item\":\"https:\\\/\\\/www.subkultur.de\\\/edition\\\/\"},{\"@type\":\"ListItem\",\"position\":2,\"name\":\"Widerrufsrecht &#038; Formular\"}]},{\"@type\":\"WebSite\",\"@id\":\"https:\\\/\\\/www.subkultur.de\\\/edition\\\/#website\",\"url\":\"https:\\\/\\\/www.subkultur.de\\\/edition\\\/\",\"name\":\"edition.subkultur\",\"description\":\"Overground Literatur &amp; Music\",\"publisher\":{\"@id\":\"https:\\\/\\\/www.subkultur.de\\\/edition\\\/#organization\"},\"potentialAction\":[{\"@type\":\"SearchAction\",\"target\":{\"@type\":\"EntryPoint\",\"urlTemplate\":\"https:\\\/\\\/www.subkultur.de\\\/edition\\\/?s={search_term_string}\"},\"query-input\":{\"@type\":\"PropertyValueSpecification\",\"valueRequired\":true,\"valueName\":\"search_term_string\"}}],\"inLanguage\":\"de\"},{\"@type\":\"Organization\",\"@id\":\"https:\\\/\\\/www.subkultur.de\\\/edition\\\/#organization\",\"name\":\"Edition Subkultur\",\"url\":\"https:\\\/\\\/www.subkultur.de\\\/edition\\\/\",\"logo\":{\"@type\":\"ImageObject\",\"inLanguage\":\"de\",\"@id\":\"https:\\\/\\\/www.subkultur.de\\\/edition\\\/#\\\/schema\\\/logo\\\/image\\\/\",\"url\":\"https:\\\/\\\/i0.wp.com\\\/www.subkultur.de\\\/edition\\\/wp-content\\\/uploads\\\/2018\\\/08\\\/sublogo3001.png?fit=300%2C111&ssl=1\",\"contentUrl\":\"https:\\\/\\\/i0.wp.com\\\/www.subkultur.de\\\/edition\\\/wp-content\\\/uploads\\\/2018\\\/08\\\/sublogo3001.png?fit=300%2C111&ssl=1\",\"width\":300,\"height\":111,\"caption\":\"Edition Subkultur\"},\"image\":{\"@id\":\"https:\\\/\\\/www.subkultur.de\\\/edition\\\/#\\\/schema\\\/logo\\\/image\\\/\"},\"sameAs\":[\"https:\\\/\\\/www.facebook.com\\\/edition.subkultur\\\/\"]}]}<\/script>\n<!-- \/ Yoast SEO plugin. -->","yoast_head_json":{"title":"Widerrufsrecht & Formular - edition.subkultur","robots":{"index":"index","follow":"follow","max-snippet":"max-snippet:-1","max-image-preview":"max-image-preview:large","max-video-preview":"max-video-preview:-1"},"canonical":"https:\/\/www.subkultur.de\/edition\/widerrufsrecht-formular\/","og_locale":"de_DE","og_type":"article","og_title":"Widerrufsrecht & Formular - edition.subkultur","og_description":"Widerrufsrecht (1) Verbrauchern\/ Endkunden steht ein gesetzliches Widerrufsrecht zu. Verbraucher ist jede nat\u00fcrliche Person, die ein Rechtsgesch\u00e4ft zu Zwecken abschlie\u00dft, die \u00fcberwiegend weder ihrer gewerblichen noch ihrer selbst\u00e4ndigen beruflichen T\u00e4tigkeit zugerechnet werden k\u00f6nnen (\u00a7 13 BGB). (2) Verbraucher\/ Endkunden haben das Recht, binnen vierzehn Tagen ohne Angabe von Gr\u00fcnden diesen Vertrag zu widerrufen.Die Widerrufsfrist betr\u00e4gt [&hellip;]","og_url":"https:\/\/www.subkultur.de\/edition\/widerrufsrecht-formular\/","og_site_name":"edition.subkultur","article_publisher":"https:\/\/www.facebook.com\/edition.subkultur\/","article_modified_time":"2018-12-19T22:04:08+00:00","og_image":[{"width":1120,"height":630,"url":"https:\/\/i1.wp.com\/www.subkultur.de\/edition\/wp-content\/uploads\/2018\/12\/IMG_0020-e1545258153791.jpg?fit=1120%2C630&ssl=1","type":"image\/jpeg"}],"twitter_card":"summary_large_image","twitter_misc":{"Gesch\u00e4tzte Lesezeit":"3\u00a0Minuten"},"schema":{"@context":"https:\/\/schema.org","@graph":[{"@type":"WebPage","@id":"https:\/\/www.subkultur.de\/edition\/widerrufsrecht-formular\/","url":"https:\/\/www.subkultur.de\/edition\/widerrufsrecht-formular\/","name":"Widerrufsrecht & Formular - edition.subkultur","isPartOf":{"@id":"https:\/\/www.subkultur.de\/edition\/#website"},"primaryImageOfPage":{"@id":"https:\/\/www.subkultur.de\/edition\/widerrufsrecht-formular\/#primaryimage"},"image":{"@id":"https:\/\/www.subkultur.de\/edition\/widerrufsrecht-formular\/#primaryimage"},"thumbnailUrl":"https:\/\/www.subkultur.de\/edition\/wp-content\/uploads\/2018\/12\/IMG_0020-e1545258153791.jpg","datePublished":"2014-06-12T22:44:26+00:00","dateModified":"2018-12-19T22:04:08+00:00","breadcrumb":{"@id":"https:\/\/www.subkultur.de\/edition\/widerrufsrecht-formular\/#breadcrumb"},"inLanguage":"de","potentialAction":[{"@type":"ReadAction","target":["https:\/\/www.subkultur.de\/edition\/widerrufsrecht-formular\/"]}]},{"@type":"ImageObject","inLanguage":"de","@id":"https:\/\/www.subkultur.de\/edition\/widerrufsrecht-formular\/#primaryimage","url":"https:\/\/www.subkultur.de\/edition\/wp-content\/uploads\/2018\/12\/IMG_0020-e1545258153791.jpg","contentUrl":"https:\/\/www.subkultur.de\/edition\/wp-content\/uploads\/2018\/12\/IMG_0020-e1545258153791.jpg","width":1120,"height":630,"caption":"Leseb\u00fchne \"Ohne Wenn und Laber\""},{"@type":"BreadcrumbList","@id":"https:\/\/www.subkultur.de\/edition\/widerrufsrecht-formular\/#breadcrumb","itemListElement":[{"@type":"ListItem","position":1,"name":"Startseite","item":"https:\/\/www.subkultur.de\/edition\/"},{"@type":"ListItem","position":2,"name":"Widerrufsrecht &#038; Formular"}]},{"@type":"WebSite","@id":"https:\/\/www.subkultur.de\/edition\/#website","url":"https:\/\/www.subkultur.de\/edition\/","name":"edition.subkultur","description":"Overground Literatur &amp; Music","publisher":{"@id":"https:\/\/www.subkultur.de\/edition\/#organization"},"potentialAction":[{"@type":"SearchAction","target":{"@type":"EntryPoint","urlTemplate":"https:\/\/www.subkultur.de\/edition\/?s={search_term_string}"},"query-input":{"@type":"PropertyValueSpecification","valueRequired":true,"valueName":"search_term_string"}}],"inLanguage":"de"},{"@type":"Organization","@id":"https:\/\/www.subkultur.de\/edition\/#organization","name":"Edition Subkultur","url":"https:\/\/www.subkultur.de\/edition\/","logo":{"@type":"ImageObject","inLanguage":"de","@id":"https:\/\/www.subkultur.de\/edition\/#\/schema\/logo\/image\/","url":"https:\/\/i0.wp.com\/www.subkultur.de\/edition\/wp-content\/uploads\/2018\/08\/sublogo3001.png?fit=300%2C111&ssl=1","contentUrl":"https:\/\/i0.wp.com\/www.subkultur.de\/edition\/wp-content\/uploads\/2018\/08\/sublogo3001.png?fit=300%2C111&ssl=1","width":300,"height":111,"caption":"Edition Subkultur"},"image":{"@id":"https:\/\/www.subkultur.de\/edition\/#\/schema\/logo\/image\/"},"sameAs":["https:\/\/www.facebook.com\/edition.subkultur\/"]}]}},"jetpack-related-posts":[{"id":492,"url":"https:\/\/www.subkultur.de\/edition\/versandbedingungen\/","url_meta":{"origin":1308,"position":0},"title":"Versandbedingungen","author":"Thomas Manegold","date":"13.06.2014","format":false,"excerpt":"Versandbedingungen Innerhalb Deutschlands sind Lieferungen an Endkunden ab einem Mindestbestellwert von maximal 8 \u20ac versandkostenfrei. F\u00fcr Lieferungen unter dem Mindestbestellwert und in andere L\u00e4nder erheben wir je Bestellung eine Versandpauschale. Innerhalb der EU: 3,75 \u20ac ; au\u00dferhalb der EU: 6,50 \u20ac. Die Auslieferung wird \u2013 falls erforderlich \u2013 in Teillieferungen\u2026","rel":"","context":"\u00c4hnlicher Beitrag","block_context":{"text":"\u00c4hnlicher Beitrag","link":""},"img":{"alt_text":"Marion Alexa M\u00fcller - edition subkultur","src":"https:\/\/i0.wp.com\/www.subkultur.de\/edition\/wp-content\/uploads\/2018\/12\/IMG_2846-e1545258270535.jpg?resize=350%2C200&ssl=1","width":350,"height":200,"srcset":"https:\/\/i0.wp.com\/www.subkultur.de\/edition\/wp-content\/uploads\/2018\/12\/IMG_2846-e1545258270535.jpg?resize=350%2C200&ssl=1 1x, https:\/\/i0.wp.com\/www.subkultur.de\/edition\/wp-content\/uploads\/2018\/12\/IMG_2846-e1545258270535.jpg?resize=525%2C300&ssl=1 1.5x, https:\/\/i0.wp.com\/www.subkultur.de\/edition\/wp-content\/uploads\/2018\/12\/IMG_2846-e1545258270535.jpg?resize=700%2C400&ssl=1 2x, https:\/\/i0.wp.com\/www.subkultur.de\/edition\/wp-content\/uploads\/2018\/12\/IMG_2846-e1545258270535.jpg?resize=1050%2C600&ssl=1 3x"},"classes":[]},{"id":154,"url":"https:\/\/www.subkultur.de\/edition\/allgemeine-geschaftsbedingungen\/","url_meta":{"origin":1308,"position":1},"title":"Allgemeine Gesch\u00e4ftsbedingungen","author":"Thomas Manegold","date":"02.02.2013","format":false,"excerpt":"Es gelten die allgemeinen Gesch\u00e4ftsbedingungen von Periplaneta \u00a7 1\u00a0 Unsere Gesch\u00e4ftsadresse lautet: (Bei einer Bestellung schlie\u00dfen Sie einen Vertrag mit) PERIPLANETA Marion Alexa M\u00fcller Bornholmer Str. 81a 10439 Berlin Tel: 030\/446 734 33 Gesch\u00e4ftsf\u00fchrerin des Verlages, des Imprints und des Onlineshops Marion Alexa M\u00fcller. Verkehrsnummer: 13881 Steuernummer: St.Nr. 31\/449\/71164 Umsatzsteueridentifikationsnummer:\u2026","rel":"","context":"\u00c4hnlicher Beitrag","block_context":{"text":"\u00c4hnlicher Beitrag","link":""},"img":{"alt_text":"Marion Alexa M\u00fcller - edition subkultur","src":"https:\/\/i0.wp.com\/www.subkultur.de\/edition\/wp-content\/uploads\/2018\/12\/IMG_2846-e1545258270535.jpg?resize=350%2C200&ssl=1","width":350,"height":200,"srcset":"https:\/\/i0.wp.com\/www.subkultur.de\/edition\/wp-content\/uploads\/2018\/12\/IMG_2846-e1545258270535.jpg?resize=350%2C200&ssl=1 1x, https:\/\/i0.wp.com\/www.subkultur.de\/edition\/wp-content\/uploads\/2018\/12\/IMG_2846-e1545258270535.jpg?resize=525%2C300&ssl=1 1.5x, https:\/\/i0.wp.com\/www.subkultur.de\/edition\/wp-content\/uploads\/2018\/12\/IMG_2846-e1545258270535.jpg?resize=700%2C400&ssl=1 2x, https:\/\/i0.wp.com\/www.subkultur.de\/edition\/wp-content\/uploads\/2018\/12\/IMG_2846-e1545258270535.jpg?resize=1050%2C600&ssl=1 3x"},"classes":[]},{"id":2723,"url":"https:\/\/www.subkultur.de\/edition\/datenschutzerklaerung\/","url_meta":{"origin":1308,"position":2},"title":"Datenschutzerkl\u00e4rung","author":"Thomas Manegold","date":"09.05.2018","format":false,"excerpt":"Verantwortliche Stelle im Sinne der Datenschutzgesetze ist: Edition Subkultur c\/o Thomas Manegold Bornholmer Str. 81a 10439 Berlin mail@edition.subkultur.de Tel.: 030 \/ 44673433 E-Mail: it@periplaneta.com Website: https:\/\/www.edition.subkultur und weitere URLs, die auf den selben Inhalt verweisen, wie z.B. https:\/\/subkultur.de\/edition Ihre Betroffenenrechte Unter den angegebenen Kontaktdaten unseres Datenschutzbeauftragten k\u00f6nnen Sie jederzeit folgende\u2026","rel":"","context":"\u00c4hnlicher Beitrag","block_context":{"text":"\u00c4hnlicher Beitrag","link":""},"img":{"alt_text":"Marion Alexa M\u00fcller - edition subkultur","src":"https:\/\/i0.wp.com\/www.subkultur.de\/edition\/wp-content\/uploads\/2018\/12\/IMG_2846-e1545258270535.jpg?resize=350%2C200&ssl=1","width":350,"height":200,"srcset":"https:\/\/i0.wp.com\/www.subkultur.de\/edition\/wp-content\/uploads\/2018\/12\/IMG_2846-e1545258270535.jpg?resize=350%2C200&ssl=1 1x, https:\/\/i0.wp.com\/www.subkultur.de\/edition\/wp-content\/uploads\/2018\/12\/IMG_2846-e1545258270535.jpg?resize=525%2C300&ssl=1 1.5x, https:\/\/i0.wp.com\/www.subkultur.de\/edition\/wp-content\/uploads\/2018\/12\/IMG_2846-e1545258270535.jpg?resize=700%2C400&ssl=1 2x, https:\/\/i0.wp.com\/www.subkultur.de\/edition\/wp-content\/uploads\/2018\/12\/IMG_2846-e1545258270535.jpg?resize=1050%2C600&ssl=1 3x"},"classes":[]},{"id":11,"url":"https:\/\/www.subkultur.de\/edition\/uber-uns\/","url_meta":{"origin":1308,"position":3},"title":"\u00dcber uns","author":"Thomas Manegold","date":"18.12.2012","format":false,"excerpt":"Willkommen. Unter Subkultur.de\/com haben wir bereits seit den 1990er Jahren Erfahrung mit Independent-Kultur gemacht, Konzerte und Events veranstaltet. Anno 2009 wurde daraus ein Label f\u00fcr Overground Literatur und Musik: Die Edition Subkultur. Und heute? Schubladen sind immer noch sekund\u00e4r. Wir m\u00f6gen es immer noch substanziell, schr\u00e4g und subversiv. Und wir\u2026","rel":"","context":"Mit 4 Kommentaren","block_context":{"text":"Mit 4 Kommentaren","link":"https:\/\/www.subkultur.de\/edition\/uber-uns\/#comments"},"img":{"alt_text":"Thomas Manegold -edition subkultur","src":"https:\/\/i0.wp.com\/www.subkultur.de\/edition\/wp-content\/uploads\/2018\/12\/IMG_6703-e1545258550618.jpg?resize=350%2C200&ssl=1","width":350,"height":200,"srcset":"https:\/\/i0.wp.com\/www.subkultur.de\/edition\/wp-content\/uploads\/2018\/12\/IMG_6703-e1545258550618.jpg?resize=350%2C200&ssl=1 1x, https:\/\/i0.wp.com\/www.subkultur.de\/edition\/wp-content\/uploads\/2018\/12\/IMG_6703-e1545258550618.jpg?resize=525%2C300&ssl=1 1.5x, https:\/\/i0.wp.com\/www.subkultur.de\/edition\/wp-content\/uploads\/2018\/12\/IMG_6703-e1545258550618.jpg?resize=700%2C400&ssl=1 2x, https:\/\/i0.wp.com\/www.subkultur.de\/edition\/wp-content\/uploads\/2018\/12\/IMG_6703-e1545258550618.jpg?resize=1050%2C600&ssl=1 3x"},"classes":[]},{"id":2,"url":"https:\/\/www.subkultur.de\/edition\/edition-subkultur\/","url_meta":{"origin":1308,"position":4},"title":"Impressum","author":"Thomas Manegold","date":"18.12.2012","format":false,"excerpt":"https:\/\/www.edition.subkultur.de edition subkultur c\/o Periplaneta Bornholmer Str. 81a 10439 Berlin mail@edition.subkultur.de Tel: 030\/ 446 780 86 VN: 14257 Labelchefin, A&R: Marion Alexa M\u00fcller Administration, DTP, Redaktion, VisdP: Thomas Manegold Steuernummer: St.Nr. 31\/449\/71164 Umsatzsteueridentifikationsnummer: DE244216958 Labelcode: LC 20 777 Gerichtsstand ist 10439 Berlin","rel":"","context":"\u00c4hnlicher Beitrag","block_context":{"text":"\u00c4hnlicher Beitrag","link":""},"img":{"alt_text":"Thomas Manegold -edition subkultur","src":"https:\/\/i0.wp.com\/www.subkultur.de\/edition\/wp-content\/uploads\/2018\/12\/IMG_6703-e1545258550618.jpg?resize=350%2C200&ssl=1","width":350,"height":200,"srcset":"https:\/\/i0.wp.com\/www.subkultur.de\/edition\/wp-content\/uploads\/2018\/12\/IMG_6703-e1545258550618.jpg?resize=350%2C200&ssl=1 1x, https:\/\/i0.wp.com\/www.subkultur.de\/edition\/wp-content\/uploads\/2018\/12\/IMG_6703-e1545258550618.jpg?resize=525%2C300&ssl=1 1.5x, https:\/\/i0.wp.com\/www.subkultur.de\/edition\/wp-content\/uploads\/2018\/12\/IMG_6703-e1545258550618.jpg?resize=700%2C400&ssl=1 2x, https:\/\/i0.wp.com\/www.subkultur.de\/edition\/wp-content\/uploads\/2018\/12\/IMG_6703-e1545258550618.jpg?resize=1050%2C600&ssl=1 3x"},"classes":[]}],"jetpack_sharing_enabled":false,"_links":{"self":[{"href":"https:\/\/www.subkultur.de\/edition\/wp-json\/wp\/v2\/pages\/1308","targetHints":{"allow":["GET"]}}],"collection":[{"href":"https:\/\/www.subkultur.de\/edition\/wp-json\/wp\/v2\/pages"}],"about":[{"href":"https:\/\/www.subkultur.de\/edition\/wp-json\/wp\/v2\/types\/page"}],"author":[{"embeddable":true,"href":"https:\/\/www.subkultur.de\/edition\/wp-json\/wp\/v2\/users\/1"}],"replies":[{"embeddable":true,"href":"https:\/\/www.subkultur.de\/edition\/wp-json\/wp\/v2\/comments?post=1308"}],"version-history":[{"count":0,"href":"https:\/\/www.subkultur.de\/edition\/wp-json\/wp\/v2\/pages\/1308\/revisions"}],"wp:featuredmedia":[{"embeddable":true,"href":"https:\/\/www.subkultur.de\/edition\/wp-json\/wp\/v2\/media\/3100"}],"wp:attachment":[{"href":"https:\/\/www.subkultur.de\/edition\/wp-json\/wp\/v2\/media?parent=1308"}],"curies":[{"name":"wp","href":"https:\/\/api.w.org\/{rel}","templated":true}]}}