{"id":18,"date":"2012-12-18T20:47:49","date_gmt":"2012-12-18T19:47:49","guid":{"rendered":"http:\/\/www.subkultur.de\/edition\/?page_id=18"},"modified":"2018-12-19T23:48:47","modified_gmt":"2018-12-19T22:48:47","slug":"sendungsverfolgung","status":"publish","type":"page","link":"https:\/\/www.subkultur.de\/edition\/sendungsverfolgung\/","title":{"rendered":"Status Ihrer Bestellung einsehen"},"content":{"rendered":"<div class=\"woocommerce\"><\/div>\n","protected":false},"excerpt":{"rendered":"","protected":false},"author":1,"featured_media":3115,"parent":0,"menu_order":0,"comment_status":"closed","ping_status":"closed","template":"","meta":{"footnotes":""},"class_list":["post-18","page","type-page","status-publish","has-post-thumbnail","hentry"],"yoast_head":"<!-- This site is optimized with the Yoast SEO plugin v27.4 - https:\/\/yoast.com\/product\/yoast-seo-wordpress\/ -->\n<title>Status Ihrer Bestellung einsehen - edition.subkultur<\/title>\n<meta name=\"robots\" content=\"index, follow, max-snippet:-1, max-image-preview:large, max-video-preview:-1\" \/>\n<link rel=\"canonical\" href=\"https:\/\/www.subkultur.de\/edition\/sendungsverfolgung\/\" \/>\n<meta property=\"og:locale\" content=\"de_DE\" \/>\n<meta property=\"og:type\" content=\"article\" \/>\n<meta property=\"og:title\" content=\"Status Ihrer Bestellung einsehen - edition.subkultur\" \/>\n<meta property=\"og:url\" content=\"https:\/\/www.subkultur.de\/edition\/sendungsverfolgung\/\" \/>\n<meta property=\"og:site_name\" content=\"edition.subkultur\" \/>\n<meta property=\"article:publisher\" content=\"https:\/\/www.facebook.com\/edition.subkultur\/\" \/>\n<meta property=\"article:modified_time\" content=\"2018-12-19T22:48:47+00:00\" \/>\n<meta property=\"og:image\" content=\"https:\/\/i0.wp.com\/www.subkultur.de\/edition\/wp-content\/uploads\/2018\/12\/subkulturmesse-e1545257523631.jpg?fit=1120%2C630&ssl=1\" \/>\n\t<meta property=\"og:image:width\" content=\"1120\" \/>\n\t<meta property=\"og:image:height\" content=\"630\" \/>\n\t<meta property=\"og:image:type\" content=\"image\/jpeg\" \/>\n<meta name=\"twitter:card\" content=\"summary_large_image\" \/>\n<script type=\"application\/ld+json\" class=\"yoast-schema-graph\">{\"@context\":\"https:\\\/\\\/schema.org\",\"@graph\":[{\"@type\":\"WebPage\",\"@id\":\"https:\\\/\\\/www.subkultur.de\\\/edition\\\/sendungsverfolgung\\\/\",\"url\":\"https:\\\/\\\/www.subkultur.de\\\/edition\\\/sendungsverfolgung\\\/\",\"name\":\"Status Ihrer Bestellung einsehen - edition.subkultur\",\"isPartOf\":{\"@id\":\"https:\\\/\\\/www.subkultur.de\\\/edition\\\/#website\"},\"primaryImageOfPage\":{\"@id\":\"https:\\\/\\\/www.subkultur.de\\\/edition\\\/sendungsverfolgung\\\/#primaryimage\"},\"image\":{\"@id\":\"https:\\\/\\\/www.subkultur.de\\\/edition\\\/sendungsverfolgung\\\/#primaryimage\"},\"thumbnailUrl\":\"https:\\\/\\\/www.subkultur.de\\\/edition\\\/wp-content\\\/uploads\\\/2018\\\/12\\\/subkulturmesse-e1545257523631.jpg\",\"datePublished\":\"2012-12-18T19:47:49+00:00\",\"dateModified\":\"2018-12-19T22:48:47+00:00\",\"breadcrumb\":{\"@id\":\"https:\\\/\\\/www.subkultur.de\\\/edition\\\/sendungsverfolgung\\\/#breadcrumb\"},\"inLanguage\":\"de\",\"potentialAction\":[{\"@type\":\"ReadAction\",\"target\":[\"https:\\\/\\\/www.subkultur.de\\\/edition\\\/sendungsverfolgung\\\/\"]}]},{\"@type\":\"ImageObject\",\"inLanguage\":\"de\",\"@id\":\"https:\\\/\\\/www.subkultur.de\\\/edition\\\/sendungsverfolgung\\\/#primaryimage\",\"url\":\"https:\\\/\\\/www.subkultur.de\\\/edition\\\/wp-content\\\/uploads\\\/2018\\\/12\\\/subkulturmesse-e1545257523631.jpg\",\"contentUrl\":\"https:\\\/\\\/www.subkultur.de\\\/edition\\\/wp-content\\\/uploads\\\/2018\\\/12\\\/subkulturmesse-e1545257523631.jpg\",\"width\":1120,\"height\":630},{\"@type\":\"BreadcrumbList\",\"@id\":\"https:\\\/\\\/www.subkultur.de\\\/edition\\\/sendungsverfolgung\\\/#breadcrumb\",\"itemListElement\":[{\"@type\":\"ListItem\",\"position\":1,\"name\":\"Startseite\",\"item\":\"https:\\\/\\\/www.subkultur.de\\\/edition\\\/\"},{\"@type\":\"ListItem\",\"position\":2,\"name\":\"Status Ihrer Bestellung einsehen\"}]},{\"@type\":\"WebSite\",\"@id\":\"https:\\\/\\\/www.subkultur.de\\\/edition\\\/#website\",\"url\":\"https:\\\/\\\/www.subkultur.de\\\/edition\\\/\",\"name\":\"edition.subkultur\",\"description\":\"Overground Literatur &amp; Music\",\"publisher\":{\"@id\":\"https:\\\/\\\/www.subkultur.de\\\/edition\\\/#organization\"},\"potentialAction\":[{\"@type\":\"SearchAction\",\"target\":{\"@type\":\"EntryPoint\",\"urlTemplate\":\"https:\\\/\\\/www.subkultur.de\\\/edition\\\/?s={search_term_string}\"},\"query-input\":{\"@type\":\"PropertyValueSpecification\",\"valueRequired\":true,\"valueName\":\"search_term_string\"}}],\"inLanguage\":\"de\"},{\"@type\":\"Organization\",\"@id\":\"https:\\\/\\\/www.subkultur.de\\\/edition\\\/#organization\",\"name\":\"Edition Subkultur\",\"url\":\"https:\\\/\\\/www.subkultur.de\\\/edition\\\/\",\"logo\":{\"@type\":\"ImageObject\",\"inLanguage\":\"de\",\"@id\":\"https:\\\/\\\/www.subkultur.de\\\/edition\\\/#\\\/schema\\\/logo\\\/image\\\/\",\"url\":\"https:\\\/\\\/i0.wp.com\\\/www.subkultur.de\\\/edition\\\/wp-content\\\/uploads\\\/2018\\\/08\\\/sublogo3001.png?fit=300%2C111&ssl=1\",\"contentUrl\":\"https:\\\/\\\/i0.wp.com\\\/www.subkultur.de\\\/edition\\\/wp-content\\\/uploads\\\/2018\\\/08\\\/sublogo3001.png?fit=300%2C111&ssl=1\",\"width\":300,\"height\":111,\"caption\":\"Edition Subkultur\"},\"image\":{\"@id\":\"https:\\\/\\\/www.subkultur.de\\\/edition\\\/#\\\/schema\\\/logo\\\/image\\\/\"},\"sameAs\":[\"https:\\\/\\\/www.facebook.com\\\/edition.subkultur\\\/\"]}]}<\/script>\n<!-- \/ Yoast SEO plugin. -->","yoast_head_json":{"title":"Status Ihrer Bestellung einsehen - edition.subkultur","robots":{"index":"index","follow":"follow","max-snippet":"max-snippet:-1","max-image-preview":"max-image-preview:large","max-video-preview":"max-video-preview:-1"},"canonical":"https:\/\/www.subkultur.de\/edition\/sendungsverfolgung\/","og_locale":"de_DE","og_type":"article","og_title":"Status Ihrer Bestellung einsehen - edition.subkultur","og_url":"https:\/\/www.subkultur.de\/edition\/sendungsverfolgung\/","og_site_name":"edition.subkultur","article_publisher":"https:\/\/www.facebook.com\/edition.subkultur\/","article_modified_time":"2018-12-19T22:48:47+00:00","og_image":[{"width":1120,"height":630,"url":"https:\/\/i0.wp.com\/www.subkultur.de\/edition\/wp-content\/uploads\/2018\/12\/subkulturmesse-e1545257523631.jpg?fit=1120%2C630&ssl=1","type":"image\/jpeg"}],"twitter_card":"summary_large_image","schema":{"@context":"https:\/\/schema.org","@graph":[{"@type":"WebPage","@id":"https:\/\/www.subkultur.de\/edition\/sendungsverfolgung\/","url":"https:\/\/www.subkultur.de\/edition\/sendungsverfolgung\/","name":"Status Ihrer Bestellung einsehen - edition.subkultur","isPartOf":{"@id":"https:\/\/www.subkultur.de\/edition\/#website"},"primaryImageOfPage":{"@id":"https:\/\/www.subkultur.de\/edition\/sendungsverfolgung\/#primaryimage"},"image":{"@id":"https:\/\/www.subkultur.de\/edition\/sendungsverfolgung\/#primaryimage"},"thumbnailUrl":"https:\/\/www.subkultur.de\/edition\/wp-content\/uploads\/2018\/12\/subkulturmesse-e1545257523631.jpg","datePublished":"2012-12-18T19:47:49+00:00","dateModified":"2018-12-19T22:48:47+00:00","breadcrumb":{"@id":"https:\/\/www.subkultur.de\/edition\/sendungsverfolgung\/#breadcrumb"},"inLanguage":"de","potentialAction":[{"@type":"ReadAction","target":["https:\/\/www.subkultur.de\/edition\/sendungsverfolgung\/"]}]},{"@type":"ImageObject","inLanguage":"de","@id":"https:\/\/www.subkultur.de\/edition\/sendungsverfolgung\/#primaryimage","url":"https:\/\/www.subkultur.de\/edition\/wp-content\/uploads\/2018\/12\/subkulturmesse-e1545257523631.jpg","contentUrl":"https:\/\/www.subkultur.de\/edition\/wp-content\/uploads\/2018\/12\/subkulturmesse-e1545257523631.jpg","width":1120,"height":630},{"@type":"BreadcrumbList","@id":"https:\/\/www.subkultur.de\/edition\/sendungsverfolgung\/#breadcrumb","itemListElement":[{"@type":"ListItem","position":1,"name":"Startseite","item":"https:\/\/www.subkultur.de\/edition\/"},{"@type":"ListItem","position":2,"name":"Status Ihrer Bestellung einsehen"}]},{"@type":"WebSite","@id":"https:\/\/www.subkultur.de\/edition\/#website","url":"https:\/\/www.subkultur.de\/edition\/","name":"edition.subkultur","description":"Overground Literatur &amp; Music","publisher":{"@id":"https:\/\/www.subkultur.de\/edition\/#organization"},"potentialAction":[{"@type":"SearchAction","target":{"@type":"EntryPoint","urlTemplate":"https:\/\/www.subkultur.de\/edition\/?s={search_term_string}"},"query-input":{"@type":"PropertyValueSpecification","valueRequired":true,"valueName":"search_term_string"}}],"inLanguage":"de"},{"@type":"Organization","@id":"https:\/\/www.subkultur.de\/edition\/#organization","name":"Edition Subkultur","url":"https:\/\/www.subkultur.de\/edition\/","logo":{"@type":"ImageObject","inLanguage":"de","@id":"https:\/\/www.subkultur.de\/edition\/#\/schema\/logo\/image\/","url":"https:\/\/i0.wp.com\/www.subkultur.de\/edition\/wp-content\/uploads\/2018\/08\/sublogo3001.png?fit=300%2C111&ssl=1","contentUrl":"https:\/\/i0.wp.com\/www.subkultur.de\/edition\/wp-content\/uploads\/2018\/08\/sublogo3001.png?fit=300%2C111&ssl=1","width":300,"height":111,"caption":"Edition Subkultur"},"image":{"@id":"https:\/\/www.subkultur.de\/edition\/#\/schema\/logo\/image\/"},"sameAs":["https:\/\/www.facebook.com\/edition.subkultur\/"]}]}},"jetpack-related-posts":[{"id":154,"url":"https:\/\/www.subkultur.de\/edition\/allgemeine-geschaftsbedingungen\/","url_meta":{"origin":18,"position":0},"title":"Allgemeine Gesch\u00e4ftsbedingungen","author":"Thomas Manegold","date":"02.02.2013","format":false,"excerpt":"Es gelten die allgemeinen Gesch\u00e4ftsbedingungen von Periplaneta \u00a7 1\u00a0 Unsere Gesch\u00e4ftsadresse lautet: (Bei einer Bestellung schlie\u00dfen Sie einen Vertrag mit) PERIPLANETA Marion Alexa M\u00fcller Bornholmer Str. 81a 10439 Berlin Tel: 030\/446 734 33 Gesch\u00e4ftsf\u00fchrerin des Verlages, des Imprints und des Onlineshops Marion Alexa M\u00fcller. Verkehrsnummer: 13881 Steuernummer: St.Nr. 31\/449\/71164 Umsatzsteueridentifikationsnummer:\u2026","rel":"","context":"\u00c4hnlicher Beitrag","block_context":{"text":"\u00c4hnlicher Beitrag","link":""},"img":{"alt_text":"Marion Alexa M\u00fcller - edition subkultur","src":"https:\/\/i0.wp.com\/www.subkultur.de\/edition\/wp-content\/uploads\/2018\/12\/IMG_2846-e1545258270535.jpg?resize=350%2C200&ssl=1","width":350,"height":200,"srcset":"https:\/\/i0.wp.com\/www.subkultur.de\/edition\/wp-content\/uploads\/2018\/12\/IMG_2846-e1545258270535.jpg?resize=350%2C200&ssl=1 1x, https:\/\/i0.wp.com\/www.subkultur.de\/edition\/wp-content\/uploads\/2018\/12\/IMG_2846-e1545258270535.jpg?resize=525%2C300&ssl=1 1.5x, https:\/\/i0.wp.com\/www.subkultur.de\/edition\/wp-content\/uploads\/2018\/12\/IMG_2846-e1545258270535.jpg?resize=700%2C400&ssl=1 2x, https:\/\/i0.wp.com\/www.subkultur.de\/edition\/wp-content\/uploads\/2018\/12\/IMG_2846-e1545258270535.jpg?resize=1050%2C600&ssl=1 3x"},"classes":[]},{"id":2723,"url":"https:\/\/www.subkultur.de\/edition\/datenschutzerklaerung\/","url_meta":{"origin":18,"position":1},"title":"Datenschutzerkl\u00e4rung","author":"Thomas Manegold","date":"09.05.2018","format":false,"excerpt":"Verantwortliche Stelle im Sinne der Datenschutzgesetze ist: Edition Subkultur c\/o Thomas Manegold Bornholmer Str. 81a 10439 Berlin mail@edition.subkultur.de Tel.: 030 \/ 44673433 E-Mail: it@periplaneta.com Website: https:\/\/www.edition.subkultur und weitere URLs, die auf den selben Inhalt verweisen, wie z.B. https:\/\/subkultur.de\/edition Ihre Betroffenenrechte Unter den angegebenen Kontaktdaten unseres Datenschutzbeauftragten k\u00f6nnen Sie jederzeit folgende\u2026","rel":"","context":"\u00c4hnlicher Beitrag","block_context":{"text":"\u00c4hnlicher Beitrag","link":""},"img":{"alt_text":"Marion Alexa M\u00fcller - edition subkultur","src":"https:\/\/i0.wp.com\/www.subkultur.de\/edition\/wp-content\/uploads\/2018\/12\/IMG_2846-e1545258270535.jpg?resize=350%2C200&ssl=1","width":350,"height":200,"srcset":"https:\/\/i0.wp.com\/www.subkultur.de\/edition\/wp-content\/uploads\/2018\/12\/IMG_2846-e1545258270535.jpg?resize=350%2C200&ssl=1 1x, https:\/\/i0.wp.com\/www.subkultur.de\/edition\/wp-content\/uploads\/2018\/12\/IMG_2846-e1545258270535.jpg?resize=525%2C300&ssl=1 1.5x, https:\/\/i0.wp.com\/www.subkultur.de\/edition\/wp-content\/uploads\/2018\/12\/IMG_2846-e1545258270535.jpg?resize=700%2C400&ssl=1 2x, https:\/\/i0.wp.com\/www.subkultur.de\/edition\/wp-content\/uploads\/2018\/12\/IMG_2846-e1545258270535.jpg?resize=1050%2C600&ssl=1 3x"},"classes":[]},{"id":492,"url":"https:\/\/www.subkultur.de\/edition\/versandbedingungen\/","url_meta":{"origin":18,"position":2},"title":"Versandbedingungen","author":"Thomas Manegold","date":"13.06.2014","format":false,"excerpt":"Versandbedingungen Innerhalb Deutschlands sind Lieferungen an Endkunden ab einem Mindestbestellwert von maximal 8 \u20ac versandkostenfrei. F\u00fcr Lieferungen unter dem Mindestbestellwert und in andere L\u00e4nder erheben wir je Bestellung eine Versandpauschale. Innerhalb der EU: 3,75 \u20ac ; au\u00dferhalb der EU: 6,50 \u20ac. Die Auslieferung wird \u2013 falls erforderlich \u2013 in Teillieferungen\u2026","rel":"","context":"\u00c4hnlicher Beitrag","block_context":{"text":"\u00c4hnlicher Beitrag","link":""},"img":{"alt_text":"Marion Alexa M\u00fcller - edition subkultur","src":"https:\/\/i0.wp.com\/www.subkultur.de\/edition\/wp-content\/uploads\/2018\/12\/IMG_2846-e1545258270535.jpg?resize=350%2C200&ssl=1","width":350,"height":200,"srcset":"https:\/\/i0.wp.com\/www.subkultur.de\/edition\/wp-content\/uploads\/2018\/12\/IMG_2846-e1545258270535.jpg?resize=350%2C200&ssl=1 1x, https:\/\/i0.wp.com\/www.subkultur.de\/edition\/wp-content\/uploads\/2018\/12\/IMG_2846-e1545258270535.jpg?resize=525%2C300&ssl=1 1.5x, https:\/\/i0.wp.com\/www.subkultur.de\/edition\/wp-content\/uploads\/2018\/12\/IMG_2846-e1545258270535.jpg?resize=700%2C400&ssl=1 2x, https:\/\/i0.wp.com\/www.subkultur.de\/edition\/wp-content\/uploads\/2018\/12\/IMG_2846-e1545258270535.jpg?resize=1050%2C600&ssl=1 3x"},"classes":[]},{"id":1308,"url":"https:\/\/www.subkultur.de\/edition\/widerrufsrecht-formular\/","url_meta":{"origin":18,"position":3},"title":"Widerrufsrecht &#038; Formular","author":"Thomas Manegold","date":"13.06.2014","format":false,"excerpt":"Widerrufsrecht (1) Verbrauchern\/ Endkunden steht ein gesetzliches Widerrufsrecht zu. Verbraucher ist jede nat\u00fcrliche Person, die ein Rechtsgesch\u00e4ft zu Zwecken abschlie\u00dft, die \u00fcberwiegend weder ihrer gewerblichen noch ihrer selbst\u00e4ndigen beruflichen T\u00e4tigkeit zugerechnet werden k\u00f6nnen (\u00a7 13 BGB). (2) Verbraucher\/ Endkunden haben das Recht, binnen vierzehn Tagen ohne Angabe von Gr\u00fcnden diesen\u2026","rel":"","context":"\u00c4hnlicher Beitrag","block_context":{"text":"\u00c4hnlicher Beitrag","link":""},"img":{"alt_text":"Leseb\u00fchne \"Ohne Wenn und Laber\"","src":"https:\/\/i0.wp.com\/www.subkultur.de\/edition\/wp-content\/uploads\/2018\/12\/IMG_0020-e1545258153791.jpg?resize=350%2C200&ssl=1","width":350,"height":200,"srcset":"https:\/\/i0.wp.com\/www.subkultur.de\/edition\/wp-content\/uploads\/2018\/12\/IMG_0020-e1545258153791.jpg?resize=350%2C200&ssl=1 1x, https:\/\/i0.wp.com\/www.subkultur.de\/edition\/wp-content\/uploads\/2018\/12\/IMG_0020-e1545258153791.jpg?resize=525%2C300&ssl=1 1.5x, https:\/\/i0.wp.com\/www.subkultur.de\/edition\/wp-content\/uploads\/2018\/12\/IMG_0020-e1545258153791.jpg?resize=700%2C400&ssl=1 2x, https:\/\/i0.wp.com\/www.subkultur.de\/edition\/wp-content\/uploads\/2018\/12\/IMG_0020-e1545258153791.jpg?resize=1050%2C600&ssl=1 3x"},"classes":[]}],"jetpack_sharing_enabled":true,"_links":{"self":[{"href":"https:\/\/www.subkultur.de\/edition\/wp-json\/wp\/v2\/pages\/18","targetHints":{"allow":["GET"]}}],"collection":[{"href":"https:\/\/www.subkultur.de\/edition\/wp-json\/wp\/v2\/pages"}],"about":[{"href":"https:\/\/www.subkultur.de\/edition\/wp-json\/wp\/v2\/types\/page"}],"author":[{"embeddable":true,"href":"https:\/\/www.subkultur.de\/edition\/wp-json\/wp\/v2\/users\/1"}],"replies":[{"embeddable":true,"href":"https:\/\/www.subkultur.de\/edition\/wp-json\/wp\/v2\/comments?post=18"}],"version-history":[{"count":0,"href":"https:\/\/www.subkultur.de\/edition\/wp-json\/wp\/v2\/pages\/18\/revisions"}],"wp:featuredmedia":[{"embeddable":true,"href":"https:\/\/www.subkultur.de\/edition\/wp-json\/wp\/v2\/media\/3115"}],"wp:attachment":[{"href":"https:\/\/www.subkultur.de\/edition\/wp-json\/wp\/v2\/media?parent=18"}],"curies":[{"name":"wp","href":"https:\/\/api.w.org\/{rel}","templated":true}]}}