{"id":1874,"date":"2016-06-17T22:35:49","date_gmt":"2016-06-17T20:35:49","guid":{"rendered":"http:\/\/www.subkultur.de\/edition\/?post_type=product&#038;p=1874"},"modified":"2026-03-17T11:33:38","modified_gmt":"2026-03-17T10:33:38","slug":"hoert-franka-eigentlich-noch-black-metal","status":"publish","type":"product","link":"https:\/\/www.subkultur.de\/edition\/shop\/hoert-franka-eigentlich-noch-black-metal\/","title":{"rendered":"H\u00f6rt Franka eigentlich noch Black Metal?"},"content":{"rendered":"<p>Als Kirk pl\u00f6tzlich und unerwartet einen Brief von seiner Exfreundin Franka in seinem Briefkasten findet, ist er verwirrt, geschockt und sauer zugleich.\u00a0 Schlie\u00dflich ist Franka vor Jahren einfach so abgehauen, ohne Tsch\u00fcss zu sagen. Und jetzt l\u00e4dt sie ihn zu sich nach Schweden ein?! Trotz seiner Zweifel und \u00c4ngste macht Kirk sich zusammen mit dem Rest der alten Clique auf den Weg nach Norden. Im Gep\u00e4ck jede Menge Bier, vergessene Erinnerungen, mysteri\u00f6se Psychopharmaka und haufenweise Fragen:<br \/>\nWarum ist Franka einfach so verschwunden?<br \/>\nHaben wir noch genug Alkohol?<br \/>\nWas ist der beste Burzum-Song?<br \/>\nK\u00f6nnen Menschen sich \u00e4ndern?<br \/>\nUnd nat\u00fcrlich ganz wichtig: H\u00f6rt Franka eigentlich noch Black Metal?<\/p>\n<p>Zw\u00f6lf Jahre schrieb Mikis Wesensbitter an der Saga um Franka und ihre Freunde. Was als Fortsetzungsstory im Legacy-Magazin begann, ist nun vollendet: Ein Mix aus Roadmovie, Lovestory, Beziehungsratgeber und satanischer Kom\u00f6die.<\/p>\n<div class=\"shariff shariff-align-flex-end shariff-widget-align-flex-end\"><ul class=\"shariff-buttons theme-round orientation-horizontal buttonsize-small\"><li class=\"shariff-button facebook\" style=\"background-color:#666666\"><a href=\"https:\/\/www.facebook.com\/sharer\/sharer.php?u=https%3A%2F%2Fwww.subkultur.de%2Fedition%2Fshop%2Fhoert-franka-eigentlich-noch-black-metal%2F\" title=\"Bei Facebook teilen\" aria-label=\"Bei Facebook teilen\" role=\"button\" rel=\"nofollow\" class=\"shariff-link\" style=\"; background-color:#990000; color:#fff\" target=\"_blank\"><span class=\"shariff-icon\" style=\"\"><svg width=\"32px\" height=\"20px\" xmlns=\"http:\/\/www.w3.org\/2000\/svg\" viewBox=\"0 0 18 32\"><path fill=\"#3b5998\" d=\"M17.1 0.2v4.7h-2.8q-1.5 0-2.1 0.6t-0.5 1.9v3.4h5.2l-0.7 5.3h-4.5v13.6h-5.5v-13.6h-4.5v-5.3h4.5v-3.9q0-3.3 1.9-5.2t5-1.8q2.6 0 4.1 0.2z\"\/><\/svg><\/span><\/a><\/li><li class=\"shariff-button twitter\" style=\"background-color:#666666\"><a href=\"https:\/\/twitter.com\/share?url=https%3A%2F%2Fwww.subkultur.de%2Fedition%2Fshop%2Fhoert-franka-eigentlich-noch-black-metal%2F&text=H%C3%B6rt%20Franka%20eigentlich%20noch%20Black%20Metal%3F\" title=\"Bei X teilen\" aria-label=\"Bei X teilen\" role=\"button\" rel=\"noopener nofollow\" class=\"shariff-link\" style=\"; background-color:#990000; color:#fff\" target=\"_blank\"><span class=\"shariff-icon\" style=\"\"><svg width=\"32px\" height=\"20px\" xmlns=\"http:\/\/www.w3.org\/2000\/svg\" viewBox=\"0 0 24 24\"><path fill=\"#000\" d=\"M14.258 10.152L23.176 0h-2.113l-7.747 8.813L7.133 0H0l9.352 13.328L0 23.973h2.113l8.176-9.309 6.531 9.309h7.133zm-2.895 3.293l-.949-1.328L2.875 1.56h3.246l6.086 8.523.945 1.328 7.91 11.078h-3.246zm0 0\"\/><\/svg><\/span><\/a><\/li><li class=\"shariff-button whatsapp shariff-mobile\" style=\"background-color:#666666\"><a href=\"https:\/\/api.whatsapp.com\/send?text=https%3A%2F%2Fwww.subkultur.de%2Fedition%2Fshop%2Fhoert-franka-eigentlich-noch-black-metal%2F%20H%C3%B6rt%20Franka%20eigentlich%20noch%20Black%20Metal%3F\" title=\"Bei Whatsapp teilen\" aria-label=\"Bei Whatsapp teilen\" role=\"button\" rel=\"noopener nofollow\" class=\"shariff-link\" style=\"; background-color:#990000; color:#fff\" target=\"_blank\"><span class=\"shariff-icon\" style=\"\"><svg width=\"32px\" height=\"20px\" xmlns=\"http:\/\/www.w3.org\/2000\/svg\" viewBox=\"0 0 32 32\"><path fill=\"#34af23\" d=\"M17.6 17.4q0.2 0 1.7 0.8t1.6 0.9q0 0.1 0 0.3 0 0.6-0.3 1.4-0.3 0.7-1.3 1.2t-1.8 0.5q-1 0-3.4-1.1-1.7-0.8-3-2.1t-2.6-3.3q-1.3-1.9-1.3-3.5v-0.1q0.1-1.6 1.3-2.8 0.4-0.4 0.9-0.4 0.1 0 0.3 0t0.3 0q0.3 0 0.5 0.1t0.3 0.5q0.1 0.4 0.6 1.6t0.4 1.3q0 0.4-0.6 1t-0.6 0.8q0 0.1 0.1 0.3 0.6 1.3 1.8 2.4 1 0.9 2.7 1.8 0.2 0.1 0.4 0.1 0.3 0 1-0.9t0.9-0.9zM14 26.9q2.3 0 4.3-0.9t3.6-2.4 2.4-3.6 0.9-4.3-0.9-4.3-2.4-3.6-3.6-2.4-4.3-0.9-4.3 0.9-3.6 2.4-2.4 3.6-0.9 4.3q0 3.6 2.1 6.6l-1.4 4.2 4.3-1.4q2.8 1.9 6.2 1.9zM14 2.2q2.7 0 5.2 1.1t4.3 2.9 2.9 4.3 1.1 5.2-1.1 5.2-2.9 4.3-4.3 2.9-5.2 1.1q-3.5 0-6.5-1.7l-7.4 2.4 2.4-7.2q-1.9-3.2-1.9-6.9 0-2.7 1.1-5.2t2.9-4.3 4.3-2.9 5.2-1.1z\"\/><\/svg><\/span><\/a><\/li><li class=\"shariff-button paypal\" style=\"background-color:#666666\"><a href=\"https:\/\/www.paypal.com\/cgi-bin\/webscr?cmd=_s-xclick&#038;hosted_button_id=PLJWJSQLT8Z36\" title=\"Spenden mit PayPal\" aria-label=\"Spenden mit PayPal\" role=\"button\" rel=\"noopener nofollow\" class=\"shariff-link\" style=\"; background-color:#990000; color:#fff\" target=\"_blank\"><span class=\"shariff-icon\" style=\"\"><svg width=\"32px\" height=\"20px\" xmlns=\"http:\/\/www.w3.org\/2000\/svg\" viewBox=\"0 0 32 32\"><path fill=\"#009cde\" d=\"M19.9 8q0-2.8-4.2-2.8h-1.2q-0.6 0-1.1 0.4t-0.6 0.9l-1.1 4.9q0 0.1 0 0.3 0 0.4 0.3 0.7t0.7 0.3h0.9q1.2 0 2.3-0.2t2-0.7 1.5-1.5 0.5-2.3zM30.6 10.7q0 4.7-3.9 7.6-3.9 2.9-10.9 2.9h-1.1q-0.6 0-1.1 0.4t-0.6 0.9l-1.3 5.6q-0.1 0.6-0.7 1.1t-1.2 0.5h-3.8q-0.6 0-0.9-0.4t-0.4-0.9q0-0.2 0.2-1.2h2.7q0.6 0 1.1-0.4t0.7-1l1.3-5.6q0.1-0.6 0.7-1t1.1-0.4h1.1q7 0 10.8-2.9t3.9-7.5q0-2.3-0.9-3.7 3.3 1.6 3.3 6zM27.4 7.4q0 4.7-3.9 7.6-3.9 2.9-10.9 2.9h-1.1q-0.6 0-1.1 0.4t-0.6 0.9l-1.3 5.6q-0.1 0.6-0.7 1.1t-1.2 0.5h-3.8q-0.6 0-0.9-0.3t-0.4-0.9q0-0.1 0-0.4l5.4-23.2q0.1-0.6 0.7-1.1t1.2-0.5h7.9q1.2 0 2.2 0.1t2.2 0.3 2 0.5 1.7 0.9 1.4 1.3 0.9 1.8 0.3 2.4z\"\/><\/svg><\/span><\/a><\/li><li class=\"shariff-button rss\" style=\"background-color:#666666\"><a href=\"https:\/\/www.subkultur.de\/edition\/feed\/rss\/\" title=\"RSS-feed\" aria-label=\"RSS-feed\" role=\"button\" class=\"shariff-link\" style=\"; background-color:#990000; color:#fff\" target=\"_blank\"><span class=\"shariff-icon\" style=\"\"><svg width=\"32px\" height=\"20px\" xmlns=\"http:\/\/www.w3.org\/2000\/svg\" viewBox=\"0 0 32 32\"><path fill=\"#fe9312\" d=\"M4.3 23.5c-2.3 0-4.3 1.9-4.3 4.3 0 2.3 1.9 4.2 4.3 4.2 2.4 0 4.3-1.9 4.3-4.2 0-2.3-1.9-4.3-4.3-4.3zM0 10.9v6.1c4 0 7.7 1.6 10.6 4.4 2.8 2.8 4.4 6.6 4.4 10.6h6.2c0-11.7-9.5-21.1-21.1-21.1zM0 0v6.1c14.2 0 25.8 11.6 25.8 25.9h6.2c0-17.6-14.4-32-32-32z\"\/><\/svg><\/span><\/a><\/li><\/ul><\/div>","protected":false},"excerpt":{"rendered":"<p>Mikis Wesensbitter: \u201eH\u00f6rt Franka eigentlich noch Black Metal?&#8220; Die komplette Serie, Staffel 1 bis 3. Ein Kult-Buch wie ein selbstgemachtes Mixtape mit den Lieblingssongs zum Biertrinken, Sexhaben und Nachdenken. Mit Fotografien von Jana Farley Buch, Softcover 238 S.,19&#215;13,5cm, ISBN: 978-3-943412-27-7, Edition Subkultur<\/p>\n","protected":false},"featured_media":1875,"comment_status":"open","ping_status":"closed","template":"","meta":{"jetpack_publicize_message":"","jetpack_publicize_feature_enabled":true,"jetpack_social_post_already_shared":true,"jetpack_social_options":{"image_generator_settings":{"template":"highway","default_image_id":0,"font":"","enabled":false},"version":2}},"product_brand":[],"product_cat":[41,470],"product_tag":[425,528,473,538,539,530,535,533,474,536,529,534,537,532,531],"class_list":{"0":"post-1874","1":"product","2":"type-product","3":"status-publish","4":"has-post-thumbnail","6":"product_cat-buecher","7":"product_cat-mikis-wesensbitter","8":"product_tag-berlin","9":"product_tag-beziehungsdrama","10":"product_tag-bier","11":"product_tag-black-metal","12":"product_tag-burzum","13":"product_tag-coming-of-age","14":"product_tag-drogen","15":"product_tag-einsamkeit","16":"product_tag-freundschaft","17":"product_tag-humor","18":"product_tag-liebe","19":"product_tag-nostalgie","20":"product_tag-roadmovie","21":"product_tag-sex","22":"product_tag-skandinavien","24":"first","25":"instock","26":"taxable","27":"shipping-taxable","28":"purchasable","29":"product-type-simple"},"yoast_head":"<!-- This site is optimized with the Yoast SEO plugin v27.1.1 - https:\/\/yoast.com\/product\/yoast-seo-wordpress\/ -->\n<title>H\u00f6rt Franka eigentlich noch Black Metal? - edition.subkultur<\/title>\n<meta name=\"description\" content=\"Edition Subkultur. Substanzielle, subversive, nonkonforme und moderne Literatur aus Berlin.\" \/>\n<meta name=\"robots\" content=\"index, follow, max-snippet:-1, max-image-preview:large, max-video-preview:-1\" \/>\n<link rel=\"canonical\" href=\"https:\/\/www.subkultur.de\/edition\/shop\/hoert-franka-eigentlich-noch-black-metal\/\" \/>\n<meta property=\"og:locale\" content=\"de_DE\" \/>\n<meta property=\"og:type\" content=\"article\" \/>\n<meta property=\"og:title\" content=\"H\u00f6rt Franka eigentlich noch Black Metal? - edition.subkultur\" \/>\n<meta property=\"og:description\" content=\"Edition Subkultur. Substanzielle, subversive, nonkonforme und moderne Literatur aus Berlin.\" \/>\n<meta property=\"og:url\" content=\"https:\/\/www.subkultur.de\/edition\/shop\/hoert-franka-eigentlich-noch-black-metal\/\" \/>\n<meta property=\"og:site_name\" content=\"edition.subkultur\" \/>\n<meta property=\"article:publisher\" content=\"https:\/\/www.facebook.com\/edition.subkultur\/\" \/>\n<meta property=\"article:modified_time\" content=\"2026-03-17T10:33:38+00:00\" \/>\n<meta property=\"og:image\" content=\"https:\/\/www.subkultur.de\/edition\/wp-content\/uploads\/2016\/06\/franka700web.jpg\" \/>\n\t<meta property=\"og:image:width\" content=\"728\" \/>\n\t<meta property=\"og:image:height\" content=\"1024\" \/>\n\t<meta property=\"og:image:type\" content=\"image\/jpeg\" \/>\n<meta name=\"twitter:card\" content=\"summary_large_image\" \/>\n<meta name=\"twitter:label1\" content=\"Gesch\u00e4tzte Lesezeit\" \/>\n\t<meta name=\"twitter:data1\" content=\"1\u00a0Minute\" \/>\n<script type=\"application\/ld+json\" class=\"yoast-schema-graph\">{\"@context\":\"https:\/\/schema.org\",\"@graph\":[{\"@type\":\"WebPage\",\"@id\":\"https:\/\/www.subkultur.de\/edition\/shop\/hoert-franka-eigentlich-noch-black-metal\/\",\"url\":\"https:\/\/www.subkultur.de\/edition\/shop\/hoert-franka-eigentlich-noch-black-metal\/\",\"name\":\"H\u00f6rt Franka eigentlich noch Black Metal? - edition.subkultur\",\"isPartOf\":{\"@id\":\"https:\/\/www.subkultur.de\/edition\/#website\"},\"primaryImageOfPage\":{\"@id\":\"https:\/\/www.subkultur.de\/edition\/shop\/hoert-franka-eigentlich-noch-black-metal\/#primaryimage\"},\"image\":{\"@id\":\"https:\/\/www.subkultur.de\/edition\/shop\/hoert-franka-eigentlich-noch-black-metal\/#primaryimage\"},\"thumbnailUrl\":\"https:\/\/www.subkultur.de\/edition\/wp-content\/uploads\/2016\/06\/franka700web.jpg\",\"datePublished\":\"2016-06-17T20:35:49+00:00\",\"dateModified\":\"2026-03-17T10:33:38+00:00\",\"description\":\"Edition Subkultur. Substanzielle, subversive, nonkonforme und moderne Literatur aus Berlin.\",\"breadcrumb\":{\"@id\":\"https:\/\/www.subkultur.de\/edition\/shop\/hoert-franka-eigentlich-noch-black-metal\/#breadcrumb\"},\"inLanguage\":\"de\",\"potentialAction\":[{\"@type\":\"ReadAction\",\"target\":[\"https:\/\/www.subkultur.de\/edition\/shop\/hoert-franka-eigentlich-noch-black-metal\/\"]}]},{\"@type\":\"ImageObject\",\"inLanguage\":\"de\",\"@id\":\"https:\/\/www.subkultur.de\/edition\/shop\/hoert-franka-eigentlich-noch-black-metal\/#primaryimage\",\"url\":\"https:\/\/www.subkultur.de\/edition\/wp-content\/uploads\/2016\/06\/franka700web.jpg\",\"contentUrl\":\"https:\/\/www.subkultur.de\/edition\/wp-content\/uploads\/2016\/06\/franka700web.jpg\",\"width\":728,\"height\":1024,\"caption\":\"H\u00f6rt Franka subkultur\"},{\"@type\":\"BreadcrumbList\",\"@id\":\"https:\/\/www.subkultur.de\/edition\/shop\/hoert-franka-eigentlich-noch-black-metal\/#breadcrumb\",\"itemListElement\":[{\"@type\":\"ListItem\",\"position\":1,\"name\":\"Startseite\",\"item\":\"https:\/\/www.subkultur.de\/edition\/\"},{\"@type\":\"ListItem\",\"position\":2,\"name\":\"Shop\",\"item\":\"https:\/\/www.subkultur.de\/edition\/shop\/\"},{\"@type\":\"ListItem\",\"position\":3,\"name\":\"H\u00f6rt Franka eigentlich noch Black Metal?\"}]},{\"@type\":\"WebSite\",\"@id\":\"https:\/\/www.subkultur.de\/edition\/#website\",\"url\":\"https:\/\/www.subkultur.de\/edition\/\",\"name\":\"edition.subkultur\",\"description\":\"Overground Literatur &amp; Music\",\"publisher\":{\"@id\":\"https:\/\/www.subkultur.de\/edition\/#organization\"},\"potentialAction\":[{\"@type\":\"SearchAction\",\"target\":{\"@type\":\"EntryPoint\",\"urlTemplate\":\"https:\/\/www.subkultur.de\/edition\/?s={search_term_string}\"},\"query-input\":{\"@type\":\"PropertyValueSpecification\",\"valueRequired\":true,\"valueName\":\"search_term_string\"}}],\"inLanguage\":\"de\"},{\"@type\":\"Organization\",\"@id\":\"https:\/\/www.subkultur.de\/edition\/#organization\",\"name\":\"Edition Subkultur\",\"url\":\"https:\/\/www.subkultur.de\/edition\/\",\"logo\":{\"@type\":\"ImageObject\",\"inLanguage\":\"de\",\"@id\":\"https:\/\/www.subkultur.de\/edition\/#\/schema\/logo\/image\/\",\"url\":\"https:\/\/i0.wp.com\/www.subkultur.de\/edition\/wp-content\/uploads\/2018\/08\/sublogo3001.png?fit=300%2C111&ssl=1\",\"contentUrl\":\"https:\/\/i0.wp.com\/www.subkultur.de\/edition\/wp-content\/uploads\/2018\/08\/sublogo3001.png?fit=300%2C111&ssl=1\",\"width\":300,\"height\":111,\"caption\":\"Edition Subkultur\"},\"image\":{\"@id\":\"https:\/\/www.subkultur.de\/edition\/#\/schema\/logo\/image\/\"},\"sameAs\":[\"https:\/\/www.facebook.com\/edition.subkultur\/\"]}]}<\/script>\n<!-- \/ Yoast SEO plugin. -->","yoast_head_json":{"title":"H\u00f6rt Franka eigentlich noch Black Metal? - edition.subkultur","description":"Edition Subkultur. Substanzielle, subversive, nonkonforme und moderne Literatur aus Berlin.","robots":{"index":"index","follow":"follow","max-snippet":"max-snippet:-1","max-image-preview":"max-image-preview:large","max-video-preview":"max-video-preview:-1"},"canonical":"https:\/\/www.subkultur.de\/edition\/shop\/hoert-franka-eigentlich-noch-black-metal\/","og_locale":"de_DE","og_type":"article","og_title":"H\u00f6rt Franka eigentlich noch Black Metal? - edition.subkultur","og_description":"Edition Subkultur. Substanzielle, subversive, nonkonforme und moderne Literatur aus Berlin.","og_url":"https:\/\/www.subkultur.de\/edition\/shop\/hoert-franka-eigentlich-noch-black-metal\/","og_site_name":"edition.subkultur","article_publisher":"https:\/\/www.facebook.com\/edition.subkultur\/","article_modified_time":"2026-03-17T10:33:38+00:00","og_image":[{"width":728,"height":1024,"url":"https:\/\/www.subkultur.de\/edition\/wp-content\/uploads\/2016\/06\/franka700web.jpg","type":"image\/jpeg"}],"twitter_card":"summary_large_image","twitter_misc":{"Gesch\u00e4tzte Lesezeit":"1\u00a0Minute"},"schema":{"@context":"https:\/\/schema.org","@graph":[{"@type":"WebPage","@id":"https:\/\/www.subkultur.de\/edition\/shop\/hoert-franka-eigentlich-noch-black-metal\/","url":"https:\/\/www.subkultur.de\/edition\/shop\/hoert-franka-eigentlich-noch-black-metal\/","name":"H\u00f6rt Franka eigentlich noch Black Metal? - edition.subkultur","isPartOf":{"@id":"https:\/\/www.subkultur.de\/edition\/#website"},"primaryImageOfPage":{"@id":"https:\/\/www.subkultur.de\/edition\/shop\/hoert-franka-eigentlich-noch-black-metal\/#primaryimage"},"image":{"@id":"https:\/\/www.subkultur.de\/edition\/shop\/hoert-franka-eigentlich-noch-black-metal\/#primaryimage"},"thumbnailUrl":"https:\/\/www.subkultur.de\/edition\/wp-content\/uploads\/2016\/06\/franka700web.jpg","datePublished":"2016-06-17T20:35:49+00:00","dateModified":"2026-03-17T10:33:38+00:00","description":"Edition Subkultur. Substanzielle, subversive, nonkonforme und moderne Literatur aus Berlin.","breadcrumb":{"@id":"https:\/\/www.subkultur.de\/edition\/shop\/hoert-franka-eigentlich-noch-black-metal\/#breadcrumb"},"inLanguage":"de","potentialAction":[{"@type":"ReadAction","target":["https:\/\/www.subkultur.de\/edition\/shop\/hoert-franka-eigentlich-noch-black-metal\/"]}]},{"@type":"ImageObject","inLanguage":"de","@id":"https:\/\/www.subkultur.de\/edition\/shop\/hoert-franka-eigentlich-noch-black-metal\/#primaryimage","url":"https:\/\/www.subkultur.de\/edition\/wp-content\/uploads\/2016\/06\/franka700web.jpg","contentUrl":"https:\/\/www.subkultur.de\/edition\/wp-content\/uploads\/2016\/06\/franka700web.jpg","width":728,"height":1024,"caption":"H\u00f6rt Franka subkultur"},{"@type":"BreadcrumbList","@id":"https:\/\/www.subkultur.de\/edition\/shop\/hoert-franka-eigentlich-noch-black-metal\/#breadcrumb","itemListElement":[{"@type":"ListItem","position":1,"name":"Startseite","item":"https:\/\/www.subkultur.de\/edition\/"},{"@type":"ListItem","position":2,"name":"Shop","item":"https:\/\/www.subkultur.de\/edition\/shop\/"},{"@type":"ListItem","position":3,"name":"H\u00f6rt Franka eigentlich noch Black Metal?"}]},{"@type":"WebSite","@id":"https:\/\/www.subkultur.de\/edition\/#website","url":"https:\/\/www.subkultur.de\/edition\/","name":"edition.subkultur","description":"Overground Literatur &amp; Music","publisher":{"@id":"https:\/\/www.subkultur.de\/edition\/#organization"},"potentialAction":[{"@type":"SearchAction","target":{"@type":"EntryPoint","urlTemplate":"https:\/\/www.subkultur.de\/edition\/?s={search_term_string}"},"query-input":{"@type":"PropertyValueSpecification","valueRequired":true,"valueName":"search_term_string"}}],"inLanguage":"de"},{"@type":"Organization","@id":"https:\/\/www.subkultur.de\/edition\/#organization","name":"Edition Subkultur","url":"https:\/\/www.subkultur.de\/edition\/","logo":{"@type":"ImageObject","inLanguage":"de","@id":"https:\/\/www.subkultur.de\/edition\/#\/schema\/logo\/image\/","url":"https:\/\/i0.wp.com\/www.subkultur.de\/edition\/wp-content\/uploads\/2018\/08\/sublogo3001.png?fit=300%2C111&ssl=1","contentUrl":"https:\/\/i0.wp.com\/www.subkultur.de\/edition\/wp-content\/uploads\/2018\/08\/sublogo3001.png?fit=300%2C111&ssl=1","width":300,"height":111,"caption":"Edition Subkultur"},"image":{"@id":"https:\/\/www.subkultur.de\/edition\/#\/schema\/logo\/image\/"},"sameAs":["https:\/\/www.facebook.com\/edition.subkultur\/"]}]}},"jetpack_publicize_connections":[],"jetpack-related-posts":[{"id":984,"url":"https:\/\/www.subkultur.de\/edition\/shop\/gespraeche-mit-goth\/","url_meta":{"origin":1874,"position":0},"title":"Gespr\u00e4che mit Goth","author":"Thomas Manegold","date":"10.10.2013","format":false,"excerpt":"THOMAS MANEGOLD: \u201eGespr\u00e4che mit Goth\u201c, Episodenroman, Softcover, 170 S., print ISBN: 978-3-943412-06-2, epub ISBN: 978-3-943412-56-7, Edition Subkultur, GLP: 12,80\u20ac (D)","rel":"","context":"\u00c4hnlicher Beitrag","block_context":{"text":"\u00c4hnlicher Beitrag","link":""},"img":{"alt_text":"Thomas Manegold: \"Gespr\u00e4che mit Goth\"","src":"https:\/\/i0.wp.com\/www.subkultur.de\/edition\/wp-content\/uploads\/2013\/10\/gothcover900web.jpg?resize=350%2C200&ssl=1","width":350,"height":200,"srcset":"https:\/\/i0.wp.com\/www.subkultur.de\/edition\/wp-content\/uploads\/2013\/10\/gothcover900web.jpg?resize=350%2C200&ssl=1 1x, https:\/\/i0.wp.com\/www.subkultur.de\/edition\/wp-content\/uploads\/2013\/10\/gothcover900web.jpg?resize=525%2C300&ssl=1 1.5x"},"classes":[]},{"id":4430,"url":"https:\/\/www.subkultur.de\/edition\/shop\/heldenhass\/","url_meta":{"origin":1874,"position":1},"title":"Heldenhass","author":"Thomas Manegold","date":"23.02.2020","format":false,"excerpt":"KRISTJAN KNALL: Heldenhass \u2013 Das B\u00f6se siegt immer und das ist auch gut so Die dunkle Seite der Helden unserer Gesellschaft, von Martin Luther bis Mozart. Edition Subkultur, ca, 178 S. print ISBN: 978-3-943412-89-5 epub ISBN: 978-3-943412-90-1 2 Versionen","rel":"","context":"\u00c4hnlicher Beitrag","block_context":{"text":"\u00c4hnlicher Beitrag","link":""},"img":{"alt_text":"Kristjan Knall \"Heldenhass\" -edition subkultur","src":"https:\/\/i0.wp.com\/www.subkultur.de\/edition\/wp-content\/uploads\/2020\/02\/coverhh1500web.jpg?resize=350%2C200&ssl=1","width":350,"height":200,"srcset":"https:\/\/i0.wp.com\/www.subkultur.de\/edition\/wp-content\/uploads\/2020\/02\/coverhh1500web.jpg?resize=350%2C200&ssl=1 1x, https:\/\/i0.wp.com\/www.subkultur.de\/edition\/wp-content\/uploads\/2020\/02\/coverhh1500web.jpg?resize=525%2C300&ssl=1 1.5x, https:\/\/i0.wp.com\/www.subkultur.de\/edition\/wp-content\/uploads\/2020\/02\/coverhh1500web.jpg?resize=700%2C400&ssl=1 2x"},"classes":[]},{"id":2172,"url":"https:\/\/www.subkultur.de\/edition\/shop\/meine-kaempfe\/","url_meta":{"origin":1874,"position":2},"title":"Meine K\u00e4mpfe","author":"Thomas Manegold","date":"17.02.2017","format":false,"excerpt":"ALEXANDER BEDRANOWSKY: \u201eMeine K\u00e4mpfe\u201c, Schicksalsschlag w\u00f6rtlich genommen: die Wrestling-Autobiographie des herausragendsten deutschen Gladiators der Neuzeit \u2013 mit blutigem Farbteil (nichts f\u00fcr Zartbesaitete), Buch, Softcover 196 S., plus Farbseiten, 20,5 x 13,5 cm, DAS BUCH IST DERZEIT AUSVERKAUFT!","rel":"","context":"\u00c4hnlicher Beitrag","block_context":{"text":"\u00c4hnlicher Beitrag","link":""},"img":{"alt_text":"ALEXANDER BEDRANOWSKY: \u201eMeine K\u00e4mpfe \u2013 Eine Autobiographie\u201c 3. Auflage, Januar 2017, Edition Subkultur Berlin","src":"https:\/\/i0.wp.com\/www.subkultur.de\/edition\/wp-content\/uploads\/2017\/02\/KaempfeCoverSub800web.jpg?resize=350%2C200&ssl=1","width":350,"height":200,"srcset":"https:\/\/i0.wp.com\/www.subkultur.de\/edition\/wp-content\/uploads\/2017\/02\/KaempfeCoverSub800web.jpg?resize=350%2C200&ssl=1 1x, https:\/\/i0.wp.com\/www.subkultur.de\/edition\/wp-content\/uploads\/2017\/02\/KaempfeCoverSub800web.jpg?resize=525%2C300&ssl=1 1.5x, https:\/\/i0.wp.com\/www.subkultur.de\/edition\/wp-content\/uploads\/2017\/02\/KaempfeCoverSub800web.jpg?resize=700%2C400&ssl=1 2x"},"classes":[]},{"id":6460,"url":"https:\/\/www.subkultur.de\/edition\/shop\/freitag-der-dreissigste\/","url_meta":{"origin":1874,"position":3},"title":"Freitag, der Drei\u00dfigste","author":"Thomas Manegold","date":"16.04.2021","format":false,"excerpt":"Fondermann & Gebhardt: \u201eFreitag, der Drei\u00dfigste\u201c Zwei Menschen ver\u00e4ndern ihr Leben und versuchen dabei, nicht davonzulaufen. Edition Subkultur, ca. 172 S. print ISBN: 978-3-948949-08-2 epub ISBN: 978-3-948949-09-9 mp3 ISBN: 978-3-948949-16-7 3Versionen:","rel":"","context":"\u00c4hnlicher Beitrag","block_context":{"text":"\u00c4hnlicher Beitrag","link":""},"img":{"alt_text":"Ritchy Fondermann und Lars Gebhardt: \u201eFreitag, der Drei\u00dfigste\u201c - edition subkultur","src":"https:\/\/i0.wp.com\/www.subkultur.de\/edition\/wp-content\/uploads\/2021\/04\/Coverweb.jpg?resize=350%2C200&ssl=1","width":350,"height":200,"srcset":"https:\/\/i0.wp.com\/www.subkultur.de\/edition\/wp-content\/uploads\/2021\/04\/Coverweb.jpg?resize=350%2C200&ssl=1 1x, https:\/\/i0.wp.com\/www.subkultur.de\/edition\/wp-content\/uploads\/2021\/04\/Coverweb.jpg?resize=525%2C300&ssl=1 1.5x, https:\/\/i0.wp.com\/www.subkultur.de\/edition\/wp-content\/uploads\/2021\/04\/Coverweb.jpg?resize=700%2C400&ssl=1 2x"},"classes":[]},{"id":8409,"url":"https:\/\/www.subkultur.de\/edition\/shop\/hey-ella-bin-gleich-wieder-da\/","url_meta":{"origin":1874,"position":4},"title":"Hey Ella, bin gleich wieder da","author":"Thomas Manegold","date":"21.11.2024","format":false,"excerpt":"JULIAN SCHRAVEN: \u201eHey Ella, bin gleich wieder da \u2013 von Freunden, Geld, Musik und Ehrenfeld\u201c - Eine Geschichte \u00fcber Zugeh\u00f6rigkeit, Kapitalismus, Selbstfindung und die Frage, was\u00a0 wirklich wichtig ist Edition Subkultur Buch ISBN: 978-3-948949-44-0 eBook ISBN: 978-3-948949-45-7 2 Versionen","rel":"","context":"\u00c4hnlicher Beitrag","block_context":{"text":"\u00c4hnlicher Beitrag","link":""},"img":{"alt_text":"JULIAN SCHRAVEN: \u201eHey Ella, bin gleich wieder da\"","src":"https:\/\/i0.wp.com\/www.subkultur.de\/edition\/wp-content\/uploads\/2024\/11\/coverellaweb.jpg?resize=350%2C200&ssl=1","width":350,"height":200,"srcset":"https:\/\/i0.wp.com\/www.subkultur.de\/edition\/wp-content\/uploads\/2024\/11\/coverellaweb.jpg?resize=350%2C200&ssl=1 1x, https:\/\/i0.wp.com\/www.subkultur.de\/edition\/wp-content\/uploads\/2024\/11\/coverellaweb.jpg?resize=525%2C300&ssl=1 1.5x, https:\/\/i0.wp.com\/www.subkultur.de\/edition\/wp-content\/uploads\/2024\/11\/coverellaweb.jpg?resize=700%2C400&ssl=1 2x"},"classes":[]},{"id":8034,"url":"https:\/\/www.subkultur.de\/edition\/shop\/provinzrebellen\/","url_meta":{"origin":1874,"position":5},"title":"Provinzrebellen","author":"Thomas Manegold","date":"02.11.2022","format":false,"excerpt":"SIBBE RAKETE: \u201eProvinzrebellen\u201c - Ein 90er-Jahre-Roman voller Punks in d\u00f6rflicher Tristesse, Revolte, Partys und Punk-Mucke Edition Subkultur, ca. 210 S. print ISBN: 978-3-948949-29-7 epub ISBN: 978-3-948949-30-3 2 Versionen","rel":"","context":"Mit 2 Kommentaren","block_context":{"text":"Mit 2 Kommentaren","link":"https:\/\/www.subkultur.de\/edition\/shop\/provinzrebellen\/#comments"},"img":{"alt_text":"SIBBE RAKETE: \u201eProvinzrebellen\u201c - subkultur","src":"https:\/\/i0.wp.com\/www.subkultur.de\/edition\/wp-content\/uploads\/2022\/11\/Provinzcoverweb.jpg?resize=350%2C200&ssl=1","width":350,"height":200,"srcset":"https:\/\/i0.wp.com\/www.subkultur.de\/edition\/wp-content\/uploads\/2022\/11\/Provinzcoverweb.jpg?resize=350%2C200&ssl=1 1x, https:\/\/i0.wp.com\/www.subkultur.de\/edition\/wp-content\/uploads\/2022\/11\/Provinzcoverweb.jpg?resize=525%2C300&ssl=1 1.5x, https:\/\/i0.wp.com\/www.subkultur.de\/edition\/wp-content\/uploads\/2022\/11\/Provinzcoverweb.jpg?resize=700%2C400&ssl=1 2x"},"classes":[]}],"jetpack_sharing_enabled":true,"_links":{"self":[{"href":"https:\/\/www.subkultur.de\/edition\/wp-json\/wp\/v2\/product\/1874","targetHints":{"allow":["GET"]}}],"collection":[{"href":"https:\/\/www.subkultur.de\/edition\/wp-json\/wp\/v2\/product"}],"about":[{"href":"https:\/\/www.subkultur.de\/edition\/wp-json\/wp\/v2\/types\/product"}],"replies":[{"embeddable":true,"href":"https:\/\/www.subkultur.de\/edition\/wp-json\/wp\/v2\/comments?post=1874"}],"wp:featuredmedia":[{"embeddable":true,"href":"https:\/\/www.subkultur.de\/edition\/wp-json\/wp\/v2\/media\/1875"}],"wp:attachment":[{"href":"https:\/\/www.subkultur.de\/edition\/wp-json\/wp\/v2\/media?parent=1874"}],"wp:term":[{"taxonomy":"product_brand","embeddable":true,"href":"https:\/\/www.subkultur.de\/edition\/wp-json\/wp\/v2\/product_brand?post=1874"},{"taxonomy":"product_cat","embeddable":true,"href":"https:\/\/www.subkultur.de\/edition\/wp-json\/wp\/v2\/product_cat?post=1874"},{"taxonomy":"product_tag","embeddable":true,"href":"https:\/\/www.subkultur.de\/edition\/wp-json\/wp\/v2\/product_tag?post=1874"}],"curies":[{"name":"wp","href":"https:\/\/api.w.org\/{rel}","templated":true}]}}