{"id":3616,"date":"2019-05-29T20:35:28","date_gmt":"2019-05-29T18:35:28","guid":{"rendered":"https:\/\/www.subkultur.de\/edition\/?post_type=product&#038;p=3616"},"modified":"2024-01-11T01:01:40","modified_gmt":"2024-01-11T00:01:40","slug":"der-dreibeinige-hund-lacht","status":"publish","type":"product","link":"https:\/\/www.subkultur.de\/edition\/shop\/der-dreibeinige-hund-lacht\/","title":{"rendered":"Der dreibeinige Hund lacht"},"content":{"rendered":"<p>Sie hat Schluss gemacht. Jans Welt ist zerst\u00f6rt. Aus dem heimischen Paradies vertrieben, flieht er nach Indien, um sich in Mumbai in einen Rausch aus Partys, Alkohol und Drogen zu st\u00fcrzen.\u00a0W\u00e4hrend er die Stadt kennenlernt und von einem One Night Stand zum n\u00e4chsten stolpert, sind Magenbeschwerden und Erektionsst\u00f6rungen noch seine kleinsten Probleme. Denn er zieht ganz nebenbei die Aufmerksamkeit eines Drogenbosses auf sich &#8230;<\/p>\n<p>Philipp Baar liefert ein ungew\u00f6hnlich authentisches St\u00fcck Reiseliteratur mit Fokus auf Mumbais Unterwelt. Sein \u201cUnterwegs\u201d ist, bei aller Dekadenz, aber auch eine Liebesgeschichte in Zeiten der Globalisierung und eine Ode an den Subkontinent.<\/p>\n<div class=\"shariff shariff-align-left shariff-widget-align-left\"><ul class=\"shariff-buttons theme-round orientation-horizontal buttonsize-small\"><li class=\"shariff-button facebook\" style=\"background-color:#666666\"><a href=\"https:\/\/www.facebook.com\/sharer\/sharer.php?u=https%3A%2F%2Fwww.subkultur.de%2Fedition%2Fshop%2Fder-dreibeinige-hund-lacht%2F\" title=\"Bei Facebook teilen\" aria-label=\"Bei Facebook teilen\" role=\"button\" rel=\"nofollow\" class=\"shariff-link\" style=\"; background-color:#990000; color:#fff\" target=\"_blank\"><span class=\"shariff-icon\" style=\"\"><svg width=\"32px\" height=\"20px\" xmlns=\"http:\/\/www.w3.org\/2000\/svg\" viewBox=\"0 0 18 32\"><path fill=\"#3b5998\" d=\"M17.1 0.2v4.7h-2.8q-1.5 0-2.1 0.6t-0.5 1.9v3.4h5.2l-0.7 5.3h-4.5v13.6h-5.5v-13.6h-4.5v-5.3h4.5v-3.9q0-3.3 1.9-5.2t5-1.8q2.6 0 4.1 0.2z\"\/><\/svg><\/span><\/a><\/li><li class=\"shariff-button twitter\" style=\"background-color:#666666\"><a href=\"https:\/\/twitter.com\/share?url=https%3A%2F%2Fwww.subkultur.de%2Fedition%2Fshop%2Fder-dreibeinige-hund-lacht%2F&text=Der%20dreibeinige%20Hund%20lacht\" title=\"Bei X teilen\" aria-label=\"Bei X teilen\" role=\"button\" rel=\"noopener nofollow\" class=\"shariff-link\" style=\"; background-color:#990000; color:#fff\" target=\"_blank\"><span class=\"shariff-icon\" style=\"\"><svg width=\"32px\" height=\"20px\" xmlns=\"http:\/\/www.w3.org\/2000\/svg\" viewBox=\"0 0 24 24\"><path fill=\"#000\" d=\"M14.258 10.152L23.176 0h-2.113l-7.747 8.813L7.133 0H0l9.352 13.328L0 23.973h2.113l8.176-9.309 6.531 9.309h7.133zm-2.895 3.293l-.949-1.328L2.875 1.56h3.246l6.086 8.523.945 1.328 7.91 11.078h-3.246zm0 0\"\/><\/svg><\/span><\/a><\/li><li class=\"shariff-button whatsapp shariff-mobile\" style=\"background-color:#666666\"><a href=\"https:\/\/api.whatsapp.com\/send?text=https%3A%2F%2Fwww.subkultur.de%2Fedition%2Fshop%2Fder-dreibeinige-hund-lacht%2F%20Der%20dreibeinige%20Hund%20lacht\" title=\"Bei Whatsapp teilen\" aria-label=\"Bei Whatsapp teilen\" role=\"button\" rel=\"noopener nofollow\" class=\"shariff-link\" style=\"; background-color:#990000; color:#fff\" target=\"_blank\"><span class=\"shariff-icon\" style=\"\"><svg width=\"32px\" height=\"20px\" xmlns=\"http:\/\/www.w3.org\/2000\/svg\" viewBox=\"0 0 32 32\"><path fill=\"#34af23\" d=\"M17.6 17.4q0.2 0 1.7 0.8t1.6 0.9q0 0.1 0 0.3 0 0.6-0.3 1.4-0.3 0.7-1.3 1.2t-1.8 0.5q-1 0-3.4-1.1-1.7-0.8-3-2.1t-2.6-3.3q-1.3-1.9-1.3-3.5v-0.1q0.1-1.6 1.3-2.8 0.4-0.4 0.9-0.4 0.1 0 0.3 0t0.3 0q0.3 0 0.5 0.1t0.3 0.5q0.1 0.4 0.6 1.6t0.4 1.3q0 0.4-0.6 1t-0.6 0.8q0 0.1 0.1 0.3 0.6 1.3 1.8 2.4 1 0.9 2.7 1.8 0.2 0.1 0.4 0.1 0.3 0 1-0.9t0.9-0.9zM14 26.9q2.3 0 4.3-0.9t3.6-2.4 2.4-3.6 0.9-4.3-0.9-4.3-2.4-3.6-3.6-2.4-4.3-0.9-4.3 0.9-3.6 2.4-2.4 3.6-0.9 4.3q0 3.6 2.1 6.6l-1.4 4.2 4.3-1.4q2.8 1.9 6.2 1.9zM14 2.2q2.7 0 5.2 1.1t4.3 2.9 2.9 4.3 1.1 5.2-1.1 5.2-2.9 4.3-4.3 2.9-5.2 1.1q-3.5 0-6.5-1.7l-7.4 2.4 2.4-7.2q-1.9-3.2-1.9-6.9 0-2.7 1.1-5.2t2.9-4.3 4.3-2.9 5.2-1.1z\"\/><\/svg><\/span><\/a><\/li><li class=\"shariff-button paypal\" style=\"background-color:#666666\"><a href=\"https:\/\/www.paypal.com\/cgi-bin\/webscr?cmd=_s-xclick&#038;hosted_button_id=PLJWJSQLT8Z36\" title=\"Spenden mit PayPal\" aria-label=\"Spenden mit PayPal\" role=\"button\" rel=\"noopener nofollow\" class=\"shariff-link\" style=\"; background-color:#990000; color:#fff\" target=\"_blank\"><span class=\"shariff-icon\" style=\"\"><svg width=\"32px\" height=\"20px\" xmlns=\"http:\/\/www.w3.org\/2000\/svg\" viewBox=\"0 0 32 32\"><path fill=\"#009cde\" d=\"M19.9 8q0-2.8-4.2-2.8h-1.2q-0.6 0-1.1 0.4t-0.6 0.9l-1.1 4.9q0 0.1 0 0.3 0 0.4 0.3 0.7t0.7 0.3h0.9q1.2 0 2.3-0.2t2-0.7 1.5-1.5 0.5-2.3zM30.6 10.7q0 4.7-3.9 7.6-3.9 2.9-10.9 2.9h-1.1q-0.6 0-1.1 0.4t-0.6 0.9l-1.3 5.6q-0.1 0.6-0.7 1.1t-1.2 0.5h-3.8q-0.6 0-0.9-0.4t-0.4-0.9q0-0.2 0.2-1.2h2.7q0.6 0 1.1-0.4t0.7-1l1.3-5.6q0.1-0.6 0.7-1t1.1-0.4h1.1q7 0 10.8-2.9t3.9-7.5q0-2.3-0.9-3.7 3.3 1.6 3.3 6zM27.4 7.4q0 4.7-3.9 7.6-3.9 2.9-10.9 2.9h-1.1q-0.6 0-1.1 0.4t-0.6 0.9l-1.3 5.6q-0.1 0.6-0.7 1.1t-1.2 0.5h-3.8q-0.6 0-0.9-0.3t-0.4-0.9q0-0.1 0-0.4l5.4-23.2q0.1-0.6 0.7-1.1t1.2-0.5h7.9q1.2 0 2.2 0.1t2.2 0.3 2 0.5 1.7 0.9 1.4 1.3 0.9 1.8 0.3 2.4z\"\/><\/svg><\/span><\/a><\/li><li class=\"shariff-button rss\" style=\"background-color:#666666\"><a href=\"https:\/\/www.subkultur.de\/edition\/feed\/rss\/\" title=\"RSS-feed\" aria-label=\"RSS-feed\" role=\"button\" class=\"shariff-link\" style=\"; background-color:#990000; color:#fff\" target=\"_blank\"><span class=\"shariff-icon\" style=\"\"><svg width=\"32px\" height=\"20px\" xmlns=\"http:\/\/www.w3.org\/2000\/svg\" viewBox=\"0 0 32 32\"><path fill=\"#fe9312\" d=\"M4.3 23.5c-2.3 0-4.3 1.9-4.3 4.3 0 2.3 1.9 4.2 4.3 4.2 2.4 0 4.3-1.9 4.3-4.2 0-2.3-1.9-4.3-4.3-4.3zM0 10.9v6.1c4 0 7.7 1.6 10.6 4.4 2.8 2.8 4.4 6.6 4.4 10.6h6.2c0-11.7-9.5-21.1-21.1-21.1zM0 0v6.1c14.2 0 25.8 11.6 25.8 25.9h6.2c0-17.6-14.4-32-32-32z\"\/><\/svg><\/span><\/a><\/li><\/ul><\/div>","protected":false},"excerpt":{"rendered":"<p>Philipp Baar: \u201eDer dreibeinige Hund lacht\u201c<br \/>\nEin authentisches Roadmovie und eine Ode an Indien, den Rausch und die Liebe<\/p>\n<ul>\n<li>Edition Subkultur, ca. 138 S.<\/li>\n<li>print ISBN: 978-3-943412-47-5<\/li>\n<li>epub ISBN: 978-3-943412-48-2<\/li>\n<li>2 Versionen<\/li>\n<\/ul>\n","protected":false},"featured_media":3617,"comment_status":"open","ping_status":"closed","template":"","meta":{"jetpack_publicize_message":"","jetpack_publicize_feature_enabled":true,"jetpack_social_post_already_shared":false,"jetpack_social_options":{"image_generator_settings":{"template":"highway","default_image_id":0,"font":"","enabled":false},"version":2}},"product_brand":[],"product_cat":[41,42,727,692],"product_tag":[428,478,474,694,529,693,532,475],"class_list":{"0":"post-3616","1":"product","2":"type-product","3":"status-publish","4":"has-post-thumbnail","6":"product_cat-buecher","7":"product_cat-digital","8":"product_cat-e-books","9":"product_cat-philipp-baar","10":"product_tag-edition-subkultur","11":"product_tag-freiheit","12":"product_tag-freundschaft","13":"product_tag-indien","14":"product_tag-liebe","15":"product_tag-reise","16":"product_tag-sex","17":"product_tag-tagebuch","19":"first","20":"instock","21":"taxable","22":"shipping-taxable","23":"purchasable","24":"product-type-variable","25":"has-default-attributes"},"yoast_head":"<!-- This site is optimized with the Yoast SEO plugin v27.4 - https:\/\/yoast.com\/product\/yoast-seo-wordpress\/ -->\n<title>Der dreibeinige Hund lacht - edition.subkultur<\/title>\n<meta name=\"description\" content=\"Philipp Baar: \u201eDer dreibeinige Hund lacht\u201c, Ein authentisches Roadmovie und eine Ode an Indien, den Rausch und die Liebe, Edition Subkultur, ca. 138 S., print ISBN: 978-3-943412-47-5\" \/>\n<meta name=\"robots\" content=\"index, follow, max-snippet:-1, max-image-preview:large, max-video-preview:-1\" \/>\n<link rel=\"canonical\" href=\"https:\/\/www.subkultur.de\/edition\/shop\/der-dreibeinige-hund-lacht\/\" \/>\n<meta property=\"og:locale\" content=\"de_DE\" \/>\n<meta property=\"og:type\" content=\"article\" \/>\n<meta property=\"og:title\" content=\"Der dreibeinige Hund lacht - edition.subkultur\" \/>\n<meta property=\"og:description\" content=\"Philipp Baar: \u201eDer dreibeinige Hund lacht\u201c, Ein authentisches Roadmovie und eine Ode an Indien, den Rausch und die Liebe, Edition Subkultur, ca. 138 S., print ISBN: 978-3-943412-47-5\" \/>\n<meta property=\"og:url\" content=\"https:\/\/www.subkultur.de\/edition\/shop\/der-dreibeinige-hund-lacht\/\" \/>\n<meta property=\"og:site_name\" content=\"edition.subkultur\" \/>\n<meta property=\"article:publisher\" content=\"https:\/\/www.facebook.com\/edition.subkultur\/\" \/>\n<meta property=\"article:modified_time\" content=\"2024-01-11T00:01:40+00:00\" \/>\n<meta property=\"og:image\" content=\"https:\/\/www.subkultur.de\/edition\/wp-content\/uploads\/2019\/05\/dreibeiniger800web.jpg\" \/>\n\t<meta property=\"og:image:width\" content=\"709\" \/>\n\t<meta property=\"og:image:height\" content=\"1152\" \/>\n\t<meta property=\"og:image:type\" content=\"image\/jpeg\" \/>\n<meta name=\"twitter:card\" content=\"summary_large_image\" \/>\n<meta name=\"twitter:label1\" content=\"Gesch\u00e4tzte Lesezeit\" \/>\n\t<meta name=\"twitter:data1\" content=\"1\u00a0Minute\" \/>\n<script type=\"application\/ld+json\" class=\"yoast-schema-graph\">{\"@context\":\"https:\\\/\\\/schema.org\",\"@graph\":[{\"@type\":\"WebPage\",\"@id\":\"https:\\\/\\\/www.subkultur.de\\\/edition\\\/shop\\\/der-dreibeinige-hund-lacht\\\/\",\"url\":\"https:\\\/\\\/www.subkultur.de\\\/edition\\\/shop\\\/der-dreibeinige-hund-lacht\\\/\",\"name\":\"Der dreibeinige Hund lacht - edition.subkultur\",\"isPartOf\":{\"@id\":\"https:\\\/\\\/www.subkultur.de\\\/edition\\\/#website\"},\"primaryImageOfPage\":{\"@id\":\"https:\\\/\\\/www.subkultur.de\\\/edition\\\/shop\\\/der-dreibeinige-hund-lacht\\\/#primaryimage\"},\"image\":{\"@id\":\"https:\\\/\\\/www.subkultur.de\\\/edition\\\/shop\\\/der-dreibeinige-hund-lacht\\\/#primaryimage\"},\"thumbnailUrl\":\"https:\\\/\\\/www.subkultur.de\\\/edition\\\/wp-content\\\/uploads\\\/2019\\\/05\\\/dreibeiniger800web.jpg\",\"datePublished\":\"2019-05-29T18:35:28+00:00\",\"dateModified\":\"2024-01-11T00:01:40+00:00\",\"description\":\"Philipp Baar: \u201eDer dreibeinige Hund lacht\u201c, Ein authentisches Roadmovie und eine Ode an Indien, den Rausch und die Liebe, Edition Subkultur, ca. 138 S., print ISBN: 978-3-943412-47-5\",\"breadcrumb\":{\"@id\":\"https:\\\/\\\/www.subkultur.de\\\/edition\\\/shop\\\/der-dreibeinige-hund-lacht\\\/#breadcrumb\"},\"inLanguage\":\"de\",\"potentialAction\":[{\"@type\":\"ReadAction\",\"target\":[\"https:\\\/\\\/www.subkultur.de\\\/edition\\\/shop\\\/der-dreibeinige-hund-lacht\\\/\"]}]},{\"@type\":\"ImageObject\",\"inLanguage\":\"de\",\"@id\":\"https:\\\/\\\/www.subkultur.de\\\/edition\\\/shop\\\/der-dreibeinige-hund-lacht\\\/#primaryimage\",\"url\":\"https:\\\/\\\/www.subkultur.de\\\/edition\\\/wp-content\\\/uploads\\\/2019\\\/05\\\/dreibeiniger800web.jpg\",\"contentUrl\":\"https:\\\/\\\/www.subkultur.de\\\/edition\\\/wp-content\\\/uploads\\\/2019\\\/05\\\/dreibeiniger800web.jpg\",\"width\":709,\"height\":1152,\"caption\":\"Philipp Baar: \u201eDer dreibeinige Hund lacht\u201c - subkultur\"},{\"@type\":\"BreadcrumbList\",\"@id\":\"https:\\\/\\\/www.subkultur.de\\\/edition\\\/shop\\\/der-dreibeinige-hund-lacht\\\/#breadcrumb\",\"itemListElement\":[{\"@type\":\"ListItem\",\"position\":1,\"name\":\"Startseite\",\"item\":\"https:\\\/\\\/www.subkultur.de\\\/edition\\\/\"},{\"@type\":\"ListItem\",\"position\":2,\"name\":\"Shop\",\"item\":\"https:\\\/\\\/www.subkultur.de\\\/edition\\\/shop\\\/\"},{\"@type\":\"ListItem\",\"position\":3,\"name\":\"Der dreibeinige Hund lacht\"}]},{\"@type\":\"WebSite\",\"@id\":\"https:\\\/\\\/www.subkultur.de\\\/edition\\\/#website\",\"url\":\"https:\\\/\\\/www.subkultur.de\\\/edition\\\/\",\"name\":\"edition.subkultur\",\"description\":\"Overground Literatur &amp; Music\",\"publisher\":{\"@id\":\"https:\\\/\\\/www.subkultur.de\\\/edition\\\/#organization\"},\"potentialAction\":[{\"@type\":\"SearchAction\",\"target\":{\"@type\":\"EntryPoint\",\"urlTemplate\":\"https:\\\/\\\/www.subkultur.de\\\/edition\\\/?s={search_term_string}\"},\"query-input\":{\"@type\":\"PropertyValueSpecification\",\"valueRequired\":true,\"valueName\":\"search_term_string\"}}],\"inLanguage\":\"de\"},{\"@type\":\"Organization\",\"@id\":\"https:\\\/\\\/www.subkultur.de\\\/edition\\\/#organization\",\"name\":\"Edition Subkultur\",\"url\":\"https:\\\/\\\/www.subkultur.de\\\/edition\\\/\",\"logo\":{\"@type\":\"ImageObject\",\"inLanguage\":\"de\",\"@id\":\"https:\\\/\\\/www.subkultur.de\\\/edition\\\/#\\\/schema\\\/logo\\\/image\\\/\",\"url\":\"https:\\\/\\\/i0.wp.com\\\/www.subkultur.de\\\/edition\\\/wp-content\\\/uploads\\\/2018\\\/08\\\/sublogo3001.png?fit=300%2C111&ssl=1\",\"contentUrl\":\"https:\\\/\\\/i0.wp.com\\\/www.subkultur.de\\\/edition\\\/wp-content\\\/uploads\\\/2018\\\/08\\\/sublogo3001.png?fit=300%2C111&ssl=1\",\"width\":300,\"height\":111,\"caption\":\"Edition Subkultur\"},\"image\":{\"@id\":\"https:\\\/\\\/www.subkultur.de\\\/edition\\\/#\\\/schema\\\/logo\\\/image\\\/\"},\"sameAs\":[\"https:\\\/\\\/www.facebook.com\\\/edition.subkultur\\\/\"]}]}<\/script>\n<!-- \/ Yoast SEO plugin. -->","yoast_head_json":{"title":"Der dreibeinige Hund lacht - edition.subkultur","description":"Philipp Baar: \u201eDer dreibeinige Hund lacht\u201c, Ein authentisches Roadmovie und eine Ode an Indien, den Rausch und die Liebe, Edition Subkultur, ca. 138 S., print ISBN: 978-3-943412-47-5","robots":{"index":"index","follow":"follow","max-snippet":"max-snippet:-1","max-image-preview":"max-image-preview:large","max-video-preview":"max-video-preview:-1"},"canonical":"https:\/\/www.subkultur.de\/edition\/shop\/der-dreibeinige-hund-lacht\/","og_locale":"de_DE","og_type":"article","og_title":"Der dreibeinige Hund lacht - edition.subkultur","og_description":"Philipp Baar: \u201eDer dreibeinige Hund lacht\u201c, Ein authentisches Roadmovie und eine Ode an Indien, den Rausch und die Liebe, Edition Subkultur, ca. 138 S., print ISBN: 978-3-943412-47-5","og_url":"https:\/\/www.subkultur.de\/edition\/shop\/der-dreibeinige-hund-lacht\/","og_site_name":"edition.subkultur","article_publisher":"https:\/\/www.facebook.com\/edition.subkultur\/","article_modified_time":"2024-01-11T00:01:40+00:00","og_image":[{"width":709,"height":1152,"url":"https:\/\/www.subkultur.de\/edition\/wp-content\/uploads\/2019\/05\/dreibeiniger800web.jpg","type":"image\/jpeg"}],"twitter_card":"summary_large_image","twitter_misc":{"Gesch\u00e4tzte Lesezeit":"1\u00a0Minute"},"schema":{"@context":"https:\/\/schema.org","@graph":[{"@type":"WebPage","@id":"https:\/\/www.subkultur.de\/edition\/shop\/der-dreibeinige-hund-lacht\/","url":"https:\/\/www.subkultur.de\/edition\/shop\/der-dreibeinige-hund-lacht\/","name":"Der dreibeinige Hund lacht - edition.subkultur","isPartOf":{"@id":"https:\/\/www.subkultur.de\/edition\/#website"},"primaryImageOfPage":{"@id":"https:\/\/www.subkultur.de\/edition\/shop\/der-dreibeinige-hund-lacht\/#primaryimage"},"image":{"@id":"https:\/\/www.subkultur.de\/edition\/shop\/der-dreibeinige-hund-lacht\/#primaryimage"},"thumbnailUrl":"https:\/\/www.subkultur.de\/edition\/wp-content\/uploads\/2019\/05\/dreibeiniger800web.jpg","datePublished":"2019-05-29T18:35:28+00:00","dateModified":"2024-01-11T00:01:40+00:00","description":"Philipp Baar: \u201eDer dreibeinige Hund lacht\u201c, Ein authentisches Roadmovie und eine Ode an Indien, den Rausch und die Liebe, Edition Subkultur, ca. 138 S., print ISBN: 978-3-943412-47-5","breadcrumb":{"@id":"https:\/\/www.subkultur.de\/edition\/shop\/der-dreibeinige-hund-lacht\/#breadcrumb"},"inLanguage":"de","potentialAction":[{"@type":"ReadAction","target":["https:\/\/www.subkultur.de\/edition\/shop\/der-dreibeinige-hund-lacht\/"]}]},{"@type":"ImageObject","inLanguage":"de","@id":"https:\/\/www.subkultur.de\/edition\/shop\/der-dreibeinige-hund-lacht\/#primaryimage","url":"https:\/\/www.subkultur.de\/edition\/wp-content\/uploads\/2019\/05\/dreibeiniger800web.jpg","contentUrl":"https:\/\/www.subkultur.de\/edition\/wp-content\/uploads\/2019\/05\/dreibeiniger800web.jpg","width":709,"height":1152,"caption":"Philipp Baar: \u201eDer dreibeinige Hund lacht\u201c - subkultur"},{"@type":"BreadcrumbList","@id":"https:\/\/www.subkultur.de\/edition\/shop\/der-dreibeinige-hund-lacht\/#breadcrumb","itemListElement":[{"@type":"ListItem","position":1,"name":"Startseite","item":"https:\/\/www.subkultur.de\/edition\/"},{"@type":"ListItem","position":2,"name":"Shop","item":"https:\/\/www.subkultur.de\/edition\/shop\/"},{"@type":"ListItem","position":3,"name":"Der dreibeinige Hund lacht"}]},{"@type":"WebSite","@id":"https:\/\/www.subkultur.de\/edition\/#website","url":"https:\/\/www.subkultur.de\/edition\/","name":"edition.subkultur","description":"Overground Literatur &amp; Music","publisher":{"@id":"https:\/\/www.subkultur.de\/edition\/#organization"},"potentialAction":[{"@type":"SearchAction","target":{"@type":"EntryPoint","urlTemplate":"https:\/\/www.subkultur.de\/edition\/?s={search_term_string}"},"query-input":{"@type":"PropertyValueSpecification","valueRequired":true,"valueName":"search_term_string"}}],"inLanguage":"de"},{"@type":"Organization","@id":"https:\/\/www.subkultur.de\/edition\/#organization","name":"Edition Subkultur","url":"https:\/\/www.subkultur.de\/edition\/","logo":{"@type":"ImageObject","inLanguage":"de","@id":"https:\/\/www.subkultur.de\/edition\/#\/schema\/logo\/image\/","url":"https:\/\/i0.wp.com\/www.subkultur.de\/edition\/wp-content\/uploads\/2018\/08\/sublogo3001.png?fit=300%2C111&ssl=1","contentUrl":"https:\/\/i0.wp.com\/www.subkultur.de\/edition\/wp-content\/uploads\/2018\/08\/sublogo3001.png?fit=300%2C111&ssl=1","width":300,"height":111,"caption":"Edition Subkultur"},"image":{"@id":"https:\/\/www.subkultur.de\/edition\/#\/schema\/logo\/image\/"},"sameAs":["https:\/\/www.facebook.com\/edition.subkultur\/"]}]}},"jetpack_publicize_connections":[],"jetpack-related-posts":[{"id":5787,"url":"https:\/\/www.subkultur.de\/edition\/shop\/maria-und-das-fleisch-der-goldenen-kaelber\/","url_meta":{"origin":3616,"position":0},"title":"Maria und das Fleisch der goldenen K\u00e4lber","author":"Thomas Manegold","date":"02.11.2020","format":false,"excerpt":"PHILIPP BAAR: \"Maria und das Fleisch der goldenen K\u00e4lber\" Ein verschrobener Detektiv und sein Hund suchen einen verschwundenen Jungen und die Liebe. Edition Subkultur, ca. 100 S. print ISBN: 978-3-948949-04-4 epub ISBN: 978-3-948949-05-1 2 Versionen","rel":"","context":"\u00c4hnlicher Beitrag","block_context":{"text":"\u00c4hnlicher Beitrag","link":""},"img":{"alt_text":"Philipp Baar: \u201eMaria und das Fleisch der goldenen K\u00e4lber\u201c Edition Subkultur","src":"https:\/\/i0.wp.com\/www.subkultur.de\/edition\/wp-content\/uploads\/2020\/11\/coverweb.jpg?resize=350%2C200&ssl=1","width":350,"height":200,"srcset":"https:\/\/i0.wp.com\/www.subkultur.de\/edition\/wp-content\/uploads\/2020\/11\/coverweb.jpg?resize=350%2C200&ssl=1 1x, https:\/\/i0.wp.com\/www.subkultur.de\/edition\/wp-content\/uploads\/2020\/11\/coverweb.jpg?resize=525%2C300&ssl=1 1.5x, https:\/\/i0.wp.com\/www.subkultur.de\/edition\/wp-content\/uploads\/2020\/11\/coverweb.jpg?resize=700%2C400&ssl=1 2x"},"classes":[]},{"id":8034,"url":"https:\/\/www.subkultur.de\/edition\/shop\/provinzrebellen\/","url_meta":{"origin":3616,"position":1},"title":"Provinzrebellen","author":"Thomas Manegold","date":"02.11.2022","format":false,"excerpt":"SIBBE RAKETE: \u201eProvinzrebellen\u201c - Ein 90er-Jahre-Roman voller Punks in d\u00f6rflicher Tristesse, Revolte, Partys und Punk-Mucke Edition Subkultur, ca. 210 S. print ISBN: 978-3-948949-29-7 epub ISBN: 978-3-948949-30-3 2 Versionen","rel":"","context":"Mit 2 Kommentaren","block_context":{"text":"Mit 2 Kommentaren","link":"https:\/\/www.subkultur.de\/edition\/shop\/provinzrebellen\/#comments"},"img":{"alt_text":"SIBBE RAKETE: \u201eProvinzrebellen\u201c - subkultur","src":"https:\/\/i0.wp.com\/www.subkultur.de\/edition\/wp-content\/uploads\/2022\/11\/Provinzcoverweb.jpg?resize=350%2C200&ssl=1","width":350,"height":200,"srcset":"https:\/\/i0.wp.com\/www.subkultur.de\/edition\/wp-content\/uploads\/2022\/11\/Provinzcoverweb.jpg?resize=350%2C200&ssl=1 1x, https:\/\/i0.wp.com\/www.subkultur.de\/edition\/wp-content\/uploads\/2022\/11\/Provinzcoverweb.jpg?resize=525%2C300&ssl=1 1.5x, https:\/\/i0.wp.com\/www.subkultur.de\/edition\/wp-content\/uploads\/2022\/11\/Provinzcoverweb.jpg?resize=700%2C400&ssl=1 2x"},"classes":[]},{"id":984,"url":"https:\/\/www.subkultur.de\/edition\/shop\/gespraeche-mit-goth\/","url_meta":{"origin":3616,"position":2},"title":"Gespr\u00e4che mit Goth","author":"Thomas Manegold","date":"10.10.2013","format":false,"excerpt":"THOMAS MANEGOLD: \u201eGespr\u00e4che mit Goth\u201c, Episodenroman, Softcover, 170 S., print ISBN: 978-3-943412-06-2, epub ISBN: 978-3-943412-56-7, Edition Subkultur, GLP: 12,80\u20ac (D)","rel":"","context":"\u00c4hnlicher Beitrag","block_context":{"text":"\u00c4hnlicher Beitrag","link":""},"img":{"alt_text":"Thomas Manegold: \"Gespr\u00e4che mit Goth\"","src":"https:\/\/i0.wp.com\/www.subkultur.de\/edition\/wp-content\/uploads\/2013\/10\/gothcover900web.jpg?resize=350%2C200&ssl=1","width":350,"height":200,"srcset":"https:\/\/i0.wp.com\/www.subkultur.de\/edition\/wp-content\/uploads\/2013\/10\/gothcover900web.jpg?resize=350%2C200&ssl=1 1x, https:\/\/i0.wp.com\/www.subkultur.de\/edition\/wp-content\/uploads\/2013\/10\/gothcover900web.jpg?resize=525%2C300&ssl=1 1.5x"},"classes":[]},{"id":3593,"url":"https:\/\/www.subkultur.de\/edition\/shop\/neukoelln-ein-elendsbezirk-schiesst-zurueck\/","url_meta":{"origin":3616,"position":3},"title":"Neuk\u00f6lln \u2013 Ein Elendsbezirk schie\u00dft zur\u00fcck","author":"Thomas Manegold","date":"08.05.2019","format":false,"excerpt":"Kristjan Knall: \u201eNeuk\u00f6lln \u2013 Ein Elendsbezirk schie\u00dft zur\u00fcck\u201c B\u00f6ses, gnadenloses Bashing mit Quellenangaben Edition Subkultur, ca. 250 Seiten print ISBN: 978-3-943412-45-1 epub ISBN: 978-3-943412-46-8 2 Versionen","rel":"","context":"\u00c4hnlicher Beitrag","block_context":{"text":"\u00c4hnlicher Beitrag","link":""},"img":{"alt_text":"Kristjan Knall: Neuk\u00f6lln \u2013 Ein Elendsbezirk schie\u00dft zur\u00fcck - Edition Subkultur","src":"https:\/\/i0.wp.com\/www.subkultur.de\/edition\/wp-content\/uploads\/2019\/05\/NKcover900web.jpg?resize=350%2C200&ssl=1","width":350,"height":200,"srcset":"https:\/\/i0.wp.com\/www.subkultur.de\/edition\/wp-content\/uploads\/2019\/05\/NKcover900web.jpg?resize=350%2C200&ssl=1 1x, https:\/\/i0.wp.com\/www.subkultur.de\/edition\/wp-content\/uploads\/2019\/05\/NKcover900web.jpg?resize=525%2C300&ssl=1 1.5x, https:\/\/i0.wp.com\/www.subkultur.de\/edition\/wp-content\/uploads\/2019\/05\/NKcover900web.jpg?resize=700%2C400&ssl=1 2x"},"classes":[]},{"id":6214,"url":"https:\/\/www.subkultur.de\/edition\/shop\/benzin-im-wischwasser\/","url_meta":{"origin":3616,"position":4},"title":"Benzin im Wischwasser","author":"Thomas Manegold","date":"22.02.2021","format":false,"excerpt":"CHRISTIAN SCHMITZ: \"Benzin im Wischwasser\" Berliner Taxigeschichten Als Taxifahrer in Berlin erlebt man die verr\u00fccktesten Geschichten. Christian Schmitz hat sie aufgeschrieben. Edition Subkultur, ca. 182 S. print ISBN: 978-3-948949-02-0 epub ISBN: 978-3-948949-03-7 2 Versionen Art\u00b0 182 S.\/ 19,5cm x 12cm, GLP: 12,50 \u20ac (D), 12,80\u20ac (AT), 7,99 (E-Book)","rel":"","context":"\u00c4hnlicher Beitrag","block_context":{"text":"\u00c4hnlicher Beitrag","link":""},"img":{"alt_text":"CHRISTIAN SCHMITZ: \u201eBenzin im Wischwasser\u201c","src":"https:\/\/i0.wp.com\/www.subkultur.de\/edition\/wp-content\/uploads\/2021\/02\/benzin-web.jpg?resize=350%2C200&ssl=1","width":350,"height":200,"srcset":"https:\/\/i0.wp.com\/www.subkultur.de\/edition\/wp-content\/uploads\/2021\/02\/benzin-web.jpg?resize=350%2C200&ssl=1 1x, https:\/\/i0.wp.com\/www.subkultur.de\/edition\/wp-content\/uploads\/2021\/02\/benzin-web.jpg?resize=525%2C300&ssl=1 1.5x, https:\/\/i0.wp.com\/www.subkultur.de\/edition\/wp-content\/uploads\/2021\/02\/benzin-web.jpg?resize=700%2C400&ssl=1 2x"},"classes":[]},{"id":4157,"url":"https:\/\/www.subkultur.de\/edition\/shop\/hop-on-hop-off\/","url_meta":{"origin":3616,"position":5},"title":"Hop On Hop Off","author":"Thomas Manegold","date":"22.02.2020","format":false,"excerpt":"JOOST RENDERS: \u201eHop On Hop Off\u201c Eine Stadt, viele Katastrophen. Ein Berlin-Roman. Edition Subkultur print ISBN: 978-3-943412-87-1 epub ISBN: 978-3-943412-88-8 2 Versionen","rel":"","context":"\u00c4hnlicher Beitrag","block_context":{"text":"\u00c4hnlicher Beitrag","link":""},"img":{"alt_text":"JOOST RENDERS: \u201eHop On Hop Off\u201c - subkultur","src":"https:\/\/i0.wp.com\/www.subkultur.de\/edition\/wp-content\/uploads\/2020\/01\/Coverweb.jpg?resize=350%2C200&ssl=1","width":350,"height":200,"srcset":"https:\/\/i0.wp.com\/www.subkultur.de\/edition\/wp-content\/uploads\/2020\/01\/Coverweb.jpg?resize=350%2C200&ssl=1 1x, https:\/\/i0.wp.com\/www.subkultur.de\/edition\/wp-content\/uploads\/2020\/01\/Coverweb.jpg?resize=525%2C300&ssl=1 1.5x, https:\/\/i0.wp.com\/www.subkultur.de\/edition\/wp-content\/uploads\/2020\/01\/Coverweb.jpg?resize=700%2C400&ssl=1 2x"},"classes":[]}],"jetpack_sharing_enabled":true,"_links":{"self":[{"href":"https:\/\/www.subkultur.de\/edition\/wp-json\/wp\/v2\/product\/3616","targetHints":{"allow":["GET"]}}],"collection":[{"href":"https:\/\/www.subkultur.de\/edition\/wp-json\/wp\/v2\/product"}],"about":[{"href":"https:\/\/www.subkultur.de\/edition\/wp-json\/wp\/v2\/types\/product"}],"replies":[{"embeddable":true,"href":"https:\/\/www.subkultur.de\/edition\/wp-json\/wp\/v2\/comments?post=3616"}],"wp:featuredmedia":[{"embeddable":true,"href":"https:\/\/www.subkultur.de\/edition\/wp-json\/wp\/v2\/media\/3617"}],"wp:attachment":[{"href":"https:\/\/www.subkultur.de\/edition\/wp-json\/wp\/v2\/media?parent=3616"}],"wp:term":[{"taxonomy":"product_brand","embeddable":true,"href":"https:\/\/www.subkultur.de\/edition\/wp-json\/wp\/v2\/product_brand?post=3616"},{"taxonomy":"product_cat","embeddable":true,"href":"https:\/\/www.subkultur.de\/edition\/wp-json\/wp\/v2\/product_cat?post=3616"},{"taxonomy":"product_tag","embeddable":true,"href":"https:\/\/www.subkultur.de\/edition\/wp-json\/wp\/v2\/product_tag?post=3616"}],"curies":[{"name":"wp","href":"https:\/\/api.w.org\/{rel}","templated":true}]}}