{"id":4157,"date":"2020-02-22T20:10:00","date_gmt":"2020-02-22T19:10:00","guid":{"rendered":"https:\/\/www.subkultur.de\/edition\/?post_type=product&#038;p=4157"},"modified":"2024-01-11T00:52:13","modified_gmt":"2024-01-10T23:52:13","slug":"hop-on-hop-off","status":"publish","type":"product","link":"https:\/\/www.subkultur.de\/edition\/shop\/hop-on-hop-off\/","title":{"rendered":"Hop On Hop Off"},"content":{"rendered":"<h4>Eine Stadt, viele Katastrophen. Ein Berlin-Roman.<\/h4>\n<p>Hinze wacht eines morgens auf und ist sich sicher, dass er an diesem Tag sterben wird. Damit sie nicht nach seinem Ableben gefunden werden, packt er seine Pornohefte in eine Plastikt\u00fcte und geht hinaus auf die Stra\u00dfe. Dort dr\u00fcckt er sie der erstbesten Person in die Hand.<br \/>\nIn den folgenden Tagen wandert diese T\u00fcte zwischen diversen Besitzern hin und her, die sich besser nicht getroffen h\u00e4tten, denn sie erleben Amokl\u00e4ufe, Familientreffen und Busunf\u00e4lle und decken Lebensl\u00fcgen auf. Vielleicht finden sie aber auch die gro\u00dfe Liebe.<\/p>\n<p>Dabei prallen \u2013 wie immer in Berlin \u2013 die Extreme aufeinander: Aufstrebende Rechtsanw\u00e4ltinnen treffen auf ausgemergelte Berliner Junkie-Omas. Dicke Touristen aus der Provinz begegnen gefl\u00fcchteten Neu-Berlinern. Aufm\u00fcpfige Feministinnen arbeiten im Dirndl-Kleid in bayerischen Bierg\u00e4rten und gescheiterte Schauspieler landen im Knast.<\/p>\n<p>Gnadenlos beschreibt Joost Renders in seinem Episodenroman das Chaos der Hauptstadt und karikiert ihre Insassen mit viel Insiderwissen und schwarzem Humor.<\/p>\n<p>Das Cover dieses Buches stammt von Andreas Etzel (<a href=\"https:\/\/hirnstrich.de\" target=\"_blank\" rel=\"noopener noreferrer\">https:\/\/hirnstrich.de<\/a>)<\/p>\n<p>Das Buch wird auf der <strong>Leipziger Buchmesse<\/strong> im Rahmen einer Autorenlesung mit anschlie\u00dfender Pressekonferenz vorgestellt<strong>.<\/strong><\/p>\n<div class=\"shariff shariff-align-flex-end shariff-widget-align-flex-end\"><ul class=\"shariff-buttons theme-round orientation-horizontal buttonsize-small\"><li class=\"shariff-button facebook\" style=\"background-color:#666666\"><a href=\"https:\/\/www.facebook.com\/sharer\/sharer.php?u=https%3A%2F%2Fwww.subkultur.de%2Fedition%2Fshop%2Fhop-on-hop-off%2F\" title=\"Bei Facebook teilen\" aria-label=\"Bei Facebook teilen\" role=\"button\" rel=\"nofollow\" class=\"shariff-link\" style=\"; background-color:#990000; color:#fff\" target=\"_blank\"><span class=\"shariff-icon\" style=\"\"><svg width=\"32px\" height=\"20px\" xmlns=\"http:\/\/www.w3.org\/2000\/svg\" viewBox=\"0 0 18 32\"><path fill=\"#3b5998\" d=\"M17.1 0.2v4.7h-2.8q-1.5 0-2.1 0.6t-0.5 1.9v3.4h5.2l-0.7 5.3h-4.5v13.6h-5.5v-13.6h-4.5v-5.3h4.5v-3.9q0-3.3 1.9-5.2t5-1.8q2.6 0 4.1 0.2z\"\/><\/svg><\/span><\/a><\/li><li class=\"shariff-button twitter\" style=\"background-color:#666666\"><a href=\"https:\/\/twitter.com\/share?url=https%3A%2F%2Fwww.subkultur.de%2Fedition%2Fshop%2Fhop-on-hop-off%2F&text=Hop%20On%20Hop%20Off\" title=\"Bei X teilen\" aria-label=\"Bei X teilen\" role=\"button\" rel=\"noopener nofollow\" class=\"shariff-link\" style=\"; background-color:#990000; color:#fff\" target=\"_blank\"><span class=\"shariff-icon\" style=\"\"><svg width=\"32px\" height=\"20px\" xmlns=\"http:\/\/www.w3.org\/2000\/svg\" viewBox=\"0 0 24 24\"><path fill=\"#000\" d=\"M14.258 10.152L23.176 0h-2.113l-7.747 8.813L7.133 0H0l9.352 13.328L0 23.973h2.113l8.176-9.309 6.531 9.309h7.133zm-2.895 3.293l-.949-1.328L2.875 1.56h3.246l6.086 8.523.945 1.328 7.91 11.078h-3.246zm0 0\"\/><\/svg><\/span><\/a><\/li><li class=\"shariff-button whatsapp shariff-mobile\" style=\"background-color:#666666\"><a href=\"https:\/\/api.whatsapp.com\/send?text=https%3A%2F%2Fwww.subkultur.de%2Fedition%2Fshop%2Fhop-on-hop-off%2F%20Hop%20On%20Hop%20Off\" title=\"Bei Whatsapp teilen\" aria-label=\"Bei Whatsapp teilen\" role=\"button\" rel=\"noopener nofollow\" class=\"shariff-link\" style=\"; background-color:#990000; color:#fff\" target=\"_blank\"><span class=\"shariff-icon\" style=\"\"><svg width=\"32px\" height=\"20px\" xmlns=\"http:\/\/www.w3.org\/2000\/svg\" viewBox=\"0 0 32 32\"><path fill=\"#34af23\" d=\"M17.6 17.4q0.2 0 1.7 0.8t1.6 0.9q0 0.1 0 0.3 0 0.6-0.3 1.4-0.3 0.7-1.3 1.2t-1.8 0.5q-1 0-3.4-1.1-1.7-0.8-3-2.1t-2.6-3.3q-1.3-1.9-1.3-3.5v-0.1q0.1-1.6 1.3-2.8 0.4-0.4 0.9-0.4 0.1 0 0.3 0t0.3 0q0.3 0 0.5 0.1t0.3 0.5q0.1 0.4 0.6 1.6t0.4 1.3q0 0.4-0.6 1t-0.6 0.8q0 0.1 0.1 0.3 0.6 1.3 1.8 2.4 1 0.9 2.7 1.8 0.2 0.1 0.4 0.1 0.3 0 1-0.9t0.9-0.9zM14 26.9q2.3 0 4.3-0.9t3.6-2.4 2.4-3.6 0.9-4.3-0.9-4.3-2.4-3.6-3.6-2.4-4.3-0.9-4.3 0.9-3.6 2.4-2.4 3.6-0.9 4.3q0 3.6 2.1 6.6l-1.4 4.2 4.3-1.4q2.8 1.9 6.2 1.9zM14 2.2q2.7 0 5.2 1.1t4.3 2.9 2.9 4.3 1.1 5.2-1.1 5.2-2.9 4.3-4.3 2.9-5.2 1.1q-3.5 0-6.5-1.7l-7.4 2.4 2.4-7.2q-1.9-3.2-1.9-6.9 0-2.7 1.1-5.2t2.9-4.3 4.3-2.9 5.2-1.1z\"\/><\/svg><\/span><\/a><\/li><li class=\"shariff-button paypal\" style=\"background-color:#666666\"><a href=\"https:\/\/www.paypal.com\/cgi-bin\/webscr?cmd=_s-xclick&#038;hosted_button_id=PLJWJSQLT8Z36\" title=\"Spenden mit PayPal\" aria-label=\"Spenden mit PayPal\" role=\"button\" rel=\"noopener nofollow\" class=\"shariff-link\" style=\"; background-color:#990000; color:#fff\" target=\"_blank\"><span class=\"shariff-icon\" style=\"\"><svg width=\"32px\" height=\"20px\" xmlns=\"http:\/\/www.w3.org\/2000\/svg\" viewBox=\"0 0 32 32\"><path fill=\"#009cde\" d=\"M19.9 8q0-2.8-4.2-2.8h-1.2q-0.6 0-1.1 0.4t-0.6 0.9l-1.1 4.9q0 0.1 0 0.3 0 0.4 0.3 0.7t0.7 0.3h0.9q1.2 0 2.3-0.2t2-0.7 1.5-1.5 0.5-2.3zM30.6 10.7q0 4.7-3.9 7.6-3.9 2.9-10.9 2.9h-1.1q-0.6 0-1.1 0.4t-0.6 0.9l-1.3 5.6q-0.1 0.6-0.7 1.1t-1.2 0.5h-3.8q-0.6 0-0.9-0.4t-0.4-0.9q0-0.2 0.2-1.2h2.7q0.6 0 1.1-0.4t0.7-1l1.3-5.6q0.1-0.6 0.7-1t1.1-0.4h1.1q7 0 10.8-2.9t3.9-7.5q0-2.3-0.9-3.7 3.3 1.6 3.3 6zM27.4 7.4q0 4.7-3.9 7.6-3.9 2.9-10.9 2.9h-1.1q-0.6 0-1.1 0.4t-0.6 0.9l-1.3 5.6q-0.1 0.6-0.7 1.1t-1.2 0.5h-3.8q-0.6 0-0.9-0.3t-0.4-0.9q0-0.1 0-0.4l5.4-23.2q0.1-0.6 0.7-1.1t1.2-0.5h7.9q1.2 0 2.2 0.1t2.2 0.3 2 0.5 1.7 0.9 1.4 1.3 0.9 1.8 0.3 2.4z\"\/><\/svg><\/span><\/a><\/li><li class=\"shariff-button rss\" style=\"background-color:#666666\"><a href=\"https:\/\/www.subkultur.de\/edition\/feed\/rss\/\" title=\"RSS-feed\" aria-label=\"RSS-feed\" role=\"button\" class=\"shariff-link\" style=\"; background-color:#990000; color:#fff\" target=\"_blank\"><span class=\"shariff-icon\" style=\"\"><svg width=\"32px\" height=\"20px\" xmlns=\"http:\/\/www.w3.org\/2000\/svg\" viewBox=\"0 0 32 32\"><path fill=\"#fe9312\" d=\"M4.3 23.5c-2.3 0-4.3 1.9-4.3 4.3 0 2.3 1.9 4.2 4.3 4.2 2.4 0 4.3-1.9 4.3-4.2 0-2.3-1.9-4.3-4.3-4.3zM0 10.9v6.1c4 0 7.7 1.6 10.6 4.4 2.8 2.8 4.4 6.6 4.4 10.6h6.2c0-11.7-9.5-21.1-21.1-21.1zM0 0v6.1c14.2 0 25.8 11.6 25.8 25.9h6.2c0-17.6-14.4-32-32-32z\"\/><\/svg><\/span><\/a><\/li><\/ul><\/div>","protected":false},"excerpt":{"rendered":"<p>JOOST RENDERS: \u201eHop On Hop Off\u201c Eine Stadt, viele Katastrophen. Ein Berlin-Roman.<\/p>\n<ul>\n<li>Edition Subkultur<\/li>\n<li>print ISBN: 978-3-943412-87-1<\/li>\n<li>epub ISBN: 978-3-943412-88-8<\/li>\n<li>2 Versionen<\/li>\n<\/ul>\n","protected":false},"featured_media":4162,"comment_status":"open","ping_status":"closed","template":"","meta":{"jetpack_publicize_message":"","jetpack_publicize_feature_enabled":true,"jetpack_social_post_already_shared":false,"jetpack_social_options":{"image_generator_settings":{"template":"highway","default_image_id":0,"font":"","enabled":false},"version":2}},"product_brand":[],"product_cat":[41,727,711],"product_tag":[425,428,185],"class_list":{"0":"post-4157","1":"product","2":"type-product","3":"status-publish","4":"has-post-thumbnail","6":"product_cat-buecher","7":"product_cat-e-books","8":"product_cat-joost-renders","9":"product_tag-berlin","10":"product_tag-edition-subkultur","11":"product_tag-roman","13":"first","14":"instock","15":"taxable","16":"shipping-taxable","17":"purchasable","18":"product-type-variable","19":"has-default-attributes"},"yoast_head":"<!-- This site is optimized with the Yoast SEO plugin v27.4 - https:\/\/yoast.com\/product\/yoast-seo-wordpress\/ -->\n<title>Hop On Hop Off - edition.subkultur<\/title>\n<meta name=\"description\" content=\"Edition Subkultur. Substanzielle, subversive, nonkonforme und moderne Literatur aus Berlin.\" \/>\n<meta name=\"robots\" content=\"index, follow, max-snippet:-1, max-image-preview:large, max-video-preview:-1\" \/>\n<link rel=\"canonical\" href=\"https:\/\/www.subkultur.de\/edition\/shop\/hop-on-hop-off\/\" \/>\n<meta property=\"og:locale\" content=\"de_DE\" \/>\n<meta property=\"og:type\" content=\"article\" \/>\n<meta property=\"og:title\" content=\"Hop On Hop Off - edition.subkultur\" \/>\n<meta property=\"og:description\" content=\"Edition Subkultur. Substanzielle, subversive, nonkonforme und moderne Literatur aus Berlin.\" \/>\n<meta property=\"og:url\" content=\"https:\/\/www.subkultur.de\/edition\/shop\/hop-on-hop-off\/\" \/>\n<meta property=\"og:site_name\" content=\"edition.subkultur\" \/>\n<meta property=\"article:publisher\" content=\"https:\/\/www.facebook.com\/edition.subkultur\/\" \/>\n<meta property=\"article:modified_time\" content=\"2024-01-10T23:52:13+00:00\" \/>\n<meta property=\"og:image\" content=\"https:\/\/www.subkultur.de\/edition\/wp-content\/uploads\/2020\/01\/Coverweb.jpg\" \/>\n\t<meta property=\"og:image:width\" content=\"798\" \/>\n\t<meta property=\"og:image:height\" content=\"1217\" \/>\n\t<meta property=\"og:image:type\" content=\"image\/jpeg\" \/>\n<meta name=\"twitter:card\" content=\"summary_large_image\" \/>\n<meta name=\"twitter:label1\" content=\"Gesch\u00e4tzte Lesezeit\" \/>\n\t<meta name=\"twitter:data1\" content=\"2\u00a0Minuten\" \/>\n<script type=\"application\/ld+json\" class=\"yoast-schema-graph\">{\"@context\":\"https:\\\/\\\/schema.org\",\"@graph\":[{\"@type\":\"WebPage\",\"@id\":\"https:\\\/\\\/www.subkultur.de\\\/edition\\\/shop\\\/hop-on-hop-off\\\/\",\"url\":\"https:\\\/\\\/www.subkultur.de\\\/edition\\\/shop\\\/hop-on-hop-off\\\/\",\"name\":\"Hop On Hop Off - edition.subkultur\",\"isPartOf\":{\"@id\":\"https:\\\/\\\/www.subkultur.de\\\/edition\\\/#website\"},\"primaryImageOfPage\":{\"@id\":\"https:\\\/\\\/www.subkultur.de\\\/edition\\\/shop\\\/hop-on-hop-off\\\/#primaryimage\"},\"image\":{\"@id\":\"https:\\\/\\\/www.subkultur.de\\\/edition\\\/shop\\\/hop-on-hop-off\\\/#primaryimage\"},\"thumbnailUrl\":\"https:\\\/\\\/www.subkultur.de\\\/edition\\\/wp-content\\\/uploads\\\/2020\\\/01\\\/Coverweb.jpg\",\"datePublished\":\"2020-02-22T19:10:00+00:00\",\"dateModified\":\"2024-01-10T23:52:13+00:00\",\"description\":\"Edition Subkultur. Substanzielle, subversive, nonkonforme und moderne Literatur aus Berlin.\",\"breadcrumb\":{\"@id\":\"https:\\\/\\\/www.subkultur.de\\\/edition\\\/shop\\\/hop-on-hop-off\\\/#breadcrumb\"},\"inLanguage\":\"de\",\"potentialAction\":[{\"@type\":\"ReadAction\",\"target\":[\"https:\\\/\\\/www.subkultur.de\\\/edition\\\/shop\\\/hop-on-hop-off\\\/\"]}]},{\"@type\":\"ImageObject\",\"inLanguage\":\"de\",\"@id\":\"https:\\\/\\\/www.subkultur.de\\\/edition\\\/shop\\\/hop-on-hop-off\\\/#primaryimage\",\"url\":\"https:\\\/\\\/www.subkultur.de\\\/edition\\\/wp-content\\\/uploads\\\/2020\\\/01\\\/Coverweb.jpg\",\"contentUrl\":\"https:\\\/\\\/www.subkultur.de\\\/edition\\\/wp-content\\\/uploads\\\/2020\\\/01\\\/Coverweb.jpg\",\"width\":798,\"height\":1217,\"caption\":\"JOOST RENDERS: \u201eHop On Hop Off\u201c - subkultur\"},{\"@type\":\"BreadcrumbList\",\"@id\":\"https:\\\/\\\/www.subkultur.de\\\/edition\\\/shop\\\/hop-on-hop-off\\\/#breadcrumb\",\"itemListElement\":[{\"@type\":\"ListItem\",\"position\":1,\"name\":\"Startseite\",\"item\":\"https:\\\/\\\/www.subkultur.de\\\/edition\\\/\"},{\"@type\":\"ListItem\",\"position\":2,\"name\":\"Shop\",\"item\":\"https:\\\/\\\/www.subkultur.de\\\/edition\\\/shop\\\/\"},{\"@type\":\"ListItem\",\"position\":3,\"name\":\"Hop On Hop Off\"}]},{\"@type\":\"WebSite\",\"@id\":\"https:\\\/\\\/www.subkultur.de\\\/edition\\\/#website\",\"url\":\"https:\\\/\\\/www.subkultur.de\\\/edition\\\/\",\"name\":\"edition.subkultur\",\"description\":\"Overground Literatur &amp; Music\",\"publisher\":{\"@id\":\"https:\\\/\\\/www.subkultur.de\\\/edition\\\/#organization\"},\"potentialAction\":[{\"@type\":\"SearchAction\",\"target\":{\"@type\":\"EntryPoint\",\"urlTemplate\":\"https:\\\/\\\/www.subkultur.de\\\/edition\\\/?s={search_term_string}\"},\"query-input\":{\"@type\":\"PropertyValueSpecification\",\"valueRequired\":true,\"valueName\":\"search_term_string\"}}],\"inLanguage\":\"de\"},{\"@type\":\"Organization\",\"@id\":\"https:\\\/\\\/www.subkultur.de\\\/edition\\\/#organization\",\"name\":\"Edition Subkultur\",\"url\":\"https:\\\/\\\/www.subkultur.de\\\/edition\\\/\",\"logo\":{\"@type\":\"ImageObject\",\"inLanguage\":\"de\",\"@id\":\"https:\\\/\\\/www.subkultur.de\\\/edition\\\/#\\\/schema\\\/logo\\\/image\\\/\",\"url\":\"https:\\\/\\\/i0.wp.com\\\/www.subkultur.de\\\/edition\\\/wp-content\\\/uploads\\\/2018\\\/08\\\/sublogo3001.png?fit=300%2C111&ssl=1\",\"contentUrl\":\"https:\\\/\\\/i0.wp.com\\\/www.subkultur.de\\\/edition\\\/wp-content\\\/uploads\\\/2018\\\/08\\\/sublogo3001.png?fit=300%2C111&ssl=1\",\"width\":300,\"height\":111,\"caption\":\"Edition Subkultur\"},\"image\":{\"@id\":\"https:\\\/\\\/www.subkultur.de\\\/edition\\\/#\\\/schema\\\/logo\\\/image\\\/\"},\"sameAs\":[\"https:\\\/\\\/www.facebook.com\\\/edition.subkultur\\\/\"]}]}<\/script>\n<!-- \/ Yoast SEO plugin. -->","yoast_head_json":{"title":"Hop On Hop Off - edition.subkultur","description":"Edition Subkultur. Substanzielle, subversive, nonkonforme und moderne Literatur aus Berlin.","robots":{"index":"index","follow":"follow","max-snippet":"max-snippet:-1","max-image-preview":"max-image-preview:large","max-video-preview":"max-video-preview:-1"},"canonical":"https:\/\/www.subkultur.de\/edition\/shop\/hop-on-hop-off\/","og_locale":"de_DE","og_type":"article","og_title":"Hop On Hop Off - edition.subkultur","og_description":"Edition Subkultur. Substanzielle, subversive, nonkonforme und moderne Literatur aus Berlin.","og_url":"https:\/\/www.subkultur.de\/edition\/shop\/hop-on-hop-off\/","og_site_name":"edition.subkultur","article_publisher":"https:\/\/www.facebook.com\/edition.subkultur\/","article_modified_time":"2024-01-10T23:52:13+00:00","og_image":[{"width":798,"height":1217,"url":"https:\/\/www.subkultur.de\/edition\/wp-content\/uploads\/2020\/01\/Coverweb.jpg","type":"image\/jpeg"}],"twitter_card":"summary_large_image","twitter_misc":{"Gesch\u00e4tzte Lesezeit":"2\u00a0Minuten"},"schema":{"@context":"https:\/\/schema.org","@graph":[{"@type":"WebPage","@id":"https:\/\/www.subkultur.de\/edition\/shop\/hop-on-hop-off\/","url":"https:\/\/www.subkultur.de\/edition\/shop\/hop-on-hop-off\/","name":"Hop On Hop Off - edition.subkultur","isPartOf":{"@id":"https:\/\/www.subkultur.de\/edition\/#website"},"primaryImageOfPage":{"@id":"https:\/\/www.subkultur.de\/edition\/shop\/hop-on-hop-off\/#primaryimage"},"image":{"@id":"https:\/\/www.subkultur.de\/edition\/shop\/hop-on-hop-off\/#primaryimage"},"thumbnailUrl":"https:\/\/www.subkultur.de\/edition\/wp-content\/uploads\/2020\/01\/Coverweb.jpg","datePublished":"2020-02-22T19:10:00+00:00","dateModified":"2024-01-10T23:52:13+00:00","description":"Edition Subkultur. Substanzielle, subversive, nonkonforme und moderne Literatur aus Berlin.","breadcrumb":{"@id":"https:\/\/www.subkultur.de\/edition\/shop\/hop-on-hop-off\/#breadcrumb"},"inLanguage":"de","potentialAction":[{"@type":"ReadAction","target":["https:\/\/www.subkultur.de\/edition\/shop\/hop-on-hop-off\/"]}]},{"@type":"ImageObject","inLanguage":"de","@id":"https:\/\/www.subkultur.de\/edition\/shop\/hop-on-hop-off\/#primaryimage","url":"https:\/\/www.subkultur.de\/edition\/wp-content\/uploads\/2020\/01\/Coverweb.jpg","contentUrl":"https:\/\/www.subkultur.de\/edition\/wp-content\/uploads\/2020\/01\/Coverweb.jpg","width":798,"height":1217,"caption":"JOOST RENDERS: \u201eHop On Hop Off\u201c - subkultur"},{"@type":"BreadcrumbList","@id":"https:\/\/www.subkultur.de\/edition\/shop\/hop-on-hop-off\/#breadcrumb","itemListElement":[{"@type":"ListItem","position":1,"name":"Startseite","item":"https:\/\/www.subkultur.de\/edition\/"},{"@type":"ListItem","position":2,"name":"Shop","item":"https:\/\/www.subkultur.de\/edition\/shop\/"},{"@type":"ListItem","position":3,"name":"Hop On Hop Off"}]},{"@type":"WebSite","@id":"https:\/\/www.subkultur.de\/edition\/#website","url":"https:\/\/www.subkultur.de\/edition\/","name":"edition.subkultur","description":"Overground Literatur &amp; Music","publisher":{"@id":"https:\/\/www.subkultur.de\/edition\/#organization"},"potentialAction":[{"@type":"SearchAction","target":{"@type":"EntryPoint","urlTemplate":"https:\/\/www.subkultur.de\/edition\/?s={search_term_string}"},"query-input":{"@type":"PropertyValueSpecification","valueRequired":true,"valueName":"search_term_string"}}],"inLanguage":"de"},{"@type":"Organization","@id":"https:\/\/www.subkultur.de\/edition\/#organization","name":"Edition Subkultur","url":"https:\/\/www.subkultur.de\/edition\/","logo":{"@type":"ImageObject","inLanguage":"de","@id":"https:\/\/www.subkultur.de\/edition\/#\/schema\/logo\/image\/","url":"https:\/\/i0.wp.com\/www.subkultur.de\/edition\/wp-content\/uploads\/2018\/08\/sublogo3001.png?fit=300%2C111&ssl=1","contentUrl":"https:\/\/i0.wp.com\/www.subkultur.de\/edition\/wp-content\/uploads\/2018\/08\/sublogo3001.png?fit=300%2C111&ssl=1","width":300,"height":111,"caption":"Edition Subkultur"},"image":{"@id":"https:\/\/www.subkultur.de\/edition\/#\/schema\/logo\/image\/"},"sameAs":["https:\/\/www.facebook.com\/edition.subkultur\/"]}]}},"jetpack_publicize_connections":[],"jetpack-related-posts":[{"id":6460,"url":"https:\/\/www.subkultur.de\/edition\/shop\/freitag-der-dreissigste\/","url_meta":{"origin":4157,"position":0},"title":"Freitag, der Drei\u00dfigste","author":"Thomas Manegold","date":"16.04.2021","format":false,"excerpt":"Fondermann & Gebhardt: \u201eFreitag, der Drei\u00dfigste\u201c Zwei Menschen ver\u00e4ndern ihr Leben und versuchen dabei, nicht davonzulaufen. Edition Subkultur, ca. 172 S. print ISBN: 978-3-948949-08-2 epub ISBN: 978-3-948949-09-9 mp3 ISBN: 978-3-948949-16-7 3Versionen:","rel":"","context":"\u00c4hnlicher Beitrag","block_context":{"text":"\u00c4hnlicher Beitrag","link":""},"img":{"alt_text":"Ritchy Fondermann und Lars Gebhardt: \u201eFreitag, der Drei\u00dfigste\u201c - edition subkultur","src":"https:\/\/i0.wp.com\/www.subkultur.de\/edition\/wp-content\/uploads\/2021\/04\/Coverweb.jpg?resize=350%2C200&ssl=1","width":350,"height":200,"srcset":"https:\/\/i0.wp.com\/www.subkultur.de\/edition\/wp-content\/uploads\/2021\/04\/Coverweb.jpg?resize=350%2C200&ssl=1 1x, https:\/\/i0.wp.com\/www.subkultur.de\/edition\/wp-content\/uploads\/2021\/04\/Coverweb.jpg?resize=525%2C300&ssl=1 1.5x, https:\/\/i0.wp.com\/www.subkultur.de\/edition\/wp-content\/uploads\/2021\/04\/Coverweb.jpg?resize=700%2C400&ssl=1 2x"},"classes":[]},{"id":8490,"url":"https:\/\/www.subkultur.de\/edition\/shop\/keine-smileys\/","url_meta":{"origin":4157,"position":1},"title":"Keine Smileys","author":"Thomas Manegold","date":"16.12.2025","format":false,"excerpt":"LINA CARLO: \u201eKeine Smileys \u2013 High-Speed-Novelle\u201c AB Januar 2026 Edition Subkultur, ca. 116 S. print ISBN: 978-3-948949-51-8 epub ISBN: 978-3-948949-52-5 2 Versionen","rel":"","context":"\u00c4hnlicher Beitrag","block_context":{"text":"\u00c4hnlicher Beitrag","link":""},"img":{"alt_text":"Lina Carlo - Keine Smileys - Edition Subkultur","src":"https:\/\/i0.wp.com\/www.subkultur.de\/edition\/wp-content\/uploads\/2025\/12\/smileycover-web.jpg?resize=350%2C200&ssl=1","width":350,"height":200,"srcset":"https:\/\/i0.wp.com\/www.subkultur.de\/edition\/wp-content\/uploads\/2025\/12\/smileycover-web.jpg?resize=350%2C200&ssl=1 1x, https:\/\/i0.wp.com\/www.subkultur.de\/edition\/wp-content\/uploads\/2025\/12\/smileycover-web.jpg?resize=525%2C300&ssl=1 1.5x, https:\/\/i0.wp.com\/www.subkultur.de\/edition\/wp-content\/uploads\/2025\/12\/smileycover-web.jpg?resize=700%2C400&ssl=1 2x"},"classes":[]},{"id":6692,"url":"https:\/\/www.subkultur.de\/edition\/shop\/acht-cola-acht-bier\/","url_meta":{"origin":4157,"position":2},"title":"Acht Cola, acht Bier","author":"Thomas Manegold","date":"06.07.2021","format":false,"excerpt":"MATHIEU SWOBODA: Acht Cola, acht Bier. Kurzgeschichten. Die besten Momente einer Freundschaft zwischen einem Polizisten und einem Kleinkriminellen. Edition Subkultur Cover: AKU! (www.akupower.de) print ISBN: 978-3-948949-12-9 epub ISBN: 978-3-948949-13-6","rel":"","context":"Mit 2 Kommentaren","block_context":{"text":"Mit 2 Kommentaren","link":"https:\/\/www.subkultur.de\/edition\/shop\/acht-cola-acht-bier\/#comments"},"img":{"alt_text":"","src":"https:\/\/i0.wp.com\/www.subkultur.de\/edition\/wp-content\/uploads\/2021\/07\/coverweb.jpg?resize=350%2C200&ssl=1","width":350,"height":200,"srcset":"https:\/\/i0.wp.com\/www.subkultur.de\/edition\/wp-content\/uploads\/2021\/07\/coverweb.jpg?resize=350%2C200&ssl=1 1x, https:\/\/i0.wp.com\/www.subkultur.de\/edition\/wp-content\/uploads\/2021\/07\/coverweb.jpg?resize=525%2C300&ssl=1 1.5x, https:\/\/i0.wp.com\/www.subkultur.de\/edition\/wp-content\/uploads\/2021\/07\/coverweb.jpg?resize=700%2C400&ssl=1 2x"},"classes":[]},{"id":2172,"url":"https:\/\/www.subkultur.de\/edition\/shop\/meine-kaempfe\/","url_meta":{"origin":4157,"position":3},"title":"Meine K\u00e4mpfe","author":"Thomas Manegold","date":"17.02.2017","format":false,"excerpt":"ALEXANDER BEDRANOWSKY: \u201eMeine K\u00e4mpfe\u201c, Schicksalsschlag w\u00f6rtlich genommen: die Wrestling-Autobiographie des herausragendsten deutschen Gladiators der Neuzeit \u2013 mit blutigem Farbteil (nichts f\u00fcr Zartbesaitete), Buch, Softcover 196 S., plus Farbseiten, 20,5 x 13,5 cm, DAS BUCH IST DERZEIT AUSVERKAUFT!","rel":"","context":"\u00c4hnlicher Beitrag","block_context":{"text":"\u00c4hnlicher Beitrag","link":""},"img":{"alt_text":"ALEXANDER BEDRANOWSKY: \u201eMeine K\u00e4mpfe \u2013 Eine Autobiographie\u201c 3. Auflage, Januar 2017, Edition Subkultur Berlin","src":"https:\/\/i0.wp.com\/www.subkultur.de\/edition\/wp-content\/uploads\/2017\/02\/KaempfeCoverSub800web.jpg?resize=350%2C200&ssl=1","width":350,"height":200,"srcset":"https:\/\/i0.wp.com\/www.subkultur.de\/edition\/wp-content\/uploads\/2017\/02\/KaempfeCoverSub800web.jpg?resize=350%2C200&ssl=1 1x, https:\/\/i0.wp.com\/www.subkultur.de\/edition\/wp-content\/uploads\/2017\/02\/KaempfeCoverSub800web.jpg?resize=525%2C300&ssl=1 1.5x, https:\/\/i0.wp.com\/www.subkultur.de\/edition\/wp-content\/uploads\/2017\/02\/KaempfeCoverSub800web.jpg?resize=700%2C400&ssl=1 2x"},"classes":[]},{"id":3593,"url":"https:\/\/www.subkultur.de\/edition\/shop\/neukoelln-ein-elendsbezirk-schiesst-zurueck\/","url_meta":{"origin":4157,"position":4},"title":"Neuk\u00f6lln \u2013 Ein Elendsbezirk schie\u00dft zur\u00fcck","author":"Thomas Manegold","date":"08.05.2019","format":false,"excerpt":"Kristjan Knall: \u201eNeuk\u00f6lln \u2013 Ein Elendsbezirk schie\u00dft zur\u00fcck\u201c B\u00f6ses, gnadenloses Bashing mit Quellenangaben Edition Subkultur, ca. 250 Seiten print ISBN: 978-3-943412-45-1 epub ISBN: 978-3-943412-46-8 2 Versionen","rel":"","context":"\u00c4hnlicher Beitrag","block_context":{"text":"\u00c4hnlicher Beitrag","link":""},"img":{"alt_text":"Kristjan Knall: Neuk\u00f6lln \u2013 Ein Elendsbezirk schie\u00dft zur\u00fcck - Edition Subkultur","src":"https:\/\/i0.wp.com\/www.subkultur.de\/edition\/wp-content\/uploads\/2019\/05\/NKcover900web.jpg?resize=350%2C200&ssl=1","width":350,"height":200,"srcset":"https:\/\/i0.wp.com\/www.subkultur.de\/edition\/wp-content\/uploads\/2019\/05\/NKcover900web.jpg?resize=350%2C200&ssl=1 1x, https:\/\/i0.wp.com\/www.subkultur.de\/edition\/wp-content\/uploads\/2019\/05\/NKcover900web.jpg?resize=525%2C300&ssl=1 1.5x, https:\/\/i0.wp.com\/www.subkultur.de\/edition\/wp-content\/uploads\/2019\/05\/NKcover900web.jpg?resize=700%2C400&ssl=1 2x"},"classes":[]},{"id":1851,"url":"https:\/\/www.subkultur.de\/edition\/shop\/genpoolparty-buch\/","url_meta":{"origin":4157,"position":5},"title":"Genpoolparty (Buch)","author":"Thomas Manegold","date":"17.05.2016","format":false,"excerpt":"HC ROTH: \u201eGenpoolparty\u201c Und das Becken voller Tr\u00e4nen. Ein Episodenroman \u00fcber Inzest, Liebe, Alkohol und die Folgen von Lebensl\u00fcgen.Mit Illustrationen von AKU! (www.akupower.de), Buch, Softcover 118 S., 12x18cm, print ISBN: 978-3-943412-25-3, , epub ISBN: 978-3-943412-74-1, Edition Subkultur","rel":"","context":"\u00c4hnlicher Beitrag","block_context":{"text":"\u00c4hnlicher Beitrag","link":""},"img":{"alt_text":"HC Roth Genpoolparty","src":"https:\/\/i0.wp.com\/www.subkultur.de\/edition\/wp-content\/uploads\/2016\/05\/genpoolparty1000web.jpg?resize=350%2C200&ssl=1","width":350,"height":200,"srcset":"https:\/\/i0.wp.com\/www.subkultur.de\/edition\/wp-content\/uploads\/2016\/05\/genpoolparty1000web.jpg?resize=350%2C200&ssl=1 1x, https:\/\/i0.wp.com\/www.subkultur.de\/edition\/wp-content\/uploads\/2016\/05\/genpoolparty1000web.jpg?resize=525%2C300&ssl=1 1.5x, https:\/\/i0.wp.com\/www.subkultur.de\/edition\/wp-content\/uploads\/2016\/05\/genpoolparty1000web.jpg?resize=700%2C400&ssl=1 2x"},"classes":[]}],"jetpack_sharing_enabled":true,"_links":{"self":[{"href":"https:\/\/www.subkultur.de\/edition\/wp-json\/wp\/v2\/product\/4157","targetHints":{"allow":["GET"]}}],"collection":[{"href":"https:\/\/www.subkultur.de\/edition\/wp-json\/wp\/v2\/product"}],"about":[{"href":"https:\/\/www.subkultur.de\/edition\/wp-json\/wp\/v2\/types\/product"}],"replies":[{"embeddable":true,"href":"https:\/\/www.subkultur.de\/edition\/wp-json\/wp\/v2\/comments?post=4157"}],"wp:featuredmedia":[{"embeddable":true,"href":"https:\/\/www.subkultur.de\/edition\/wp-json\/wp\/v2\/media\/4162"}],"wp:attachment":[{"href":"https:\/\/www.subkultur.de\/edition\/wp-json\/wp\/v2\/media?parent=4157"}],"wp:term":[{"taxonomy":"product_brand","embeddable":true,"href":"https:\/\/www.subkultur.de\/edition\/wp-json\/wp\/v2\/product_brand?post=4157"},{"taxonomy":"product_cat","embeddable":true,"href":"https:\/\/www.subkultur.de\/edition\/wp-json\/wp\/v2\/product_cat?post=4157"},{"taxonomy":"product_tag","embeddable":true,"href":"https:\/\/www.subkultur.de\/edition\/wp-json\/wp\/v2\/product_tag?post=4157"}],"curies":[{"name":"wp","href":"https:\/\/api.w.org\/{rel}","templated":true}]}}