{"id":4430,"date":"2020-02-23T13:40:20","date_gmt":"2020-02-23T12:40:20","guid":{"rendered":"https:\/\/www.subkultur.de\/edition\/?post_type=product&#038;p=4430"},"modified":"2024-01-11T00:49:49","modified_gmt":"2024-01-10T23:49:49","slug":"heldenhass","status":"publish","type":"product","link":"https:\/\/www.subkultur.de\/edition\/shop\/heldenhass\/","title":{"rendered":"Heldenhass"},"content":{"rendered":"<h4>Das B\u00f6se siegt immer und das ist auch gut so.<\/h4>\n<p>Jede Gesellschaft hat Helden und Antihelden. Aber was ist, wenn die Helden ganz sch\u00f6ne Arschl\u00f6cher sind? Und die Antihelden eigentlich die Vorbilder?<\/p>\n<p>Kristjan Knall ist ber\u00fcchtigt f\u00fcr seine kritischen B\u00fccher mit Fu\u00dfnoten. Dieses Mal l\u00e4sst der Mann mit der Fellm\u00fctze seinen Hass nicht an lebenden Berlinern, sondern an den (meistens toten) Helden unserer Gesellschaft aus.<br \/>\nOb Gandhi, Martin Luther, Mutter Teresa oder Henry Ford. Knall deckt auf, wie viel Dreck die Gefeierten und Glorifizierten am Stecken hatten. Dabei kommen auch jene nicht ungeschoren davon, die diese Menschen verehren.<br \/>\nAls Bonus erz\u00e4hlt Kristjan Knall dann noch von diversen Anti-Helden unserer Gesellschaft, also den \u201eB\u00f6sen\u201c. Auch dabei macht er es sich nicht einfach, denn:<\/p>\n<p>\u201eMan kann nicht die ganze Zeit das pure B\u00f6se verk\u00f6rpern. Ab und zu will man ein Eis essen, mit den Kindern spielen, kacken. Selbst die B\u00f6sesten sind Menschen wie wir.\u201c<\/p>\n<p>Lach- und Sachgeschichten \u00fcber das allgegenw\u00e4rtige Grauen, die Ambivalenz von Gut und B\u00f6se und das Absolute im Wahnsinn und der kollektiven Dummheit. Ein b\u00f6ses Buch. Sicher. Aber etwas anderes sollte man von Kristjan Knall auch nicht erwarten.<\/p>\n<p>Das Buch wird auf der <strong>Leipziger Buchmesse<\/strong> im Rahmen einer Autorenlesung vorgestellt<strong>.<\/strong><\/p>\n<div class=\"shariff shariff-align-left shariff-widget-align-left\"><ul class=\"shariff-buttons theme-round orientation-horizontal buttonsize-small\"><li class=\"shariff-button facebook\" style=\"background-color:#666666\"><a href=\"https:\/\/www.facebook.com\/sharer\/sharer.php?u=https%3A%2F%2Fwww.subkultur.de%2Fedition%2Fshop%2Fheldenhass%2F\" title=\"Bei Facebook teilen\" aria-label=\"Bei Facebook teilen\" role=\"button\" rel=\"nofollow\" class=\"shariff-link\" style=\"; background-color:#990000; color:#fff\" target=\"_blank\"><span class=\"shariff-icon\" style=\"\"><svg width=\"32px\" height=\"20px\" xmlns=\"http:\/\/www.w3.org\/2000\/svg\" viewBox=\"0 0 18 32\"><path fill=\"#3b5998\" d=\"M17.1 0.2v4.7h-2.8q-1.5 0-2.1 0.6t-0.5 1.9v3.4h5.2l-0.7 5.3h-4.5v13.6h-5.5v-13.6h-4.5v-5.3h4.5v-3.9q0-3.3 1.9-5.2t5-1.8q2.6 0 4.1 0.2z\"\/><\/svg><\/span><\/a><\/li><li class=\"shariff-button twitter\" style=\"background-color:#666666\"><a href=\"https:\/\/twitter.com\/share?url=https%3A%2F%2Fwww.subkultur.de%2Fedition%2Fshop%2Fheldenhass%2F&text=Heldenhass\" title=\"Bei X teilen\" aria-label=\"Bei X teilen\" role=\"button\" rel=\"noopener nofollow\" class=\"shariff-link\" style=\"; background-color:#990000; color:#fff\" target=\"_blank\"><span class=\"shariff-icon\" style=\"\"><svg width=\"32px\" height=\"20px\" xmlns=\"http:\/\/www.w3.org\/2000\/svg\" viewBox=\"0 0 24 24\"><path fill=\"#000\" d=\"M14.258 10.152L23.176 0h-2.113l-7.747 8.813L7.133 0H0l9.352 13.328L0 23.973h2.113l8.176-9.309 6.531 9.309h7.133zm-2.895 3.293l-.949-1.328L2.875 1.56h3.246l6.086 8.523.945 1.328 7.91 11.078h-3.246zm0 0\"\/><\/svg><\/span><\/a><\/li><li class=\"shariff-button whatsapp shariff-mobile\" style=\"background-color:#666666\"><a href=\"https:\/\/api.whatsapp.com\/send?text=https%3A%2F%2Fwww.subkultur.de%2Fedition%2Fshop%2Fheldenhass%2F%20Heldenhass\" title=\"Bei Whatsapp teilen\" aria-label=\"Bei Whatsapp teilen\" role=\"button\" rel=\"noopener nofollow\" class=\"shariff-link\" style=\"; background-color:#990000; color:#fff\" target=\"_blank\"><span class=\"shariff-icon\" style=\"\"><svg width=\"32px\" height=\"20px\" xmlns=\"http:\/\/www.w3.org\/2000\/svg\" viewBox=\"0 0 32 32\"><path fill=\"#34af23\" d=\"M17.6 17.4q0.2 0 1.7 0.8t1.6 0.9q0 0.1 0 0.3 0 0.6-0.3 1.4-0.3 0.7-1.3 1.2t-1.8 0.5q-1 0-3.4-1.1-1.7-0.8-3-2.1t-2.6-3.3q-1.3-1.9-1.3-3.5v-0.1q0.1-1.6 1.3-2.8 0.4-0.4 0.9-0.4 0.1 0 0.3 0t0.3 0q0.3 0 0.5 0.1t0.3 0.5q0.1 0.4 0.6 1.6t0.4 1.3q0 0.4-0.6 1t-0.6 0.8q0 0.1 0.1 0.3 0.6 1.3 1.8 2.4 1 0.9 2.7 1.8 0.2 0.1 0.4 0.1 0.3 0 1-0.9t0.9-0.9zM14 26.9q2.3 0 4.3-0.9t3.6-2.4 2.4-3.6 0.9-4.3-0.9-4.3-2.4-3.6-3.6-2.4-4.3-0.9-4.3 0.9-3.6 2.4-2.4 3.6-0.9 4.3q0 3.6 2.1 6.6l-1.4 4.2 4.3-1.4q2.8 1.9 6.2 1.9zM14 2.2q2.7 0 5.2 1.1t4.3 2.9 2.9 4.3 1.1 5.2-1.1 5.2-2.9 4.3-4.3 2.9-5.2 1.1q-3.5 0-6.5-1.7l-7.4 2.4 2.4-7.2q-1.9-3.2-1.9-6.9 0-2.7 1.1-5.2t2.9-4.3 4.3-2.9 5.2-1.1z\"\/><\/svg><\/span><\/a><\/li><li class=\"shariff-button paypal\" style=\"background-color:#666666\"><a href=\"https:\/\/www.paypal.com\/cgi-bin\/webscr?cmd=_s-xclick&#038;hosted_button_id=PLJWJSQLT8Z36\" title=\"Spenden mit PayPal\" aria-label=\"Spenden mit PayPal\" role=\"button\" rel=\"noopener nofollow\" class=\"shariff-link\" style=\"; background-color:#990000; color:#fff\" target=\"_blank\"><span class=\"shariff-icon\" style=\"\"><svg width=\"32px\" height=\"20px\" xmlns=\"http:\/\/www.w3.org\/2000\/svg\" viewBox=\"0 0 32 32\"><path fill=\"#009cde\" d=\"M19.9 8q0-2.8-4.2-2.8h-1.2q-0.6 0-1.1 0.4t-0.6 0.9l-1.1 4.9q0 0.1 0 0.3 0 0.4 0.3 0.7t0.7 0.3h0.9q1.2 0 2.3-0.2t2-0.7 1.5-1.5 0.5-2.3zM30.6 10.7q0 4.7-3.9 7.6-3.9 2.9-10.9 2.9h-1.1q-0.6 0-1.1 0.4t-0.6 0.9l-1.3 5.6q-0.1 0.6-0.7 1.1t-1.2 0.5h-3.8q-0.6 0-0.9-0.4t-0.4-0.9q0-0.2 0.2-1.2h2.7q0.6 0 1.1-0.4t0.7-1l1.3-5.6q0.1-0.6 0.7-1t1.1-0.4h1.1q7 0 10.8-2.9t3.9-7.5q0-2.3-0.9-3.7 3.3 1.6 3.3 6zM27.4 7.4q0 4.7-3.9 7.6-3.9 2.9-10.9 2.9h-1.1q-0.6 0-1.1 0.4t-0.6 0.9l-1.3 5.6q-0.1 0.6-0.7 1.1t-1.2 0.5h-3.8q-0.6 0-0.9-0.3t-0.4-0.9q0-0.1 0-0.4l5.4-23.2q0.1-0.6 0.7-1.1t1.2-0.5h7.9q1.2 0 2.2 0.1t2.2 0.3 2 0.5 1.7 0.9 1.4 1.3 0.9 1.8 0.3 2.4z\"\/><\/svg><\/span><\/a><\/li><li class=\"shariff-button rss\" style=\"background-color:#666666\"><a href=\"https:\/\/www.subkultur.de\/edition\/feed\/rss\/\" title=\"RSS-feed\" aria-label=\"RSS-feed\" role=\"button\" class=\"shariff-link\" style=\"; background-color:#990000; color:#fff\" target=\"_blank\"><span class=\"shariff-icon\" style=\"\"><svg width=\"32px\" height=\"20px\" xmlns=\"http:\/\/www.w3.org\/2000\/svg\" viewBox=\"0 0 32 32\"><path fill=\"#fe9312\" d=\"M4.3 23.5c-2.3 0-4.3 1.9-4.3 4.3 0 2.3 1.9 4.2 4.3 4.2 2.4 0 4.3-1.9 4.3-4.2 0-2.3-1.9-4.3-4.3-4.3zM0 10.9v6.1c4 0 7.7 1.6 10.6 4.4 2.8 2.8 4.4 6.6 4.4 10.6h6.2c0-11.7-9.5-21.1-21.1-21.1zM0 0v6.1c14.2 0 25.8 11.6 25.8 25.9h6.2c0-17.6-14.4-32-32-32z\"\/><\/svg><\/span><\/a><\/li><\/ul><\/div>","protected":false},"excerpt":{"rendered":"<p>KRISTJAN KNALL: Heldenhass \u2013 Das B\u00f6se siegt immer und das ist auch gut so<br \/>\nDie dunkle Seite der Helden unserer Gesellschaft, von Martin Luther bis Mozart.<\/p>\n<ul>\n<li>Edition Subkultur, ca, 178 S.<\/li>\n<li>print ISBN: 978-3-943412-89-5<\/li>\n<li>epub ISBN: 978-3-943412-90-1<\/li>\n<li>2 Versionen<\/li>\n<\/ul>\n","protected":false},"featured_media":4431,"comment_status":"open","ping_status":"closed","template":"","meta":{"jetpack_publicize_message":"","jetpack_publicize_feature_enabled":true,"jetpack_social_post_already_shared":false,"jetpack_social_options":{"image_generator_settings":{"template":"highway","default_image_id":0,"font":"","enabled":false},"version":2}},"product_brand":[],"product_cat":[41,727,686],"product_tag":[428,406,176,571],"class_list":{"0":"post-4430","1":"product","2":"type-product","3":"status-publish","4":"has-post-thumbnail","6":"product_cat-buecher","7":"product_cat-e-books","8":"product_cat-kristjan-knall","9":"product_tag-edition-subkultur","10":"product_tag-punk","11":"product_tag-sachbuch","12":"product_tag-satire","14":"first","15":"instock","16":"taxable","17":"shipping-taxable","18":"purchasable","19":"product-type-variable","20":"has-default-attributes"},"yoast_head":"<!-- This site is optimized with the Yoast SEO plugin v27.4 - https:\/\/yoast.com\/product\/yoast-seo-wordpress\/ -->\n<title>Heldenhass - edition.subkultur<\/title>\n<meta name=\"description\" content=\"Das B\u00f6se siegt immer und das ist auch gut so. Die dunkle Seite der Helden unserer Gesellschaft, von Martin Luther bis Mozart.\" \/>\n<meta name=\"robots\" content=\"index, follow, max-snippet:-1, max-image-preview:large, max-video-preview:-1\" \/>\n<link rel=\"canonical\" href=\"https:\/\/www.subkultur.de\/edition\/shop\/heldenhass\/\" \/>\n<meta property=\"og:locale\" content=\"de_DE\" \/>\n<meta property=\"og:type\" content=\"article\" \/>\n<meta property=\"og:title\" content=\"Heldenhass - edition.subkultur\" \/>\n<meta property=\"og:description\" content=\"Das B\u00f6se siegt immer und das ist auch gut so. Die dunkle Seite der Helden unserer Gesellschaft, von Martin Luther bis Mozart.\" \/>\n<meta property=\"og:url\" content=\"https:\/\/www.subkultur.de\/edition\/shop\/heldenhass\/\" \/>\n<meta property=\"og:site_name\" content=\"edition.subkultur\" \/>\n<meta property=\"article:publisher\" content=\"https:\/\/www.facebook.com\/edition.subkultur\/\" \/>\n<meta property=\"article:modified_time\" content=\"2024-01-10T23:49:49+00:00\" \/>\n<meta property=\"og:image\" content=\"https:\/\/www.subkultur.de\/edition\/wp-content\/uploads\/2020\/02\/coverhh1500web.jpg\" \/>\n\t<meta property=\"og:image:width\" content=\"798\" \/>\n\t<meta property=\"og:image:height\" content=\"1217\" \/>\n\t<meta property=\"og:image:type\" content=\"image\/jpeg\" \/>\n<meta name=\"twitter:card\" content=\"summary_large_image\" \/>\n<meta name=\"twitter:label1\" content=\"Gesch\u00e4tzte Lesezeit\" \/>\n\t<meta name=\"twitter:data1\" content=\"2\u00a0Minuten\" \/>\n<script type=\"application\/ld+json\" class=\"yoast-schema-graph\">{\"@context\":\"https:\\\/\\\/schema.org\",\"@graph\":[{\"@type\":\"WebPage\",\"@id\":\"https:\\\/\\\/www.subkultur.de\\\/edition\\\/shop\\\/heldenhass\\\/\",\"url\":\"https:\\\/\\\/www.subkultur.de\\\/edition\\\/shop\\\/heldenhass\\\/\",\"name\":\"Heldenhass - edition.subkultur\",\"isPartOf\":{\"@id\":\"https:\\\/\\\/www.subkultur.de\\\/edition\\\/#website\"},\"primaryImageOfPage\":{\"@id\":\"https:\\\/\\\/www.subkultur.de\\\/edition\\\/shop\\\/heldenhass\\\/#primaryimage\"},\"image\":{\"@id\":\"https:\\\/\\\/www.subkultur.de\\\/edition\\\/shop\\\/heldenhass\\\/#primaryimage\"},\"thumbnailUrl\":\"https:\\\/\\\/www.subkultur.de\\\/edition\\\/wp-content\\\/uploads\\\/2020\\\/02\\\/coverhh1500web.jpg\",\"datePublished\":\"2020-02-23T12:40:20+00:00\",\"dateModified\":\"2024-01-10T23:49:49+00:00\",\"description\":\"Das B\u00f6se siegt immer und das ist auch gut so. Die dunkle Seite der Helden unserer Gesellschaft, von Martin Luther bis Mozart.\",\"breadcrumb\":{\"@id\":\"https:\\\/\\\/www.subkultur.de\\\/edition\\\/shop\\\/heldenhass\\\/#breadcrumb\"},\"inLanguage\":\"de\",\"potentialAction\":[{\"@type\":\"ReadAction\",\"target\":[\"https:\\\/\\\/www.subkultur.de\\\/edition\\\/shop\\\/heldenhass\\\/\"]}]},{\"@type\":\"ImageObject\",\"inLanguage\":\"de\",\"@id\":\"https:\\\/\\\/www.subkultur.de\\\/edition\\\/shop\\\/heldenhass\\\/#primaryimage\",\"url\":\"https:\\\/\\\/www.subkultur.de\\\/edition\\\/wp-content\\\/uploads\\\/2020\\\/02\\\/coverhh1500web.jpg\",\"contentUrl\":\"https:\\\/\\\/www.subkultur.de\\\/edition\\\/wp-content\\\/uploads\\\/2020\\\/02\\\/coverhh1500web.jpg\",\"width\":798,\"height\":1217,\"caption\":\"Kristjan Knall \\\"Heldenhass\\\" -edition subkultur\"},{\"@type\":\"BreadcrumbList\",\"@id\":\"https:\\\/\\\/www.subkultur.de\\\/edition\\\/shop\\\/heldenhass\\\/#breadcrumb\",\"itemListElement\":[{\"@type\":\"ListItem\",\"position\":1,\"name\":\"Startseite\",\"item\":\"https:\\\/\\\/www.subkultur.de\\\/edition\\\/\"},{\"@type\":\"ListItem\",\"position\":2,\"name\":\"Shop\",\"item\":\"https:\\\/\\\/www.subkultur.de\\\/edition\\\/shop\\\/\"},{\"@type\":\"ListItem\",\"position\":3,\"name\":\"Heldenhass\"}]},{\"@type\":\"WebSite\",\"@id\":\"https:\\\/\\\/www.subkultur.de\\\/edition\\\/#website\",\"url\":\"https:\\\/\\\/www.subkultur.de\\\/edition\\\/\",\"name\":\"edition.subkultur\",\"description\":\"Overground Literatur &amp; Music\",\"publisher\":{\"@id\":\"https:\\\/\\\/www.subkultur.de\\\/edition\\\/#organization\"},\"potentialAction\":[{\"@type\":\"SearchAction\",\"target\":{\"@type\":\"EntryPoint\",\"urlTemplate\":\"https:\\\/\\\/www.subkultur.de\\\/edition\\\/?s={search_term_string}\"},\"query-input\":{\"@type\":\"PropertyValueSpecification\",\"valueRequired\":true,\"valueName\":\"search_term_string\"}}],\"inLanguage\":\"de\"},{\"@type\":\"Organization\",\"@id\":\"https:\\\/\\\/www.subkultur.de\\\/edition\\\/#organization\",\"name\":\"Edition Subkultur\",\"url\":\"https:\\\/\\\/www.subkultur.de\\\/edition\\\/\",\"logo\":{\"@type\":\"ImageObject\",\"inLanguage\":\"de\",\"@id\":\"https:\\\/\\\/www.subkultur.de\\\/edition\\\/#\\\/schema\\\/logo\\\/image\\\/\",\"url\":\"https:\\\/\\\/i0.wp.com\\\/www.subkultur.de\\\/edition\\\/wp-content\\\/uploads\\\/2018\\\/08\\\/sublogo3001.png?fit=300%2C111&ssl=1\",\"contentUrl\":\"https:\\\/\\\/i0.wp.com\\\/www.subkultur.de\\\/edition\\\/wp-content\\\/uploads\\\/2018\\\/08\\\/sublogo3001.png?fit=300%2C111&ssl=1\",\"width\":300,\"height\":111,\"caption\":\"Edition Subkultur\"},\"image\":{\"@id\":\"https:\\\/\\\/www.subkultur.de\\\/edition\\\/#\\\/schema\\\/logo\\\/image\\\/\"},\"sameAs\":[\"https:\\\/\\\/www.facebook.com\\\/edition.subkultur\\\/\"]}]}<\/script>\n<!-- \/ Yoast SEO plugin. -->","yoast_head_json":{"title":"Heldenhass - edition.subkultur","description":"Das B\u00f6se siegt immer und das ist auch gut so. Die dunkle Seite der Helden unserer Gesellschaft, von Martin Luther bis Mozart.","robots":{"index":"index","follow":"follow","max-snippet":"max-snippet:-1","max-image-preview":"max-image-preview:large","max-video-preview":"max-video-preview:-1"},"canonical":"https:\/\/www.subkultur.de\/edition\/shop\/heldenhass\/","og_locale":"de_DE","og_type":"article","og_title":"Heldenhass - edition.subkultur","og_description":"Das B\u00f6se siegt immer und das ist auch gut so. Die dunkle Seite der Helden unserer Gesellschaft, von Martin Luther bis Mozart.","og_url":"https:\/\/www.subkultur.de\/edition\/shop\/heldenhass\/","og_site_name":"edition.subkultur","article_publisher":"https:\/\/www.facebook.com\/edition.subkultur\/","article_modified_time":"2024-01-10T23:49:49+00:00","og_image":[{"width":798,"height":1217,"url":"https:\/\/www.subkultur.de\/edition\/wp-content\/uploads\/2020\/02\/coverhh1500web.jpg","type":"image\/jpeg"}],"twitter_card":"summary_large_image","twitter_misc":{"Gesch\u00e4tzte Lesezeit":"2\u00a0Minuten"},"schema":{"@context":"https:\/\/schema.org","@graph":[{"@type":"WebPage","@id":"https:\/\/www.subkultur.de\/edition\/shop\/heldenhass\/","url":"https:\/\/www.subkultur.de\/edition\/shop\/heldenhass\/","name":"Heldenhass - edition.subkultur","isPartOf":{"@id":"https:\/\/www.subkultur.de\/edition\/#website"},"primaryImageOfPage":{"@id":"https:\/\/www.subkultur.de\/edition\/shop\/heldenhass\/#primaryimage"},"image":{"@id":"https:\/\/www.subkultur.de\/edition\/shop\/heldenhass\/#primaryimage"},"thumbnailUrl":"https:\/\/www.subkultur.de\/edition\/wp-content\/uploads\/2020\/02\/coverhh1500web.jpg","datePublished":"2020-02-23T12:40:20+00:00","dateModified":"2024-01-10T23:49:49+00:00","description":"Das B\u00f6se siegt immer und das ist auch gut so. Die dunkle Seite der Helden unserer Gesellschaft, von Martin Luther bis Mozart.","breadcrumb":{"@id":"https:\/\/www.subkultur.de\/edition\/shop\/heldenhass\/#breadcrumb"},"inLanguage":"de","potentialAction":[{"@type":"ReadAction","target":["https:\/\/www.subkultur.de\/edition\/shop\/heldenhass\/"]}]},{"@type":"ImageObject","inLanguage":"de","@id":"https:\/\/www.subkultur.de\/edition\/shop\/heldenhass\/#primaryimage","url":"https:\/\/www.subkultur.de\/edition\/wp-content\/uploads\/2020\/02\/coverhh1500web.jpg","contentUrl":"https:\/\/www.subkultur.de\/edition\/wp-content\/uploads\/2020\/02\/coverhh1500web.jpg","width":798,"height":1217,"caption":"Kristjan Knall \"Heldenhass\" -edition subkultur"},{"@type":"BreadcrumbList","@id":"https:\/\/www.subkultur.de\/edition\/shop\/heldenhass\/#breadcrumb","itemListElement":[{"@type":"ListItem","position":1,"name":"Startseite","item":"https:\/\/www.subkultur.de\/edition\/"},{"@type":"ListItem","position":2,"name":"Shop","item":"https:\/\/www.subkultur.de\/edition\/shop\/"},{"@type":"ListItem","position":3,"name":"Heldenhass"}]},{"@type":"WebSite","@id":"https:\/\/www.subkultur.de\/edition\/#website","url":"https:\/\/www.subkultur.de\/edition\/","name":"edition.subkultur","description":"Overground Literatur &amp; Music","publisher":{"@id":"https:\/\/www.subkultur.de\/edition\/#organization"},"potentialAction":[{"@type":"SearchAction","target":{"@type":"EntryPoint","urlTemplate":"https:\/\/www.subkultur.de\/edition\/?s={search_term_string}"},"query-input":{"@type":"PropertyValueSpecification","valueRequired":true,"valueName":"search_term_string"}}],"inLanguage":"de"},{"@type":"Organization","@id":"https:\/\/www.subkultur.de\/edition\/#organization","name":"Edition Subkultur","url":"https:\/\/www.subkultur.de\/edition\/","logo":{"@type":"ImageObject","inLanguage":"de","@id":"https:\/\/www.subkultur.de\/edition\/#\/schema\/logo\/image\/","url":"https:\/\/i0.wp.com\/www.subkultur.de\/edition\/wp-content\/uploads\/2018\/08\/sublogo3001.png?fit=300%2C111&ssl=1","contentUrl":"https:\/\/i0.wp.com\/www.subkultur.de\/edition\/wp-content\/uploads\/2018\/08\/sublogo3001.png?fit=300%2C111&ssl=1","width":300,"height":111,"caption":"Edition Subkultur"},"image":{"@id":"https:\/\/www.subkultur.de\/edition\/#\/schema\/logo\/image\/"},"sameAs":["https:\/\/www.facebook.com\/edition.subkultur\/"]}]}},"jetpack_publicize_connections":[],"jetpack-related-posts":[{"id":8181,"url":"https:\/\/www.subkultur.de\/edition\/shop\/boese-ist-besser\/","url_meta":{"origin":4430,"position":0},"title":"B\u00f6se ist besser","author":"Thomas Manegold","date":"23.06.2023","format":false,"excerpt":"KRISTJAN KNALL: \u201eB\u00f6se ist besser \u2013 Der Ratgeber, um unfassbar reich,\u00a0sch\u00f6n und gl\u00fccklich zu werden.\u201d Edition Blickpunkt, ca. 154 S. print ISBN:\u00a0 978-3-95996-264-3 epub ISBN: 978-3-95996-265-0 3 Versionen","rel":"","context":"\u00c4hnlicher Beitrag","block_context":{"text":"\u00c4hnlicher Beitrag","link":""},"img":{"alt_text":"KRISTJAN KNALL: \u201eB\u00f6se ist besser \u2013 Der Ratgeber, um unfassbar reich, sch\u00f6n und gl\u00fccklich zu werden.\u201d","src":"https:\/\/i0.wp.com\/www.subkultur.de\/edition\/wp-content\/uploads\/2023\/06\/boese-cover-web.jpg?resize=350%2C200&ssl=1","width":350,"height":200,"srcset":"https:\/\/i0.wp.com\/www.subkultur.de\/edition\/wp-content\/uploads\/2023\/06\/boese-cover-web.jpg?resize=350%2C200&ssl=1 1x, https:\/\/i0.wp.com\/www.subkultur.de\/edition\/wp-content\/uploads\/2023\/06\/boese-cover-web.jpg?resize=525%2C300&ssl=1 1.5x, https:\/\/i0.wp.com\/www.subkultur.de\/edition\/wp-content\/uploads\/2023\/06\/boese-cover-web.jpg?resize=700%2C400&ssl=1 2x"},"classes":[]},{"id":3593,"url":"https:\/\/www.subkultur.de\/edition\/shop\/neukoelln-ein-elendsbezirk-schiesst-zurueck\/","url_meta":{"origin":4430,"position":1},"title":"Neuk\u00f6lln \u2013 Ein Elendsbezirk schie\u00dft zur\u00fcck","author":"Thomas Manegold","date":"08.05.2019","format":false,"excerpt":"Kristjan Knall: \u201eNeuk\u00f6lln \u2013 Ein Elendsbezirk schie\u00dft zur\u00fcck\u201c B\u00f6ses, gnadenloses Bashing mit Quellenangaben Edition Subkultur, ca. 250 Seiten print ISBN: 978-3-943412-45-1 epub ISBN: 978-3-943412-46-8 2 Versionen","rel":"","context":"\u00c4hnlicher Beitrag","block_context":{"text":"\u00c4hnlicher Beitrag","link":""},"img":{"alt_text":"Kristjan Knall: Neuk\u00f6lln \u2013 Ein Elendsbezirk schie\u00dft zur\u00fcck - Edition Subkultur","src":"https:\/\/i0.wp.com\/www.subkultur.de\/edition\/wp-content\/uploads\/2019\/05\/NKcover900web.jpg?resize=350%2C200&ssl=1","width":350,"height":200,"srcset":"https:\/\/i0.wp.com\/www.subkultur.de\/edition\/wp-content\/uploads\/2019\/05\/NKcover900web.jpg?resize=350%2C200&ssl=1 1x, https:\/\/i0.wp.com\/www.subkultur.de\/edition\/wp-content\/uploads\/2019\/05\/NKcover900web.jpg?resize=525%2C300&ssl=1 1.5x, https:\/\/i0.wp.com\/www.subkultur.de\/edition\/wp-content\/uploads\/2019\/05\/NKcover900web.jpg?resize=700%2C400&ssl=1 2x"},"classes":[]},{"id":5127,"url":"https:\/\/www.subkultur.de\/edition\/shop\/marx-rache\/","url_meta":{"origin":4430,"position":2},"title":"Marx&#8216; Rache","author":"Thomas Manegold","date":"07.07.2020","format":false,"excerpt":"KRISTJAN KNALL: \u201eMarx\u2019 Rache - Endlich Corona!\u201c , Karl Marx \u00fcber Corona. Die beste Theorie \u00fcber die Pandemie. Edition Subkultur, ca. 159 S. print ISBN: 978-3-948949-00-6, epub ISBN: 978-3-948949-01-3 2 Versionen","rel":"","context":"\u00c4hnlicher Beitrag","block_context":{"text":"\u00c4hnlicher Beitrag","link":""},"img":{"alt_text":"Kristjan Knall - Marx' Rache - edition subkultur","src":"https:\/\/i0.wp.com\/www.subkultur.de\/edition\/wp-content\/uploads\/2020\/07\/marx-web.jpg?resize=350%2C200&ssl=1","width":350,"height":200,"srcset":"https:\/\/i0.wp.com\/www.subkultur.de\/edition\/wp-content\/uploads\/2020\/07\/marx-web.jpg?resize=350%2C200&ssl=1 1x, https:\/\/i0.wp.com\/www.subkultur.de\/edition\/wp-content\/uploads\/2020\/07\/marx-web.jpg?resize=525%2C300&ssl=1 1.5x, https:\/\/i0.wp.com\/www.subkultur.de\/edition\/wp-content\/uploads\/2020\/07\/marx-web.jpg?resize=700%2C400&ssl=1 2x"},"classes":[]},{"id":8463,"url":"https:\/\/www.subkultur.de\/edition\/shop\/im-wartesaal-der-gluecksgefuehle\/","url_meta":{"origin":4430,"position":3},"title":"Im Wartesaal der Gl\u00fccksgef\u00fchle","author":"Thomas Manegold","date":"26.08.2025","format":false,"excerpt":"MIKIS WESENSBITTER: \u201eIm Wartesaal der Gl\u00fccksgef\u00fchle \u2026 \u2013 Nichtganzsokurzgeschichten\u201c Geschichten \u00fcber die Liebe, das Leben, und den Trotz. \u00dcber Wut, die Lust am Widerstand und \u00fcber die erotische Anziehung. Edition Subkultur print ISBN: 978-3-948949-48-8 epub ISBN: 978-3-948949-49-5 2 Versionen","rel":"","context":"\u00c4hnlicher Beitrag","block_context":{"text":"\u00c4hnlicher Beitrag","link":""},"img":{"alt_text":"Mikis Wesensbitter: \"Im Wartesaal der Gl\u00fccksgef\u00fchle\" - subkultur","src":"https:\/\/i0.wp.com\/www.subkultur.de\/edition\/wp-content\/uploads\/2025\/08\/wartecoverweb.jpg?resize=350%2C200&ssl=1","width":350,"height":200,"srcset":"https:\/\/i0.wp.com\/www.subkultur.de\/edition\/wp-content\/uploads\/2025\/08\/wartecoverweb.jpg?resize=350%2C200&ssl=1 1x, https:\/\/i0.wp.com\/www.subkultur.de\/edition\/wp-content\/uploads\/2025\/08\/wartecoverweb.jpg?resize=525%2C300&ssl=1 1.5x, https:\/\/i0.wp.com\/www.subkultur.de\/edition\/wp-content\/uploads\/2025\/08\/wartecoverweb.jpg?resize=700%2C400&ssl=1 2x"},"classes":[]},{"id":984,"url":"https:\/\/www.subkultur.de\/edition\/shop\/gespraeche-mit-goth\/","url_meta":{"origin":4430,"position":4},"title":"Gespr\u00e4che mit Goth","author":"Thomas Manegold","date":"10.10.2013","format":false,"excerpt":"THOMAS MANEGOLD: \u201eGespr\u00e4che mit Goth\u201c, Episodenroman, Softcover, 170 S., print ISBN: 978-3-943412-06-2, epub ISBN: 978-3-943412-56-7, Edition Subkultur, GLP: 12,80\u20ac (D)","rel":"","context":"\u00c4hnlicher Beitrag","block_context":{"text":"\u00c4hnlicher Beitrag","link":""},"img":{"alt_text":"Thomas Manegold: \"Gespr\u00e4che mit Goth\"","src":"https:\/\/i0.wp.com\/www.subkultur.de\/edition\/wp-content\/uploads\/2013\/10\/gothcover900web.jpg?resize=350%2C200&ssl=1","width":350,"height":200,"srcset":"https:\/\/i0.wp.com\/www.subkultur.de\/edition\/wp-content\/uploads\/2013\/10\/gothcover900web.jpg?resize=350%2C200&ssl=1 1x, https:\/\/i0.wp.com\/www.subkultur.de\/edition\/wp-content\/uploads\/2013\/10\/gothcover900web.jpg?resize=525%2C300&ssl=1 1.5x"},"classes":[]},{"id":4762,"url":"https:\/\/www.subkultur.de\/edition\/shop\/wider-die-masse-subkultur-anthologie\/","url_meta":{"origin":4430,"position":5},"title":"WIDER DIE MASSE (Subkultur Anthologie)","author":"Thomas Manegold","date":"24.04.2020","format":false,"excerpt":"Laura Alt, Thomas Manegold, Marion Alexa M\u00fcller (Hrsg.): WIDER DIE MASSE (Subkultur Anthologie). 20 Autorinnen und Autoren \u00fcber die Zeit vor, w\u00e4hrend und nach Corona. ca. 180 Seiten, Edition Subkultur print ISBN: 978-3-943412-96-3 epub ISBN: 978-3-943412-97-0","rel":"","context":"\u00c4hnlicher Beitrag","block_context":{"text":"\u00c4hnlicher Beitrag","link":""},"img":{"alt_text":"WIDER DIE MASSE - edition subkultur","src":"https:\/\/i0.wp.com\/www.subkultur.de\/edition\/wp-content\/uploads\/2020\/04\/widerweb.jpg?resize=350%2C200&ssl=1","width":350,"height":200,"srcset":"https:\/\/i0.wp.com\/www.subkultur.de\/edition\/wp-content\/uploads\/2020\/04\/widerweb.jpg?resize=350%2C200&ssl=1 1x, https:\/\/i0.wp.com\/www.subkultur.de\/edition\/wp-content\/uploads\/2020\/04\/widerweb.jpg?resize=525%2C300&ssl=1 1.5x, https:\/\/i0.wp.com\/www.subkultur.de\/edition\/wp-content\/uploads\/2020\/04\/widerweb.jpg?resize=700%2C400&ssl=1 2x"},"classes":[]}],"jetpack_sharing_enabled":true,"_links":{"self":[{"href":"https:\/\/www.subkultur.de\/edition\/wp-json\/wp\/v2\/product\/4430","targetHints":{"allow":["GET"]}}],"collection":[{"href":"https:\/\/www.subkultur.de\/edition\/wp-json\/wp\/v2\/product"}],"about":[{"href":"https:\/\/www.subkultur.de\/edition\/wp-json\/wp\/v2\/types\/product"}],"replies":[{"embeddable":true,"href":"https:\/\/www.subkultur.de\/edition\/wp-json\/wp\/v2\/comments?post=4430"}],"wp:featuredmedia":[{"embeddable":true,"href":"https:\/\/www.subkultur.de\/edition\/wp-json\/wp\/v2\/media\/4431"}],"wp:attachment":[{"href":"https:\/\/www.subkultur.de\/edition\/wp-json\/wp\/v2\/media?parent=4430"}],"wp:term":[{"taxonomy":"product_brand","embeddable":true,"href":"https:\/\/www.subkultur.de\/edition\/wp-json\/wp\/v2\/product_brand?post=4430"},{"taxonomy":"product_cat","embeddable":true,"href":"https:\/\/www.subkultur.de\/edition\/wp-json\/wp\/v2\/product_cat?post=4430"},{"taxonomy":"product_tag","embeddable":true,"href":"https:\/\/www.subkultur.de\/edition\/wp-json\/wp\/v2\/product_tag?post=4430"}],"curies":[{"name":"wp","href":"https:\/\/api.w.org\/{rel}","templated":true}]}}