{"id":5135,"date":"2020-07-19T14:23:57","date_gmt":"2020-07-19T12:23:57","guid":{"rendered":"https:\/\/www.subkultur.de\/edition\/?post_type=product&#038;p=5135"},"modified":"2025-01-09T15:36:00","modified_gmt":"2025-01-09T14:36:00","slug":"krasse-kurze","status":"publish","type":"product","link":"https:\/\/www.subkultur.de\/edition\/shop\/krasse-kurze\/","title":{"rendered":"Krasse Kurze"},"content":{"rendered":"<p>Von den Abgr\u00fcnden des Gro\u00dfstadtlebens \u00fcber Ausw\u00fcchse moderner Technik bis hin zu unheimlichen Erscheinungen und finsteren Zukunftsszenarien erstrecken sich die 31 brillant erz\u00e4hlten Geschichten von Sascha Dinse. Manchmal blutig und verst\u00f6rend, dann wieder voller nachdenklicher Melancholie, haben sie eines gemeinsam: Sie sind kurz und krass.<\/p>\n<p>Sascha Dinses &#8222;Krasse Kurze&#8220; sind bereits Kult.\u00a0 Sie erscheinen bei Subkultur in unver\u00e4nderter zweiter Auflage. Die erste, im Selbstverlag erschienene Auflage ist vergriffen.<\/p>\n<div class=\"shariff shariff-align-left shariff-widget-align-left\"><ul class=\"shariff-buttons theme-round orientation-horizontal buttonsize-small\"><li class=\"shariff-button facebook\" style=\"background-color:#666666\"><a href=\"https:\/\/www.facebook.com\/sharer\/sharer.php?u=https%3A%2F%2Fwww.subkultur.de%2Fedition%2Fshop%2Fkrasse-kurze%2F\" title=\"Bei Facebook teilen\" aria-label=\"Bei Facebook teilen\" role=\"button\" rel=\"nofollow\" class=\"shariff-link\" style=\"; background-color:#990000; color:#fff\" target=\"_blank\"><span class=\"shariff-icon\" style=\"\"><svg width=\"32px\" height=\"20px\" xmlns=\"http:\/\/www.w3.org\/2000\/svg\" viewBox=\"0 0 18 32\"><path fill=\"#3b5998\" d=\"M17.1 0.2v4.7h-2.8q-1.5 0-2.1 0.6t-0.5 1.9v3.4h5.2l-0.7 5.3h-4.5v13.6h-5.5v-13.6h-4.5v-5.3h4.5v-3.9q0-3.3 1.9-5.2t5-1.8q2.6 0 4.1 0.2z\"\/><\/svg><\/span><\/a><\/li><li class=\"shariff-button twitter\" style=\"background-color:#666666\"><a href=\"https:\/\/twitter.com\/share?url=https%3A%2F%2Fwww.subkultur.de%2Fedition%2Fshop%2Fkrasse-kurze%2F&text=Krasse%20Kurze\" title=\"Bei X teilen\" aria-label=\"Bei X teilen\" role=\"button\" rel=\"noopener nofollow\" class=\"shariff-link\" style=\"; background-color:#990000; color:#fff\" target=\"_blank\"><span class=\"shariff-icon\" style=\"\"><svg width=\"32px\" height=\"20px\" xmlns=\"http:\/\/www.w3.org\/2000\/svg\" viewBox=\"0 0 24 24\"><path fill=\"#000\" d=\"M14.258 10.152L23.176 0h-2.113l-7.747 8.813L7.133 0H0l9.352 13.328L0 23.973h2.113l8.176-9.309 6.531 9.309h7.133zm-2.895 3.293l-.949-1.328L2.875 1.56h3.246l6.086 8.523.945 1.328 7.91 11.078h-3.246zm0 0\"\/><\/svg><\/span><\/a><\/li><li class=\"shariff-button whatsapp shariff-mobile\" style=\"background-color:#666666\"><a href=\"https:\/\/api.whatsapp.com\/send?text=https%3A%2F%2Fwww.subkultur.de%2Fedition%2Fshop%2Fkrasse-kurze%2F%20Krasse%20Kurze\" title=\"Bei Whatsapp teilen\" aria-label=\"Bei Whatsapp teilen\" role=\"button\" rel=\"noopener nofollow\" class=\"shariff-link\" style=\"; background-color:#990000; color:#fff\" target=\"_blank\"><span class=\"shariff-icon\" style=\"\"><svg width=\"32px\" height=\"20px\" xmlns=\"http:\/\/www.w3.org\/2000\/svg\" viewBox=\"0 0 32 32\"><path fill=\"#34af23\" d=\"M17.6 17.4q0.2 0 1.7 0.8t1.6 0.9q0 0.1 0 0.3 0 0.6-0.3 1.4-0.3 0.7-1.3 1.2t-1.8 0.5q-1 0-3.4-1.1-1.7-0.8-3-2.1t-2.6-3.3q-1.3-1.9-1.3-3.5v-0.1q0.1-1.6 1.3-2.8 0.4-0.4 0.9-0.4 0.1 0 0.3 0t0.3 0q0.3 0 0.5 0.1t0.3 0.5q0.1 0.4 0.6 1.6t0.4 1.3q0 0.4-0.6 1t-0.6 0.8q0 0.1 0.1 0.3 0.6 1.3 1.8 2.4 1 0.9 2.7 1.8 0.2 0.1 0.4 0.1 0.3 0 1-0.9t0.9-0.9zM14 26.9q2.3 0 4.3-0.9t3.6-2.4 2.4-3.6 0.9-4.3-0.9-4.3-2.4-3.6-3.6-2.4-4.3-0.9-4.3 0.9-3.6 2.4-2.4 3.6-0.9 4.3q0 3.6 2.1 6.6l-1.4 4.2 4.3-1.4q2.8 1.9 6.2 1.9zM14 2.2q2.7 0 5.2 1.1t4.3 2.9 2.9 4.3 1.1 5.2-1.1 5.2-2.9 4.3-4.3 2.9-5.2 1.1q-3.5 0-6.5-1.7l-7.4 2.4 2.4-7.2q-1.9-3.2-1.9-6.9 0-2.7 1.1-5.2t2.9-4.3 4.3-2.9 5.2-1.1z\"\/><\/svg><\/span><\/a><\/li><li class=\"shariff-button paypal\" style=\"background-color:#666666\"><a href=\"https:\/\/www.paypal.com\/cgi-bin\/webscr?cmd=_s-xclick&#038;hosted_button_id=PLJWJSQLT8Z36\" title=\"Spenden mit PayPal\" aria-label=\"Spenden mit PayPal\" role=\"button\" rel=\"noopener nofollow\" class=\"shariff-link\" style=\"; background-color:#990000; color:#fff\" target=\"_blank\"><span class=\"shariff-icon\" style=\"\"><svg width=\"32px\" height=\"20px\" xmlns=\"http:\/\/www.w3.org\/2000\/svg\" viewBox=\"0 0 32 32\"><path fill=\"#009cde\" d=\"M19.9 8q0-2.8-4.2-2.8h-1.2q-0.6 0-1.1 0.4t-0.6 0.9l-1.1 4.9q0 0.1 0 0.3 0 0.4 0.3 0.7t0.7 0.3h0.9q1.2 0 2.3-0.2t2-0.7 1.5-1.5 0.5-2.3zM30.6 10.7q0 4.7-3.9 7.6-3.9 2.9-10.9 2.9h-1.1q-0.6 0-1.1 0.4t-0.6 0.9l-1.3 5.6q-0.1 0.6-0.7 1.1t-1.2 0.5h-3.8q-0.6 0-0.9-0.4t-0.4-0.9q0-0.2 0.2-1.2h2.7q0.6 0 1.1-0.4t0.7-1l1.3-5.6q0.1-0.6 0.7-1t1.1-0.4h1.1q7 0 10.8-2.9t3.9-7.5q0-2.3-0.9-3.7 3.3 1.6 3.3 6zM27.4 7.4q0 4.7-3.9 7.6-3.9 2.9-10.9 2.9h-1.1q-0.6 0-1.1 0.4t-0.6 0.9l-1.3 5.6q-0.1 0.6-0.7 1.1t-1.2 0.5h-3.8q-0.6 0-0.9-0.3t-0.4-0.9q0-0.1 0-0.4l5.4-23.2q0.1-0.6 0.7-1.1t1.2-0.5h7.9q1.2 0 2.2 0.1t2.2 0.3 2 0.5 1.7 0.9 1.4 1.3 0.9 1.8 0.3 2.4z\"\/><\/svg><\/span><\/a><\/li><li class=\"shariff-button rss\" style=\"background-color:#666666\"><a href=\"https:\/\/www.subkultur.de\/edition\/feed\/rss\/\" title=\"RSS-feed\" aria-label=\"RSS-feed\" role=\"button\" class=\"shariff-link\" style=\"; background-color:#990000; color:#fff\" target=\"_blank\"><span class=\"shariff-icon\" style=\"\"><svg width=\"32px\" height=\"20px\" xmlns=\"http:\/\/www.w3.org\/2000\/svg\" viewBox=\"0 0 32 32\"><path fill=\"#fe9312\" d=\"M4.3 23.5c-2.3 0-4.3 1.9-4.3 4.3 0 2.3 1.9 4.2 4.3 4.2 2.4 0 4.3-1.9 4.3-4.2 0-2.3-1.9-4.3-4.3-4.3zM0 10.9v6.1c4 0 7.7 1.6 10.6 4.4 2.8 2.8 4.4 6.6 4.4 10.6h6.2c0-11.7-9.5-21.1-21.1-21.1zM0 0v6.1c14.2 0 25.8 11.6 25.8 25.9h6.2c0-17.6-14.4-32-32-32z\"\/><\/svg><\/span><\/a><\/li><\/ul><\/div>","protected":false},"excerpt":{"rendered":"<p>SASCHA DINSE: \u00bbKrasse Kurze\u00ab 31 Geschichten. Jetzt in zweiter Auflage bei Subkultur<\/p>\n<ul>\n<li>print ISBN: 978-3-943412-98-7<\/li>\n<li>epub ISBN: 978-3-943412-99-4<\/li>\n<li>2 Versionen<\/li>\n<\/ul>\n","protected":false},"featured_media":5136,"comment_status":"open","ping_status":"closed","template":"","meta":{"jetpack_publicize_message":"","jetpack_publicize_feature_enabled":true,"jetpack_social_post_already_shared":true,"jetpack_social_options":{"image_generator_settings":{"template":"highway","default_image_id":0,"font":"","enabled":false},"version":2}},"product_brand":[],"product_cat":[41,727,733],"product_tag":[425,428,423,735],"class_list":{"0":"post-5135","1":"product","2":"type-product","3":"status-publish","4":"has-post-thumbnail","6":"product_cat-buecher","7":"product_cat-e-books","8":"product_cat-sascha-dinse","9":"product_tag-berlin","10":"product_tag-edition-subkultur","11":"product_tag-kurzgeschichten","12":"product_tag-schauergeschichten","14":"first","15":"instock","16":"taxable","17":"shipping-taxable","18":"purchasable","19":"product-type-variable","20":"has-default-attributes"},"yoast_head":"<!-- This site is optimized with the Yoast SEO plugin v27.4 - https:\/\/yoast.com\/product\/yoast-seo-wordpress\/ -->\n<title>Krasse Kurze - edition.subkultur<\/title>\n<meta name=\"description\" content=\"Edition Subkultur. Substanzielle, subversive, nonkonforme und moderne Literatur aus Berlin.\" \/>\n<meta name=\"robots\" content=\"index, follow, max-snippet:-1, max-image-preview:large, max-video-preview:-1\" \/>\n<link rel=\"canonical\" href=\"https:\/\/www.subkultur.de\/edition\/shop\/krasse-kurze\/\" \/>\n<meta property=\"og:locale\" content=\"de_DE\" \/>\n<meta property=\"og:type\" content=\"article\" \/>\n<meta property=\"og:title\" content=\"Krasse Kurze - edition.subkultur\" \/>\n<meta property=\"og:description\" content=\"Edition Subkultur. Substanzielle, subversive, nonkonforme und moderne Literatur aus Berlin.\" \/>\n<meta property=\"og:url\" content=\"https:\/\/www.subkultur.de\/edition\/shop\/krasse-kurze\/\" \/>\n<meta property=\"og:site_name\" content=\"edition.subkultur\" \/>\n<meta property=\"article:publisher\" content=\"https:\/\/www.facebook.com\/edition.subkultur\/\" \/>\n<meta property=\"article:modified_time\" content=\"2025-01-09T14:36:00+00:00\" \/>\n<meta property=\"og:image\" content=\"https:\/\/www.subkultur.de\/edition\/wp-content\/uploads\/2020\/07\/kk1web.jpg\" \/>\n\t<meta property=\"og:image:width\" content=\"709\" \/>\n\t<meta property=\"og:image:height\" content=\"1152\" \/>\n\t<meta property=\"og:image:type\" content=\"image\/jpeg\" \/>\n<meta name=\"twitter:card\" content=\"summary_large_image\" \/>\n<meta name=\"twitter:label1\" content=\"Gesch\u00e4tzte Lesezeit\" \/>\n\t<meta name=\"twitter:data1\" content=\"1\u00a0Minute\" \/>\n<script type=\"application\/ld+json\" class=\"yoast-schema-graph\">{\"@context\":\"https:\\\/\\\/schema.org\",\"@graph\":[{\"@type\":\"WebPage\",\"@id\":\"https:\\\/\\\/www.subkultur.de\\\/edition\\\/shop\\\/krasse-kurze\\\/\",\"url\":\"https:\\\/\\\/www.subkultur.de\\\/edition\\\/shop\\\/krasse-kurze\\\/\",\"name\":\"Krasse Kurze - edition.subkultur\",\"isPartOf\":{\"@id\":\"https:\\\/\\\/www.subkultur.de\\\/edition\\\/#website\"},\"primaryImageOfPage\":{\"@id\":\"https:\\\/\\\/www.subkultur.de\\\/edition\\\/shop\\\/krasse-kurze\\\/#primaryimage\"},\"image\":{\"@id\":\"https:\\\/\\\/www.subkultur.de\\\/edition\\\/shop\\\/krasse-kurze\\\/#primaryimage\"},\"thumbnailUrl\":\"https:\\\/\\\/www.subkultur.de\\\/edition\\\/wp-content\\\/uploads\\\/2020\\\/07\\\/kk1web.jpg\",\"datePublished\":\"2020-07-19T12:23:57+00:00\",\"dateModified\":\"2025-01-09T14:36:00+00:00\",\"description\":\"Edition Subkultur. Substanzielle, subversive, nonkonforme und moderne Literatur aus Berlin.\",\"breadcrumb\":{\"@id\":\"https:\\\/\\\/www.subkultur.de\\\/edition\\\/shop\\\/krasse-kurze\\\/#breadcrumb\"},\"inLanguage\":\"de\",\"potentialAction\":[{\"@type\":\"ReadAction\",\"target\":[\"https:\\\/\\\/www.subkultur.de\\\/edition\\\/shop\\\/krasse-kurze\\\/\"]}]},{\"@type\":\"ImageObject\",\"inLanguage\":\"de\",\"@id\":\"https:\\\/\\\/www.subkultur.de\\\/edition\\\/shop\\\/krasse-kurze\\\/#primaryimage\",\"url\":\"https:\\\/\\\/www.subkultur.de\\\/edition\\\/wp-content\\\/uploads\\\/2020\\\/07\\\/kk1web.jpg\",\"contentUrl\":\"https:\\\/\\\/www.subkultur.de\\\/edition\\\/wp-content\\\/uploads\\\/2020\\\/07\\\/kk1web.jpg\",\"width\":709,\"height\":1152,\"caption\":\"Sascha Dinse - Krasse Kurze - edition subkultur\"},{\"@type\":\"BreadcrumbList\",\"@id\":\"https:\\\/\\\/www.subkultur.de\\\/edition\\\/shop\\\/krasse-kurze\\\/#breadcrumb\",\"itemListElement\":[{\"@type\":\"ListItem\",\"position\":1,\"name\":\"Startseite\",\"item\":\"https:\\\/\\\/www.subkultur.de\\\/edition\\\/\"},{\"@type\":\"ListItem\",\"position\":2,\"name\":\"Shop\",\"item\":\"https:\\\/\\\/www.subkultur.de\\\/edition\\\/shop\\\/\"},{\"@type\":\"ListItem\",\"position\":3,\"name\":\"Krasse Kurze\"}]},{\"@type\":\"WebSite\",\"@id\":\"https:\\\/\\\/www.subkultur.de\\\/edition\\\/#website\",\"url\":\"https:\\\/\\\/www.subkultur.de\\\/edition\\\/\",\"name\":\"edition.subkultur\",\"description\":\"Overground Literatur &amp; Music\",\"publisher\":{\"@id\":\"https:\\\/\\\/www.subkultur.de\\\/edition\\\/#organization\"},\"potentialAction\":[{\"@type\":\"SearchAction\",\"target\":{\"@type\":\"EntryPoint\",\"urlTemplate\":\"https:\\\/\\\/www.subkultur.de\\\/edition\\\/?s={search_term_string}\"},\"query-input\":{\"@type\":\"PropertyValueSpecification\",\"valueRequired\":true,\"valueName\":\"search_term_string\"}}],\"inLanguage\":\"de\"},{\"@type\":\"Organization\",\"@id\":\"https:\\\/\\\/www.subkultur.de\\\/edition\\\/#organization\",\"name\":\"Edition Subkultur\",\"url\":\"https:\\\/\\\/www.subkultur.de\\\/edition\\\/\",\"logo\":{\"@type\":\"ImageObject\",\"inLanguage\":\"de\",\"@id\":\"https:\\\/\\\/www.subkultur.de\\\/edition\\\/#\\\/schema\\\/logo\\\/image\\\/\",\"url\":\"https:\\\/\\\/i0.wp.com\\\/www.subkultur.de\\\/edition\\\/wp-content\\\/uploads\\\/2018\\\/08\\\/sublogo3001.png?fit=300%2C111&ssl=1\",\"contentUrl\":\"https:\\\/\\\/i0.wp.com\\\/www.subkultur.de\\\/edition\\\/wp-content\\\/uploads\\\/2018\\\/08\\\/sublogo3001.png?fit=300%2C111&ssl=1\",\"width\":300,\"height\":111,\"caption\":\"Edition Subkultur\"},\"image\":{\"@id\":\"https:\\\/\\\/www.subkultur.de\\\/edition\\\/#\\\/schema\\\/logo\\\/image\\\/\"},\"sameAs\":[\"https:\\\/\\\/www.facebook.com\\\/edition.subkultur\\\/\"]}]}<\/script>\n<!-- \/ Yoast SEO plugin. -->","yoast_head_json":{"title":"Krasse Kurze - edition.subkultur","description":"Edition Subkultur. Substanzielle, subversive, nonkonforme und moderne Literatur aus Berlin.","robots":{"index":"index","follow":"follow","max-snippet":"max-snippet:-1","max-image-preview":"max-image-preview:large","max-video-preview":"max-video-preview:-1"},"canonical":"https:\/\/www.subkultur.de\/edition\/shop\/krasse-kurze\/","og_locale":"de_DE","og_type":"article","og_title":"Krasse Kurze - edition.subkultur","og_description":"Edition Subkultur. Substanzielle, subversive, nonkonforme und moderne Literatur aus Berlin.","og_url":"https:\/\/www.subkultur.de\/edition\/shop\/krasse-kurze\/","og_site_name":"edition.subkultur","article_publisher":"https:\/\/www.facebook.com\/edition.subkultur\/","article_modified_time":"2025-01-09T14:36:00+00:00","og_image":[{"width":709,"height":1152,"url":"https:\/\/www.subkultur.de\/edition\/wp-content\/uploads\/2020\/07\/kk1web.jpg","type":"image\/jpeg"}],"twitter_card":"summary_large_image","twitter_misc":{"Gesch\u00e4tzte Lesezeit":"1\u00a0Minute"},"schema":{"@context":"https:\/\/schema.org","@graph":[{"@type":"WebPage","@id":"https:\/\/www.subkultur.de\/edition\/shop\/krasse-kurze\/","url":"https:\/\/www.subkultur.de\/edition\/shop\/krasse-kurze\/","name":"Krasse Kurze - edition.subkultur","isPartOf":{"@id":"https:\/\/www.subkultur.de\/edition\/#website"},"primaryImageOfPage":{"@id":"https:\/\/www.subkultur.de\/edition\/shop\/krasse-kurze\/#primaryimage"},"image":{"@id":"https:\/\/www.subkultur.de\/edition\/shop\/krasse-kurze\/#primaryimage"},"thumbnailUrl":"https:\/\/www.subkultur.de\/edition\/wp-content\/uploads\/2020\/07\/kk1web.jpg","datePublished":"2020-07-19T12:23:57+00:00","dateModified":"2025-01-09T14:36:00+00:00","description":"Edition Subkultur. Substanzielle, subversive, nonkonforme und moderne Literatur aus Berlin.","breadcrumb":{"@id":"https:\/\/www.subkultur.de\/edition\/shop\/krasse-kurze\/#breadcrumb"},"inLanguage":"de","potentialAction":[{"@type":"ReadAction","target":["https:\/\/www.subkultur.de\/edition\/shop\/krasse-kurze\/"]}]},{"@type":"ImageObject","inLanguage":"de","@id":"https:\/\/www.subkultur.de\/edition\/shop\/krasse-kurze\/#primaryimage","url":"https:\/\/www.subkultur.de\/edition\/wp-content\/uploads\/2020\/07\/kk1web.jpg","contentUrl":"https:\/\/www.subkultur.de\/edition\/wp-content\/uploads\/2020\/07\/kk1web.jpg","width":709,"height":1152,"caption":"Sascha Dinse - Krasse Kurze - edition subkultur"},{"@type":"BreadcrumbList","@id":"https:\/\/www.subkultur.de\/edition\/shop\/krasse-kurze\/#breadcrumb","itemListElement":[{"@type":"ListItem","position":1,"name":"Startseite","item":"https:\/\/www.subkultur.de\/edition\/"},{"@type":"ListItem","position":2,"name":"Shop","item":"https:\/\/www.subkultur.de\/edition\/shop\/"},{"@type":"ListItem","position":3,"name":"Krasse Kurze"}]},{"@type":"WebSite","@id":"https:\/\/www.subkultur.de\/edition\/#website","url":"https:\/\/www.subkultur.de\/edition\/","name":"edition.subkultur","description":"Overground Literatur &amp; Music","publisher":{"@id":"https:\/\/www.subkultur.de\/edition\/#organization"},"potentialAction":[{"@type":"SearchAction","target":{"@type":"EntryPoint","urlTemplate":"https:\/\/www.subkultur.de\/edition\/?s={search_term_string}"},"query-input":{"@type":"PropertyValueSpecification","valueRequired":true,"valueName":"search_term_string"}}],"inLanguage":"de"},{"@type":"Organization","@id":"https:\/\/www.subkultur.de\/edition\/#organization","name":"Edition Subkultur","url":"https:\/\/www.subkultur.de\/edition\/","logo":{"@type":"ImageObject","inLanguage":"de","@id":"https:\/\/www.subkultur.de\/edition\/#\/schema\/logo\/image\/","url":"https:\/\/i0.wp.com\/www.subkultur.de\/edition\/wp-content\/uploads\/2018\/08\/sublogo3001.png?fit=300%2C111&ssl=1","contentUrl":"https:\/\/i0.wp.com\/www.subkultur.de\/edition\/wp-content\/uploads\/2018\/08\/sublogo3001.png?fit=300%2C111&ssl=1","width":300,"height":111,"caption":"Edition Subkultur"},"image":{"@id":"https:\/\/www.subkultur.de\/edition\/#\/schema\/logo\/image\/"},"sameAs":["https:\/\/www.facebook.com\/edition.subkultur\/"]}]}},"jetpack_publicize_connections":[],"jetpack-related-posts":[{"id":5145,"url":"https:\/\/www.subkultur.de\/edition\/shop\/krasse-kurze-2\/","url_meta":{"origin":5135,"position":0},"title":"Krasse Kurze 2","author":"Thomas Manegold","date":"10.11.2020","format":false,"excerpt":"SASCHA DINSE: Krasse Kurze 2 Staffel 2 der Kurzgeschichten von Sascha Dinse zwischen Horror, Dark Fantasy und Science Fiction. Edition Subkultur, ca. 138 S print ISBN: 978-3-943412-91-8 epub ISBN: 978-3-943412-92-5 2 Versionen","rel":"","context":"Mit 1 Kommentar","block_context":{"text":"Mit 1 Kommentar","link":"https:\/\/www.subkultur.de\/edition\/shop\/krasse-kurze-2\/#comments"},"img":{"alt_text":"SASCHA DINSE: \u00bbKrasse Kurze 2\u00ab Subkultur","src":"https:\/\/i0.wp.com\/www.subkultur.de\/edition\/wp-content\/uploads\/2020\/07\/cover-web.jpg?resize=350%2C200&ssl=1","width":350,"height":200,"srcset":"https:\/\/i0.wp.com\/www.subkultur.de\/edition\/wp-content\/uploads\/2020\/07\/cover-web.jpg?resize=350%2C200&ssl=1 1x, https:\/\/i0.wp.com\/www.subkultur.de\/edition\/wp-content\/uploads\/2020\/07\/cover-web.jpg?resize=525%2C300&ssl=1 1.5x, https:\/\/i0.wp.com\/www.subkultur.de\/edition\/wp-content\/uploads\/2020\/07\/cover-web.jpg?resize=700%2C400&ssl=1 2x"},"classes":[]},{"id":8018,"url":"https:\/\/www.subkultur.de\/edition\/shop\/elysion-tartaros\/","url_meta":{"origin":5135,"position":1},"title":"Elysion &#038; Tartaros","author":"Thomas Manegold","date":"27.09.2022","format":false,"excerpt":"SASCHA DINSE: \"Elysion & Tartaros \u2013 Erz\u00e4hlungen\". Neue Geschichten zwischen Horror, Dark Fantasy und Science Fiction vom Meister des subtilen Grauens Edition Subkultur, ca. 270 S. print ISBN: 978-3-948949-20-4 epub ISBN: 978-3-948949-21-1 2 Versionen Ab 13. Oktober 2022","rel":"","context":"Mit 2 Kommentaren","block_context":{"text":"Mit 2 Kommentaren","link":"https:\/\/www.subkultur.de\/edition\/shop\/elysion-tartaros\/#comments"},"img":{"alt_text":"SASCHA DINSE: \"Elysion & Tartaros\" \u2013 Edition Subkultur","src":"https:\/\/i0.wp.com\/www.subkultur.de\/edition\/wp-content\/uploads\/2022\/09\/Elysion-Coverweb.jpg?resize=350%2C200&ssl=1","width":350,"height":200,"srcset":"https:\/\/i0.wp.com\/www.subkultur.de\/edition\/wp-content\/uploads\/2022\/09\/Elysion-Coverweb.jpg?resize=350%2C200&ssl=1 1x, https:\/\/i0.wp.com\/www.subkultur.de\/edition\/wp-content\/uploads\/2022\/09\/Elysion-Coverweb.jpg?resize=525%2C300&ssl=1 1.5x, https:\/\/i0.wp.com\/www.subkultur.de\/edition\/wp-content\/uploads\/2022\/09\/Elysion-Coverweb.jpg?resize=700%2C400&ssl=1 2x"},"classes":[]},{"id":4762,"url":"https:\/\/www.subkultur.de\/edition\/shop\/wider-die-masse-subkultur-anthologie\/","url_meta":{"origin":5135,"position":2},"title":"WIDER DIE MASSE (Subkultur Anthologie)","author":"Thomas Manegold","date":"24.04.2020","format":false,"excerpt":"Laura Alt, Thomas Manegold, Marion Alexa M\u00fcller (Hrsg.): WIDER DIE MASSE (Subkultur Anthologie). 20 Autorinnen und Autoren \u00fcber die Zeit vor, w\u00e4hrend und nach Corona. ca. 180 Seiten, Edition Subkultur print ISBN: 978-3-943412-96-3 epub ISBN: 978-3-943412-97-0","rel":"","context":"\u00c4hnlicher Beitrag","block_context":{"text":"\u00c4hnlicher Beitrag","link":""},"img":{"alt_text":"WIDER DIE MASSE - edition subkultur","src":"https:\/\/i0.wp.com\/www.subkultur.de\/edition\/wp-content\/uploads\/2020\/04\/widerweb.jpg?resize=350%2C200&ssl=1","width":350,"height":200,"srcset":"https:\/\/i0.wp.com\/www.subkultur.de\/edition\/wp-content\/uploads\/2020\/04\/widerweb.jpg?resize=350%2C200&ssl=1 1x, https:\/\/i0.wp.com\/www.subkultur.de\/edition\/wp-content\/uploads\/2020\/04\/widerweb.jpg?resize=525%2C300&ssl=1 1.5x, https:\/\/i0.wp.com\/www.subkultur.de\/edition\/wp-content\/uploads\/2020\/04\/widerweb.jpg?resize=700%2C400&ssl=1 2x"},"classes":[]},{"id":3650,"url":"https:\/\/www.subkultur.de\/edition\/shop\/matsaleh\/","url_meta":{"origin":5135,"position":3},"title":"Matsaleh","author":"Thomas Manegold","date":"12.07.2019","format":false,"excerpt":"CHRISTIAN TODOROSKI: \u201eMatsaleh\u201c Ein ehemaliger Punk wird r\u00fcckf\u00e4llig \u2026 in Malaysia ca. 192 S., Edition Subkultur print ISBN: 978-3-943412-43-7 epub ISBN: 978-3-943412-44-4 2 Versionen","rel":"","context":"\u00c4hnlicher Beitrag","block_context":{"text":"\u00c4hnlicher Beitrag","link":""},"img":{"alt_text":"CHRISTIAN TODOROSKI: \u201eMatsaleh\u201c 1. Auflage, Juli 2019, Edition Subkultur Berlin","src":"https:\/\/i0.wp.com\/www.subkultur.de\/edition\/wp-content\/uploads\/2019\/07\/Matsalehweb.jpg?resize=350%2C200&ssl=1","width":350,"height":200,"srcset":"https:\/\/i0.wp.com\/www.subkultur.de\/edition\/wp-content\/uploads\/2019\/07\/Matsalehweb.jpg?resize=350%2C200&ssl=1 1x, https:\/\/i0.wp.com\/www.subkultur.de\/edition\/wp-content\/uploads\/2019\/07\/Matsalehweb.jpg?resize=525%2C300&ssl=1 1.5x, https:\/\/i0.wp.com\/www.subkultur.de\/edition\/wp-content\/uploads\/2019\/07\/Matsalehweb.jpg?resize=700%2C400&ssl=1 2x"},"classes":[]},{"id":2912,"url":"https:\/\/www.subkultur.de\/edition\/shop\/angst-vor-blauem-himmel\/","url_meta":{"origin":5135,"position":4},"title":"Angst vor blauem Himmel","author":"Thomas Manegold","date":"07.10.2018","format":false,"excerpt":"Gary Flanell: \u201eAngst vor blauem Himmel\u201c Schr\u00e4ge Geschichten \u00fcber schr\u00e4ge Typen, voller Musik, Humor und Melancholie ca. 208 S., Edition Subkultur print ISBN: 978-3-943412-38-3 epub ISBN: 978-3-943412-39-0","rel":"","context":"\u00c4hnlicher Beitrag","block_context":{"text":"\u00c4hnlicher Beitrag","link":""},"img":{"alt_text":"Gary Flanell: Angst vor blauem Himmel\" - periplanetaGary Flanell: Angst vor blauem Himmel\" - periplanetaGary Flanell: Angst vor blauem Himmel\" - periplaneta","src":"https:\/\/i0.wp.com\/www.subkultur.de\/edition\/wp-content\/uploads\/2018\/10\/Garyweb.jpg?resize=350%2C200&ssl=1","width":350,"height":200,"srcset":"https:\/\/i0.wp.com\/www.subkultur.de\/edition\/wp-content\/uploads\/2018\/10\/Garyweb.jpg?resize=350%2C200&ssl=1 1x, https:\/\/i0.wp.com\/www.subkultur.de\/edition\/wp-content\/uploads\/2018\/10\/Garyweb.jpg?resize=525%2C300&ssl=1 1.5x, https:\/\/i0.wp.com\/www.subkultur.de\/edition\/wp-content\/uploads\/2018\/10\/Garyweb.jpg?resize=700%2C400&ssl=1 2x"},"classes":[]},{"id":2893,"url":"https:\/\/www.subkultur.de\/edition\/shop\/guten-morgen-du-schoener-mehrzweckkomplex\/","url_meta":{"origin":5135,"position":5},"title":"Guten Morgen, du sch\u00f6ner Mehrzweckkomplex","author":"Thomas Manegold","date":"08.09.2018","format":false,"excerpt":"Mikis Wesensbitter: \u201eGuten Morgen, du sch\u00f6ner Mehrzweckkomplex\u201c. Geschichten aus Ost-Berlin. Eine DDR-Kindheit, verkorkste Blinddates, Aliens - alles in einem Buch. Softcover nur noch auf Amazon. ca. 122 Seiten, Edition Subkultur print ISBN: 978-3-943412-41-3 epub ISBN: 978-3-943412-42-0 2 Versionen","rel":"","context":"Mit 1 Kommentar","block_context":{"text":"Mit 1 Kommentar","link":"https:\/\/www.subkultur.de\/edition\/shop\/guten-morgen-du-schoener-mehrzweckkomplex\/#comments"},"img":{"alt_text":"Mikis Wesensbitter: \u201eGuten Morgen, du sch\u00f6ner Mehrzweckkomplex\u201c -subkultur","src":"https:\/\/i0.wp.com\/www.subkultur.de\/edition\/wp-content\/uploads\/2018\/09\/guten-morgenweb.jpg?resize=350%2C200&ssl=1","width":350,"height":200,"srcset":"https:\/\/i0.wp.com\/www.subkultur.de\/edition\/wp-content\/uploads\/2018\/09\/guten-morgenweb.jpg?resize=350%2C200&ssl=1 1x, https:\/\/i0.wp.com\/www.subkultur.de\/edition\/wp-content\/uploads\/2018\/09\/guten-morgenweb.jpg?resize=525%2C300&ssl=1 1.5x, https:\/\/i0.wp.com\/www.subkultur.de\/edition\/wp-content\/uploads\/2018\/09\/guten-morgenweb.jpg?resize=700%2C400&ssl=1 2x"},"classes":[]}],"jetpack_sharing_enabled":true,"_links":{"self":[{"href":"https:\/\/www.subkultur.de\/edition\/wp-json\/wp\/v2\/product\/5135","targetHints":{"allow":["GET"]}}],"collection":[{"href":"https:\/\/www.subkultur.de\/edition\/wp-json\/wp\/v2\/product"}],"about":[{"href":"https:\/\/www.subkultur.de\/edition\/wp-json\/wp\/v2\/types\/product"}],"replies":[{"embeddable":true,"href":"https:\/\/www.subkultur.de\/edition\/wp-json\/wp\/v2\/comments?post=5135"}],"wp:featuredmedia":[{"embeddable":true,"href":"https:\/\/www.subkultur.de\/edition\/wp-json\/wp\/v2\/media\/5136"}],"wp:attachment":[{"href":"https:\/\/www.subkultur.de\/edition\/wp-json\/wp\/v2\/media?parent=5135"}],"wp:term":[{"taxonomy":"product_brand","embeddable":true,"href":"https:\/\/www.subkultur.de\/edition\/wp-json\/wp\/v2\/product_brand?post=5135"},{"taxonomy":"product_cat","embeddable":true,"href":"https:\/\/www.subkultur.de\/edition\/wp-json\/wp\/v2\/product_cat?post=5135"},{"taxonomy":"product_tag","embeddable":true,"href":"https:\/\/www.subkultur.de\/edition\/wp-json\/wp\/v2\/product_tag?post=5135"}],"curies":[{"name":"wp","href":"https:\/\/api.w.org\/{rel}","templated":true}]}}