{"id":5787,"date":"2020-11-02T22:02:50","date_gmt":"2020-11-02T21:02:50","guid":{"rendered":"https:\/\/www.subkultur.de\/edition\/?post_type=product&#038;p=5787"},"modified":"2025-01-09T15:35:06","modified_gmt":"2025-01-09T14:35:06","slug":"maria-und-das-fleisch-der-goldenen-kaelber","status":"publish","type":"product","link":"https:\/\/www.subkultur.de\/edition\/shop\/maria-und-das-fleisch-der-goldenen-kaelber\/","title":{"rendered":"Maria und das Fleisch der goldenen K\u00e4lber"},"content":{"rendered":"<p>Ein Junge verschwindet aus \u2028einem katholischen Internat. Ein Mann hintergeht seine Frau. Und Maria hat Geldschulden &#8230;<br \/>\nDrei neue F\u00e4lle f\u00fcr Privatdetektiv Tilmann Gr\u00fcn und seinen treuen vierbeinigen Begleiter Sir Arthur Conan Doyle. Ihre Ermittlungen f\u00fchren die beiden zu den Epizentren menschlicher Abgr\u00fcnde: auf den Strich, zu Kircht\u00fcrmen und in eine psychologische Gemeinschaftspraxis. Und w\u00e4hrend die beiden sich fragen, wie\u00a0 das alles zusammenh\u00e4ngt, stolpern sie \u00fcber ihre eigenen Obsessionen.\u00a0 Ein furioser, klassischer Krimi mit unorthodoxen Themen und mit einer tierischen Portion schwarzen Humors.<\/p>\n<div class=\"shariff shariff-align-flex-end shariff-widget-align-flex-end\"><ul class=\"shariff-buttons theme-round orientation-horizontal buttonsize-small\"><li class=\"shariff-button facebook\" style=\"background-color:#666666\"><a href=\"https:\/\/www.facebook.com\/sharer\/sharer.php?u=https%3A%2F%2Fwww.subkultur.de%2Fedition%2Fshop%2Fmaria-und-das-fleisch-der-goldenen-kaelber%2F\" title=\"Bei Facebook teilen\" aria-label=\"Bei Facebook teilen\" role=\"button\" rel=\"nofollow\" class=\"shariff-link\" style=\"; background-color:#990000; color:#fff\" target=\"_blank\"><span class=\"shariff-icon\" style=\"\"><svg width=\"32px\" height=\"20px\" xmlns=\"http:\/\/www.w3.org\/2000\/svg\" viewBox=\"0 0 18 32\"><path fill=\"#3b5998\" d=\"M17.1 0.2v4.7h-2.8q-1.5 0-2.1 0.6t-0.5 1.9v3.4h5.2l-0.7 5.3h-4.5v13.6h-5.5v-13.6h-4.5v-5.3h4.5v-3.9q0-3.3 1.9-5.2t5-1.8q2.6 0 4.1 0.2z\"\/><\/svg><\/span><\/a><\/li><li class=\"shariff-button twitter\" style=\"background-color:#666666\"><a href=\"https:\/\/twitter.com\/share?url=https%3A%2F%2Fwww.subkultur.de%2Fedition%2Fshop%2Fmaria-und-das-fleisch-der-goldenen-kaelber%2F&text=Maria%20und%20das%20Fleisch%20der%20goldenen%20K%C3%A4lber\" title=\"Bei X teilen\" aria-label=\"Bei X teilen\" role=\"button\" rel=\"noopener nofollow\" class=\"shariff-link\" style=\"; background-color:#990000; color:#fff\" target=\"_blank\"><span class=\"shariff-icon\" style=\"\"><svg width=\"32px\" height=\"20px\" xmlns=\"http:\/\/www.w3.org\/2000\/svg\" viewBox=\"0 0 24 24\"><path fill=\"#000\" d=\"M14.258 10.152L23.176 0h-2.113l-7.747 8.813L7.133 0H0l9.352 13.328L0 23.973h2.113l8.176-9.309 6.531 9.309h7.133zm-2.895 3.293l-.949-1.328L2.875 1.56h3.246l6.086 8.523.945 1.328 7.91 11.078h-3.246zm0 0\"\/><\/svg><\/span><\/a><\/li><li class=\"shariff-button whatsapp shariff-mobile\" style=\"background-color:#666666\"><a href=\"https:\/\/api.whatsapp.com\/send?text=https%3A%2F%2Fwww.subkultur.de%2Fedition%2Fshop%2Fmaria-und-das-fleisch-der-goldenen-kaelber%2F%20Maria%20und%20das%20Fleisch%20der%20goldenen%20K%C3%A4lber\" title=\"Bei Whatsapp teilen\" aria-label=\"Bei Whatsapp teilen\" role=\"button\" rel=\"noopener nofollow\" class=\"shariff-link\" style=\"; background-color:#990000; color:#fff\" target=\"_blank\"><span class=\"shariff-icon\" style=\"\"><svg width=\"32px\" height=\"20px\" xmlns=\"http:\/\/www.w3.org\/2000\/svg\" viewBox=\"0 0 32 32\"><path fill=\"#34af23\" d=\"M17.6 17.4q0.2 0 1.7 0.8t1.6 0.9q0 0.1 0 0.3 0 0.6-0.3 1.4-0.3 0.7-1.3 1.2t-1.8 0.5q-1 0-3.4-1.1-1.7-0.8-3-2.1t-2.6-3.3q-1.3-1.9-1.3-3.5v-0.1q0.1-1.6 1.3-2.8 0.4-0.4 0.9-0.4 0.1 0 0.3 0t0.3 0q0.3 0 0.5 0.1t0.3 0.5q0.1 0.4 0.6 1.6t0.4 1.3q0 0.4-0.6 1t-0.6 0.8q0 0.1 0.1 0.3 0.6 1.3 1.8 2.4 1 0.9 2.7 1.8 0.2 0.1 0.4 0.1 0.3 0 1-0.9t0.9-0.9zM14 26.9q2.3 0 4.3-0.9t3.6-2.4 2.4-3.6 0.9-4.3-0.9-4.3-2.4-3.6-3.6-2.4-4.3-0.9-4.3 0.9-3.6 2.4-2.4 3.6-0.9 4.3q0 3.6 2.1 6.6l-1.4 4.2 4.3-1.4q2.8 1.9 6.2 1.9zM14 2.2q2.7 0 5.2 1.1t4.3 2.9 2.9 4.3 1.1 5.2-1.1 5.2-2.9 4.3-4.3 2.9-5.2 1.1q-3.5 0-6.5-1.7l-7.4 2.4 2.4-7.2q-1.9-3.2-1.9-6.9 0-2.7 1.1-5.2t2.9-4.3 4.3-2.9 5.2-1.1z\"\/><\/svg><\/span><\/a><\/li><li class=\"shariff-button paypal\" style=\"background-color:#666666\"><a href=\"https:\/\/www.paypal.com\/cgi-bin\/webscr?cmd=_s-xclick&#038;hosted_button_id=PLJWJSQLT8Z36\" title=\"Spenden mit PayPal\" aria-label=\"Spenden mit PayPal\" role=\"button\" rel=\"noopener nofollow\" class=\"shariff-link\" style=\"; background-color:#990000; color:#fff\" target=\"_blank\"><span class=\"shariff-icon\" style=\"\"><svg width=\"32px\" height=\"20px\" xmlns=\"http:\/\/www.w3.org\/2000\/svg\" viewBox=\"0 0 32 32\"><path fill=\"#009cde\" d=\"M19.9 8q0-2.8-4.2-2.8h-1.2q-0.6 0-1.1 0.4t-0.6 0.9l-1.1 4.9q0 0.1 0 0.3 0 0.4 0.3 0.7t0.7 0.3h0.9q1.2 0 2.3-0.2t2-0.7 1.5-1.5 0.5-2.3zM30.6 10.7q0 4.7-3.9 7.6-3.9 2.9-10.9 2.9h-1.1q-0.6 0-1.1 0.4t-0.6 0.9l-1.3 5.6q-0.1 0.6-0.7 1.1t-1.2 0.5h-3.8q-0.6 0-0.9-0.4t-0.4-0.9q0-0.2 0.2-1.2h2.7q0.6 0 1.1-0.4t0.7-1l1.3-5.6q0.1-0.6 0.7-1t1.1-0.4h1.1q7 0 10.8-2.9t3.9-7.5q0-2.3-0.9-3.7 3.3 1.6 3.3 6zM27.4 7.4q0 4.7-3.9 7.6-3.9 2.9-10.9 2.9h-1.1q-0.6 0-1.1 0.4t-0.6 0.9l-1.3 5.6q-0.1 0.6-0.7 1.1t-1.2 0.5h-3.8q-0.6 0-0.9-0.3t-0.4-0.9q0-0.1 0-0.4l5.4-23.2q0.1-0.6 0.7-1.1t1.2-0.5h7.9q1.2 0 2.2 0.1t2.2 0.3 2 0.5 1.7 0.9 1.4 1.3 0.9 1.8 0.3 2.4z\"\/><\/svg><\/span><\/a><\/li><li class=\"shariff-button rss\" style=\"background-color:#666666\"><a href=\"https:\/\/www.subkultur.de\/edition\/feed\/rss\/\" title=\"RSS-feed\" aria-label=\"RSS-feed\" role=\"button\" class=\"shariff-link\" style=\"; background-color:#990000; color:#fff\" target=\"_blank\"><span class=\"shariff-icon\" style=\"\"><svg width=\"32px\" height=\"20px\" xmlns=\"http:\/\/www.w3.org\/2000\/svg\" viewBox=\"0 0 32 32\"><path fill=\"#fe9312\" d=\"M4.3 23.5c-2.3 0-4.3 1.9-4.3 4.3 0 2.3 1.9 4.2 4.3 4.2 2.4 0 4.3-1.9 4.3-4.2 0-2.3-1.9-4.3-4.3-4.3zM0 10.9v6.1c4 0 7.7 1.6 10.6 4.4 2.8 2.8 4.4 6.6 4.4 10.6h6.2c0-11.7-9.5-21.1-21.1-21.1zM0 0v6.1c14.2 0 25.8 11.6 25.8 25.9h6.2c0-17.6-14.4-32-32-32z\"\/><\/svg><\/span><\/a><\/li><\/ul><\/div>","protected":false},"excerpt":{"rendered":"<p>PHILIPP BAAR: &#8222;Maria und das Fleisch der goldenen K\u00e4lber&#8220;<br \/>\nEin verschrobener Detektiv und sein Hund suchen einen verschwundenen Jungen und die Liebe.<\/p>\n<ul>\n<li>Edition Subkultur, ca. 100 S.<\/li>\n<li>print ISBN: 978-3-948949-04-4<\/li>\n<li>epub ISBN: 978-3-948949-05-1<\/li>\n<li>2 Versionen<\/li>\n<\/ul>\n","protected":false},"featured_media":5791,"comment_status":"open","ping_status":"closed","template":"","meta":{"jetpack_publicize_message":"","jetpack_publicize_feature_enabled":true,"jetpack_social_post_already_shared":false,"jetpack_social_options":{"image_generator_settings":{"template":"highway","default_image_id":0,"font":"","enabled":false},"version":2}},"product_brand":[],"product_cat":[41,42,727,692],"product_tag":[428,744,745,365,529],"class_list":{"0":"post-5787","1":"product","2":"type-product","3":"status-publish","4":"has-post-thumbnail","6":"product_cat-buecher","7":"product_cat-digital","8":"product_cat-e-books","9":"product_cat-philipp-baar","10":"product_tag-edition-subkultur","11":"product_tag-hund","12":"product_tag-kirche","13":"product_tag-krimi","14":"product_tag-liebe","16":"first","17":"instock","18":"taxable","19":"shipping-taxable","20":"purchasable","21":"product-type-variable","22":"has-default-attributes"},"yoast_head":"<!-- This site is optimized with the Yoast SEO plugin v27.4 - https:\/\/yoast.com\/product\/yoast-seo-wordpress\/ -->\n<title>Maria und das Fleisch der goldenen K\u00e4lber - edition.subkultur<\/title>\n<meta name=\"description\" content=\"PHILIPP BAAR: &quot;Maria und das Fleisch der goldenen K\u00e4lber&quot; - Ein verschrobener Detektiv und sein Hund suchen einen verschwundenen Jungen und die Liebe. Edition Subkultur, ca. 100 S. print ISBN: 978-3-948949-04-4\" \/>\n<meta name=\"robots\" content=\"index, follow, max-snippet:-1, max-image-preview:large, max-video-preview:-1\" \/>\n<link rel=\"canonical\" href=\"https:\/\/www.subkultur.de\/edition\/shop\/maria-und-das-fleisch-der-goldenen-kaelber\/\" \/>\n<meta property=\"og:locale\" content=\"de_DE\" \/>\n<meta property=\"og:type\" content=\"article\" \/>\n<meta property=\"og:title\" content=\"Maria und das Fleisch der goldenen K\u00e4lber - edition.subkultur\" \/>\n<meta property=\"og:description\" content=\"PHILIPP BAAR: &quot;Maria und das Fleisch der goldenen K\u00e4lber&quot; - Ein verschrobener Detektiv und sein Hund suchen einen verschwundenen Jungen und die Liebe. Edition Subkultur, ca. 100 S. print ISBN: 978-3-948949-04-4\" \/>\n<meta property=\"og:url\" content=\"https:\/\/www.subkultur.de\/edition\/shop\/maria-und-das-fleisch-der-goldenen-kaelber\/\" \/>\n<meta property=\"og:site_name\" content=\"edition.subkultur\" \/>\n<meta property=\"article:publisher\" content=\"https:\/\/www.facebook.com\/edition.subkultur\/\" \/>\n<meta property=\"article:modified_time\" content=\"2025-01-09T14:35:06+00:00\" \/>\n<meta property=\"og:image\" content=\"https:\/\/www.subkultur.de\/edition\/wp-content\/uploads\/2020\/11\/coverweb.jpg\" \/>\n\t<meta property=\"og:image:width\" content=\"709\" \/>\n\t<meta property=\"og:image:height\" content=\"1152\" \/>\n\t<meta property=\"og:image:type\" content=\"image\/jpeg\" \/>\n<meta name=\"twitter:card\" content=\"summary_large_image\" \/>\n<meta name=\"twitter:label1\" content=\"Gesch\u00e4tzte Lesezeit\" \/>\n\t<meta name=\"twitter:data1\" content=\"1\u00a0Minute\" \/>\n<script type=\"application\/ld+json\" class=\"yoast-schema-graph\">{\"@context\":\"https:\\\/\\\/schema.org\",\"@graph\":[{\"@type\":\"WebPage\",\"@id\":\"https:\\\/\\\/www.subkultur.de\\\/edition\\\/shop\\\/maria-und-das-fleisch-der-goldenen-kaelber\\\/\",\"url\":\"https:\\\/\\\/www.subkultur.de\\\/edition\\\/shop\\\/maria-und-das-fleisch-der-goldenen-kaelber\\\/\",\"name\":\"Maria und das Fleisch der goldenen K\u00e4lber - edition.subkultur\",\"isPartOf\":{\"@id\":\"https:\\\/\\\/www.subkultur.de\\\/edition\\\/#website\"},\"primaryImageOfPage\":{\"@id\":\"https:\\\/\\\/www.subkultur.de\\\/edition\\\/shop\\\/maria-und-das-fleisch-der-goldenen-kaelber\\\/#primaryimage\"},\"image\":{\"@id\":\"https:\\\/\\\/www.subkultur.de\\\/edition\\\/shop\\\/maria-und-das-fleisch-der-goldenen-kaelber\\\/#primaryimage\"},\"thumbnailUrl\":\"https:\\\/\\\/www.subkultur.de\\\/edition\\\/wp-content\\\/uploads\\\/2020\\\/11\\\/coverweb.jpg\",\"datePublished\":\"2020-11-02T21:02:50+00:00\",\"dateModified\":\"2025-01-09T14:35:06+00:00\",\"description\":\"PHILIPP BAAR: \\\"Maria und das Fleisch der goldenen K\u00e4lber\\\" - Ein verschrobener Detektiv und sein Hund suchen einen verschwundenen Jungen und die Liebe. Edition Subkultur, ca. 100 S. print ISBN: 978-3-948949-04-4\",\"breadcrumb\":{\"@id\":\"https:\\\/\\\/www.subkultur.de\\\/edition\\\/shop\\\/maria-und-das-fleisch-der-goldenen-kaelber\\\/#breadcrumb\"},\"inLanguage\":\"de\",\"potentialAction\":[{\"@type\":\"ReadAction\",\"target\":[\"https:\\\/\\\/www.subkultur.de\\\/edition\\\/shop\\\/maria-und-das-fleisch-der-goldenen-kaelber\\\/\"]}]},{\"@type\":\"ImageObject\",\"inLanguage\":\"de\",\"@id\":\"https:\\\/\\\/www.subkultur.de\\\/edition\\\/shop\\\/maria-und-das-fleisch-der-goldenen-kaelber\\\/#primaryimage\",\"url\":\"https:\\\/\\\/www.subkultur.de\\\/edition\\\/wp-content\\\/uploads\\\/2020\\\/11\\\/coverweb.jpg\",\"contentUrl\":\"https:\\\/\\\/www.subkultur.de\\\/edition\\\/wp-content\\\/uploads\\\/2020\\\/11\\\/coverweb.jpg\",\"width\":709,\"height\":1152,\"caption\":\"Philipp Baar: \u201eMaria und das Fleisch der goldenen K\u00e4lber\u201c Edition Subkultur\"},{\"@type\":\"BreadcrumbList\",\"@id\":\"https:\\\/\\\/www.subkultur.de\\\/edition\\\/shop\\\/maria-und-das-fleisch-der-goldenen-kaelber\\\/#breadcrumb\",\"itemListElement\":[{\"@type\":\"ListItem\",\"position\":1,\"name\":\"Startseite\",\"item\":\"https:\\\/\\\/www.subkultur.de\\\/edition\\\/\"},{\"@type\":\"ListItem\",\"position\":2,\"name\":\"Shop\",\"item\":\"https:\\\/\\\/www.subkultur.de\\\/edition\\\/shop\\\/\"},{\"@type\":\"ListItem\",\"position\":3,\"name\":\"Maria und das Fleisch der goldenen K\u00e4lber\"}]},{\"@type\":\"WebSite\",\"@id\":\"https:\\\/\\\/www.subkultur.de\\\/edition\\\/#website\",\"url\":\"https:\\\/\\\/www.subkultur.de\\\/edition\\\/\",\"name\":\"edition.subkultur\",\"description\":\"Overground Literatur &amp; Music\",\"publisher\":{\"@id\":\"https:\\\/\\\/www.subkultur.de\\\/edition\\\/#organization\"},\"potentialAction\":[{\"@type\":\"SearchAction\",\"target\":{\"@type\":\"EntryPoint\",\"urlTemplate\":\"https:\\\/\\\/www.subkultur.de\\\/edition\\\/?s={search_term_string}\"},\"query-input\":{\"@type\":\"PropertyValueSpecification\",\"valueRequired\":true,\"valueName\":\"search_term_string\"}}],\"inLanguage\":\"de\"},{\"@type\":\"Organization\",\"@id\":\"https:\\\/\\\/www.subkultur.de\\\/edition\\\/#organization\",\"name\":\"Edition Subkultur\",\"url\":\"https:\\\/\\\/www.subkultur.de\\\/edition\\\/\",\"logo\":{\"@type\":\"ImageObject\",\"inLanguage\":\"de\",\"@id\":\"https:\\\/\\\/www.subkultur.de\\\/edition\\\/#\\\/schema\\\/logo\\\/image\\\/\",\"url\":\"https:\\\/\\\/i0.wp.com\\\/www.subkultur.de\\\/edition\\\/wp-content\\\/uploads\\\/2018\\\/08\\\/sublogo3001.png?fit=300%2C111&ssl=1\",\"contentUrl\":\"https:\\\/\\\/i0.wp.com\\\/www.subkultur.de\\\/edition\\\/wp-content\\\/uploads\\\/2018\\\/08\\\/sublogo3001.png?fit=300%2C111&ssl=1\",\"width\":300,\"height\":111,\"caption\":\"Edition Subkultur\"},\"image\":{\"@id\":\"https:\\\/\\\/www.subkultur.de\\\/edition\\\/#\\\/schema\\\/logo\\\/image\\\/\"},\"sameAs\":[\"https:\\\/\\\/www.facebook.com\\\/edition.subkultur\\\/\"]}]}<\/script>\n<!-- \/ Yoast SEO plugin. -->","yoast_head_json":{"title":"Maria und das Fleisch der goldenen K\u00e4lber - edition.subkultur","description":"PHILIPP BAAR: \"Maria und das Fleisch der goldenen K\u00e4lber\" - Ein verschrobener Detektiv und sein Hund suchen einen verschwundenen Jungen und die Liebe. Edition Subkultur, ca. 100 S. print ISBN: 978-3-948949-04-4","robots":{"index":"index","follow":"follow","max-snippet":"max-snippet:-1","max-image-preview":"max-image-preview:large","max-video-preview":"max-video-preview:-1"},"canonical":"https:\/\/www.subkultur.de\/edition\/shop\/maria-und-das-fleisch-der-goldenen-kaelber\/","og_locale":"de_DE","og_type":"article","og_title":"Maria und das Fleisch der goldenen K\u00e4lber - edition.subkultur","og_description":"PHILIPP BAAR: \"Maria und das Fleisch der goldenen K\u00e4lber\" - Ein verschrobener Detektiv und sein Hund suchen einen verschwundenen Jungen und die Liebe. Edition Subkultur, ca. 100 S. print ISBN: 978-3-948949-04-4","og_url":"https:\/\/www.subkultur.de\/edition\/shop\/maria-und-das-fleisch-der-goldenen-kaelber\/","og_site_name":"edition.subkultur","article_publisher":"https:\/\/www.facebook.com\/edition.subkultur\/","article_modified_time":"2025-01-09T14:35:06+00:00","og_image":[{"width":709,"height":1152,"url":"https:\/\/www.subkultur.de\/edition\/wp-content\/uploads\/2020\/11\/coverweb.jpg","type":"image\/jpeg"}],"twitter_card":"summary_large_image","twitter_misc":{"Gesch\u00e4tzte Lesezeit":"1\u00a0Minute"},"schema":{"@context":"https:\/\/schema.org","@graph":[{"@type":"WebPage","@id":"https:\/\/www.subkultur.de\/edition\/shop\/maria-und-das-fleisch-der-goldenen-kaelber\/","url":"https:\/\/www.subkultur.de\/edition\/shop\/maria-und-das-fleisch-der-goldenen-kaelber\/","name":"Maria und das Fleisch der goldenen K\u00e4lber - edition.subkultur","isPartOf":{"@id":"https:\/\/www.subkultur.de\/edition\/#website"},"primaryImageOfPage":{"@id":"https:\/\/www.subkultur.de\/edition\/shop\/maria-und-das-fleisch-der-goldenen-kaelber\/#primaryimage"},"image":{"@id":"https:\/\/www.subkultur.de\/edition\/shop\/maria-und-das-fleisch-der-goldenen-kaelber\/#primaryimage"},"thumbnailUrl":"https:\/\/www.subkultur.de\/edition\/wp-content\/uploads\/2020\/11\/coverweb.jpg","datePublished":"2020-11-02T21:02:50+00:00","dateModified":"2025-01-09T14:35:06+00:00","description":"PHILIPP BAAR: \"Maria und das Fleisch der goldenen K\u00e4lber\" - Ein verschrobener Detektiv und sein Hund suchen einen verschwundenen Jungen und die Liebe. Edition Subkultur, ca. 100 S. print ISBN: 978-3-948949-04-4","breadcrumb":{"@id":"https:\/\/www.subkultur.de\/edition\/shop\/maria-und-das-fleisch-der-goldenen-kaelber\/#breadcrumb"},"inLanguage":"de","potentialAction":[{"@type":"ReadAction","target":["https:\/\/www.subkultur.de\/edition\/shop\/maria-und-das-fleisch-der-goldenen-kaelber\/"]}]},{"@type":"ImageObject","inLanguage":"de","@id":"https:\/\/www.subkultur.de\/edition\/shop\/maria-und-das-fleisch-der-goldenen-kaelber\/#primaryimage","url":"https:\/\/www.subkultur.de\/edition\/wp-content\/uploads\/2020\/11\/coverweb.jpg","contentUrl":"https:\/\/www.subkultur.de\/edition\/wp-content\/uploads\/2020\/11\/coverweb.jpg","width":709,"height":1152,"caption":"Philipp Baar: \u201eMaria und das Fleisch der goldenen K\u00e4lber\u201c Edition Subkultur"},{"@type":"BreadcrumbList","@id":"https:\/\/www.subkultur.de\/edition\/shop\/maria-und-das-fleisch-der-goldenen-kaelber\/#breadcrumb","itemListElement":[{"@type":"ListItem","position":1,"name":"Startseite","item":"https:\/\/www.subkultur.de\/edition\/"},{"@type":"ListItem","position":2,"name":"Shop","item":"https:\/\/www.subkultur.de\/edition\/shop\/"},{"@type":"ListItem","position":3,"name":"Maria und das Fleisch der goldenen K\u00e4lber"}]},{"@type":"WebSite","@id":"https:\/\/www.subkultur.de\/edition\/#website","url":"https:\/\/www.subkultur.de\/edition\/","name":"edition.subkultur","description":"Overground Literatur &amp; Music","publisher":{"@id":"https:\/\/www.subkultur.de\/edition\/#organization"},"potentialAction":[{"@type":"SearchAction","target":{"@type":"EntryPoint","urlTemplate":"https:\/\/www.subkultur.de\/edition\/?s={search_term_string}"},"query-input":{"@type":"PropertyValueSpecification","valueRequired":true,"valueName":"search_term_string"}}],"inLanguage":"de"},{"@type":"Organization","@id":"https:\/\/www.subkultur.de\/edition\/#organization","name":"Edition Subkultur","url":"https:\/\/www.subkultur.de\/edition\/","logo":{"@type":"ImageObject","inLanguage":"de","@id":"https:\/\/www.subkultur.de\/edition\/#\/schema\/logo\/image\/","url":"https:\/\/i0.wp.com\/www.subkultur.de\/edition\/wp-content\/uploads\/2018\/08\/sublogo3001.png?fit=300%2C111&ssl=1","contentUrl":"https:\/\/i0.wp.com\/www.subkultur.de\/edition\/wp-content\/uploads\/2018\/08\/sublogo3001.png?fit=300%2C111&ssl=1","width":300,"height":111,"caption":"Edition Subkultur"},"image":{"@id":"https:\/\/www.subkultur.de\/edition\/#\/schema\/logo\/image\/"},"sameAs":["https:\/\/www.facebook.com\/edition.subkultur\/"]}]}},"jetpack_publicize_connections":[],"jetpack-related-posts":[{"id":7932,"url":"https:\/\/www.subkultur.de\/edition\/shop\/in-den-kronen\/","url_meta":{"origin":5787,"position":0},"title":"In den Kronen","author":"Thomas Manegold","date":"01.06.2022","format":false,"excerpt":"JULIAN SCHRAVEN: \u201eIn den Kronen\u201c Ein Rave Movie. Gregor auf der Suche nach dem Rave seines Lebens. Mit einem Cover von Sunnyi L\u00f6hmann. Edition Subkultur, ca. 170 S. print ISBN: 978-3-948949-22-8 epub ISBN: 978-3-948949-23-5 2 Versionen","rel":"","context":"Mit 1 Kommentar","block_context":{"text":"Mit 1 Kommentar","link":"https:\/\/www.subkultur.de\/edition\/shop\/in-den-kronen\/#comments"},"img":{"alt_text":"JULIAN SCHRAVEN: \u201eIn den Kronen\u201c - edition subkultur","src":"https:\/\/i0.wp.com\/www.subkultur.de\/edition\/wp-content\/uploads\/2022\/06\/kronencoverweb.jpg?resize=350%2C200&ssl=1","width":350,"height":200,"srcset":"https:\/\/i0.wp.com\/www.subkultur.de\/edition\/wp-content\/uploads\/2022\/06\/kronencoverweb.jpg?resize=350%2C200&ssl=1 1x, https:\/\/i0.wp.com\/www.subkultur.de\/edition\/wp-content\/uploads\/2022\/06\/kronencoverweb.jpg?resize=525%2C300&ssl=1 1.5x, https:\/\/i0.wp.com\/www.subkultur.de\/edition\/wp-content\/uploads\/2022\/06\/kronencoverweb.jpg?resize=700%2C400&ssl=1 2x"},"classes":[]},{"id":8277,"url":"https:\/\/www.subkultur.de\/edition\/shop\/der-kapitaen-der-aus-der-wanne-steigt\/","url_meta":{"origin":5787,"position":1},"title":"Der Kapit\u00e4n, der aus der Wanne steigt","author":"Thomas Manegold","date":"08.01.2024","format":false,"excerpt":"RITCHY FONDERMANN: \u201eDer Kapit\u00e4n, der aus der Wanne steigt\u201c. Zwei Erz\u00e4hler, zwei Reisen, ein Ziel. Ein poetischer Entwicklungsroman voller starker Bilder\u00a0 Edition Subkultur, 252 S. Buch ISBN: 978-3-948949-33-4 eBook ISBN: 978-3-948949-34-1 2 Versionen \u00a0","rel":"","context":"\u00c4hnlicher Beitrag","block_context":{"text":"\u00c4hnlicher Beitrag","link":""},"img":{"alt_text":"RITCHY FONDERMANN: \u201eDer Kapit\u00e4n, der aus der Wanne steigt\u201c\u2028","src":"https:\/\/i0.wp.com\/www.subkultur.de\/edition\/wp-content\/uploads\/2024\/01\/cover-ritchyweb.jpg?resize=350%2C200&ssl=1","width":350,"height":200,"srcset":"https:\/\/i0.wp.com\/www.subkultur.de\/edition\/wp-content\/uploads\/2024\/01\/cover-ritchyweb.jpg?resize=350%2C200&ssl=1 1x, https:\/\/i0.wp.com\/www.subkultur.de\/edition\/wp-content\/uploads\/2024\/01\/cover-ritchyweb.jpg?resize=525%2C300&ssl=1 1.5x, https:\/\/i0.wp.com\/www.subkultur.de\/edition\/wp-content\/uploads\/2024\/01\/cover-ritchyweb.jpg?resize=700%2C400&ssl=1 2x"},"classes":[]},{"id":8380,"url":"https:\/\/www.subkultur.de\/edition\/shop\/naechster-halt-im-land-des-vergessens\/","url_meta":{"origin":5787,"position":2},"title":"N\u00e4chster Halt: Im Land des Vergessens","author":"Thomas Manegold","date":"13.09.2024","format":false,"excerpt":"MIKIS WESENSBITTER: \u201eN\u00e4chster Halt: Im Land des Vergessens\u201c Geschichten aus dem Alltag eines Sozialarbeiters. Edition Subkultur, 164 S. Buch ISBN: 978-3-948949-40-2 eBook ISBN: 978-3-948949-41-9 \u00a02 Versionen","rel":"","context":"\u00c4hnlicher Beitrag","block_context":{"text":"\u00c4hnlicher Beitrag","link":""},"img":{"alt_text":"Mikis Wesensbitter \"N\u00e4chster Halt: Im Land des Vergessens\"","src":"https:\/\/i0.wp.com\/www.subkultur.de\/edition\/wp-content\/uploads\/2024\/09\/Landdesvergessensweb.jpg?resize=350%2C200&ssl=1","width":350,"height":200,"srcset":"https:\/\/i0.wp.com\/www.subkultur.de\/edition\/wp-content\/uploads\/2024\/09\/Landdesvergessensweb.jpg?resize=350%2C200&ssl=1 1x, https:\/\/i0.wp.com\/www.subkultur.de\/edition\/wp-content\/uploads\/2024\/09\/Landdesvergessensweb.jpg?resize=525%2C300&ssl=1 1.5x, https:\/\/i0.wp.com\/www.subkultur.de\/edition\/wp-content\/uploads\/2024\/09\/Landdesvergessensweb.jpg?resize=700%2C400&ssl=1 2x"},"classes":[]},{"id":6642,"url":"https:\/\/www.subkultur.de\/edition\/shop\/an-der-mittellinie-stehen-die-coolen-jungs\/","url_meta":{"origin":5787,"position":3},"title":"An der Mittellinie stehen die coolen Jungs","author":"Thomas Manegold","date":"22.05.2021","format":false,"excerpt":"Mikis Wesensbitter: \u201eAn der Mittellinie stehen die coolen Jungs\u201c, Roman, 2. Auflage, Mai 2021, Edition Subkultur Berlin. Neue\u00a0 Softcover-Auflage ab Februar 2026 Edition Subkultur, ca. 224 S. hc ISBN: 978-3-948949-14-3 epub ISBN: 978-3-948949-15-0 sc ISBN: 978-3-948949-53-2 3 Versionen: \u00a0","rel":"","context":"\u00c4hnlicher Beitrag","block_context":{"text":"\u00c4hnlicher Beitrag","link":""},"img":{"alt_text":"Mikis Wesensbitter: \u201eAn der Mittellinie stehen die coolen Jungs\u201c","src":"https:\/\/i0.wp.com\/www.subkultur.de\/edition\/wp-content\/uploads\/2021\/05\/Mittell-Hardcoverweb.jpg?resize=350%2C200&ssl=1","width":350,"height":200,"srcset":"https:\/\/i0.wp.com\/www.subkultur.de\/edition\/wp-content\/uploads\/2021\/05\/Mittell-Hardcoverweb.jpg?resize=350%2C200&ssl=1 1x, https:\/\/i0.wp.com\/www.subkultur.de\/edition\/wp-content\/uploads\/2021\/05\/Mittell-Hardcoverweb.jpg?resize=525%2C300&ssl=1 1.5x, https:\/\/i0.wp.com\/www.subkultur.de\/edition\/wp-content\/uploads\/2021\/05\/Mittell-Hardcoverweb.jpg?resize=700%2C400&ssl=1 2x"},"classes":[]},{"id":8034,"url":"https:\/\/www.subkultur.de\/edition\/shop\/provinzrebellen\/","url_meta":{"origin":5787,"position":4},"title":"Provinzrebellen","author":"Thomas Manegold","date":"02.11.2022","format":false,"excerpt":"SIBBE RAKETE: \u201eProvinzrebellen\u201c - Ein 90er-Jahre-Roman voller Punks in d\u00f6rflicher Tristesse, Revolte, Partys und Punk-Mucke Edition Subkultur, ca. 210 S. print ISBN: 978-3-948949-29-7 epub ISBN: 978-3-948949-30-3 2 Versionen","rel":"","context":"Mit 2 Kommentaren","block_context":{"text":"Mit 2 Kommentaren","link":"https:\/\/www.subkultur.de\/edition\/shop\/provinzrebellen\/#comments"},"img":{"alt_text":"SIBBE RAKETE: \u201eProvinzrebellen\u201c - subkultur","src":"https:\/\/i0.wp.com\/www.subkultur.de\/edition\/wp-content\/uploads\/2022\/11\/Provinzcoverweb.jpg?resize=350%2C200&ssl=1","width":350,"height":200,"srcset":"https:\/\/i0.wp.com\/www.subkultur.de\/edition\/wp-content\/uploads\/2022\/11\/Provinzcoverweb.jpg?resize=350%2C200&ssl=1 1x, https:\/\/i0.wp.com\/www.subkultur.de\/edition\/wp-content\/uploads\/2022\/11\/Provinzcoverweb.jpg?resize=525%2C300&ssl=1 1.5x, https:\/\/i0.wp.com\/www.subkultur.de\/edition\/wp-content\/uploads\/2022\/11\/Provinzcoverweb.jpg?resize=700%2C400&ssl=1 2x"},"classes":[]},{"id":8018,"url":"https:\/\/www.subkultur.de\/edition\/shop\/elysion-tartaros\/","url_meta":{"origin":5787,"position":5},"title":"Elysion &#038; Tartaros","author":"Thomas Manegold","date":"27.09.2022","format":false,"excerpt":"SASCHA DINSE: \"Elysion & Tartaros \u2013 Erz\u00e4hlungen\". Neue Geschichten zwischen Horror, Dark Fantasy und Science Fiction vom Meister des subtilen Grauens Edition Subkultur, ca. 270 S. print ISBN: 978-3-948949-20-4 epub ISBN: 978-3-948949-21-1 2 Versionen Ab 13. Oktober 2022","rel":"","context":"Mit 2 Kommentaren","block_context":{"text":"Mit 2 Kommentaren","link":"https:\/\/www.subkultur.de\/edition\/shop\/elysion-tartaros\/#comments"},"img":{"alt_text":"SASCHA DINSE: \"Elysion & Tartaros\" \u2013 Edition Subkultur","src":"https:\/\/i0.wp.com\/www.subkultur.de\/edition\/wp-content\/uploads\/2022\/09\/Elysion-Coverweb.jpg?resize=350%2C200&ssl=1","width":350,"height":200,"srcset":"https:\/\/i0.wp.com\/www.subkultur.de\/edition\/wp-content\/uploads\/2022\/09\/Elysion-Coverweb.jpg?resize=350%2C200&ssl=1 1x, https:\/\/i0.wp.com\/www.subkultur.de\/edition\/wp-content\/uploads\/2022\/09\/Elysion-Coverweb.jpg?resize=525%2C300&ssl=1 1.5x, https:\/\/i0.wp.com\/www.subkultur.de\/edition\/wp-content\/uploads\/2022\/09\/Elysion-Coverweb.jpg?resize=700%2C400&ssl=1 2x"},"classes":[]}],"jetpack_sharing_enabled":true,"_links":{"self":[{"href":"https:\/\/www.subkultur.de\/edition\/wp-json\/wp\/v2\/product\/5787","targetHints":{"allow":["GET"]}}],"collection":[{"href":"https:\/\/www.subkultur.de\/edition\/wp-json\/wp\/v2\/product"}],"about":[{"href":"https:\/\/www.subkultur.de\/edition\/wp-json\/wp\/v2\/types\/product"}],"replies":[{"embeddable":true,"href":"https:\/\/www.subkultur.de\/edition\/wp-json\/wp\/v2\/comments?post=5787"}],"wp:featuredmedia":[{"embeddable":true,"href":"https:\/\/www.subkultur.de\/edition\/wp-json\/wp\/v2\/media\/5791"}],"wp:attachment":[{"href":"https:\/\/www.subkultur.de\/edition\/wp-json\/wp\/v2\/media?parent=5787"}],"wp:term":[{"taxonomy":"product_brand","embeddable":true,"href":"https:\/\/www.subkultur.de\/edition\/wp-json\/wp\/v2\/product_brand?post=5787"},{"taxonomy":"product_cat","embeddable":true,"href":"https:\/\/www.subkultur.de\/edition\/wp-json\/wp\/v2\/product_cat?post=5787"},{"taxonomy":"product_tag","embeddable":true,"href":"https:\/\/www.subkultur.de\/edition\/wp-json\/wp\/v2\/product_tag?post=5787"}],"curies":[{"name":"wp","href":"https:\/\/api.w.org\/{rel}","templated":true}]}}