{"id":6460,"date":"2021-04-16T22:23:24","date_gmt":"2021-04-16T20:23:24","guid":{"rendered":"https:\/\/www.subkultur.de\/edition\/?post_type=product&#038;p=6460"},"modified":"2024-01-11T00:15:40","modified_gmt":"2024-01-10T23:15:40","slug":"freitag-der-dreissigste","status":"publish","type":"product","link":"https:\/\/www.subkultur.de\/edition\/shop\/freitag-der-dreissigste\/","title":{"rendered":"Freitag, der Drei\u00dfigste"},"content":{"rendered":"<p>Sascha muss raus. Raus aus dem Sauerland, weg von ihrer Familie. Es verschl\u00e4gt sie nach Hamburg. Doch auch dort l\u00e4sst die Vergangenheit sie nicht los. Sie muss unbedingt Svenja finden, die Freundin ihres Bruders. Doch Sascha kennt weder ihren Nachnamen, noch wei\u00df sie, wie Svenja aussieht.<\/p>\n<p>Robert ist raus. Raus aus seinem Job, raus aus seinem alten Freundeskreis. Ohne einen Plan, wie es weitergehen soll, schl\u00e4gt er sich weiter die N\u00e4chte in seiner Lieblingskneipe um die Ohren. Er muss zu sich selbst finden und will der K\u00fcnstler werden, der er immer schon sein wollte. Doch Robert wei\u00df nicht, wie er damit anfangen soll.<\/p>\n<p>An einem Sp\u00e4tsommertag in Hamburg treffen Robert und Sascha aufeinander und ihre gemeinsame Geschichte beginnt. Sie begeben sich auf eine emotionale Reise, auf der sie Kiezoriginalen, Heizungsablesern, russischen Komponisten, einem Baum mit Postanschrift und nicht zuletzt immer wieder ihrer eigenen Biografie begegnen.<\/p>\n<p><strong>Dieser Roman ist das erste Hardcover-Buch in der Edition Subkultur und wird\u00a0 am Freitag, den 30.04.2021 ver\u00f6ffentlicht. Au\u00dferdem erscheint der Roman als E-Book f\u00fcr alle Reader sowie als ungek\u00fcrzte Lesung als MP3-CD im Digipack und als Audio-Download. Das H\u00f6rbuch erscheint am Freitag, den 30.07.2021. Bitte die gew\u00fcnschte Variante ausw\u00e4hlen.<br \/>\n<\/strong><\/p>\n<div class=\"shariff shariff-align-left shariff-widget-align-left\"><ul class=\"shariff-buttons theme-round orientation-horizontal buttonsize-small\"><li class=\"shariff-button facebook\" style=\"background-color:#666666\"><a href=\"https:\/\/www.facebook.com\/sharer\/sharer.php?u=https%3A%2F%2Fwww.subkultur.de%2Fedition%2Fshop%2Ffreitag-der-dreissigste%2F\" title=\"Bei Facebook teilen\" aria-label=\"Bei Facebook teilen\" role=\"button\" rel=\"nofollow\" class=\"shariff-link\" style=\"; background-color:#990000; color:#fff\" target=\"_blank\"><span class=\"shariff-icon\" style=\"\"><svg width=\"32px\" height=\"20px\" xmlns=\"http:\/\/www.w3.org\/2000\/svg\" viewBox=\"0 0 18 32\"><path fill=\"#3b5998\" d=\"M17.1 0.2v4.7h-2.8q-1.5 0-2.1 0.6t-0.5 1.9v3.4h5.2l-0.7 5.3h-4.5v13.6h-5.5v-13.6h-4.5v-5.3h4.5v-3.9q0-3.3 1.9-5.2t5-1.8q2.6 0 4.1 0.2z\"\/><\/svg><\/span><\/a><\/li><li class=\"shariff-button twitter\" style=\"background-color:#666666\"><a href=\"https:\/\/twitter.com\/share?url=https%3A%2F%2Fwww.subkultur.de%2Fedition%2Fshop%2Ffreitag-der-dreissigste%2F&text=Freitag%2C%20der%20Drei%C3%9Figste\" title=\"Bei X teilen\" aria-label=\"Bei X teilen\" role=\"button\" rel=\"noopener nofollow\" class=\"shariff-link\" style=\"; background-color:#990000; color:#fff\" target=\"_blank\"><span class=\"shariff-icon\" style=\"\"><svg width=\"32px\" height=\"20px\" xmlns=\"http:\/\/www.w3.org\/2000\/svg\" viewBox=\"0 0 24 24\"><path fill=\"#000\" d=\"M14.258 10.152L23.176 0h-2.113l-7.747 8.813L7.133 0H0l9.352 13.328L0 23.973h2.113l8.176-9.309 6.531 9.309h7.133zm-2.895 3.293l-.949-1.328L2.875 1.56h3.246l6.086 8.523.945 1.328 7.91 11.078h-3.246zm0 0\"\/><\/svg><\/span><\/a><\/li><li class=\"shariff-button whatsapp shariff-mobile\" style=\"background-color:#666666\"><a href=\"https:\/\/api.whatsapp.com\/send?text=https%3A%2F%2Fwww.subkultur.de%2Fedition%2Fshop%2Ffreitag-der-dreissigste%2F%20Freitag%2C%20der%20Drei%C3%9Figste\" title=\"Bei Whatsapp teilen\" aria-label=\"Bei Whatsapp teilen\" role=\"button\" rel=\"noopener nofollow\" class=\"shariff-link\" style=\"; background-color:#990000; color:#fff\" target=\"_blank\"><span class=\"shariff-icon\" style=\"\"><svg width=\"32px\" height=\"20px\" xmlns=\"http:\/\/www.w3.org\/2000\/svg\" viewBox=\"0 0 32 32\"><path fill=\"#34af23\" d=\"M17.6 17.4q0.2 0 1.7 0.8t1.6 0.9q0 0.1 0 0.3 0 0.6-0.3 1.4-0.3 0.7-1.3 1.2t-1.8 0.5q-1 0-3.4-1.1-1.7-0.8-3-2.1t-2.6-3.3q-1.3-1.9-1.3-3.5v-0.1q0.1-1.6 1.3-2.8 0.4-0.4 0.9-0.4 0.1 0 0.3 0t0.3 0q0.3 0 0.5 0.1t0.3 0.5q0.1 0.4 0.6 1.6t0.4 1.3q0 0.4-0.6 1t-0.6 0.8q0 0.1 0.1 0.3 0.6 1.3 1.8 2.4 1 0.9 2.7 1.8 0.2 0.1 0.4 0.1 0.3 0 1-0.9t0.9-0.9zM14 26.9q2.3 0 4.3-0.9t3.6-2.4 2.4-3.6 0.9-4.3-0.9-4.3-2.4-3.6-3.6-2.4-4.3-0.9-4.3 0.9-3.6 2.4-2.4 3.6-0.9 4.3q0 3.6 2.1 6.6l-1.4 4.2 4.3-1.4q2.8 1.9 6.2 1.9zM14 2.2q2.7 0 5.2 1.1t4.3 2.9 2.9 4.3 1.1 5.2-1.1 5.2-2.9 4.3-4.3 2.9-5.2 1.1q-3.5 0-6.5-1.7l-7.4 2.4 2.4-7.2q-1.9-3.2-1.9-6.9 0-2.7 1.1-5.2t2.9-4.3 4.3-2.9 5.2-1.1z\"\/><\/svg><\/span><\/a><\/li><li class=\"shariff-button paypal\" style=\"background-color:#666666\"><a href=\"https:\/\/www.paypal.com\/cgi-bin\/webscr?cmd=_s-xclick&#038;hosted_button_id=PLJWJSQLT8Z36\" title=\"Spenden mit PayPal\" aria-label=\"Spenden mit PayPal\" role=\"button\" rel=\"noopener nofollow\" class=\"shariff-link\" style=\"; background-color:#990000; color:#fff\" target=\"_blank\"><span class=\"shariff-icon\" style=\"\"><svg width=\"32px\" height=\"20px\" xmlns=\"http:\/\/www.w3.org\/2000\/svg\" viewBox=\"0 0 32 32\"><path fill=\"#009cde\" d=\"M19.9 8q0-2.8-4.2-2.8h-1.2q-0.6 0-1.1 0.4t-0.6 0.9l-1.1 4.9q0 0.1 0 0.3 0 0.4 0.3 0.7t0.7 0.3h0.9q1.2 0 2.3-0.2t2-0.7 1.5-1.5 0.5-2.3zM30.6 10.7q0 4.7-3.9 7.6-3.9 2.9-10.9 2.9h-1.1q-0.6 0-1.1 0.4t-0.6 0.9l-1.3 5.6q-0.1 0.6-0.7 1.1t-1.2 0.5h-3.8q-0.6 0-0.9-0.4t-0.4-0.9q0-0.2 0.2-1.2h2.7q0.6 0 1.1-0.4t0.7-1l1.3-5.6q0.1-0.6 0.7-1t1.1-0.4h1.1q7 0 10.8-2.9t3.9-7.5q0-2.3-0.9-3.7 3.3 1.6 3.3 6zM27.4 7.4q0 4.7-3.9 7.6-3.9 2.9-10.9 2.9h-1.1q-0.6 0-1.1 0.4t-0.6 0.9l-1.3 5.6q-0.1 0.6-0.7 1.1t-1.2 0.5h-3.8q-0.6 0-0.9-0.3t-0.4-0.9q0-0.1 0-0.4l5.4-23.2q0.1-0.6 0.7-1.1t1.2-0.5h7.9q1.2 0 2.2 0.1t2.2 0.3 2 0.5 1.7 0.9 1.4 1.3 0.9 1.8 0.3 2.4z\"\/><\/svg><\/span><\/a><\/li><li class=\"shariff-button rss\" style=\"background-color:#666666\"><a href=\"https:\/\/www.subkultur.de\/edition\/feed\/rss\/\" title=\"RSS-feed\" aria-label=\"RSS-feed\" role=\"button\" class=\"shariff-link\" style=\"; background-color:#990000; color:#fff\" target=\"_blank\"><span class=\"shariff-icon\" style=\"\"><svg width=\"32px\" height=\"20px\" xmlns=\"http:\/\/www.w3.org\/2000\/svg\" viewBox=\"0 0 32 32\"><path fill=\"#fe9312\" d=\"M4.3 23.5c-2.3 0-4.3 1.9-4.3 4.3 0 2.3 1.9 4.2 4.3 4.2 2.4 0 4.3-1.9 4.3-4.2 0-2.3-1.9-4.3-4.3-4.3zM0 10.9v6.1c4 0 7.7 1.6 10.6 4.4 2.8 2.8 4.4 6.6 4.4 10.6h6.2c0-11.7-9.5-21.1-21.1-21.1zM0 0v6.1c14.2 0 25.8 11.6 25.8 25.9h6.2c0-17.6-14.4-32-32-32z\"\/><\/svg><\/span><\/a><\/li><\/ul><\/div>","protected":false},"excerpt":{"rendered":"<p>Fondermann &amp; Gebhardt: \u201eFreitag, der Drei\u00dfigste\u201c<br \/>\nZwei Menschen ver\u00e4ndern ihr Leben und versuchen dabei, nicht davonzulaufen.<\/p>\n<ul>\n<li>Edition Subkultur, ca. 172 S.<\/li>\n<li>print ISBN: 978-3-948949-08-2<\/li>\n<li>epub ISBN: 978-3-948949-09-9<\/li>\n<li>mp3 ISBN: 978-3-948949-16-7<\/li>\n<li>3Versionen:<\/li>\n<\/ul>\n","protected":false},"featured_media":6466,"comment_status":"open","ping_status":"closed","template":"","meta":{"jetpack_publicize_message":"","jetpack_publicize_feature_enabled":true,"jetpack_social_post_already_shared":true,"jetpack_social_options":{"image_generator_settings":{"template":"highway","default_image_id":0,"font":"","enabled":false},"version":2}},"product_brand":[],"product_cat":[41,727,759,795],"product_tag":[530,428,762,478,474,763,764,185],"class_list":{"0":"post-6460","1":"product","2":"type-product","3":"status-publish","4":"has-post-thumbnail","6":"product_cat-buecher","7":"product_cat-e-books","8":"product_cat-fondermann-und-gebhardt","9":"product_cat-ritchy-fondermann","10":"product_tag-coming-of-age","11":"product_tag-edition-subkultur","12":"product_tag-fondermann","13":"product_tag-freiheit","14":"product_tag-freundschaft","15":"product_tag-gebhardt","16":"product_tag-hardcover","17":"product_tag-roman","19":"first","20":"instock","21":"taxable","22":"shipping-taxable","23":"purchasable","24":"product-type-variable","25":"has-default-attributes"},"yoast_head":"<!-- This site is optimized with the Yoast SEO plugin v27.4 - https:\/\/yoast.com\/product\/yoast-seo-wordpress\/ -->\n<title>Freitag, der Drei\u00dfigste - edition.subkultur<\/title>\n<meta name=\"description\" content=\"Dieser Roman ist das erste Hardcover-Buch in der Edition Subkultur und erscheint am Freitag, den 30.04.2021. Au\u00dferdem erscheint der Roman als E-Book f\u00fcr alle Reader sowie als ungek\u00fcrzte Lesung als MP3-CD im Digipack und als Audio-Download.\" \/>\n<meta name=\"robots\" content=\"index, follow, max-snippet:-1, max-image-preview:large, max-video-preview:-1\" \/>\n<link rel=\"canonical\" href=\"https:\/\/www.subkultur.de\/edition\/shop\/freitag-der-dreissigste\/\" \/>\n<meta property=\"og:locale\" content=\"de_DE\" \/>\n<meta property=\"og:type\" content=\"article\" \/>\n<meta property=\"og:title\" content=\"Freitag, der Drei\u00dfigste - edition.subkultur\" \/>\n<meta property=\"og:description\" content=\"Dieser Roman ist das erste Hardcover-Buch in der Edition Subkultur und erscheint am Freitag, den 30.04.2021. Au\u00dferdem erscheint der Roman als E-Book f\u00fcr alle Reader sowie als ungek\u00fcrzte Lesung als MP3-CD im Digipack und als Audio-Download.\" \/>\n<meta property=\"og:url\" content=\"https:\/\/www.subkultur.de\/edition\/shop\/freitag-der-dreissigste\/\" \/>\n<meta property=\"og:site_name\" content=\"edition.subkultur\" \/>\n<meta property=\"article:publisher\" content=\"https:\/\/www.facebook.com\/edition.subkultur\/\" \/>\n<meta property=\"article:modified_time\" content=\"2024-01-10T23:15:40+00:00\" \/>\n<meta property=\"og:image\" content=\"https:\/\/www.subkultur.de\/edition\/wp-content\/uploads\/2021\/04\/Coverweb.jpg\" \/>\n\t<meta property=\"og:image:width\" content=\"827\" \/>\n\t<meta property=\"og:image:height\" content=\"1311\" \/>\n\t<meta property=\"og:image:type\" content=\"image\/jpeg\" \/>\n<meta name=\"twitter:card\" content=\"summary_large_image\" \/>\n<meta name=\"twitter:label1\" content=\"Gesch\u00e4tzte Lesezeit\" \/>\n\t<meta name=\"twitter:data1\" content=\"2\u00a0Minuten\" \/>\n<script type=\"application\/ld+json\" class=\"yoast-schema-graph\">{\"@context\":\"https:\\\/\\\/schema.org\",\"@graph\":[{\"@type\":\"WebPage\",\"@id\":\"https:\\\/\\\/www.subkultur.de\\\/edition\\\/shop\\\/freitag-der-dreissigste\\\/\",\"url\":\"https:\\\/\\\/www.subkultur.de\\\/edition\\\/shop\\\/freitag-der-dreissigste\\\/\",\"name\":\"Freitag, der Drei\u00dfigste - edition.subkultur\",\"isPartOf\":{\"@id\":\"https:\\\/\\\/www.subkultur.de\\\/edition\\\/#website\"},\"primaryImageOfPage\":{\"@id\":\"https:\\\/\\\/www.subkultur.de\\\/edition\\\/shop\\\/freitag-der-dreissigste\\\/#primaryimage\"},\"image\":{\"@id\":\"https:\\\/\\\/www.subkultur.de\\\/edition\\\/shop\\\/freitag-der-dreissigste\\\/#primaryimage\"},\"thumbnailUrl\":\"https:\\\/\\\/www.subkultur.de\\\/edition\\\/wp-content\\\/uploads\\\/2021\\\/04\\\/Coverweb.jpg\",\"datePublished\":\"2021-04-16T20:23:24+00:00\",\"dateModified\":\"2024-01-10T23:15:40+00:00\",\"description\":\"Dieser Roman ist das erste Hardcover-Buch in der Edition Subkultur und erscheint am Freitag, den 30.04.2021. Au\u00dferdem erscheint der Roman als E-Book f\u00fcr alle Reader sowie als ungek\u00fcrzte Lesung als MP3-CD im Digipack und als Audio-Download.\",\"breadcrumb\":{\"@id\":\"https:\\\/\\\/www.subkultur.de\\\/edition\\\/shop\\\/freitag-der-dreissigste\\\/#breadcrumb\"},\"inLanguage\":\"de\",\"potentialAction\":[{\"@type\":\"ReadAction\",\"target\":[\"https:\\\/\\\/www.subkultur.de\\\/edition\\\/shop\\\/freitag-der-dreissigste\\\/\"]}]},{\"@type\":\"ImageObject\",\"inLanguage\":\"de\",\"@id\":\"https:\\\/\\\/www.subkultur.de\\\/edition\\\/shop\\\/freitag-der-dreissigste\\\/#primaryimage\",\"url\":\"https:\\\/\\\/www.subkultur.de\\\/edition\\\/wp-content\\\/uploads\\\/2021\\\/04\\\/Coverweb.jpg\",\"contentUrl\":\"https:\\\/\\\/www.subkultur.de\\\/edition\\\/wp-content\\\/uploads\\\/2021\\\/04\\\/Coverweb.jpg\",\"width\":827,\"height\":1311,\"caption\":\"Ritchy Fondermann und Lars Gebhardt: \u201eFreitag, der Drei\u00dfigste\u201c - edition subkultur\"},{\"@type\":\"BreadcrumbList\",\"@id\":\"https:\\\/\\\/www.subkultur.de\\\/edition\\\/shop\\\/freitag-der-dreissigste\\\/#breadcrumb\",\"itemListElement\":[{\"@type\":\"ListItem\",\"position\":1,\"name\":\"Startseite\",\"item\":\"https:\\\/\\\/www.subkultur.de\\\/edition\\\/\"},{\"@type\":\"ListItem\",\"position\":2,\"name\":\"Shop\",\"item\":\"https:\\\/\\\/www.subkultur.de\\\/edition\\\/shop\\\/\"},{\"@type\":\"ListItem\",\"position\":3,\"name\":\"Freitag, der Drei\u00dfigste\"}]},{\"@type\":\"WebSite\",\"@id\":\"https:\\\/\\\/www.subkultur.de\\\/edition\\\/#website\",\"url\":\"https:\\\/\\\/www.subkultur.de\\\/edition\\\/\",\"name\":\"edition.subkultur\",\"description\":\"Overground Literatur &amp; Music\",\"publisher\":{\"@id\":\"https:\\\/\\\/www.subkultur.de\\\/edition\\\/#organization\"},\"potentialAction\":[{\"@type\":\"SearchAction\",\"target\":{\"@type\":\"EntryPoint\",\"urlTemplate\":\"https:\\\/\\\/www.subkultur.de\\\/edition\\\/?s={search_term_string}\"},\"query-input\":{\"@type\":\"PropertyValueSpecification\",\"valueRequired\":true,\"valueName\":\"search_term_string\"}}],\"inLanguage\":\"de\"},{\"@type\":\"Organization\",\"@id\":\"https:\\\/\\\/www.subkultur.de\\\/edition\\\/#organization\",\"name\":\"Edition Subkultur\",\"url\":\"https:\\\/\\\/www.subkultur.de\\\/edition\\\/\",\"logo\":{\"@type\":\"ImageObject\",\"inLanguage\":\"de\",\"@id\":\"https:\\\/\\\/www.subkultur.de\\\/edition\\\/#\\\/schema\\\/logo\\\/image\\\/\",\"url\":\"https:\\\/\\\/i0.wp.com\\\/www.subkultur.de\\\/edition\\\/wp-content\\\/uploads\\\/2018\\\/08\\\/sublogo3001.png?fit=300%2C111&ssl=1\",\"contentUrl\":\"https:\\\/\\\/i0.wp.com\\\/www.subkultur.de\\\/edition\\\/wp-content\\\/uploads\\\/2018\\\/08\\\/sublogo3001.png?fit=300%2C111&ssl=1\",\"width\":300,\"height\":111,\"caption\":\"Edition Subkultur\"},\"image\":{\"@id\":\"https:\\\/\\\/www.subkultur.de\\\/edition\\\/#\\\/schema\\\/logo\\\/image\\\/\"},\"sameAs\":[\"https:\\\/\\\/www.facebook.com\\\/edition.subkultur\\\/\"]}]}<\/script>\n<!-- \/ Yoast SEO plugin. -->","yoast_head_json":{"title":"Freitag, der Drei\u00dfigste - edition.subkultur","description":"Dieser Roman ist das erste Hardcover-Buch in der Edition Subkultur und erscheint am Freitag, den 30.04.2021. Au\u00dferdem erscheint der Roman als E-Book f\u00fcr alle Reader sowie als ungek\u00fcrzte Lesung als MP3-CD im Digipack und als Audio-Download.","robots":{"index":"index","follow":"follow","max-snippet":"max-snippet:-1","max-image-preview":"max-image-preview:large","max-video-preview":"max-video-preview:-1"},"canonical":"https:\/\/www.subkultur.de\/edition\/shop\/freitag-der-dreissigste\/","og_locale":"de_DE","og_type":"article","og_title":"Freitag, der Drei\u00dfigste - edition.subkultur","og_description":"Dieser Roman ist das erste Hardcover-Buch in der Edition Subkultur und erscheint am Freitag, den 30.04.2021. Au\u00dferdem erscheint der Roman als E-Book f\u00fcr alle Reader sowie als ungek\u00fcrzte Lesung als MP3-CD im Digipack und als Audio-Download.","og_url":"https:\/\/www.subkultur.de\/edition\/shop\/freitag-der-dreissigste\/","og_site_name":"edition.subkultur","article_publisher":"https:\/\/www.facebook.com\/edition.subkultur\/","article_modified_time":"2024-01-10T23:15:40+00:00","og_image":[{"width":827,"height":1311,"url":"https:\/\/www.subkultur.de\/edition\/wp-content\/uploads\/2021\/04\/Coverweb.jpg","type":"image\/jpeg"}],"twitter_card":"summary_large_image","twitter_misc":{"Gesch\u00e4tzte Lesezeit":"2\u00a0Minuten"},"schema":{"@context":"https:\/\/schema.org","@graph":[{"@type":"WebPage","@id":"https:\/\/www.subkultur.de\/edition\/shop\/freitag-der-dreissigste\/","url":"https:\/\/www.subkultur.de\/edition\/shop\/freitag-der-dreissigste\/","name":"Freitag, der Drei\u00dfigste - edition.subkultur","isPartOf":{"@id":"https:\/\/www.subkultur.de\/edition\/#website"},"primaryImageOfPage":{"@id":"https:\/\/www.subkultur.de\/edition\/shop\/freitag-der-dreissigste\/#primaryimage"},"image":{"@id":"https:\/\/www.subkultur.de\/edition\/shop\/freitag-der-dreissigste\/#primaryimage"},"thumbnailUrl":"https:\/\/www.subkultur.de\/edition\/wp-content\/uploads\/2021\/04\/Coverweb.jpg","datePublished":"2021-04-16T20:23:24+00:00","dateModified":"2024-01-10T23:15:40+00:00","description":"Dieser Roman ist das erste Hardcover-Buch in der Edition Subkultur und erscheint am Freitag, den 30.04.2021. Au\u00dferdem erscheint der Roman als E-Book f\u00fcr alle Reader sowie als ungek\u00fcrzte Lesung als MP3-CD im Digipack und als Audio-Download.","breadcrumb":{"@id":"https:\/\/www.subkultur.de\/edition\/shop\/freitag-der-dreissigste\/#breadcrumb"},"inLanguage":"de","potentialAction":[{"@type":"ReadAction","target":["https:\/\/www.subkultur.de\/edition\/shop\/freitag-der-dreissigste\/"]}]},{"@type":"ImageObject","inLanguage":"de","@id":"https:\/\/www.subkultur.de\/edition\/shop\/freitag-der-dreissigste\/#primaryimage","url":"https:\/\/www.subkultur.de\/edition\/wp-content\/uploads\/2021\/04\/Coverweb.jpg","contentUrl":"https:\/\/www.subkultur.de\/edition\/wp-content\/uploads\/2021\/04\/Coverweb.jpg","width":827,"height":1311,"caption":"Ritchy Fondermann und Lars Gebhardt: \u201eFreitag, der Drei\u00dfigste\u201c - edition subkultur"},{"@type":"BreadcrumbList","@id":"https:\/\/www.subkultur.de\/edition\/shop\/freitag-der-dreissigste\/#breadcrumb","itemListElement":[{"@type":"ListItem","position":1,"name":"Startseite","item":"https:\/\/www.subkultur.de\/edition\/"},{"@type":"ListItem","position":2,"name":"Shop","item":"https:\/\/www.subkultur.de\/edition\/shop\/"},{"@type":"ListItem","position":3,"name":"Freitag, der Drei\u00dfigste"}]},{"@type":"WebSite","@id":"https:\/\/www.subkultur.de\/edition\/#website","url":"https:\/\/www.subkultur.de\/edition\/","name":"edition.subkultur","description":"Overground Literatur &amp; Music","publisher":{"@id":"https:\/\/www.subkultur.de\/edition\/#organization"},"potentialAction":[{"@type":"SearchAction","target":{"@type":"EntryPoint","urlTemplate":"https:\/\/www.subkultur.de\/edition\/?s={search_term_string}"},"query-input":{"@type":"PropertyValueSpecification","valueRequired":true,"valueName":"search_term_string"}}],"inLanguage":"de"},{"@type":"Organization","@id":"https:\/\/www.subkultur.de\/edition\/#organization","name":"Edition Subkultur","url":"https:\/\/www.subkultur.de\/edition\/","logo":{"@type":"ImageObject","inLanguage":"de","@id":"https:\/\/www.subkultur.de\/edition\/#\/schema\/logo\/image\/","url":"https:\/\/i0.wp.com\/www.subkultur.de\/edition\/wp-content\/uploads\/2018\/08\/sublogo3001.png?fit=300%2C111&ssl=1","contentUrl":"https:\/\/i0.wp.com\/www.subkultur.de\/edition\/wp-content\/uploads\/2018\/08\/sublogo3001.png?fit=300%2C111&ssl=1","width":300,"height":111,"caption":"Edition Subkultur"},"image":{"@id":"https:\/\/www.subkultur.de\/edition\/#\/schema\/logo\/image\/"},"sameAs":["https:\/\/www.facebook.com\/edition.subkultur\/"]}]}},"jetpack_publicize_connections":[],"jetpack-related-posts":[{"id":8018,"url":"https:\/\/www.subkultur.de\/edition\/shop\/elysion-tartaros\/","url_meta":{"origin":6460,"position":0},"title":"Elysion &#038; Tartaros","author":"Thomas Manegold","date":"27.09.2022","format":false,"excerpt":"SASCHA DINSE: \"Elysion & Tartaros \u2013 Erz\u00e4hlungen\". Neue Geschichten zwischen Horror, Dark Fantasy und Science Fiction vom Meister des subtilen Grauens Edition Subkultur, ca. 270 S. print ISBN: 978-3-948949-20-4 epub ISBN: 978-3-948949-21-1 2 Versionen Ab 13. Oktober 2022","rel":"","context":"Mit 2 Kommentaren","block_context":{"text":"Mit 2 Kommentaren","link":"https:\/\/www.subkultur.de\/edition\/shop\/elysion-tartaros\/#comments"},"img":{"alt_text":"SASCHA DINSE: \"Elysion & Tartaros\" \u2013 Edition Subkultur","src":"https:\/\/i0.wp.com\/www.subkultur.de\/edition\/wp-content\/uploads\/2022\/09\/Elysion-Coverweb.jpg?resize=350%2C200&ssl=1","width":350,"height":200,"srcset":"https:\/\/i0.wp.com\/www.subkultur.de\/edition\/wp-content\/uploads\/2022\/09\/Elysion-Coverweb.jpg?resize=350%2C200&ssl=1 1x, https:\/\/i0.wp.com\/www.subkultur.de\/edition\/wp-content\/uploads\/2022\/09\/Elysion-Coverweb.jpg?resize=525%2C300&ssl=1 1.5x, https:\/\/i0.wp.com\/www.subkultur.de\/edition\/wp-content\/uploads\/2022\/09\/Elysion-Coverweb.jpg?resize=700%2C400&ssl=1 2x"},"classes":[]},{"id":4157,"url":"https:\/\/www.subkultur.de\/edition\/shop\/hop-on-hop-off\/","url_meta":{"origin":6460,"position":1},"title":"Hop On Hop Off","author":"Thomas Manegold","date":"22.02.2020","format":false,"excerpt":"JOOST RENDERS: \u201eHop On Hop Off\u201c Eine Stadt, viele Katastrophen. Ein Berlin-Roman. Edition Subkultur print ISBN: 978-3-943412-87-1 epub ISBN: 978-3-943412-88-8 2 Versionen","rel":"","context":"\u00c4hnlicher Beitrag","block_context":{"text":"\u00c4hnlicher Beitrag","link":""},"img":{"alt_text":"JOOST RENDERS: \u201eHop On Hop Off\u201c - subkultur","src":"https:\/\/i0.wp.com\/www.subkultur.de\/edition\/wp-content\/uploads\/2020\/01\/Coverweb.jpg?resize=350%2C200&ssl=1","width":350,"height":200,"srcset":"https:\/\/i0.wp.com\/www.subkultur.de\/edition\/wp-content\/uploads\/2020\/01\/Coverweb.jpg?resize=350%2C200&ssl=1 1x, https:\/\/i0.wp.com\/www.subkultur.de\/edition\/wp-content\/uploads\/2020\/01\/Coverweb.jpg?resize=525%2C300&ssl=1 1.5x, https:\/\/i0.wp.com\/www.subkultur.de\/edition\/wp-content\/uploads\/2020\/01\/Coverweb.jpg?resize=700%2C400&ssl=1 2x"},"classes":[]},{"id":1851,"url":"https:\/\/www.subkultur.de\/edition\/shop\/genpoolparty-buch\/","url_meta":{"origin":6460,"position":2},"title":"Genpoolparty (Buch)","author":"Thomas Manegold","date":"17.05.2016","format":false,"excerpt":"HC ROTH: \u201eGenpoolparty\u201c Und das Becken voller Tr\u00e4nen. Ein Episodenroman \u00fcber Inzest, Liebe, Alkohol und die Folgen von Lebensl\u00fcgen.Mit Illustrationen von AKU! (www.akupower.de), Buch, Softcover 118 S., 12x18cm, print ISBN: 978-3-943412-25-3, , epub ISBN: 978-3-943412-74-1, Edition Subkultur","rel":"","context":"\u00c4hnlicher Beitrag","block_context":{"text":"\u00c4hnlicher Beitrag","link":""},"img":{"alt_text":"HC Roth Genpoolparty","src":"https:\/\/i0.wp.com\/www.subkultur.de\/edition\/wp-content\/uploads\/2016\/05\/genpoolparty1000web.jpg?resize=350%2C200&ssl=1","width":350,"height":200,"srcset":"https:\/\/i0.wp.com\/www.subkultur.de\/edition\/wp-content\/uploads\/2016\/05\/genpoolparty1000web.jpg?resize=350%2C200&ssl=1 1x, https:\/\/i0.wp.com\/www.subkultur.de\/edition\/wp-content\/uploads\/2016\/05\/genpoolparty1000web.jpg?resize=525%2C300&ssl=1 1.5x, https:\/\/i0.wp.com\/www.subkultur.de\/edition\/wp-content\/uploads\/2016\/05\/genpoolparty1000web.jpg?resize=700%2C400&ssl=1 2x"},"classes":[]},{"id":5135,"url":"https:\/\/www.subkultur.de\/edition\/shop\/krasse-kurze\/","url_meta":{"origin":6460,"position":3},"title":"Krasse Kurze","author":"Thomas Manegold","date":"19.07.2020","format":false,"excerpt":"SASCHA DINSE: \u00bbKrasse Kurze\u00ab 31 Geschichten. Jetzt in zweiter Auflage bei Subkultur print ISBN: 978-3-943412-98-7 epub ISBN: 978-3-943412-99-4 2 Versionen","rel":"","context":"Mit 1 Kommentar","block_context":{"text":"Mit 1 Kommentar","link":"https:\/\/www.subkultur.de\/edition\/shop\/krasse-kurze\/#comments"},"img":{"alt_text":"Sascha Dinse - Krasse Kurze - edition subkultur","src":"https:\/\/i0.wp.com\/www.subkultur.de\/edition\/wp-content\/uploads\/2020\/07\/kk1web.jpg?resize=350%2C200&ssl=1","width":350,"height":200,"srcset":"https:\/\/i0.wp.com\/www.subkultur.de\/edition\/wp-content\/uploads\/2020\/07\/kk1web.jpg?resize=350%2C200&ssl=1 1x, https:\/\/i0.wp.com\/www.subkultur.de\/edition\/wp-content\/uploads\/2020\/07\/kk1web.jpg?resize=525%2C300&ssl=1 1.5x, https:\/\/i0.wp.com\/www.subkultur.de\/edition\/wp-content\/uploads\/2020\/07\/kk1web.jpg?resize=700%2C400&ssl=1 2x"},"classes":[]},{"id":8490,"url":"https:\/\/www.subkultur.de\/edition\/shop\/keine-smileys\/","url_meta":{"origin":6460,"position":4},"title":"Keine Smileys","author":"Thomas Manegold","date":"16.12.2025","format":false,"excerpt":"LINA CARLO: \u201eKeine Smileys \u2013 High-Speed-Novelle\u201c AB Januar 2026 Edition Subkultur, ca. 116 S. print ISBN: 978-3-948949-51-8 epub ISBN: 978-3-948949-52-5 2 Versionen","rel":"","context":"\u00c4hnlicher Beitrag","block_context":{"text":"\u00c4hnlicher Beitrag","link":""},"img":{"alt_text":"Lina Carlo - Keine Smileys - Edition Subkultur","src":"https:\/\/i0.wp.com\/www.subkultur.de\/edition\/wp-content\/uploads\/2025\/12\/smileycover-web.jpg?resize=350%2C200&ssl=1","width":350,"height":200,"srcset":"https:\/\/i0.wp.com\/www.subkultur.de\/edition\/wp-content\/uploads\/2025\/12\/smileycover-web.jpg?resize=350%2C200&ssl=1 1x, https:\/\/i0.wp.com\/www.subkultur.de\/edition\/wp-content\/uploads\/2025\/12\/smileycover-web.jpg?resize=525%2C300&ssl=1 1.5x, https:\/\/i0.wp.com\/www.subkultur.de\/edition\/wp-content\/uploads\/2025\/12\/smileycover-web.jpg?resize=700%2C400&ssl=1 2x"},"classes":[]},{"id":984,"url":"https:\/\/www.subkultur.de\/edition\/shop\/gespraeche-mit-goth\/","url_meta":{"origin":6460,"position":5},"title":"Gespr\u00e4che mit Goth","author":"Thomas Manegold","date":"10.10.2013","format":false,"excerpt":"THOMAS MANEGOLD: \u201eGespr\u00e4che mit Goth\u201c, Episodenroman, Softcover, 170 S., print ISBN: 978-3-943412-06-2, epub ISBN: 978-3-943412-56-7, Edition Subkultur, GLP: 12,80\u20ac (D)","rel":"","context":"\u00c4hnlicher Beitrag","block_context":{"text":"\u00c4hnlicher Beitrag","link":""},"img":{"alt_text":"Thomas Manegold: \"Gespr\u00e4che mit Goth\"","src":"https:\/\/i0.wp.com\/www.subkultur.de\/edition\/wp-content\/uploads\/2013\/10\/gothcover900web.jpg?resize=350%2C200&ssl=1","width":350,"height":200,"srcset":"https:\/\/i0.wp.com\/www.subkultur.de\/edition\/wp-content\/uploads\/2013\/10\/gothcover900web.jpg?resize=350%2C200&ssl=1 1x, https:\/\/i0.wp.com\/www.subkultur.de\/edition\/wp-content\/uploads\/2013\/10\/gothcover900web.jpg?resize=525%2C300&ssl=1 1.5x"},"classes":[]}],"jetpack_sharing_enabled":true,"_links":{"self":[{"href":"https:\/\/www.subkultur.de\/edition\/wp-json\/wp\/v2\/product\/6460","targetHints":{"allow":["GET"]}}],"collection":[{"href":"https:\/\/www.subkultur.de\/edition\/wp-json\/wp\/v2\/product"}],"about":[{"href":"https:\/\/www.subkultur.de\/edition\/wp-json\/wp\/v2\/types\/product"}],"replies":[{"embeddable":true,"href":"https:\/\/www.subkultur.de\/edition\/wp-json\/wp\/v2\/comments?post=6460"}],"wp:featuredmedia":[{"embeddable":true,"href":"https:\/\/www.subkultur.de\/edition\/wp-json\/wp\/v2\/media\/6466"}],"wp:attachment":[{"href":"https:\/\/www.subkultur.de\/edition\/wp-json\/wp\/v2\/media?parent=6460"}],"wp:term":[{"taxonomy":"product_brand","embeddable":true,"href":"https:\/\/www.subkultur.de\/edition\/wp-json\/wp\/v2\/product_brand?post=6460"},{"taxonomy":"product_cat","embeddable":true,"href":"https:\/\/www.subkultur.de\/edition\/wp-json\/wp\/v2\/product_cat?post=6460"},{"taxonomy":"product_tag","embeddable":true,"href":"https:\/\/www.subkultur.de\/edition\/wp-json\/wp\/v2\/product_tag?post=6460"}],"curies":[{"name":"wp","href":"https:\/\/api.w.org\/{rel}","templated":true}]}}