{"id":6692,"date":"2021-07-06T21:03:55","date_gmt":"2021-07-06T19:03:55","guid":{"rendered":"https:\/\/www.subkultur.de\/edition\/?post_type=product&#038;p=6692"},"modified":"2024-01-11T00:10:23","modified_gmt":"2024-01-10T23:10:23","slug":"acht-cola-acht-bier","status":"publish","type":"product","link":"https:\/\/www.subkultur.de\/edition\/shop\/acht-cola-acht-bier\/","title":{"rendered":"Acht Cola, acht Bier"},"content":{"rendered":"<p><strong>50 lustige Kurzgeschichten \u00fcber Freundschaft, Kameradenschweine und den Gro\u00dfstadtpolizeialltag.<\/strong><\/p>\n<p>Polizisten erkennt man daran, dass sie sportlich sind, einen Bart haben und sich nie, wirklich niemals bei jemandem f\u00fcr ihr Verhalten entschuldigen. Also die meisten. Swob nicht. Er ist Polizist in Berlin. Als er durch Zufall bei einem Einsatz den Kleinkriminellen Leon trifft und sie Freunde werden, ist es dahin mit dem rechten und ordentlichen Leben. Zusammen h\u00e4ngen sie in ihrer Lieblingskneipe Unterm Schwanz ab, gehen auf Demos, erfinden spannende neue Kaffeemischgetr\u00e4nke, werden Reality-TV-Stars oder klauen auch mal die Badesachen eines \u00e4lteren Badeseegastes in Brandenburg. Doch \u00fcber allem schwebt das Verfahren, das Swob dank Leon wegen Strafvereitelung im Amt droht.<\/p>\n<p>Das Buch gibt es in der ersten Auflage inklusive ACAB-Postkarte.<\/p>\n<div class=\"shariff shariff-align-flex-end shariff-widget-align-flex-end\"><ul class=\"shariff-buttons theme-round orientation-horizontal buttonsize-small\"><li class=\"shariff-button facebook\" style=\"background-color:#666666\"><a href=\"https:\/\/www.facebook.com\/sharer\/sharer.php?u=https%3A%2F%2Fwww.subkultur.de%2Fedition%2Fshop%2Facht-cola-acht-bier%2F\" title=\"Bei Facebook teilen\" aria-label=\"Bei Facebook teilen\" role=\"button\" rel=\"nofollow\" class=\"shariff-link\" style=\"; background-color:#990000; color:#fff\" target=\"_blank\"><span class=\"shariff-icon\" style=\"\"><svg width=\"32px\" height=\"20px\" xmlns=\"http:\/\/www.w3.org\/2000\/svg\" viewBox=\"0 0 18 32\"><path fill=\"#3b5998\" d=\"M17.1 0.2v4.7h-2.8q-1.5 0-2.1 0.6t-0.5 1.9v3.4h5.2l-0.7 5.3h-4.5v13.6h-5.5v-13.6h-4.5v-5.3h4.5v-3.9q0-3.3 1.9-5.2t5-1.8q2.6 0 4.1 0.2z\"\/><\/svg><\/span><\/a><\/li><li class=\"shariff-button twitter\" style=\"background-color:#666666\"><a href=\"https:\/\/twitter.com\/share?url=https%3A%2F%2Fwww.subkultur.de%2Fedition%2Fshop%2Facht-cola-acht-bier%2F&text=Acht%20Cola%2C%20acht%20Bier\" title=\"Bei X teilen\" aria-label=\"Bei X teilen\" role=\"button\" rel=\"noopener nofollow\" class=\"shariff-link\" style=\"; background-color:#990000; color:#fff\" target=\"_blank\"><span class=\"shariff-icon\" style=\"\"><svg width=\"32px\" height=\"20px\" xmlns=\"http:\/\/www.w3.org\/2000\/svg\" viewBox=\"0 0 24 24\"><path fill=\"#000\" d=\"M14.258 10.152L23.176 0h-2.113l-7.747 8.813L7.133 0H0l9.352 13.328L0 23.973h2.113l8.176-9.309 6.531 9.309h7.133zm-2.895 3.293l-.949-1.328L2.875 1.56h3.246l6.086 8.523.945 1.328 7.91 11.078h-3.246zm0 0\"\/><\/svg><\/span><\/a><\/li><li class=\"shariff-button whatsapp shariff-mobile\" style=\"background-color:#666666\"><a href=\"https:\/\/api.whatsapp.com\/send?text=https%3A%2F%2Fwww.subkultur.de%2Fedition%2Fshop%2Facht-cola-acht-bier%2F%20Acht%20Cola%2C%20acht%20Bier\" title=\"Bei Whatsapp teilen\" aria-label=\"Bei Whatsapp teilen\" role=\"button\" rel=\"noopener nofollow\" class=\"shariff-link\" style=\"; background-color:#990000; color:#fff\" target=\"_blank\"><span class=\"shariff-icon\" style=\"\"><svg width=\"32px\" height=\"20px\" xmlns=\"http:\/\/www.w3.org\/2000\/svg\" viewBox=\"0 0 32 32\"><path fill=\"#34af23\" d=\"M17.6 17.4q0.2 0 1.7 0.8t1.6 0.9q0 0.1 0 0.3 0 0.6-0.3 1.4-0.3 0.7-1.3 1.2t-1.8 0.5q-1 0-3.4-1.1-1.7-0.8-3-2.1t-2.6-3.3q-1.3-1.9-1.3-3.5v-0.1q0.1-1.6 1.3-2.8 0.4-0.4 0.9-0.4 0.1 0 0.3 0t0.3 0q0.3 0 0.5 0.1t0.3 0.5q0.1 0.4 0.6 1.6t0.4 1.3q0 0.4-0.6 1t-0.6 0.8q0 0.1 0.1 0.3 0.6 1.3 1.8 2.4 1 0.9 2.7 1.8 0.2 0.1 0.4 0.1 0.3 0 1-0.9t0.9-0.9zM14 26.9q2.3 0 4.3-0.9t3.6-2.4 2.4-3.6 0.9-4.3-0.9-4.3-2.4-3.6-3.6-2.4-4.3-0.9-4.3 0.9-3.6 2.4-2.4 3.6-0.9 4.3q0 3.6 2.1 6.6l-1.4 4.2 4.3-1.4q2.8 1.9 6.2 1.9zM14 2.2q2.7 0 5.2 1.1t4.3 2.9 2.9 4.3 1.1 5.2-1.1 5.2-2.9 4.3-4.3 2.9-5.2 1.1q-3.5 0-6.5-1.7l-7.4 2.4 2.4-7.2q-1.9-3.2-1.9-6.9 0-2.7 1.1-5.2t2.9-4.3 4.3-2.9 5.2-1.1z\"\/><\/svg><\/span><\/a><\/li><li class=\"shariff-button paypal\" style=\"background-color:#666666\"><a href=\"https:\/\/www.paypal.com\/cgi-bin\/webscr?cmd=_s-xclick&#038;hosted_button_id=PLJWJSQLT8Z36\" title=\"Spenden mit PayPal\" aria-label=\"Spenden mit PayPal\" role=\"button\" rel=\"noopener nofollow\" class=\"shariff-link\" style=\"; background-color:#990000; color:#fff\" target=\"_blank\"><span class=\"shariff-icon\" style=\"\"><svg width=\"32px\" height=\"20px\" xmlns=\"http:\/\/www.w3.org\/2000\/svg\" viewBox=\"0 0 32 32\"><path fill=\"#009cde\" d=\"M19.9 8q0-2.8-4.2-2.8h-1.2q-0.6 0-1.1 0.4t-0.6 0.9l-1.1 4.9q0 0.1 0 0.3 0 0.4 0.3 0.7t0.7 0.3h0.9q1.2 0 2.3-0.2t2-0.7 1.5-1.5 0.5-2.3zM30.6 10.7q0 4.7-3.9 7.6-3.9 2.9-10.9 2.9h-1.1q-0.6 0-1.1 0.4t-0.6 0.9l-1.3 5.6q-0.1 0.6-0.7 1.1t-1.2 0.5h-3.8q-0.6 0-0.9-0.4t-0.4-0.9q0-0.2 0.2-1.2h2.7q0.6 0 1.1-0.4t0.7-1l1.3-5.6q0.1-0.6 0.7-1t1.1-0.4h1.1q7 0 10.8-2.9t3.9-7.5q0-2.3-0.9-3.7 3.3 1.6 3.3 6zM27.4 7.4q0 4.7-3.9 7.6-3.9 2.9-10.9 2.9h-1.1q-0.6 0-1.1 0.4t-0.6 0.9l-1.3 5.6q-0.1 0.6-0.7 1.1t-1.2 0.5h-3.8q-0.6 0-0.9-0.3t-0.4-0.9q0-0.1 0-0.4l5.4-23.2q0.1-0.6 0.7-1.1t1.2-0.5h7.9q1.2 0 2.2 0.1t2.2 0.3 2 0.5 1.7 0.9 1.4 1.3 0.9 1.8 0.3 2.4z\"\/><\/svg><\/span><\/a><\/li><li class=\"shariff-button rss\" style=\"background-color:#666666\"><a href=\"https:\/\/www.subkultur.de\/edition\/feed\/rss\/\" title=\"RSS-feed\" aria-label=\"RSS-feed\" role=\"button\" class=\"shariff-link\" style=\"; background-color:#990000; color:#fff\" target=\"_blank\"><span class=\"shariff-icon\" style=\"\"><svg width=\"32px\" height=\"20px\" xmlns=\"http:\/\/www.w3.org\/2000\/svg\" viewBox=\"0 0 32 32\"><path fill=\"#fe9312\" d=\"M4.3 23.5c-2.3 0-4.3 1.9-4.3 4.3 0 2.3 1.9 4.2 4.3 4.2 2.4 0 4.3-1.9 4.3-4.2 0-2.3-1.9-4.3-4.3-4.3zM0 10.9v6.1c4 0 7.7 1.6 10.6 4.4 2.8 2.8 4.4 6.6 4.4 10.6h6.2c0-11.7-9.5-21.1-21.1-21.1zM0 0v6.1c14.2 0 25.8 11.6 25.8 25.9h6.2c0-17.6-14.4-32-32-32z\"\/><\/svg><\/span><\/a><\/li><\/ul><\/div>","protected":false},"excerpt":{"rendered":"<p>MATHIEU SWOBODA: Acht Cola, acht Bier. Kurzgeschichten. Die besten Momente einer Freundschaft zwischen einem Polizisten und einem Kleinkriminellen.<\/p>\n<ul>\n<li>Edition Subkultur<\/li>\n<li>Cover: AKU! (www.akupower.de)<\/li>\n<li>print ISBN: 978-3-948949-12-9<\/li>\n<li>epub ISBN: 978-3-948949-13-6<\/li>\n<\/ul>\n","protected":false},"featured_media":6693,"comment_status":"open","ping_status":"closed","template":"","meta":{"jetpack_publicize_message":"","jetpack_publicize_feature_enabled":true,"jetpack_social_post_already_shared":true,"jetpack_social_options":{"image_generator_settings":{"template":"highway","default_image_id":0,"font":"","enabled":false},"version":2}},"product_brand":[],"product_cat":[41,727,770],"product_tag":[772,425,423,771],"class_list":{"0":"post-6692","1":"product","2":"type-product","3":"status-publish","4":"has-post-thumbnail","6":"product_cat-buecher","7":"product_cat-e-books","8":"product_cat-mathieu-swoboda","9":"product_tag-acab","10":"product_tag-berlin","11":"product_tag-kurzgeschichten","12":"product_tag-polizei","14":"first","15":"instock","16":"taxable","17":"shipping-taxable","18":"purchasable","19":"product-type-variable","20":"has-default-attributes"},"yoast_head":"<!-- This site is optimized with the Yoast SEO plugin v27.4 - https:\/\/yoast.com\/product\/yoast-seo-wordpress\/ -->\n<title>Acht Cola, acht Bier - edition.subkultur<\/title>\n<meta name=\"description\" content=\"MATHIEU SWOBODA: Acht Cola, acht Bier. Kurzgeschichten. Die besten Momente einer Freundschaft zwischen einem Polizisten und einem Kleinkriminellen.Edition SubkulturCover: AKU! (www.akupower.de)print ISBN: 978-3-948949-12-9\" \/>\n<meta name=\"robots\" content=\"index, follow, max-snippet:-1, max-image-preview:large, max-video-preview:-1\" \/>\n<link rel=\"canonical\" href=\"https:\/\/www.subkultur.de\/edition\/shop\/acht-cola-acht-bier\/\" \/>\n<meta property=\"og:locale\" content=\"de_DE\" \/>\n<meta property=\"og:type\" content=\"article\" \/>\n<meta property=\"og:title\" content=\"Acht Cola, acht Bier - edition.subkultur\" \/>\n<meta property=\"og:description\" content=\"MATHIEU SWOBODA: Acht Cola, acht Bier. Kurzgeschichten. Die besten Momente einer Freundschaft zwischen einem Polizisten und einem Kleinkriminellen.Edition SubkulturCover: AKU! (www.akupower.de)print ISBN: 978-3-948949-12-9\" \/>\n<meta property=\"og:url\" content=\"https:\/\/www.subkultur.de\/edition\/shop\/acht-cola-acht-bier\/\" \/>\n<meta property=\"og:site_name\" content=\"edition.subkultur\" \/>\n<meta property=\"article:publisher\" content=\"https:\/\/www.facebook.com\/edition.subkultur\/\" \/>\n<meta property=\"article:modified_time\" content=\"2024-01-10T23:10:23+00:00\" \/>\n<meta property=\"og:image\" content=\"https:\/\/www.subkultur.de\/edition\/wp-content\/uploads\/2021\/07\/coverweb.jpg\" \/>\n\t<meta property=\"og:image:width\" content=\"709\" \/>\n\t<meta property=\"og:image:height\" content=\"1152\" \/>\n\t<meta property=\"og:image:type\" content=\"image\/jpeg\" \/>\n<meta name=\"twitter:card\" content=\"summary_large_image\" \/>\n<meta name=\"twitter:label1\" content=\"Gesch\u00e4tzte Lesezeit\" \/>\n\t<meta name=\"twitter:data1\" content=\"1\u00a0Minute\" \/>\n<script type=\"application\/ld+json\" class=\"yoast-schema-graph\">{\"@context\":\"https:\\\/\\\/schema.org\",\"@graph\":[{\"@type\":\"WebPage\",\"@id\":\"https:\\\/\\\/www.subkultur.de\\\/edition\\\/shop\\\/acht-cola-acht-bier\\\/\",\"url\":\"https:\\\/\\\/www.subkultur.de\\\/edition\\\/shop\\\/acht-cola-acht-bier\\\/\",\"name\":\"Acht Cola, acht Bier - edition.subkultur\",\"isPartOf\":{\"@id\":\"https:\\\/\\\/www.subkultur.de\\\/edition\\\/#website\"},\"primaryImageOfPage\":{\"@id\":\"https:\\\/\\\/www.subkultur.de\\\/edition\\\/shop\\\/acht-cola-acht-bier\\\/#primaryimage\"},\"image\":{\"@id\":\"https:\\\/\\\/www.subkultur.de\\\/edition\\\/shop\\\/acht-cola-acht-bier\\\/#primaryimage\"},\"thumbnailUrl\":\"https:\\\/\\\/www.subkultur.de\\\/edition\\\/wp-content\\\/uploads\\\/2021\\\/07\\\/coverweb.jpg\",\"datePublished\":\"2021-07-06T19:03:55+00:00\",\"dateModified\":\"2024-01-10T23:10:23+00:00\",\"description\":\"MATHIEU SWOBODA: Acht Cola, acht Bier. Kurzgeschichten. Die besten Momente einer Freundschaft zwischen einem Polizisten und einem Kleinkriminellen.Edition SubkulturCover: AKU! (www.akupower.de)print ISBN: 978-3-948949-12-9\",\"breadcrumb\":{\"@id\":\"https:\\\/\\\/www.subkultur.de\\\/edition\\\/shop\\\/acht-cola-acht-bier\\\/#breadcrumb\"},\"inLanguage\":\"de\",\"potentialAction\":[{\"@type\":\"ReadAction\",\"target\":[\"https:\\\/\\\/www.subkultur.de\\\/edition\\\/shop\\\/acht-cola-acht-bier\\\/\"]}]},{\"@type\":\"ImageObject\",\"inLanguage\":\"de\",\"@id\":\"https:\\\/\\\/www.subkultur.de\\\/edition\\\/shop\\\/acht-cola-acht-bier\\\/#primaryimage\",\"url\":\"https:\\\/\\\/www.subkultur.de\\\/edition\\\/wp-content\\\/uploads\\\/2021\\\/07\\\/coverweb.jpg\",\"contentUrl\":\"https:\\\/\\\/www.subkultur.de\\\/edition\\\/wp-content\\\/uploads\\\/2021\\\/07\\\/coverweb.jpg\",\"width\":709,\"height\":1152},{\"@type\":\"BreadcrumbList\",\"@id\":\"https:\\\/\\\/www.subkultur.de\\\/edition\\\/shop\\\/acht-cola-acht-bier\\\/#breadcrumb\",\"itemListElement\":[{\"@type\":\"ListItem\",\"position\":1,\"name\":\"Startseite\",\"item\":\"https:\\\/\\\/www.subkultur.de\\\/edition\\\/\"},{\"@type\":\"ListItem\",\"position\":2,\"name\":\"Shop\",\"item\":\"https:\\\/\\\/www.subkultur.de\\\/edition\\\/shop\\\/\"},{\"@type\":\"ListItem\",\"position\":3,\"name\":\"Acht Cola, acht Bier\"}]},{\"@type\":\"WebSite\",\"@id\":\"https:\\\/\\\/www.subkultur.de\\\/edition\\\/#website\",\"url\":\"https:\\\/\\\/www.subkultur.de\\\/edition\\\/\",\"name\":\"edition.subkultur\",\"description\":\"Overground Literatur &amp; Music\",\"publisher\":{\"@id\":\"https:\\\/\\\/www.subkultur.de\\\/edition\\\/#organization\"},\"potentialAction\":[{\"@type\":\"SearchAction\",\"target\":{\"@type\":\"EntryPoint\",\"urlTemplate\":\"https:\\\/\\\/www.subkultur.de\\\/edition\\\/?s={search_term_string}\"},\"query-input\":{\"@type\":\"PropertyValueSpecification\",\"valueRequired\":true,\"valueName\":\"search_term_string\"}}],\"inLanguage\":\"de\"},{\"@type\":\"Organization\",\"@id\":\"https:\\\/\\\/www.subkultur.de\\\/edition\\\/#organization\",\"name\":\"Edition Subkultur\",\"url\":\"https:\\\/\\\/www.subkultur.de\\\/edition\\\/\",\"logo\":{\"@type\":\"ImageObject\",\"inLanguage\":\"de\",\"@id\":\"https:\\\/\\\/www.subkultur.de\\\/edition\\\/#\\\/schema\\\/logo\\\/image\\\/\",\"url\":\"https:\\\/\\\/i0.wp.com\\\/www.subkultur.de\\\/edition\\\/wp-content\\\/uploads\\\/2018\\\/08\\\/sublogo3001.png?fit=300%2C111&ssl=1\",\"contentUrl\":\"https:\\\/\\\/i0.wp.com\\\/www.subkultur.de\\\/edition\\\/wp-content\\\/uploads\\\/2018\\\/08\\\/sublogo3001.png?fit=300%2C111&ssl=1\",\"width\":300,\"height\":111,\"caption\":\"Edition Subkultur\"},\"image\":{\"@id\":\"https:\\\/\\\/www.subkultur.de\\\/edition\\\/#\\\/schema\\\/logo\\\/image\\\/\"},\"sameAs\":[\"https:\\\/\\\/www.facebook.com\\\/edition.subkultur\\\/\"]}]}<\/script>\n<!-- \/ Yoast SEO plugin. -->","yoast_head_json":{"title":"Acht Cola, acht Bier - edition.subkultur","description":"MATHIEU SWOBODA: Acht Cola, acht Bier. Kurzgeschichten. Die besten Momente einer Freundschaft zwischen einem Polizisten und einem Kleinkriminellen.Edition SubkulturCover: AKU! (www.akupower.de)print ISBN: 978-3-948949-12-9","robots":{"index":"index","follow":"follow","max-snippet":"max-snippet:-1","max-image-preview":"max-image-preview:large","max-video-preview":"max-video-preview:-1"},"canonical":"https:\/\/www.subkultur.de\/edition\/shop\/acht-cola-acht-bier\/","og_locale":"de_DE","og_type":"article","og_title":"Acht Cola, acht Bier - edition.subkultur","og_description":"MATHIEU SWOBODA: Acht Cola, acht Bier. Kurzgeschichten. Die besten Momente einer Freundschaft zwischen einem Polizisten und einem Kleinkriminellen.Edition SubkulturCover: AKU! (www.akupower.de)print ISBN: 978-3-948949-12-9","og_url":"https:\/\/www.subkultur.de\/edition\/shop\/acht-cola-acht-bier\/","og_site_name":"edition.subkultur","article_publisher":"https:\/\/www.facebook.com\/edition.subkultur\/","article_modified_time":"2024-01-10T23:10:23+00:00","og_image":[{"width":709,"height":1152,"url":"https:\/\/www.subkultur.de\/edition\/wp-content\/uploads\/2021\/07\/coverweb.jpg","type":"image\/jpeg"}],"twitter_card":"summary_large_image","twitter_misc":{"Gesch\u00e4tzte Lesezeit":"1\u00a0Minute"},"schema":{"@context":"https:\/\/schema.org","@graph":[{"@type":"WebPage","@id":"https:\/\/www.subkultur.de\/edition\/shop\/acht-cola-acht-bier\/","url":"https:\/\/www.subkultur.de\/edition\/shop\/acht-cola-acht-bier\/","name":"Acht Cola, acht Bier - edition.subkultur","isPartOf":{"@id":"https:\/\/www.subkultur.de\/edition\/#website"},"primaryImageOfPage":{"@id":"https:\/\/www.subkultur.de\/edition\/shop\/acht-cola-acht-bier\/#primaryimage"},"image":{"@id":"https:\/\/www.subkultur.de\/edition\/shop\/acht-cola-acht-bier\/#primaryimage"},"thumbnailUrl":"https:\/\/www.subkultur.de\/edition\/wp-content\/uploads\/2021\/07\/coverweb.jpg","datePublished":"2021-07-06T19:03:55+00:00","dateModified":"2024-01-10T23:10:23+00:00","description":"MATHIEU SWOBODA: Acht Cola, acht Bier. Kurzgeschichten. Die besten Momente einer Freundschaft zwischen einem Polizisten und einem Kleinkriminellen.Edition SubkulturCover: AKU! (www.akupower.de)print ISBN: 978-3-948949-12-9","breadcrumb":{"@id":"https:\/\/www.subkultur.de\/edition\/shop\/acht-cola-acht-bier\/#breadcrumb"},"inLanguage":"de","potentialAction":[{"@type":"ReadAction","target":["https:\/\/www.subkultur.de\/edition\/shop\/acht-cola-acht-bier\/"]}]},{"@type":"ImageObject","inLanguage":"de","@id":"https:\/\/www.subkultur.de\/edition\/shop\/acht-cola-acht-bier\/#primaryimage","url":"https:\/\/www.subkultur.de\/edition\/wp-content\/uploads\/2021\/07\/coverweb.jpg","contentUrl":"https:\/\/www.subkultur.de\/edition\/wp-content\/uploads\/2021\/07\/coverweb.jpg","width":709,"height":1152},{"@type":"BreadcrumbList","@id":"https:\/\/www.subkultur.de\/edition\/shop\/acht-cola-acht-bier\/#breadcrumb","itemListElement":[{"@type":"ListItem","position":1,"name":"Startseite","item":"https:\/\/www.subkultur.de\/edition\/"},{"@type":"ListItem","position":2,"name":"Shop","item":"https:\/\/www.subkultur.de\/edition\/shop\/"},{"@type":"ListItem","position":3,"name":"Acht Cola, acht Bier"}]},{"@type":"WebSite","@id":"https:\/\/www.subkultur.de\/edition\/#website","url":"https:\/\/www.subkultur.de\/edition\/","name":"edition.subkultur","description":"Overground Literatur &amp; Music","publisher":{"@id":"https:\/\/www.subkultur.de\/edition\/#organization"},"potentialAction":[{"@type":"SearchAction","target":{"@type":"EntryPoint","urlTemplate":"https:\/\/www.subkultur.de\/edition\/?s={search_term_string}"},"query-input":{"@type":"PropertyValueSpecification","valueRequired":true,"valueName":"search_term_string"}}],"inLanguage":"de"},{"@type":"Organization","@id":"https:\/\/www.subkultur.de\/edition\/#organization","name":"Edition Subkultur","url":"https:\/\/www.subkultur.de\/edition\/","logo":{"@type":"ImageObject","inLanguage":"de","@id":"https:\/\/www.subkultur.de\/edition\/#\/schema\/logo\/image\/","url":"https:\/\/i0.wp.com\/www.subkultur.de\/edition\/wp-content\/uploads\/2018\/08\/sublogo3001.png?fit=300%2C111&ssl=1","contentUrl":"https:\/\/i0.wp.com\/www.subkultur.de\/edition\/wp-content\/uploads\/2018\/08\/sublogo3001.png?fit=300%2C111&ssl=1","width":300,"height":111,"caption":"Edition Subkultur"},"image":{"@id":"https:\/\/www.subkultur.de\/edition\/#\/schema\/logo\/image\/"},"sameAs":["https:\/\/www.facebook.com\/edition.subkultur\/"]}]}},"jetpack_publicize_connections":[],"jetpack-related-posts":[{"id":165,"url":"https:\/\/www.subkultur.de\/edition\/shop\/der-flug-des-pinguins\/","url_meta":{"origin":6692,"position":0},"title":"Der Flug des Pinguins","author":"Thomas Manegold","date":"19.02.2013","format":false,"excerpt":"HC ROTH: \u201eDer Flug des Pinguins\u201c Natural Born Rockstar. Roman. Alles \u00fcber Pinguine, Rockstars, warmes Bier und das Leben als Autor. Buch, Softcover 210 S., ISBN: 978-3-943412-01-7, Edition Subkultur","rel":"","context":"\u00c4hnlicher Beitrag","block_context":{"text":"\u00c4hnlicher Beitrag","link":""},"img":{"alt_text":"Der Flug des Pinguins","src":"https:\/\/i0.wp.com\/www.subkultur.de\/edition\/wp-content\/uploads\/2013\/02\/ping72.jpg?resize=350%2C200&ssl=1","width":350,"height":200,"srcset":"https:\/\/i0.wp.com\/www.subkultur.de\/edition\/wp-content\/uploads\/2013\/02\/ping72.jpg?resize=350%2C200&ssl=1 1x, https:\/\/i0.wp.com\/www.subkultur.de\/edition\/wp-content\/uploads\/2013\/02\/ping72.jpg?resize=525%2C300&ssl=1 1.5x"},"classes":[]},{"id":6642,"url":"https:\/\/www.subkultur.de\/edition\/shop\/an-der-mittellinie-stehen-die-coolen-jungs\/","url_meta":{"origin":6692,"position":1},"title":"An der Mittellinie stehen die coolen Jungs","author":"Thomas Manegold","date":"22.05.2021","format":false,"excerpt":"Mikis Wesensbitter: \u201eAn der Mittellinie stehen die coolen Jungs\u201c, Roman, 2. Auflage, Mai 2021, Edition Subkultur Berlin. Neue\u00a0 Softcover-Auflage ab Februar 2026 Edition Subkultur, ca. 224 S. hc ISBN: 978-3-948949-14-3 epub ISBN: 978-3-948949-15-0 sc ISBN: 978-3-948949-53-2 3 Versionen: \u00a0","rel":"","context":"\u00c4hnlicher Beitrag","block_context":{"text":"\u00c4hnlicher Beitrag","link":""},"img":{"alt_text":"Mikis Wesensbitter: \u201eAn der Mittellinie stehen die coolen Jungs\u201c","src":"https:\/\/i0.wp.com\/www.subkultur.de\/edition\/wp-content\/uploads\/2021\/05\/Mittell-Hardcoverweb.jpg?resize=350%2C200&ssl=1","width":350,"height":200,"srcset":"https:\/\/i0.wp.com\/www.subkultur.de\/edition\/wp-content\/uploads\/2021\/05\/Mittell-Hardcoverweb.jpg?resize=350%2C200&ssl=1 1x, https:\/\/i0.wp.com\/www.subkultur.de\/edition\/wp-content\/uploads\/2021\/05\/Mittell-Hardcoverweb.jpg?resize=525%2C300&ssl=1 1.5x, https:\/\/i0.wp.com\/www.subkultur.de\/edition\/wp-content\/uploads\/2021\/05\/Mittell-Hardcoverweb.jpg?resize=700%2C400&ssl=1 2x"},"classes":[]},{"id":8409,"url":"https:\/\/www.subkultur.de\/edition\/shop\/hey-ella-bin-gleich-wieder-da\/","url_meta":{"origin":6692,"position":2},"title":"Hey Ella, bin gleich wieder da","author":"Thomas Manegold","date":"21.11.2024","format":false,"excerpt":"JULIAN SCHRAVEN: \u201eHey Ella, bin gleich wieder da \u2013 von Freunden, Geld, Musik und Ehrenfeld\u201c - Eine Geschichte \u00fcber Zugeh\u00f6rigkeit, Kapitalismus, Selbstfindung und die Frage, was\u00a0 wirklich wichtig ist Edition Subkultur Buch ISBN: 978-3-948949-44-0 eBook ISBN: 978-3-948949-45-7 2 Versionen","rel":"","context":"\u00c4hnlicher Beitrag","block_context":{"text":"\u00c4hnlicher Beitrag","link":""},"img":{"alt_text":"JULIAN SCHRAVEN: \u201eHey Ella, bin gleich wieder da\"","src":"https:\/\/i0.wp.com\/www.subkultur.de\/edition\/wp-content\/uploads\/2024\/11\/coverellaweb.jpg?resize=350%2C200&ssl=1","width":350,"height":200,"srcset":"https:\/\/i0.wp.com\/www.subkultur.de\/edition\/wp-content\/uploads\/2024\/11\/coverellaweb.jpg?resize=350%2C200&ssl=1 1x, https:\/\/i0.wp.com\/www.subkultur.de\/edition\/wp-content\/uploads\/2024\/11\/coverellaweb.jpg?resize=525%2C300&ssl=1 1.5x, https:\/\/i0.wp.com\/www.subkultur.de\/edition\/wp-content\/uploads\/2024\/11\/coverellaweb.jpg?resize=700%2C400&ssl=1 2x"},"classes":[]},{"id":1707,"url":"https:\/\/www.subkultur.de\/edition\/shop\/wir-hatten-ja-nuescht-im-osten-buch-cd\/","url_meta":{"origin":6692,"position":3},"title":"Wir hatten ja n\u00fcscht im Osten&#8230; (Buch)","author":"Thomas Manegold","date":"20.08.2015","format":false,"excerpt":"MIKIS WESENSBITTER: \u201eWir hatten ja n\u00fcscht im Osten\u00a0\u2026 nich\u2019 ma Spa\u00df\u201c Die ganze Wahrheit \u00fcber '89. Jedenfalls die von Mikis. Mit Fotografien von Jana Farley, Buch, 166 S., 19 x 13,5 cm, ISBN: 978-3-943412-34-5, Edition Subkultur, GLP: 12 \u20ac (D)","rel":"","context":"\u00c4hnlicher Beitrag","block_context":{"text":"\u00c4hnlicher Beitrag","link":""},"img":{"alt_text":"Mikis Wesensbitter \"Wir hatten ja n\u00fcscht im Osten ...\"","src":"https:\/\/i0.wp.com\/www.subkultur.de\/edition\/wp-content\/uploads\/2015\/08\/wirhatten800-3web.jpg?resize=350%2C200&ssl=1","width":350,"height":200,"srcset":"https:\/\/i0.wp.com\/www.subkultur.de\/edition\/wp-content\/uploads\/2015\/08\/wirhatten800-3web.jpg?resize=350%2C200&ssl=1 1x, https:\/\/i0.wp.com\/www.subkultur.de\/edition\/wp-content\/uploads\/2015\/08\/wirhatten800-3web.jpg?resize=525%2C300&ssl=1 1.5x, https:\/\/i0.wp.com\/www.subkultur.de\/edition\/wp-content\/uploads\/2015\/08\/wirhatten800-3web.jpg?resize=700%2C400&ssl=1 2x"},"classes":[]},{"id":1040,"url":"https:\/\/www.subkultur.de\/edition\/shop\/1040\/","url_meta":{"origin":6692,"position":4},"title":"Lisa Morgenstern &#8222;Amphibian&#8220;","author":"Thomas Manegold","date":"13.11.2013","format":false,"excerpt":"LISA MORGENSTERN \"AMPHIBIAN\" Chanson Noir, Dark Pop, Klassik, 11 Tracks, 47 Min, auf einer CD im Black-Vinyl-Style im Jewelcase.","rel":"","context":"Mit 1 Kommentar","block_context":{"text":"Mit 1 Kommentar","link":"https:\/\/www.subkultur.de\/edition\/shop\/1040\/#comments"},"img":{"alt_text":"","src":"https:\/\/i0.wp.com\/www.subkultur.de\/edition\/wp-content\/uploads\/2013\/11\/CD-Cover-web.jpg?resize=350%2C200&ssl=1","width":350,"height":200,"srcset":"https:\/\/i0.wp.com\/www.subkultur.de\/edition\/wp-content\/uploads\/2013\/11\/CD-Cover-web.jpg?resize=350%2C200&ssl=1 1x, https:\/\/i0.wp.com\/www.subkultur.de\/edition\/wp-content\/uploads\/2013\/11\/CD-Cover-web.jpg?resize=525%2C300&ssl=1 1.5x, https:\/\/i0.wp.com\/www.subkultur.de\/edition\/wp-content\/uploads\/2013\/11\/CD-Cover-web.jpg?resize=700%2C400&ssl=1 2x"},"classes":[]},{"id":6460,"url":"https:\/\/www.subkultur.de\/edition\/shop\/freitag-der-dreissigste\/","url_meta":{"origin":6692,"position":5},"title":"Freitag, der Drei\u00dfigste","author":"Thomas Manegold","date":"16.04.2021","format":false,"excerpt":"Fondermann & Gebhardt: \u201eFreitag, der Drei\u00dfigste\u201c Zwei Menschen ver\u00e4ndern ihr Leben und versuchen dabei, nicht davonzulaufen. Edition Subkultur, ca. 172 S. print ISBN: 978-3-948949-08-2 epub ISBN: 978-3-948949-09-9 mp3 ISBN: 978-3-948949-16-7 3Versionen:","rel":"","context":"\u00c4hnlicher Beitrag","block_context":{"text":"\u00c4hnlicher Beitrag","link":""},"img":{"alt_text":"Ritchy Fondermann und Lars Gebhardt: \u201eFreitag, der Drei\u00dfigste\u201c - edition subkultur","src":"https:\/\/i0.wp.com\/www.subkultur.de\/edition\/wp-content\/uploads\/2021\/04\/Coverweb.jpg?resize=350%2C200&ssl=1","width":350,"height":200,"srcset":"https:\/\/i0.wp.com\/www.subkultur.de\/edition\/wp-content\/uploads\/2021\/04\/Coverweb.jpg?resize=350%2C200&ssl=1 1x, https:\/\/i0.wp.com\/www.subkultur.de\/edition\/wp-content\/uploads\/2021\/04\/Coverweb.jpg?resize=525%2C300&ssl=1 1.5x, https:\/\/i0.wp.com\/www.subkultur.de\/edition\/wp-content\/uploads\/2021\/04\/Coverweb.jpg?resize=700%2C400&ssl=1 2x"},"classes":[]}],"jetpack_sharing_enabled":true,"_links":{"self":[{"href":"https:\/\/www.subkultur.de\/edition\/wp-json\/wp\/v2\/product\/6692","targetHints":{"allow":["GET"]}}],"collection":[{"href":"https:\/\/www.subkultur.de\/edition\/wp-json\/wp\/v2\/product"}],"about":[{"href":"https:\/\/www.subkultur.de\/edition\/wp-json\/wp\/v2\/types\/product"}],"replies":[{"embeddable":true,"href":"https:\/\/www.subkultur.de\/edition\/wp-json\/wp\/v2\/comments?post=6692"}],"wp:featuredmedia":[{"embeddable":true,"href":"https:\/\/www.subkultur.de\/edition\/wp-json\/wp\/v2\/media\/6693"}],"wp:attachment":[{"href":"https:\/\/www.subkultur.de\/edition\/wp-json\/wp\/v2\/media?parent=6692"}],"wp:term":[{"taxonomy":"product_brand","embeddable":true,"href":"https:\/\/www.subkultur.de\/edition\/wp-json\/wp\/v2\/product_brand?post=6692"},{"taxonomy":"product_cat","embeddable":true,"href":"https:\/\/www.subkultur.de\/edition\/wp-json\/wp\/v2\/product_cat?post=6692"},{"taxonomy":"product_tag","embeddable":true,"href":"https:\/\/www.subkultur.de\/edition\/wp-json\/wp\/v2\/product_tag?post=6692"}],"curies":[{"name":"wp","href":"https:\/\/api.w.org\/{rel}","templated":true}]}}