{"id":7990,"date":"2022-08-24T14:42:04","date_gmt":"2022-08-24T12:42:04","guid":{"rendered":"https:\/\/www.subkultur.de\/edition\/?post_type=product&#038;p=7990"},"modified":"2024-01-11T00:07:21","modified_gmt":"2024-01-10T23:07:21","slug":"saure-aeppler-im-nizza-des-nordens","status":"publish","type":"product","link":"https:\/\/www.subkultur.de\/edition\/shop\/saure-aeppler-im-nizza-des-nordens\/","title":{"rendered":"Saure \u00c4ppler im Nizza des Nordens"},"content":{"rendered":"<p><strong>\u201eDie Zeichen stehen auf Untergang. Machen wir das Beste daraus!\u201c #28<\/strong><\/p>\n<p>Seit 2012 schreibt Falk Fatal jeden Monat eine Kolumne f\u00fcr das Magazin sensor. \u00dcber Aktuelles, Kurioses, Pers\u00f6nliches und Weltbewegendes. Und nat\u00fcrlich \u00fcber Wiesbaden, das Nizza des Nordens. Der Podcaster, Punks\u00e4nger und Autor deckt auf, engagiert sich politisch, sozial und kulturell. Er widerlegt \u201eYou can win if you want\u201c von Modern Talking, ist ganz sch\u00f6n sauer auf Ungerechtigkeiten und reflektiert sich und seine Mitmenschen \u2013 ohne R\u00fccksicht auf Verluste. Er verliert dabei weder den \u00dcberblick noch seinen Humor.<br \/>\nMal witzig und selbstironisch, mal informativ und zornig: In diesen maximal abwechslungsreichen 100 Kolumnen manifestieren sich 10 Jahre Zeitgeschehen und 10 Jahre Falk-Fatale Lebenserfahrung.<\/p>\n<p><strong>\u201eKleine L\u00fcgen erhalten die Freundschaft. Denn niemand h\u00f6rt gerne, dass die neue Frisur aussieht wie eine nasse Wiese, nachdem sie von einer Horde Wildschweine umgepfl\u00fcgt wurde.\u201c #57<\/strong><\/p>\n<div class=\"shariff shariff-align-flex-end shariff-widget-align-flex-end\"><ul class=\"shariff-buttons theme-round orientation-horizontal buttonsize-small\"><li class=\"shariff-button facebook\" style=\"background-color:#666666\"><a href=\"https:\/\/www.facebook.com\/sharer\/sharer.php?u=https%3A%2F%2Fwww.subkultur.de%2Fedition%2Fshop%2Fsaure-aeppler-im-nizza-des-nordens%2F\" title=\"Bei Facebook teilen\" aria-label=\"Bei Facebook teilen\" role=\"button\" rel=\"nofollow\" class=\"shariff-link\" style=\"; background-color:#990000; color:#fff\" target=\"_blank\"><span class=\"shariff-icon\" style=\"\"><svg width=\"32px\" height=\"20px\" xmlns=\"http:\/\/www.w3.org\/2000\/svg\" viewBox=\"0 0 18 32\"><path fill=\"#3b5998\" d=\"M17.1 0.2v4.7h-2.8q-1.5 0-2.1 0.6t-0.5 1.9v3.4h5.2l-0.7 5.3h-4.5v13.6h-5.5v-13.6h-4.5v-5.3h4.5v-3.9q0-3.3 1.9-5.2t5-1.8q2.6 0 4.1 0.2z\"\/><\/svg><\/span><\/a><\/li><li class=\"shariff-button twitter\" style=\"background-color:#666666\"><a href=\"https:\/\/twitter.com\/share?url=https%3A%2F%2Fwww.subkultur.de%2Fedition%2Fshop%2Fsaure-aeppler-im-nizza-des-nordens%2F&text=Saure%20%C3%84ppler%20im%20Nizza%20des%20Nordens\" title=\"Bei X teilen\" aria-label=\"Bei X teilen\" role=\"button\" rel=\"noopener nofollow\" class=\"shariff-link\" style=\"; background-color:#990000; color:#fff\" target=\"_blank\"><span class=\"shariff-icon\" style=\"\"><svg width=\"32px\" height=\"20px\" xmlns=\"http:\/\/www.w3.org\/2000\/svg\" viewBox=\"0 0 24 24\"><path fill=\"#000\" d=\"M14.258 10.152L23.176 0h-2.113l-7.747 8.813L7.133 0H0l9.352 13.328L0 23.973h2.113l8.176-9.309 6.531 9.309h7.133zm-2.895 3.293l-.949-1.328L2.875 1.56h3.246l6.086 8.523.945 1.328 7.91 11.078h-3.246zm0 0\"\/><\/svg><\/span><\/a><\/li><li class=\"shariff-button whatsapp shariff-mobile\" style=\"background-color:#666666\"><a href=\"https:\/\/api.whatsapp.com\/send?text=https%3A%2F%2Fwww.subkultur.de%2Fedition%2Fshop%2Fsaure-aeppler-im-nizza-des-nordens%2F%20Saure%20%C3%84ppler%20im%20Nizza%20des%20Nordens\" title=\"Bei Whatsapp teilen\" aria-label=\"Bei Whatsapp teilen\" role=\"button\" rel=\"noopener nofollow\" class=\"shariff-link\" style=\"; background-color:#990000; color:#fff\" target=\"_blank\"><span class=\"shariff-icon\" style=\"\"><svg width=\"32px\" height=\"20px\" xmlns=\"http:\/\/www.w3.org\/2000\/svg\" viewBox=\"0 0 32 32\"><path fill=\"#34af23\" d=\"M17.6 17.4q0.2 0 1.7 0.8t1.6 0.9q0 0.1 0 0.3 0 0.6-0.3 1.4-0.3 0.7-1.3 1.2t-1.8 0.5q-1 0-3.4-1.1-1.7-0.8-3-2.1t-2.6-3.3q-1.3-1.9-1.3-3.5v-0.1q0.1-1.6 1.3-2.8 0.4-0.4 0.9-0.4 0.1 0 0.3 0t0.3 0q0.3 0 0.5 0.1t0.3 0.5q0.1 0.4 0.6 1.6t0.4 1.3q0 0.4-0.6 1t-0.6 0.8q0 0.1 0.1 0.3 0.6 1.3 1.8 2.4 1 0.9 2.7 1.8 0.2 0.1 0.4 0.1 0.3 0 1-0.9t0.9-0.9zM14 26.9q2.3 0 4.3-0.9t3.6-2.4 2.4-3.6 0.9-4.3-0.9-4.3-2.4-3.6-3.6-2.4-4.3-0.9-4.3 0.9-3.6 2.4-2.4 3.6-0.9 4.3q0 3.6 2.1 6.6l-1.4 4.2 4.3-1.4q2.8 1.9 6.2 1.9zM14 2.2q2.7 0 5.2 1.1t4.3 2.9 2.9 4.3 1.1 5.2-1.1 5.2-2.9 4.3-4.3 2.9-5.2 1.1q-3.5 0-6.5-1.7l-7.4 2.4 2.4-7.2q-1.9-3.2-1.9-6.9 0-2.7 1.1-5.2t2.9-4.3 4.3-2.9 5.2-1.1z\"\/><\/svg><\/span><\/a><\/li><li class=\"shariff-button paypal\" style=\"background-color:#666666\"><a href=\"https:\/\/www.paypal.com\/cgi-bin\/webscr?cmd=_s-xclick&#038;hosted_button_id=PLJWJSQLT8Z36\" title=\"Spenden mit PayPal\" aria-label=\"Spenden mit PayPal\" role=\"button\" rel=\"noopener nofollow\" class=\"shariff-link\" style=\"; background-color:#990000; color:#fff\" target=\"_blank\"><span class=\"shariff-icon\" style=\"\"><svg width=\"32px\" height=\"20px\" xmlns=\"http:\/\/www.w3.org\/2000\/svg\" viewBox=\"0 0 32 32\"><path fill=\"#009cde\" d=\"M19.9 8q0-2.8-4.2-2.8h-1.2q-0.6 0-1.1 0.4t-0.6 0.9l-1.1 4.9q0 0.1 0 0.3 0 0.4 0.3 0.7t0.7 0.3h0.9q1.2 0 2.3-0.2t2-0.7 1.5-1.5 0.5-2.3zM30.6 10.7q0 4.7-3.9 7.6-3.9 2.9-10.9 2.9h-1.1q-0.6 0-1.1 0.4t-0.6 0.9l-1.3 5.6q-0.1 0.6-0.7 1.1t-1.2 0.5h-3.8q-0.6 0-0.9-0.4t-0.4-0.9q0-0.2 0.2-1.2h2.7q0.6 0 1.1-0.4t0.7-1l1.3-5.6q0.1-0.6 0.7-1t1.1-0.4h1.1q7 0 10.8-2.9t3.9-7.5q0-2.3-0.9-3.7 3.3 1.6 3.3 6zM27.4 7.4q0 4.7-3.9 7.6-3.9 2.9-10.9 2.9h-1.1q-0.6 0-1.1 0.4t-0.6 0.9l-1.3 5.6q-0.1 0.6-0.7 1.1t-1.2 0.5h-3.8q-0.6 0-0.9-0.3t-0.4-0.9q0-0.1 0-0.4l5.4-23.2q0.1-0.6 0.7-1.1t1.2-0.5h7.9q1.2 0 2.2 0.1t2.2 0.3 2 0.5 1.7 0.9 1.4 1.3 0.9 1.8 0.3 2.4z\"\/><\/svg><\/span><\/a><\/li><li class=\"shariff-button rss\" style=\"background-color:#666666\"><a href=\"https:\/\/www.subkultur.de\/edition\/feed\/rss\/\" title=\"RSS-feed\" aria-label=\"RSS-feed\" role=\"button\" class=\"shariff-link\" style=\"; background-color:#990000; color:#fff\" target=\"_blank\"><span class=\"shariff-icon\" style=\"\"><svg width=\"32px\" height=\"20px\" xmlns=\"http:\/\/www.w3.org\/2000\/svg\" viewBox=\"0 0 32 32\"><path fill=\"#fe9312\" d=\"M4.3 23.5c-2.3 0-4.3 1.9-4.3 4.3 0 2.3 1.9 4.2 4.3 4.2 2.4 0 4.3-1.9 4.3-4.2 0-2.3-1.9-4.3-4.3-4.3zM0 10.9v6.1c4 0 7.7 1.6 10.6 4.4 2.8 2.8 4.4 6.6 4.4 10.6h6.2c0-11.7-9.5-21.1-21.1-21.1zM0 0v6.1c14.2 0 25.8 11.6 25.8 25.9h6.2c0-17.6-14.4-32-32-32z\"\/><\/svg><\/span><\/a><\/li><\/ul><\/div>","protected":false},"excerpt":{"rendered":"<p>FALK FATAL: \u201eSaure \u00c4ppler im Nizza des Nordens \u2013 100 Kolumnen\u201c. Aus Wiesbaden f\u00fcr die Welt: 10 Jahre Zeitgeschehen und Falk-Fatale Lebenserfahrung \u2013 powered bei sensor<\/p>\n<ul>\n<li>Edition Subkultur, ca. 208 Seiten<\/li>\n<li>print ISBN: 978-3-948949-24-2<\/li>\n<li>epub ISBN: 978-3-948949-25-9<\/li>\n<li>Cover: Julian Weber<\/li>\n<li>2 Versionen<\/li>\n<\/ul>\n","protected":false},"featured_media":7994,"comment_status":"open","ping_status":"closed","template":"","meta":{"jetpack_publicize_message":"","jetpack_publicize_feature_enabled":true,"jetpack_social_post_already_shared":true,"jetpack_social_options":{"image_generator_settings":{"template":"highway","default_image_id":0,"font":"","enabled":false},"version":2}},"product_brand":[],"product_cat":[41,727,701],"product_tag":[783,475,782],"class_list":{"0":"post-7990","1":"product","2":"type-product","3":"status-publish","4":"has-post-thumbnail","6":"product_cat-buecher","7":"product_cat-e-books","8":"product_cat-falk-fatal","9":"product_tag-kolumnen","10":"product_tag-tagebuch","11":"product_tag-wiesbaden","13":"first","14":"instock","15":"taxable","16":"shipping-taxable","17":"purchasable","18":"product-type-variable","19":"has-default-attributes"},"yoast_head":"<!-- This site is optimized with the Yoast SEO plugin v27.4 - https:\/\/yoast.com\/product\/yoast-seo-wordpress\/ -->\n<title>Saure \u00c4ppler im Nizza des Nordens - edition.subkultur<\/title>\n<meta name=\"description\" content=\"FALK FATAL: \u201eSaure \u00c4ppler im Nizza des Nordens \u2013 100 Kolumnen\u201c. Aus Wiesbaden f\u00fcr die Welt: 10 Jahre Zeitgeschehen und Fallk-Fatale Lebenserfahrung \u2013 powered bei sensor. Edition Subkultur. ISBN: 978-3-948949-24-2\" \/>\n<meta name=\"robots\" content=\"index, follow, max-snippet:-1, max-image-preview:large, max-video-preview:-1\" \/>\n<link rel=\"canonical\" href=\"https:\/\/www.subkultur.de\/edition\/shop\/saure-aeppler-im-nizza-des-nordens\/\" \/>\n<meta property=\"og:locale\" content=\"de_DE\" \/>\n<meta property=\"og:type\" content=\"article\" \/>\n<meta property=\"og:title\" content=\"Saure \u00c4ppler im Nizza des Nordens - edition.subkultur\" \/>\n<meta property=\"og:description\" content=\"FALK FATAL: \u201eSaure \u00c4ppler im Nizza des Nordens \u2013 100 Kolumnen\u201c. Aus Wiesbaden f\u00fcr die Welt: 10 Jahre Zeitgeschehen und Fallk-Fatale Lebenserfahrung \u2013 powered bei sensor. Edition Subkultur. ISBN: 978-3-948949-24-2\" \/>\n<meta property=\"og:url\" content=\"https:\/\/www.subkultur.de\/edition\/shop\/saure-aeppler-im-nizza-des-nordens\/\" \/>\n<meta property=\"og:site_name\" content=\"edition.subkultur\" \/>\n<meta property=\"article:publisher\" content=\"https:\/\/www.facebook.com\/edition.subkultur\/\" \/>\n<meta property=\"article:modified_time\" content=\"2024-01-10T23:07:21+00:00\" \/>\n<meta property=\"og:image\" content=\"https:\/\/www.subkultur.de\/edition\/wp-content\/uploads\/2022\/08\/coverweb.jpg\" \/>\n\t<meta property=\"og:image:width\" content=\"798\" \/>\n\t<meta property=\"og:image:height\" content=\"1217\" \/>\n\t<meta property=\"og:image:type\" content=\"image\/jpeg\" \/>\n<meta name=\"twitter:card\" content=\"summary_large_image\" \/>\n<meta name=\"twitter:label1\" content=\"Gesch\u00e4tzte Lesezeit\" \/>\n\t<meta name=\"twitter:data1\" content=\"1\u00a0Minute\" \/>\n<script type=\"application\/ld+json\" class=\"yoast-schema-graph\">{\"@context\":\"https:\\\/\\\/schema.org\",\"@graph\":[{\"@type\":\"WebPage\",\"@id\":\"https:\\\/\\\/www.subkultur.de\\\/edition\\\/shop\\\/saure-aeppler-im-nizza-des-nordens\\\/\",\"url\":\"https:\\\/\\\/www.subkultur.de\\\/edition\\\/shop\\\/saure-aeppler-im-nizza-des-nordens\\\/\",\"name\":\"Saure \u00c4ppler im Nizza des Nordens - edition.subkultur\",\"isPartOf\":{\"@id\":\"https:\\\/\\\/www.subkultur.de\\\/edition\\\/#website\"},\"primaryImageOfPage\":{\"@id\":\"https:\\\/\\\/www.subkultur.de\\\/edition\\\/shop\\\/saure-aeppler-im-nizza-des-nordens\\\/#primaryimage\"},\"image\":{\"@id\":\"https:\\\/\\\/www.subkultur.de\\\/edition\\\/shop\\\/saure-aeppler-im-nizza-des-nordens\\\/#primaryimage\"},\"thumbnailUrl\":\"https:\\\/\\\/www.subkultur.de\\\/edition\\\/wp-content\\\/uploads\\\/2022\\\/08\\\/coverweb.jpg\",\"datePublished\":\"2022-08-24T12:42:04+00:00\",\"dateModified\":\"2024-01-10T23:07:21+00:00\",\"description\":\"FALK FATAL: \u201eSaure \u00c4ppler im Nizza des Nordens \u2013 100 Kolumnen\u201c. Aus Wiesbaden f\u00fcr die Welt: 10 Jahre Zeitgeschehen und Fallk-Fatale Lebenserfahrung \u2013 powered bei sensor. Edition Subkultur. ISBN: 978-3-948949-24-2\",\"breadcrumb\":{\"@id\":\"https:\\\/\\\/www.subkultur.de\\\/edition\\\/shop\\\/saure-aeppler-im-nizza-des-nordens\\\/#breadcrumb\"},\"inLanguage\":\"de\",\"potentialAction\":[{\"@type\":\"ReadAction\",\"target\":[\"https:\\\/\\\/www.subkultur.de\\\/edition\\\/shop\\\/saure-aeppler-im-nizza-des-nordens\\\/\"]}]},{\"@type\":\"ImageObject\",\"inLanguage\":\"de\",\"@id\":\"https:\\\/\\\/www.subkultur.de\\\/edition\\\/shop\\\/saure-aeppler-im-nizza-des-nordens\\\/#primaryimage\",\"url\":\"https:\\\/\\\/www.subkultur.de\\\/edition\\\/wp-content\\\/uploads\\\/2022\\\/08\\\/coverweb.jpg\",\"contentUrl\":\"https:\\\/\\\/www.subkultur.de\\\/edition\\\/wp-content\\\/uploads\\\/2022\\\/08\\\/coverweb.jpg\",\"width\":798,\"height\":1217,\"caption\":\"FALK FATAL: \u201eSaure \u00c4ppler im Nizza des Nordens\u201c - subkultur\"},{\"@type\":\"BreadcrumbList\",\"@id\":\"https:\\\/\\\/www.subkultur.de\\\/edition\\\/shop\\\/saure-aeppler-im-nizza-des-nordens\\\/#breadcrumb\",\"itemListElement\":[{\"@type\":\"ListItem\",\"position\":1,\"name\":\"Startseite\",\"item\":\"https:\\\/\\\/www.subkultur.de\\\/edition\\\/\"},{\"@type\":\"ListItem\",\"position\":2,\"name\":\"Shop\",\"item\":\"https:\\\/\\\/www.subkultur.de\\\/edition\\\/shop\\\/\"},{\"@type\":\"ListItem\",\"position\":3,\"name\":\"Saure \u00c4ppler im Nizza des Nordens\"}]},{\"@type\":\"WebSite\",\"@id\":\"https:\\\/\\\/www.subkultur.de\\\/edition\\\/#website\",\"url\":\"https:\\\/\\\/www.subkultur.de\\\/edition\\\/\",\"name\":\"edition.subkultur\",\"description\":\"Overground Literatur &amp; Music\",\"publisher\":{\"@id\":\"https:\\\/\\\/www.subkultur.de\\\/edition\\\/#organization\"},\"potentialAction\":[{\"@type\":\"SearchAction\",\"target\":{\"@type\":\"EntryPoint\",\"urlTemplate\":\"https:\\\/\\\/www.subkultur.de\\\/edition\\\/?s={search_term_string}\"},\"query-input\":{\"@type\":\"PropertyValueSpecification\",\"valueRequired\":true,\"valueName\":\"search_term_string\"}}],\"inLanguage\":\"de\"},{\"@type\":\"Organization\",\"@id\":\"https:\\\/\\\/www.subkultur.de\\\/edition\\\/#organization\",\"name\":\"Edition Subkultur\",\"url\":\"https:\\\/\\\/www.subkultur.de\\\/edition\\\/\",\"logo\":{\"@type\":\"ImageObject\",\"inLanguage\":\"de\",\"@id\":\"https:\\\/\\\/www.subkultur.de\\\/edition\\\/#\\\/schema\\\/logo\\\/image\\\/\",\"url\":\"https:\\\/\\\/i0.wp.com\\\/www.subkultur.de\\\/edition\\\/wp-content\\\/uploads\\\/2018\\\/08\\\/sublogo3001.png?fit=300%2C111&ssl=1\",\"contentUrl\":\"https:\\\/\\\/i0.wp.com\\\/www.subkultur.de\\\/edition\\\/wp-content\\\/uploads\\\/2018\\\/08\\\/sublogo3001.png?fit=300%2C111&ssl=1\",\"width\":300,\"height\":111,\"caption\":\"Edition Subkultur\"},\"image\":{\"@id\":\"https:\\\/\\\/www.subkultur.de\\\/edition\\\/#\\\/schema\\\/logo\\\/image\\\/\"},\"sameAs\":[\"https:\\\/\\\/www.facebook.com\\\/edition.subkultur\\\/\"]}]}<\/script>\n<!-- \/ Yoast SEO plugin. -->","yoast_head_json":{"title":"Saure \u00c4ppler im Nizza des Nordens - edition.subkultur","description":"FALK FATAL: \u201eSaure \u00c4ppler im Nizza des Nordens \u2013 100 Kolumnen\u201c. Aus Wiesbaden f\u00fcr die Welt: 10 Jahre Zeitgeschehen und Fallk-Fatale Lebenserfahrung \u2013 powered bei sensor. Edition Subkultur. ISBN: 978-3-948949-24-2","robots":{"index":"index","follow":"follow","max-snippet":"max-snippet:-1","max-image-preview":"max-image-preview:large","max-video-preview":"max-video-preview:-1"},"canonical":"https:\/\/www.subkultur.de\/edition\/shop\/saure-aeppler-im-nizza-des-nordens\/","og_locale":"de_DE","og_type":"article","og_title":"Saure \u00c4ppler im Nizza des Nordens - edition.subkultur","og_description":"FALK FATAL: \u201eSaure \u00c4ppler im Nizza des Nordens \u2013 100 Kolumnen\u201c. Aus Wiesbaden f\u00fcr die Welt: 10 Jahre Zeitgeschehen und Fallk-Fatale Lebenserfahrung \u2013 powered bei sensor. Edition Subkultur. ISBN: 978-3-948949-24-2","og_url":"https:\/\/www.subkultur.de\/edition\/shop\/saure-aeppler-im-nizza-des-nordens\/","og_site_name":"edition.subkultur","article_publisher":"https:\/\/www.facebook.com\/edition.subkultur\/","article_modified_time":"2024-01-10T23:07:21+00:00","og_image":[{"width":798,"height":1217,"url":"https:\/\/www.subkultur.de\/edition\/wp-content\/uploads\/2022\/08\/coverweb.jpg","type":"image\/jpeg"}],"twitter_card":"summary_large_image","twitter_misc":{"Gesch\u00e4tzte Lesezeit":"1\u00a0Minute"},"schema":{"@context":"https:\/\/schema.org","@graph":[{"@type":"WebPage","@id":"https:\/\/www.subkultur.de\/edition\/shop\/saure-aeppler-im-nizza-des-nordens\/","url":"https:\/\/www.subkultur.de\/edition\/shop\/saure-aeppler-im-nizza-des-nordens\/","name":"Saure \u00c4ppler im Nizza des Nordens - edition.subkultur","isPartOf":{"@id":"https:\/\/www.subkultur.de\/edition\/#website"},"primaryImageOfPage":{"@id":"https:\/\/www.subkultur.de\/edition\/shop\/saure-aeppler-im-nizza-des-nordens\/#primaryimage"},"image":{"@id":"https:\/\/www.subkultur.de\/edition\/shop\/saure-aeppler-im-nizza-des-nordens\/#primaryimage"},"thumbnailUrl":"https:\/\/www.subkultur.de\/edition\/wp-content\/uploads\/2022\/08\/coverweb.jpg","datePublished":"2022-08-24T12:42:04+00:00","dateModified":"2024-01-10T23:07:21+00:00","description":"FALK FATAL: \u201eSaure \u00c4ppler im Nizza des Nordens \u2013 100 Kolumnen\u201c. Aus Wiesbaden f\u00fcr die Welt: 10 Jahre Zeitgeschehen und Fallk-Fatale Lebenserfahrung \u2013 powered bei sensor. Edition Subkultur. ISBN: 978-3-948949-24-2","breadcrumb":{"@id":"https:\/\/www.subkultur.de\/edition\/shop\/saure-aeppler-im-nizza-des-nordens\/#breadcrumb"},"inLanguage":"de","potentialAction":[{"@type":"ReadAction","target":["https:\/\/www.subkultur.de\/edition\/shop\/saure-aeppler-im-nizza-des-nordens\/"]}]},{"@type":"ImageObject","inLanguage":"de","@id":"https:\/\/www.subkultur.de\/edition\/shop\/saure-aeppler-im-nizza-des-nordens\/#primaryimage","url":"https:\/\/www.subkultur.de\/edition\/wp-content\/uploads\/2022\/08\/coverweb.jpg","contentUrl":"https:\/\/www.subkultur.de\/edition\/wp-content\/uploads\/2022\/08\/coverweb.jpg","width":798,"height":1217,"caption":"FALK FATAL: \u201eSaure \u00c4ppler im Nizza des Nordens\u201c - subkultur"},{"@type":"BreadcrumbList","@id":"https:\/\/www.subkultur.de\/edition\/shop\/saure-aeppler-im-nizza-des-nordens\/#breadcrumb","itemListElement":[{"@type":"ListItem","position":1,"name":"Startseite","item":"https:\/\/www.subkultur.de\/edition\/"},{"@type":"ListItem","position":2,"name":"Shop","item":"https:\/\/www.subkultur.de\/edition\/shop\/"},{"@type":"ListItem","position":3,"name":"Saure \u00c4ppler im Nizza des Nordens"}]},{"@type":"WebSite","@id":"https:\/\/www.subkultur.de\/edition\/#website","url":"https:\/\/www.subkultur.de\/edition\/","name":"edition.subkultur","description":"Overground Literatur &amp; Music","publisher":{"@id":"https:\/\/www.subkultur.de\/edition\/#organization"},"potentialAction":[{"@type":"SearchAction","target":{"@type":"EntryPoint","urlTemplate":"https:\/\/www.subkultur.de\/edition\/?s={search_term_string}"},"query-input":{"@type":"PropertyValueSpecification","valueRequired":true,"valueName":"search_term_string"}}],"inLanguage":"de"},{"@type":"Organization","@id":"https:\/\/www.subkultur.de\/edition\/#organization","name":"Edition Subkultur","url":"https:\/\/www.subkultur.de\/edition\/","logo":{"@type":"ImageObject","inLanguage":"de","@id":"https:\/\/www.subkultur.de\/edition\/#\/schema\/logo\/image\/","url":"https:\/\/i0.wp.com\/www.subkultur.de\/edition\/wp-content\/uploads\/2018\/08\/sublogo3001.png?fit=300%2C111&ssl=1","contentUrl":"https:\/\/i0.wp.com\/www.subkultur.de\/edition\/wp-content\/uploads\/2018\/08\/sublogo3001.png?fit=300%2C111&ssl=1","width":300,"height":111,"caption":"Edition Subkultur"},"image":{"@id":"https:\/\/www.subkultur.de\/edition\/#\/schema\/logo\/image\/"},"sameAs":["https:\/\/www.facebook.com\/edition.subkultur\/"]}]}},"jetpack_publicize_connections":[],"jetpack-related-posts":[{"id":6429,"url":"https:\/\/www.subkultur.de\/edition\/shop\/wir-spielen-blinde-kuh-auf-dem-minenfeld-des-lebens\/","url_meta":{"origin":7990,"position":0},"title":"Wir spielen Blinde Kuh auf dem Minenfeld des Lebens","author":"Thomas Manegold","date":"30.03.2021","format":false,"excerpt":"FALK FATAL: Wir spielen Blinde Kuh auf dem Minenfeld des Lebens. Geschichten vom ewigen Kampf zwischen Wut und B\u00f6se. Mit einem Cover von Julian Weber. Edition Subkultur, ca. 176 Seiten print ISBN: 978-3-948949-10-5 epub ISBN: 978-3-948949-11-2 2 Versionen","rel":"","context":"\u00c4hnlicher Beitrag","block_context":{"text":"\u00c4hnlicher Beitrag","link":""},"img":{"alt_text":"Falk Fatal - Wir spielen Blinde Kuh - periplaneta","src":"https:\/\/i0.wp.com\/www.subkultur.de\/edition\/wp-content\/uploads\/2021\/03\/falksubweb.jpg?resize=350%2C200&ssl=1","width":350,"height":200,"srcset":"https:\/\/i0.wp.com\/www.subkultur.de\/edition\/wp-content\/uploads\/2021\/03\/falksubweb.jpg?resize=350%2C200&ssl=1 1x, https:\/\/i0.wp.com\/www.subkultur.de\/edition\/wp-content\/uploads\/2021\/03\/falksubweb.jpg?resize=525%2C300&ssl=1 1.5x, https:\/\/i0.wp.com\/www.subkultur.de\/edition\/wp-content\/uploads\/2021\/03\/falksubweb.jpg?resize=700%2C400&ssl=1 2x"},"classes":[]},{"id":3850,"url":"https:\/\/www.subkultur.de\/edition\/shop\/im-sarg-ist-man-wenigstens-allein\/","url_meta":{"origin":7990,"position":1},"title":"Im Sarg ist man wenigstens allein","author":"Thomas Manegold","date":"02.11.2019","format":false,"excerpt":"FALK FATAL: Im Sarg ist man wenigstens allein. Kurzgeschichten Ein Blick auf das Chaos, das sich \u201eGesellschaft\u201c schimpft. Cover: Julian Weber (www.retrocartoons.de) Edition Subkultur, ca. 138 S. print ISBN: 978-3-943412-85-7 epub ISBN: 978-3-943412-86-4 2 Versionen","rel":"","context":"\u00c4hnlicher Beitrag","block_context":{"text":"\u00c4hnlicher Beitrag","link":""},"img":{"alt_text":"FALK FATAL: Im Sarg ist man wenigstens allein - subkultur","src":"https:\/\/i0.wp.com\/www.subkultur.de\/edition\/wp-content\/uploads\/2019\/11\/IMSARGweb.jpg?resize=350%2C200&ssl=1","width":350,"height":200,"srcset":"https:\/\/i0.wp.com\/www.subkultur.de\/edition\/wp-content\/uploads\/2019\/11\/IMSARGweb.jpg?resize=350%2C200&ssl=1 1x, https:\/\/i0.wp.com\/www.subkultur.de\/edition\/wp-content\/uploads\/2019\/11\/IMSARGweb.jpg?resize=525%2C300&ssl=1 1.5x, https:\/\/i0.wp.com\/www.subkultur.de\/edition\/wp-content\/uploads\/2019\/11\/IMSARGweb.jpg?resize=700%2C400&ssl=1 2x"},"classes":[]},{"id":8034,"url":"https:\/\/www.subkultur.de\/edition\/shop\/provinzrebellen\/","url_meta":{"origin":7990,"position":2},"title":"Provinzrebellen","author":"Thomas Manegold","date":"02.11.2022","format":false,"excerpt":"SIBBE RAKETE: \u201eProvinzrebellen\u201c - Ein 90er-Jahre-Roman voller Punks in d\u00f6rflicher Tristesse, Revolte, Partys und Punk-Mucke Edition Subkultur, ca. 210 S. print ISBN: 978-3-948949-29-7 epub ISBN: 978-3-948949-30-3 2 Versionen","rel":"","context":"Mit 2 Kommentaren","block_context":{"text":"Mit 2 Kommentaren","link":"https:\/\/www.subkultur.de\/edition\/shop\/provinzrebellen\/#comments"},"img":{"alt_text":"SIBBE RAKETE: \u201eProvinzrebellen\u201c - subkultur","src":"https:\/\/i0.wp.com\/www.subkultur.de\/edition\/wp-content\/uploads\/2022\/11\/Provinzcoverweb.jpg?resize=350%2C200&ssl=1","width":350,"height":200,"srcset":"https:\/\/i0.wp.com\/www.subkultur.de\/edition\/wp-content\/uploads\/2022\/11\/Provinzcoverweb.jpg?resize=350%2C200&ssl=1 1x, https:\/\/i0.wp.com\/www.subkultur.de\/edition\/wp-content\/uploads\/2022\/11\/Provinzcoverweb.jpg?resize=525%2C300&ssl=1 1.5x, https:\/\/i0.wp.com\/www.subkultur.de\/edition\/wp-content\/uploads\/2022\/11\/Provinzcoverweb.jpg?resize=700%2C400&ssl=1 2x"},"classes":[]},{"id":2172,"url":"https:\/\/www.subkultur.de\/edition\/shop\/meine-kaempfe\/","url_meta":{"origin":7990,"position":3},"title":"Meine K\u00e4mpfe","author":"Thomas Manegold","date":"17.02.2017","format":false,"excerpt":"ALEXANDER BEDRANOWSKY: \u201eMeine K\u00e4mpfe\u201c, Schicksalsschlag w\u00f6rtlich genommen: die Wrestling-Autobiographie des herausragendsten deutschen Gladiators der Neuzeit \u2013 mit blutigem Farbteil (nichts f\u00fcr Zartbesaitete), Buch, Softcover 196 S., plus Farbseiten, 20,5 x 13,5 cm, DAS BUCH IST DERZEIT AUSVERKAUFT!","rel":"","context":"\u00c4hnlicher Beitrag","block_context":{"text":"\u00c4hnlicher Beitrag","link":""},"img":{"alt_text":"ALEXANDER BEDRANOWSKY: \u201eMeine K\u00e4mpfe \u2013 Eine Autobiographie\u201c 3. Auflage, Januar 2017, Edition Subkultur Berlin","src":"https:\/\/i0.wp.com\/www.subkultur.de\/edition\/wp-content\/uploads\/2017\/02\/KaempfeCoverSub800web.jpg?resize=350%2C200&ssl=1","width":350,"height":200,"srcset":"https:\/\/i0.wp.com\/www.subkultur.de\/edition\/wp-content\/uploads\/2017\/02\/KaempfeCoverSub800web.jpg?resize=350%2C200&ssl=1 1x, https:\/\/i0.wp.com\/www.subkultur.de\/edition\/wp-content\/uploads\/2017\/02\/KaempfeCoverSub800web.jpg?resize=525%2C300&ssl=1 1.5x, https:\/\/i0.wp.com\/www.subkultur.de\/edition\/wp-content\/uploads\/2017\/02\/KaempfeCoverSub800web.jpg?resize=700%2C400&ssl=1 2x"},"classes":[]},{"id":8004,"url":"https:\/\/www.subkultur.de\/edition\/shop\/pfingstgefluester-2022\/","url_meta":{"origin":7990,"position":4},"title":"Pfingstgefl\u00fcster 2022","author":"Thomas Manegold","date":"09.09.2022","format":false,"excerpt":"Marcus Rietzsch (Hrsg.) \u201ePfingstgefl\u00fcster 2022\u201c Magazin, DIN A4 (21 x 29,7 cm), ISBN: 978-3-948949-28-0, Softcover, DIN A4 (21 x 29,7 cm) - Edition Subkultur","rel":"","context":"\u00c4hnlicher Beitrag","block_context":{"text":"\u00c4hnlicher Beitrag","link":""},"img":{"alt_text":"Pfingstgefl\u00fcster 2022 - edition subkultur","src":"https:\/\/i0.wp.com\/www.subkultur.de\/edition\/wp-content\/uploads\/2022\/09\/Cover-2022.png?resize=350%2C200&ssl=1","width":350,"height":200,"srcset":"https:\/\/i0.wp.com\/www.subkultur.de\/edition\/wp-content\/uploads\/2022\/09\/Cover-2022.png?resize=350%2C200&ssl=1 1x, https:\/\/i0.wp.com\/www.subkultur.de\/edition\/wp-content\/uploads\/2022\/09\/Cover-2022.png?resize=525%2C300&ssl=1 1.5x, https:\/\/i0.wp.com\/www.subkultur.de\/edition\/wp-content\/uploads\/2022\/09\/Cover-2022.png?resize=700%2C400&ssl=1 2x"},"classes":[]},{"id":8409,"url":"https:\/\/www.subkultur.de\/edition\/shop\/hey-ella-bin-gleich-wieder-da\/","url_meta":{"origin":7990,"position":5},"title":"Hey Ella, bin gleich wieder da","author":"Thomas Manegold","date":"21.11.2024","format":false,"excerpt":"JULIAN SCHRAVEN: \u201eHey Ella, bin gleich wieder da \u2013 von Freunden, Geld, Musik und Ehrenfeld\u201c - Eine Geschichte \u00fcber Zugeh\u00f6rigkeit, Kapitalismus, Selbstfindung und die Frage, was\u00a0 wirklich wichtig ist Edition Subkultur Buch ISBN: 978-3-948949-44-0 eBook ISBN: 978-3-948949-45-7 2 Versionen","rel":"","context":"\u00c4hnlicher Beitrag","block_context":{"text":"\u00c4hnlicher Beitrag","link":""},"img":{"alt_text":"JULIAN SCHRAVEN: \u201eHey Ella, bin gleich wieder da\"","src":"https:\/\/i0.wp.com\/www.subkultur.de\/edition\/wp-content\/uploads\/2024\/11\/coverellaweb.jpg?resize=350%2C200&ssl=1","width":350,"height":200,"srcset":"https:\/\/i0.wp.com\/www.subkultur.de\/edition\/wp-content\/uploads\/2024\/11\/coverellaweb.jpg?resize=350%2C200&ssl=1 1x, https:\/\/i0.wp.com\/www.subkultur.de\/edition\/wp-content\/uploads\/2024\/11\/coverellaweb.jpg?resize=525%2C300&ssl=1 1.5x, https:\/\/i0.wp.com\/www.subkultur.de\/edition\/wp-content\/uploads\/2024\/11\/coverellaweb.jpg?resize=700%2C400&ssl=1 2x"},"classes":[]}],"jetpack_sharing_enabled":true,"_links":{"self":[{"href":"https:\/\/www.subkultur.de\/edition\/wp-json\/wp\/v2\/product\/7990","targetHints":{"allow":["GET"]}}],"collection":[{"href":"https:\/\/www.subkultur.de\/edition\/wp-json\/wp\/v2\/product"}],"about":[{"href":"https:\/\/www.subkultur.de\/edition\/wp-json\/wp\/v2\/types\/product"}],"replies":[{"embeddable":true,"href":"https:\/\/www.subkultur.de\/edition\/wp-json\/wp\/v2\/comments?post=7990"}],"wp:featuredmedia":[{"embeddable":true,"href":"https:\/\/www.subkultur.de\/edition\/wp-json\/wp\/v2\/media\/7994"}],"wp:attachment":[{"href":"https:\/\/www.subkultur.de\/edition\/wp-json\/wp\/v2\/media?parent=7990"}],"wp:term":[{"taxonomy":"product_brand","embeddable":true,"href":"https:\/\/www.subkultur.de\/edition\/wp-json\/wp\/v2\/product_brand?post=7990"},{"taxonomy":"product_cat","embeddable":true,"href":"https:\/\/www.subkultur.de\/edition\/wp-json\/wp\/v2\/product_cat?post=7990"},{"taxonomy":"product_tag","embeddable":true,"href":"https:\/\/www.subkultur.de\/edition\/wp-json\/wp\/v2\/product_tag?post=7990"}],"curies":[{"name":"wp","href":"https:\/\/api.w.org\/{rel}","templated":true}]}}