{"id":8010,"date":"2022-09-13T10:45:34","date_gmt":"2022-09-13T08:45:34","guid":{"rendered":"https:\/\/www.subkultur.de\/edition\/?post_type=product&#038;p=8010"},"modified":"2022-11-10T12:13:01","modified_gmt":"2022-11-10T11:13:01","slug":"frau-rotkohl-das-beste-aus-35-000-jahren-musikgeschichte","status":"publish","type":"product","link":"https:\/\/www.subkultur.de\/edition\/shop\/frau-rotkohl-das-beste-aus-35-000-jahren-musikgeschichte\/","title":{"rendered":"Frau Rotkohl: Das Beste aus 35.000 Jahren Musikgeschichte"},"content":{"rendered":"<div class=\"tabs\">\n<div id=\"tab-content\" class=\"tab-content\">\n<div id=\"description\" class=\"tab-pane fade in active js-product-tab-active\" role=\"tabpanel\">\n<div class=\"product-description\">\n<p>Gr\u00fcndung 2014. Bielefelder Kabarettpreis 2018. Erstes Buch bei Periplaneta\u00a0 und erstes Album 2022. Die Vier-Jahres-Pl\u00e4ne der Band Frau Rotkohl laufen perfekt, sodass die Weltherrschaft 2026 eigentlich nur noch Formsache sein d\u00fcrfte. Die CD \u201cDas Beste aus 35.000 Jahren Musikgeschichte\u201d enth\u00e4lt neben den 12 Titeln, die es auch auf fast allen Streamingdiensten zu finden gibt, noch jede Menge Bonusmaterial wie ein unheimlich lehrreiches Glossar, eine Katzenklappenguillotine oder sogar ein extrem innovatives Backcover.<\/p>\n<p>Titelliste:<\/p>\n<ol>\n<li>Introtkohl<\/li>\n<li>Bernd<\/li>\n<li>Zack<\/li>\n<li>Klimakaterstrophe<\/li>\n<li>Stell dir vor<\/li>\n<li>Nicht so schei\u00dfe<\/li>\n<li>Mittelstand<\/li>\n<li>Limerick X<\/li>\n<li>Gleis Gleis Baby<\/li>\n<li>Selbsthilfegruppe<\/li>\n<li>Rapunzel<\/li>\n<li>Gisela<\/li>\n<\/ol>\n<\/div>\n<\/div>\n<\/div>\n<\/div>\n<div class=\"shariff shariff-align-flex-end shariff-widget-align-flex-end\"><ul class=\"shariff-buttons theme-round orientation-horizontal buttonsize-small\"><li class=\"shariff-button facebook\" style=\"background-color:#666666\"><a href=\"https:\/\/www.facebook.com\/sharer\/sharer.php?u=https%3A%2F%2Fwww.subkultur.de%2Fedition%2Fshop%2Ffrau-rotkohl-das-beste-aus-35-000-jahren-musikgeschichte%2F\" title=\"Bei Facebook teilen\" aria-label=\"Bei Facebook teilen\" role=\"button\" rel=\"nofollow\" class=\"shariff-link\" style=\"; background-color:#990000; color:#fff\" target=\"_blank\"><span class=\"shariff-icon\" style=\"\"><svg width=\"32px\" height=\"20px\" xmlns=\"http:\/\/www.w3.org\/2000\/svg\" viewBox=\"0 0 18 32\"><path fill=\"#3b5998\" d=\"M17.1 0.2v4.7h-2.8q-1.5 0-2.1 0.6t-0.5 1.9v3.4h5.2l-0.7 5.3h-4.5v13.6h-5.5v-13.6h-4.5v-5.3h4.5v-3.9q0-3.3 1.9-5.2t5-1.8q2.6 0 4.1 0.2z\"\/><\/svg><\/span><\/a><\/li><li class=\"shariff-button twitter\" style=\"background-color:#666666\"><a href=\"https:\/\/twitter.com\/share?url=https%3A%2F%2Fwww.subkultur.de%2Fedition%2Fshop%2Ffrau-rotkohl-das-beste-aus-35-000-jahren-musikgeschichte%2F&text=Frau%20Rotkohl%3A%20Das%20Beste%20aus%2035.000%20Jahren%20Musikgeschichte\" title=\"Bei X teilen\" aria-label=\"Bei X teilen\" role=\"button\" rel=\"noopener nofollow\" class=\"shariff-link\" style=\"; background-color:#990000; color:#fff\" target=\"_blank\"><span class=\"shariff-icon\" style=\"\"><svg width=\"32px\" height=\"20px\" xmlns=\"http:\/\/www.w3.org\/2000\/svg\" viewBox=\"0 0 24 24\"><path fill=\"#000\" d=\"M14.258 10.152L23.176 0h-2.113l-7.747 8.813L7.133 0H0l9.352 13.328L0 23.973h2.113l8.176-9.309 6.531 9.309h7.133zm-2.895 3.293l-.949-1.328L2.875 1.56h3.246l6.086 8.523.945 1.328 7.91 11.078h-3.246zm0 0\"\/><\/svg><\/span><\/a><\/li><li class=\"shariff-button whatsapp shariff-mobile\" style=\"background-color:#666666\"><a href=\"https:\/\/api.whatsapp.com\/send?text=https%3A%2F%2Fwww.subkultur.de%2Fedition%2Fshop%2Ffrau-rotkohl-das-beste-aus-35-000-jahren-musikgeschichte%2F%20Frau%20Rotkohl%3A%20Das%20Beste%20aus%2035.000%20Jahren%20Musikgeschichte\" title=\"Bei Whatsapp teilen\" aria-label=\"Bei Whatsapp teilen\" role=\"button\" rel=\"noopener nofollow\" class=\"shariff-link\" style=\"; background-color:#990000; color:#fff\" target=\"_blank\"><span class=\"shariff-icon\" style=\"\"><svg width=\"32px\" height=\"20px\" xmlns=\"http:\/\/www.w3.org\/2000\/svg\" viewBox=\"0 0 32 32\"><path fill=\"#34af23\" d=\"M17.6 17.4q0.2 0 1.7 0.8t1.6 0.9q0 0.1 0 0.3 0 0.6-0.3 1.4-0.3 0.7-1.3 1.2t-1.8 0.5q-1 0-3.4-1.1-1.7-0.8-3-2.1t-2.6-3.3q-1.3-1.9-1.3-3.5v-0.1q0.1-1.6 1.3-2.8 0.4-0.4 0.9-0.4 0.1 0 0.3 0t0.3 0q0.3 0 0.5 0.1t0.3 0.5q0.1 0.4 0.6 1.6t0.4 1.3q0 0.4-0.6 1t-0.6 0.8q0 0.1 0.1 0.3 0.6 1.3 1.8 2.4 1 0.9 2.7 1.8 0.2 0.1 0.4 0.1 0.3 0 1-0.9t0.9-0.9zM14 26.9q2.3 0 4.3-0.9t3.6-2.4 2.4-3.6 0.9-4.3-0.9-4.3-2.4-3.6-3.6-2.4-4.3-0.9-4.3 0.9-3.6 2.4-2.4 3.6-0.9 4.3q0 3.6 2.1 6.6l-1.4 4.2 4.3-1.4q2.8 1.9 6.2 1.9zM14 2.2q2.7 0 5.2 1.1t4.3 2.9 2.9 4.3 1.1 5.2-1.1 5.2-2.9 4.3-4.3 2.9-5.2 1.1q-3.5 0-6.5-1.7l-7.4 2.4 2.4-7.2q-1.9-3.2-1.9-6.9 0-2.7 1.1-5.2t2.9-4.3 4.3-2.9 5.2-1.1z\"\/><\/svg><\/span><\/a><\/li><li class=\"shariff-button paypal\" style=\"background-color:#666666\"><a href=\"https:\/\/www.paypal.com\/cgi-bin\/webscr?cmd=_s-xclick&#038;hosted_button_id=PLJWJSQLT8Z36\" title=\"Spenden mit PayPal\" aria-label=\"Spenden mit PayPal\" role=\"button\" rel=\"noopener nofollow\" class=\"shariff-link\" style=\"; background-color:#990000; color:#fff\" target=\"_blank\"><span class=\"shariff-icon\" style=\"\"><svg width=\"32px\" height=\"20px\" xmlns=\"http:\/\/www.w3.org\/2000\/svg\" viewBox=\"0 0 32 32\"><path fill=\"#009cde\" d=\"M19.9 8q0-2.8-4.2-2.8h-1.2q-0.6 0-1.1 0.4t-0.6 0.9l-1.1 4.9q0 0.1 0 0.3 0 0.4 0.3 0.7t0.7 0.3h0.9q1.2 0 2.3-0.2t2-0.7 1.5-1.5 0.5-2.3zM30.6 10.7q0 4.7-3.9 7.6-3.9 2.9-10.9 2.9h-1.1q-0.6 0-1.1 0.4t-0.6 0.9l-1.3 5.6q-0.1 0.6-0.7 1.1t-1.2 0.5h-3.8q-0.6 0-0.9-0.4t-0.4-0.9q0-0.2 0.2-1.2h2.7q0.6 0 1.1-0.4t0.7-1l1.3-5.6q0.1-0.6 0.7-1t1.1-0.4h1.1q7 0 10.8-2.9t3.9-7.5q0-2.3-0.9-3.7 3.3 1.6 3.3 6zM27.4 7.4q0 4.7-3.9 7.6-3.9 2.9-10.9 2.9h-1.1q-0.6 0-1.1 0.4t-0.6 0.9l-1.3 5.6q-0.1 0.6-0.7 1.1t-1.2 0.5h-3.8q-0.6 0-0.9-0.3t-0.4-0.9q0-0.1 0-0.4l5.4-23.2q0.1-0.6 0.7-1.1t1.2-0.5h7.9q1.2 0 2.2 0.1t2.2 0.3 2 0.5 1.7 0.9 1.4 1.3 0.9 1.8 0.3 2.4z\"\/><\/svg><\/span><\/a><\/li><li class=\"shariff-button rss\" style=\"background-color:#666666\"><a href=\"https:\/\/www.subkultur.de\/edition\/feed\/rss\/\" title=\"RSS-feed\" aria-label=\"RSS-feed\" role=\"button\" class=\"shariff-link\" style=\"; background-color:#990000; color:#fff\" target=\"_blank\"><span class=\"shariff-icon\" style=\"\"><svg width=\"32px\" height=\"20px\" xmlns=\"http:\/\/www.w3.org\/2000\/svg\" viewBox=\"0 0 32 32\"><path fill=\"#fe9312\" d=\"M4.3 23.5c-2.3 0-4.3 1.9-4.3 4.3 0 2.3 1.9 4.2 4.3 4.2 2.4 0 4.3-1.9 4.3-4.2 0-2.3-1.9-4.3-4.3-4.3zM0 10.9v6.1c4 0 7.7 1.6 10.6 4.4 2.8 2.8 4.4 6.6 4.4 10.6h6.2c0-11.7-9.5-21.1-21.1-21.1zM0 0v6.1c14.2 0 25.8 11.6 25.8 25.9h6.2c0-17.6-14.4-32-32-32z\"\/><\/svg><\/span><\/a><\/li><\/ul><\/div>","protected":false},"excerpt":{"rendered":"<div class=\"woocommerce-product-details__short-description\">\n<p>Frau Rotkohl: Das Beste aus 35.000 Jahren Musikgeschichte. Premium-Musik-Comedy-CD.<\/p>\n<ul>\n<li>Nathanael Siering, Jon Lorenzen, Jonas Zimmermann<\/li>\n<li>Label: Pfandfrei Records, Berlin (Labelcode 98442)<\/li>\n<li>Digipak mit 1 CD<\/li>\n<li>8-seitiges Booklet<\/li>\n<li>EAN: 8 445162 626347<\/li>\n<\/ul>\n<\/div>\n","protected":false},"featured_media":8011,"comment_status":"open","ping_status":"closed","template":"","meta":{"jetpack_publicize_message":"","jetpack_publicize_feature_enabled":true,"jetpack_social_post_already_shared":true,"jetpack_social_options":{"image_generator_settings":{"template":"highway","default_image_id":0,"font":"","enabled":false},"version":2}},"product_brand":[],"product_cat":[79],"product_tag":[506,425,529,571],"class_list":{"0":"post-8010","1":"product","2":"type-product","3":"status-publish","4":"has-post-thumbnail","6":"product_cat-musik","7":"product_tag-alkohol","8":"product_tag-berlin","9":"product_tag-liebe","10":"product_tag-satire","12":"first","13":"instock","14":"taxable","15":"shipping-taxable","16":"purchasable","17":"product-type-simple"},"yoast_head":"<!-- This site is optimized with the Yoast SEO plugin v27.4 - https:\/\/yoast.com\/product\/yoast-seo-wordpress\/ -->\n<title>Frau Rotkohl: Das Beste aus 35.000 Jahren Musikgeschichte - edition.subkultur<\/title>\n<meta name=\"description\" content=\"Frau Rotkohl: Das Beste aus 35.000 Jahren Musikgeschichte. Premium-Musik-Comedy-CD.\" \/>\n<meta name=\"robots\" content=\"index, follow, max-snippet:-1, max-image-preview:large, max-video-preview:-1\" \/>\n<link rel=\"canonical\" href=\"https:\/\/www.subkultur.de\/edition\/shop\/frau-rotkohl-das-beste-aus-35-000-jahren-musikgeschichte\/\" \/>\n<meta property=\"og:locale\" content=\"de_DE\" \/>\n<meta property=\"og:type\" content=\"article\" \/>\n<meta property=\"og:title\" content=\"Frau Rotkohl: Das Beste aus 35.000 Jahren Musikgeschichte - edition.subkultur\" \/>\n<meta property=\"og:description\" content=\"Frau Rotkohl: Das Beste aus 35.000 Jahren Musikgeschichte. Premium-Musik-Comedy-CD.\" \/>\n<meta property=\"og:url\" content=\"https:\/\/www.subkultur.de\/edition\/shop\/frau-rotkohl-das-beste-aus-35-000-jahren-musikgeschichte\/\" \/>\n<meta property=\"og:site_name\" content=\"edition.subkultur\" \/>\n<meta property=\"article:publisher\" content=\"https:\/\/www.facebook.com\/edition.subkultur\/\" \/>\n<meta property=\"article:modified_time\" content=\"2022-11-10T11:13:01+00:00\" \/>\n<meta property=\"og:image\" content=\"https:\/\/www.subkultur.de\/edition\/wp-content\/uploads\/2022\/09\/frau-rotkohl-cd-periplaneta..jpg\" \/>\n\t<meta property=\"og:image:width\" content=\"800\" \/>\n\t<meta property=\"og:image:height\" content=\"800\" \/>\n\t<meta property=\"og:image:type\" content=\"image\/jpeg\" \/>\n<meta name=\"twitter:card\" content=\"summary_large_image\" \/>\n<meta name=\"twitter:label1\" content=\"Gesch\u00e4tzte Lesezeit\" \/>\n\t<meta name=\"twitter:data1\" content=\"1\u00a0Minute\" \/>\n<script type=\"application\/ld+json\" class=\"yoast-schema-graph\">{\"@context\":\"https:\\\/\\\/schema.org\",\"@graph\":[{\"@type\":\"WebPage\",\"@id\":\"https:\\\/\\\/www.subkultur.de\\\/edition\\\/shop\\\/frau-rotkohl-das-beste-aus-35-000-jahren-musikgeschichte\\\/\",\"url\":\"https:\\\/\\\/www.subkultur.de\\\/edition\\\/shop\\\/frau-rotkohl-das-beste-aus-35-000-jahren-musikgeschichte\\\/\",\"name\":\"Frau Rotkohl: Das Beste aus 35.000 Jahren Musikgeschichte - edition.subkultur\",\"isPartOf\":{\"@id\":\"https:\\\/\\\/www.subkultur.de\\\/edition\\\/#website\"},\"primaryImageOfPage\":{\"@id\":\"https:\\\/\\\/www.subkultur.de\\\/edition\\\/shop\\\/frau-rotkohl-das-beste-aus-35-000-jahren-musikgeschichte\\\/#primaryimage\"},\"image\":{\"@id\":\"https:\\\/\\\/www.subkultur.de\\\/edition\\\/shop\\\/frau-rotkohl-das-beste-aus-35-000-jahren-musikgeschichte\\\/#primaryimage\"},\"thumbnailUrl\":\"https:\\\/\\\/www.subkultur.de\\\/edition\\\/wp-content\\\/uploads\\\/2022\\\/09\\\/frau-rotkohl-cd-periplaneta..jpg\",\"datePublished\":\"2022-09-13T08:45:34+00:00\",\"dateModified\":\"2022-11-10T11:13:01+00:00\",\"description\":\"Frau Rotkohl: Das Beste aus 35.000 Jahren Musikgeschichte. Premium-Musik-Comedy-CD.\",\"breadcrumb\":{\"@id\":\"https:\\\/\\\/www.subkultur.de\\\/edition\\\/shop\\\/frau-rotkohl-das-beste-aus-35-000-jahren-musikgeschichte\\\/#breadcrumb\"},\"inLanguage\":\"de\",\"potentialAction\":[{\"@type\":\"ReadAction\",\"target\":[\"https:\\\/\\\/www.subkultur.de\\\/edition\\\/shop\\\/frau-rotkohl-das-beste-aus-35-000-jahren-musikgeschichte\\\/\"]}]},{\"@type\":\"ImageObject\",\"inLanguage\":\"de\",\"@id\":\"https:\\\/\\\/www.subkultur.de\\\/edition\\\/shop\\\/frau-rotkohl-das-beste-aus-35-000-jahren-musikgeschichte\\\/#primaryimage\",\"url\":\"https:\\\/\\\/www.subkultur.de\\\/edition\\\/wp-content\\\/uploads\\\/2022\\\/09\\\/frau-rotkohl-cd-periplaneta..jpg\",\"contentUrl\":\"https:\\\/\\\/www.subkultur.de\\\/edition\\\/wp-content\\\/uploads\\\/2022\\\/09\\\/frau-rotkohl-cd-periplaneta..jpg\",\"width\":800,\"height\":800,\"caption\":\"frau-rotkohl-cd-periplaneta\"},{\"@type\":\"BreadcrumbList\",\"@id\":\"https:\\\/\\\/www.subkultur.de\\\/edition\\\/shop\\\/frau-rotkohl-das-beste-aus-35-000-jahren-musikgeschichte\\\/#breadcrumb\",\"itemListElement\":[{\"@type\":\"ListItem\",\"position\":1,\"name\":\"Startseite\",\"item\":\"https:\\\/\\\/www.subkultur.de\\\/edition\\\/\"},{\"@type\":\"ListItem\",\"position\":2,\"name\":\"Shop\",\"item\":\"https:\\\/\\\/www.subkultur.de\\\/edition\\\/shop\\\/\"},{\"@type\":\"ListItem\",\"position\":3,\"name\":\"Frau Rotkohl: Das Beste aus 35.000 Jahren Musikgeschichte\"}]},{\"@type\":\"WebSite\",\"@id\":\"https:\\\/\\\/www.subkultur.de\\\/edition\\\/#website\",\"url\":\"https:\\\/\\\/www.subkultur.de\\\/edition\\\/\",\"name\":\"edition.subkultur\",\"description\":\"Overground Literatur &amp; Music\",\"publisher\":{\"@id\":\"https:\\\/\\\/www.subkultur.de\\\/edition\\\/#organization\"},\"potentialAction\":[{\"@type\":\"SearchAction\",\"target\":{\"@type\":\"EntryPoint\",\"urlTemplate\":\"https:\\\/\\\/www.subkultur.de\\\/edition\\\/?s={search_term_string}\"},\"query-input\":{\"@type\":\"PropertyValueSpecification\",\"valueRequired\":true,\"valueName\":\"search_term_string\"}}],\"inLanguage\":\"de\"},{\"@type\":\"Organization\",\"@id\":\"https:\\\/\\\/www.subkultur.de\\\/edition\\\/#organization\",\"name\":\"Edition Subkultur\",\"url\":\"https:\\\/\\\/www.subkultur.de\\\/edition\\\/\",\"logo\":{\"@type\":\"ImageObject\",\"inLanguage\":\"de\",\"@id\":\"https:\\\/\\\/www.subkultur.de\\\/edition\\\/#\\\/schema\\\/logo\\\/image\\\/\",\"url\":\"https:\\\/\\\/i0.wp.com\\\/www.subkultur.de\\\/edition\\\/wp-content\\\/uploads\\\/2018\\\/08\\\/sublogo3001.png?fit=300%2C111&ssl=1\",\"contentUrl\":\"https:\\\/\\\/i0.wp.com\\\/www.subkultur.de\\\/edition\\\/wp-content\\\/uploads\\\/2018\\\/08\\\/sublogo3001.png?fit=300%2C111&ssl=1\",\"width\":300,\"height\":111,\"caption\":\"Edition Subkultur\"},\"image\":{\"@id\":\"https:\\\/\\\/www.subkultur.de\\\/edition\\\/#\\\/schema\\\/logo\\\/image\\\/\"},\"sameAs\":[\"https:\\\/\\\/www.facebook.com\\\/edition.subkultur\\\/\"]}]}<\/script>\n<!-- \/ Yoast SEO plugin. -->","yoast_head_json":{"title":"Frau Rotkohl: Das Beste aus 35.000 Jahren Musikgeschichte - edition.subkultur","description":"Frau Rotkohl: Das Beste aus 35.000 Jahren Musikgeschichte. Premium-Musik-Comedy-CD.","robots":{"index":"index","follow":"follow","max-snippet":"max-snippet:-1","max-image-preview":"max-image-preview:large","max-video-preview":"max-video-preview:-1"},"canonical":"https:\/\/www.subkultur.de\/edition\/shop\/frau-rotkohl-das-beste-aus-35-000-jahren-musikgeschichte\/","og_locale":"de_DE","og_type":"article","og_title":"Frau Rotkohl: Das Beste aus 35.000 Jahren Musikgeschichte - edition.subkultur","og_description":"Frau Rotkohl: Das Beste aus 35.000 Jahren Musikgeschichte. Premium-Musik-Comedy-CD.","og_url":"https:\/\/www.subkultur.de\/edition\/shop\/frau-rotkohl-das-beste-aus-35-000-jahren-musikgeschichte\/","og_site_name":"edition.subkultur","article_publisher":"https:\/\/www.facebook.com\/edition.subkultur\/","article_modified_time":"2022-11-10T11:13:01+00:00","og_image":[{"width":800,"height":800,"url":"https:\/\/www.subkultur.de\/edition\/wp-content\/uploads\/2022\/09\/frau-rotkohl-cd-periplaneta..jpg","type":"image\/jpeg"}],"twitter_card":"summary_large_image","twitter_misc":{"Gesch\u00e4tzte Lesezeit":"1\u00a0Minute"},"schema":{"@context":"https:\/\/schema.org","@graph":[{"@type":"WebPage","@id":"https:\/\/www.subkultur.de\/edition\/shop\/frau-rotkohl-das-beste-aus-35-000-jahren-musikgeschichte\/","url":"https:\/\/www.subkultur.de\/edition\/shop\/frau-rotkohl-das-beste-aus-35-000-jahren-musikgeschichte\/","name":"Frau Rotkohl: Das Beste aus 35.000 Jahren Musikgeschichte - edition.subkultur","isPartOf":{"@id":"https:\/\/www.subkultur.de\/edition\/#website"},"primaryImageOfPage":{"@id":"https:\/\/www.subkultur.de\/edition\/shop\/frau-rotkohl-das-beste-aus-35-000-jahren-musikgeschichte\/#primaryimage"},"image":{"@id":"https:\/\/www.subkultur.de\/edition\/shop\/frau-rotkohl-das-beste-aus-35-000-jahren-musikgeschichte\/#primaryimage"},"thumbnailUrl":"https:\/\/www.subkultur.de\/edition\/wp-content\/uploads\/2022\/09\/frau-rotkohl-cd-periplaneta..jpg","datePublished":"2022-09-13T08:45:34+00:00","dateModified":"2022-11-10T11:13:01+00:00","description":"Frau Rotkohl: Das Beste aus 35.000 Jahren Musikgeschichte. Premium-Musik-Comedy-CD.","breadcrumb":{"@id":"https:\/\/www.subkultur.de\/edition\/shop\/frau-rotkohl-das-beste-aus-35-000-jahren-musikgeschichte\/#breadcrumb"},"inLanguage":"de","potentialAction":[{"@type":"ReadAction","target":["https:\/\/www.subkultur.de\/edition\/shop\/frau-rotkohl-das-beste-aus-35-000-jahren-musikgeschichte\/"]}]},{"@type":"ImageObject","inLanguage":"de","@id":"https:\/\/www.subkultur.de\/edition\/shop\/frau-rotkohl-das-beste-aus-35-000-jahren-musikgeschichte\/#primaryimage","url":"https:\/\/www.subkultur.de\/edition\/wp-content\/uploads\/2022\/09\/frau-rotkohl-cd-periplaneta..jpg","contentUrl":"https:\/\/www.subkultur.de\/edition\/wp-content\/uploads\/2022\/09\/frau-rotkohl-cd-periplaneta..jpg","width":800,"height":800,"caption":"frau-rotkohl-cd-periplaneta"},{"@type":"BreadcrumbList","@id":"https:\/\/www.subkultur.de\/edition\/shop\/frau-rotkohl-das-beste-aus-35-000-jahren-musikgeschichte\/#breadcrumb","itemListElement":[{"@type":"ListItem","position":1,"name":"Startseite","item":"https:\/\/www.subkultur.de\/edition\/"},{"@type":"ListItem","position":2,"name":"Shop","item":"https:\/\/www.subkultur.de\/edition\/shop\/"},{"@type":"ListItem","position":3,"name":"Frau Rotkohl: Das Beste aus 35.000 Jahren Musikgeschichte"}]},{"@type":"WebSite","@id":"https:\/\/www.subkultur.de\/edition\/#website","url":"https:\/\/www.subkultur.de\/edition\/","name":"edition.subkultur","description":"Overground Literatur &amp; Music","publisher":{"@id":"https:\/\/www.subkultur.de\/edition\/#organization"},"potentialAction":[{"@type":"SearchAction","target":{"@type":"EntryPoint","urlTemplate":"https:\/\/www.subkultur.de\/edition\/?s={search_term_string}"},"query-input":{"@type":"PropertyValueSpecification","valueRequired":true,"valueName":"search_term_string"}}],"inLanguage":"de"},{"@type":"Organization","@id":"https:\/\/www.subkultur.de\/edition\/#organization","name":"Edition Subkultur","url":"https:\/\/www.subkultur.de\/edition\/","logo":{"@type":"ImageObject","inLanguage":"de","@id":"https:\/\/www.subkultur.de\/edition\/#\/schema\/logo\/image\/","url":"https:\/\/i0.wp.com\/www.subkultur.de\/edition\/wp-content\/uploads\/2018\/08\/sublogo3001.png?fit=300%2C111&ssl=1","contentUrl":"https:\/\/i0.wp.com\/www.subkultur.de\/edition\/wp-content\/uploads\/2018\/08\/sublogo3001.png?fit=300%2C111&ssl=1","width":300,"height":111,"caption":"Edition Subkultur"},"image":{"@id":"https:\/\/www.subkultur.de\/edition\/#\/schema\/logo\/image\/"},"sameAs":["https:\/\/www.facebook.com\/edition.subkultur\/"]}]}},"jetpack_publicize_connections":[],"jetpack-related-posts":[{"id":1874,"url":"https:\/\/www.subkultur.de\/edition\/shop\/hoert-franka-eigentlich-noch-black-metal\/","url_meta":{"origin":8010,"position":0},"title":"H\u00f6rt Franka eigentlich noch Black Metal?","author":"Thomas Manegold","date":"17.06.2016","format":false,"excerpt":"Mikis Wesensbitter: \u201eH\u00f6rt Franka eigentlich noch Black Metal?\" Die komplette Serie, Staffel 1 bis 3. Ein Kult-Buch wie ein selbstgemachtes Mixtape mit den Lieblingssongs zum Biertrinken, Sexhaben und Nachdenken. Mit Fotografien von Jana Farley Buch, Softcover 238 S.,19x13,5cm, ISBN: 978-3-943412-27-7, Edition Subkultur","rel":"","context":"\u00c4hnlicher Beitrag","block_context":{"text":"\u00c4hnlicher Beitrag","link":""},"img":{"alt_text":"H\u00f6rt Franka subkultur","src":"https:\/\/i0.wp.com\/www.subkultur.de\/edition\/wp-content\/uploads\/2016\/06\/franka700web.jpg?resize=350%2C200&ssl=1","width":350,"height":200,"srcset":"https:\/\/i0.wp.com\/www.subkultur.de\/edition\/wp-content\/uploads\/2016\/06\/franka700web.jpg?resize=350%2C200&ssl=1 1x, https:\/\/i0.wp.com\/www.subkultur.de\/edition\/wp-content\/uploads\/2016\/06\/franka700web.jpg?resize=525%2C300&ssl=1 1.5x, https:\/\/i0.wp.com\/www.subkultur.de\/edition\/wp-content\/uploads\/2016\/06\/franka700web.jpg?resize=700%2C400&ssl=1 2x"},"classes":[]},{"id":5787,"url":"https:\/\/www.subkultur.de\/edition\/shop\/maria-und-das-fleisch-der-goldenen-kaelber\/","url_meta":{"origin":8010,"position":1},"title":"Maria und das Fleisch der goldenen K\u00e4lber","author":"Thomas Manegold","date":"02.11.2020","format":false,"excerpt":"PHILIPP BAAR: \"Maria und das Fleisch der goldenen K\u00e4lber\" Ein verschrobener Detektiv und sein Hund suchen einen verschwundenen Jungen und die Liebe. Edition Subkultur, ca. 100 S. print ISBN: 978-3-948949-04-4 epub ISBN: 978-3-948949-05-1 2 Versionen","rel":"","context":"\u00c4hnlicher Beitrag","block_context":{"text":"\u00c4hnlicher Beitrag","link":""},"img":{"alt_text":"Philipp Baar: \u201eMaria und das Fleisch der goldenen K\u00e4lber\u201c Edition Subkultur","src":"https:\/\/i0.wp.com\/www.subkultur.de\/edition\/wp-content\/uploads\/2020\/11\/coverweb.jpg?resize=350%2C200&ssl=1","width":350,"height":200,"srcset":"https:\/\/i0.wp.com\/www.subkultur.de\/edition\/wp-content\/uploads\/2020\/11\/coverweb.jpg?resize=350%2C200&ssl=1 1x, https:\/\/i0.wp.com\/www.subkultur.de\/edition\/wp-content\/uploads\/2020\/11\/coverweb.jpg?resize=525%2C300&ssl=1 1.5x, https:\/\/i0.wp.com\/www.subkultur.de\/edition\/wp-content\/uploads\/2020\/11\/coverweb.jpg?resize=700%2C400&ssl=1 2x"},"classes":[]},{"id":1851,"url":"https:\/\/www.subkultur.de\/edition\/shop\/genpoolparty-buch\/","url_meta":{"origin":8010,"position":2},"title":"Genpoolparty (Buch)","author":"Thomas Manegold","date":"17.05.2016","format":false,"excerpt":"HC ROTH: \u201eGenpoolparty\u201c Und das Becken voller Tr\u00e4nen. Ein Episodenroman \u00fcber Inzest, Liebe, Alkohol und die Folgen von Lebensl\u00fcgen.Mit Illustrationen von AKU! (www.akupower.de), Buch, Softcover 118 S., 12x18cm, print ISBN: 978-3-943412-25-3, , epub ISBN: 978-3-943412-74-1, Edition Subkultur","rel":"","context":"\u00c4hnlicher Beitrag","block_context":{"text":"\u00c4hnlicher Beitrag","link":""},"img":{"alt_text":"HC Roth Genpoolparty","src":"https:\/\/i0.wp.com\/www.subkultur.de\/edition\/wp-content\/uploads\/2016\/05\/genpoolparty1000web.jpg?resize=350%2C200&ssl=1","width":350,"height":200,"srcset":"https:\/\/i0.wp.com\/www.subkultur.de\/edition\/wp-content\/uploads\/2016\/05\/genpoolparty1000web.jpg?resize=350%2C200&ssl=1 1x, https:\/\/i0.wp.com\/www.subkultur.de\/edition\/wp-content\/uploads\/2016\/05\/genpoolparty1000web.jpg?resize=525%2C300&ssl=1 1.5x, https:\/\/i0.wp.com\/www.subkultur.de\/edition\/wp-content\/uploads\/2016\/05\/genpoolparty1000web.jpg?resize=700%2C400&ssl=1 2x"},"classes":[]},{"id":5127,"url":"https:\/\/www.subkultur.de\/edition\/shop\/marx-rache\/","url_meta":{"origin":8010,"position":3},"title":"Marx&#8216; Rache","author":"Thomas Manegold","date":"07.07.2020","format":false,"excerpt":"KRISTJAN KNALL: \u201eMarx\u2019 Rache - Endlich Corona!\u201c , Karl Marx \u00fcber Corona. Die beste Theorie \u00fcber die Pandemie. Edition Subkultur, ca. 159 S. print ISBN: 978-3-948949-00-6, epub ISBN: 978-3-948949-01-3 2 Versionen","rel":"","context":"\u00c4hnlicher Beitrag","block_context":{"text":"\u00c4hnlicher Beitrag","link":""},"img":{"alt_text":"Kristjan Knall - Marx' Rache - edition subkultur","src":"https:\/\/i0.wp.com\/www.subkultur.de\/edition\/wp-content\/uploads\/2020\/07\/marx-web.jpg?resize=350%2C200&ssl=1","width":350,"height":200,"srcset":"https:\/\/i0.wp.com\/www.subkultur.de\/edition\/wp-content\/uploads\/2020\/07\/marx-web.jpg?resize=350%2C200&ssl=1 1x, https:\/\/i0.wp.com\/www.subkultur.de\/edition\/wp-content\/uploads\/2020\/07\/marx-web.jpg?resize=525%2C300&ssl=1 1.5x, https:\/\/i0.wp.com\/www.subkultur.de\/edition\/wp-content\/uploads\/2020\/07\/marx-web.jpg?resize=700%2C400&ssl=1 2x"},"classes":[]},{"id":8380,"url":"https:\/\/www.subkultur.de\/edition\/shop\/naechster-halt-im-land-des-vergessens\/","url_meta":{"origin":8010,"position":4},"title":"N\u00e4chster Halt: Im Land des Vergessens","author":"Thomas Manegold","date":"13.09.2024","format":false,"excerpt":"MIKIS WESENSBITTER: \u201eN\u00e4chster Halt: Im Land des Vergessens\u201c Geschichten aus dem Alltag eines Sozialarbeiters. Edition Subkultur, 164 S. Buch ISBN: 978-3-948949-40-2 eBook ISBN: 978-3-948949-41-9 \u00a02 Versionen","rel":"","context":"\u00c4hnlicher Beitrag","block_context":{"text":"\u00c4hnlicher Beitrag","link":""},"img":{"alt_text":"Mikis Wesensbitter \"N\u00e4chster Halt: Im Land des Vergessens\"","src":"https:\/\/i0.wp.com\/www.subkultur.de\/edition\/wp-content\/uploads\/2024\/09\/Landdesvergessensweb.jpg?resize=350%2C200&ssl=1","width":350,"height":200,"srcset":"https:\/\/i0.wp.com\/www.subkultur.de\/edition\/wp-content\/uploads\/2024\/09\/Landdesvergessensweb.jpg?resize=350%2C200&ssl=1 1x, https:\/\/i0.wp.com\/www.subkultur.de\/edition\/wp-content\/uploads\/2024\/09\/Landdesvergessensweb.jpg?resize=525%2C300&ssl=1 1.5x, https:\/\/i0.wp.com\/www.subkultur.de\/edition\/wp-content\/uploads\/2024\/09\/Landdesvergessensweb.jpg?resize=700%2C400&ssl=1 2x"},"classes":[]},{"id":6368,"url":"https:\/\/www.subkultur.de\/edition\/shop\/tuete-gefaellig-buchwundertuete-2\/","url_meta":{"origin":8010,"position":5},"title":"T\u00fcte gef\u00e4llig? Buchwundert\u00fcte 2","author":"Thomas Manegold","date":"09.03.2021","format":false,"excerpt":"2. SUBKULTUR - BUCHWUNDERT\u00dcTE. Mindestens 3 B\u00fccher und eine CD aus unserem Subkultur-BACK-KATALOG. Ideal zum Verschenken. Und zum Kennenlernen.","rel":"","context":"\u00c4hnlicher Beitrag","block_context":{"text":"\u00c4hnlicher Beitrag","link":""},"img":{"alt_text":"Subkultur Buchwundert\u00fcte","src":"https:\/\/i0.wp.com\/www.subkultur.de\/edition\/wp-content\/uploads\/2021\/03\/tuetesub.jpg?resize=350%2C200&ssl=1","width":350,"height":200,"srcset":"https:\/\/i0.wp.com\/www.subkultur.de\/edition\/wp-content\/uploads\/2021\/03\/tuetesub.jpg?resize=350%2C200&ssl=1 1x, https:\/\/i0.wp.com\/www.subkultur.de\/edition\/wp-content\/uploads\/2021\/03\/tuetesub.jpg?resize=525%2C300&ssl=1 1.5x, https:\/\/i0.wp.com\/www.subkultur.de\/edition\/wp-content\/uploads\/2021\/03\/tuetesub.jpg?resize=700%2C400&ssl=1 2x"},"classes":[]}],"jetpack_sharing_enabled":true,"_links":{"self":[{"href":"https:\/\/www.subkultur.de\/edition\/wp-json\/wp\/v2\/product\/8010","targetHints":{"allow":["GET"]}}],"collection":[{"href":"https:\/\/www.subkultur.de\/edition\/wp-json\/wp\/v2\/product"}],"about":[{"href":"https:\/\/www.subkultur.de\/edition\/wp-json\/wp\/v2\/types\/product"}],"replies":[{"embeddable":true,"href":"https:\/\/www.subkultur.de\/edition\/wp-json\/wp\/v2\/comments?post=8010"}],"wp:featuredmedia":[{"embeddable":true,"href":"https:\/\/www.subkultur.de\/edition\/wp-json\/wp\/v2\/media\/8011"}],"wp:attachment":[{"href":"https:\/\/www.subkultur.de\/edition\/wp-json\/wp\/v2\/media?parent=8010"}],"wp:term":[{"taxonomy":"product_brand","embeddable":true,"href":"https:\/\/www.subkultur.de\/edition\/wp-json\/wp\/v2\/product_brand?post=8010"},{"taxonomy":"product_cat","embeddable":true,"href":"https:\/\/www.subkultur.de\/edition\/wp-json\/wp\/v2\/product_cat?post=8010"},{"taxonomy":"product_tag","embeddable":true,"href":"https:\/\/www.subkultur.de\/edition\/wp-json\/wp\/v2\/product_tag?post=8010"}],"curies":[{"name":"wp","href":"https:\/\/api.w.org\/{rel}","templated":true}]}}