{"id":8018,"date":"2022-09-27T11:29:50","date_gmt":"2022-09-27T09:29:50","guid":{"rendered":"https:\/\/www.subkultur.de\/edition\/?post_type=product&#038;p=8018"},"modified":"2024-01-11T00:06:03","modified_gmt":"2024-01-10T23:06:03","slug":"elysion-tartaros","status":"publish","type":"product","link":"https:\/\/www.subkultur.de\/edition\/shop\/elysion-tartaros\/","title":{"rendered":"Elysion &#038; Tartaros"},"content":{"rendered":"<p>Hinter der Kulisse der Wirklichkeit verbirgt sich D\u00fcsteres, Bedrohliches, Unvorstellbares. Parallelwelten kreuzen sich mit der unseren, verschmelzen mit ihr unheilvoll und unbemerkt. Es gibt kein Entkommen, denn sie sind immer da: die Ratten, die das Fundament der Welt erbauen, die lauernden Rehe, die sorgsam webenden Spinnen, \u2028die Wesen aus dem Dazwischen. Ist es wissenschaftliche Hybris, welche die Protagonisten in den Abgrund treibt? Sind es \u00fcbernat\u00fcrliche Kr\u00e4fte? Oder ist es gar der eigene Verstand \u2026<br \/>\nStets schleicht sich das Gef\u00fchl, dass die Dinge nicht so sind, wie sie anfangs scheinen, von hinten an. \u2028Sascha Dinse ist ein Meister des subtilen Horrors und fordert in seinen elf Erz\u00e4hlungen dazu auf, den bereits br\u00f6ckelnden Putz von der Fassade der Realit\u00e4t zu schlagen und den Blick dahinter zu wagen.<\/p>\n<div class=\"shariff shariff-align-left shariff-widget-align-left\"><ul class=\"shariff-buttons theme-round orientation-horizontal buttonsize-small\"><li class=\"shariff-button facebook\" style=\"background-color:#666666\"><a href=\"https:\/\/www.facebook.com\/sharer\/sharer.php?u=https%3A%2F%2Fwww.subkultur.de%2Fedition%2Fshop%2Felysion-tartaros%2F\" title=\"Bei Facebook teilen\" aria-label=\"Bei Facebook teilen\" role=\"button\" rel=\"nofollow\" class=\"shariff-link\" style=\"; background-color:#990000; color:#fff\" target=\"_blank\"><span class=\"shariff-icon\" style=\"\"><svg width=\"32px\" height=\"20px\" xmlns=\"http:\/\/www.w3.org\/2000\/svg\" viewBox=\"0 0 18 32\"><path fill=\"#3b5998\" d=\"M17.1 0.2v4.7h-2.8q-1.5 0-2.1 0.6t-0.5 1.9v3.4h5.2l-0.7 5.3h-4.5v13.6h-5.5v-13.6h-4.5v-5.3h4.5v-3.9q0-3.3 1.9-5.2t5-1.8q2.6 0 4.1 0.2z\"\/><\/svg><\/span><\/a><\/li><li class=\"shariff-button twitter\" style=\"background-color:#666666\"><a href=\"https:\/\/twitter.com\/share?url=https%3A%2F%2Fwww.subkultur.de%2Fedition%2Fshop%2Felysion-tartaros%2F&text=Elysion%20%26%20Tartaros\" title=\"Bei X teilen\" aria-label=\"Bei X teilen\" role=\"button\" rel=\"noopener nofollow\" class=\"shariff-link\" style=\"; background-color:#990000; color:#fff\" target=\"_blank\"><span class=\"shariff-icon\" style=\"\"><svg width=\"32px\" height=\"20px\" xmlns=\"http:\/\/www.w3.org\/2000\/svg\" viewBox=\"0 0 24 24\"><path fill=\"#000\" d=\"M14.258 10.152L23.176 0h-2.113l-7.747 8.813L7.133 0H0l9.352 13.328L0 23.973h2.113l8.176-9.309 6.531 9.309h7.133zm-2.895 3.293l-.949-1.328L2.875 1.56h3.246l6.086 8.523.945 1.328 7.91 11.078h-3.246zm0 0\"\/><\/svg><\/span><\/a><\/li><li class=\"shariff-button whatsapp shariff-mobile\" style=\"background-color:#666666\"><a href=\"https:\/\/api.whatsapp.com\/send?text=https%3A%2F%2Fwww.subkultur.de%2Fedition%2Fshop%2Felysion-tartaros%2F%20Elysion%20%26%20Tartaros\" title=\"Bei Whatsapp teilen\" aria-label=\"Bei Whatsapp teilen\" role=\"button\" rel=\"noopener nofollow\" class=\"shariff-link\" style=\"; background-color:#990000; color:#fff\" target=\"_blank\"><span class=\"shariff-icon\" style=\"\"><svg width=\"32px\" height=\"20px\" xmlns=\"http:\/\/www.w3.org\/2000\/svg\" viewBox=\"0 0 32 32\"><path fill=\"#34af23\" d=\"M17.6 17.4q0.2 0 1.7 0.8t1.6 0.9q0 0.1 0 0.3 0 0.6-0.3 1.4-0.3 0.7-1.3 1.2t-1.8 0.5q-1 0-3.4-1.1-1.7-0.8-3-2.1t-2.6-3.3q-1.3-1.9-1.3-3.5v-0.1q0.1-1.6 1.3-2.8 0.4-0.4 0.9-0.4 0.1 0 0.3 0t0.3 0q0.3 0 0.5 0.1t0.3 0.5q0.1 0.4 0.6 1.6t0.4 1.3q0 0.4-0.6 1t-0.6 0.8q0 0.1 0.1 0.3 0.6 1.3 1.8 2.4 1 0.9 2.7 1.8 0.2 0.1 0.4 0.1 0.3 0 1-0.9t0.9-0.9zM14 26.9q2.3 0 4.3-0.9t3.6-2.4 2.4-3.6 0.9-4.3-0.9-4.3-2.4-3.6-3.6-2.4-4.3-0.9-4.3 0.9-3.6 2.4-2.4 3.6-0.9 4.3q0 3.6 2.1 6.6l-1.4 4.2 4.3-1.4q2.8 1.9 6.2 1.9zM14 2.2q2.7 0 5.2 1.1t4.3 2.9 2.9 4.3 1.1 5.2-1.1 5.2-2.9 4.3-4.3 2.9-5.2 1.1q-3.5 0-6.5-1.7l-7.4 2.4 2.4-7.2q-1.9-3.2-1.9-6.9 0-2.7 1.1-5.2t2.9-4.3 4.3-2.9 5.2-1.1z\"\/><\/svg><\/span><\/a><\/li><li class=\"shariff-button paypal\" style=\"background-color:#666666\"><a href=\"https:\/\/www.paypal.com\/cgi-bin\/webscr?cmd=_s-xclick&#038;hosted_button_id=PLJWJSQLT8Z36\" title=\"Spenden mit PayPal\" aria-label=\"Spenden mit PayPal\" role=\"button\" rel=\"noopener nofollow\" class=\"shariff-link\" style=\"; background-color:#990000; color:#fff\" target=\"_blank\"><span class=\"shariff-icon\" style=\"\"><svg width=\"32px\" height=\"20px\" xmlns=\"http:\/\/www.w3.org\/2000\/svg\" viewBox=\"0 0 32 32\"><path fill=\"#009cde\" d=\"M19.9 8q0-2.8-4.2-2.8h-1.2q-0.6 0-1.1 0.4t-0.6 0.9l-1.1 4.9q0 0.1 0 0.3 0 0.4 0.3 0.7t0.7 0.3h0.9q1.2 0 2.3-0.2t2-0.7 1.5-1.5 0.5-2.3zM30.6 10.7q0 4.7-3.9 7.6-3.9 2.9-10.9 2.9h-1.1q-0.6 0-1.1 0.4t-0.6 0.9l-1.3 5.6q-0.1 0.6-0.7 1.1t-1.2 0.5h-3.8q-0.6 0-0.9-0.4t-0.4-0.9q0-0.2 0.2-1.2h2.7q0.6 0 1.1-0.4t0.7-1l1.3-5.6q0.1-0.6 0.7-1t1.1-0.4h1.1q7 0 10.8-2.9t3.9-7.5q0-2.3-0.9-3.7 3.3 1.6 3.3 6zM27.4 7.4q0 4.7-3.9 7.6-3.9 2.9-10.9 2.9h-1.1q-0.6 0-1.1 0.4t-0.6 0.9l-1.3 5.6q-0.1 0.6-0.7 1.1t-1.2 0.5h-3.8q-0.6 0-0.9-0.3t-0.4-0.9q0-0.1 0-0.4l5.4-23.2q0.1-0.6 0.7-1.1t1.2-0.5h7.9q1.2 0 2.2 0.1t2.2 0.3 2 0.5 1.7 0.9 1.4 1.3 0.9 1.8 0.3 2.4z\"\/><\/svg><\/span><\/a><\/li><li class=\"shariff-button rss\" style=\"background-color:#666666\"><a href=\"https:\/\/www.subkultur.de\/edition\/feed\/rss\/\" title=\"RSS-feed\" aria-label=\"RSS-feed\" role=\"button\" class=\"shariff-link\" style=\"; background-color:#990000; color:#fff\" target=\"_blank\"><span class=\"shariff-icon\" style=\"\"><svg width=\"32px\" height=\"20px\" xmlns=\"http:\/\/www.w3.org\/2000\/svg\" viewBox=\"0 0 32 32\"><path fill=\"#fe9312\" d=\"M4.3 23.5c-2.3 0-4.3 1.9-4.3 4.3 0 2.3 1.9 4.2 4.3 4.2 2.4 0 4.3-1.9 4.3-4.2 0-2.3-1.9-4.3-4.3-4.3zM0 10.9v6.1c4 0 7.7 1.6 10.6 4.4 2.8 2.8 4.4 6.6 4.4 10.6h6.2c0-11.7-9.5-21.1-21.1-21.1zM0 0v6.1c14.2 0 25.8 11.6 25.8 25.9h6.2c0-17.6-14.4-32-32-32z\"\/><\/svg><\/span><\/a><\/li><\/ul><\/div>","protected":false},"excerpt":{"rendered":"<p>SASCHA DINSE: &#8222;Elysion &amp; Tartaros \u2013 Erz\u00e4hlungen&#8220;. Neue Geschichten zwischen Horror, Dark Fantasy und Science Fiction vom Meister des subtilen Grauens<\/p>\n<ul>\n<li>Edition Subkultur, ca. 270 S.<\/li>\n<li>print ISBN: 978-3-948949-20-4<\/li>\n<li>epub ISBN: 978-3-948949-21-1<\/li>\n<li>2 Versionen<\/li>\n<li>Ab 13. Oktober 2022<\/li>\n<\/ul>\n","protected":false},"featured_media":8022,"comment_status":"open","ping_status":"closed","template":"","meta":{"jetpack_publicize_message":"","jetpack_publicize_feature_enabled":true,"jetpack_social_post_already_shared":true,"jetpack_social_options":{"image_generator_settings":{"template":"highway","default_image_id":0,"font":"","enabled":false},"version":2}},"product_brand":[],"product_cat":[41,727,733],"product_tag":[784,428,80,387,423,463],"class_list":{"0":"post-8018","1":"product","2":"type-product","3":"status-publish","4":"has-post-thumbnail","6":"product_cat-buecher","7":"product_cat-e-books","8":"product_cat-sascha-dinse","9":"product_tag-dark-fantasy","10":"product_tag-edition-subkultur","11":"product_tag-gothic","12":"product_tag-horror","13":"product_tag-kurzgeschichten","14":"product_tag-lieber-tod","16":"first","17":"instock","18":"taxable","19":"shipping-taxable","20":"purchasable","21":"product-type-variable"},"yoast_head":"<!-- This site is optimized with the Yoast SEO plugin v27.4 - https:\/\/yoast.com\/product\/yoast-seo-wordpress\/ -->\n<title>Elysion &amp; Tartaros - edition.subkultur<\/title>\n<meta name=\"description\" content=\"Edition Subkultur. SASCHA DINSE: &quot;Elysion &amp; Tartaros \u2013 Erz\u00e4hlungen&quot;. Neue Geschichten zwischen Horror, Dark Fantasy und Science Fiction vom Meister des subtilen Grauens.\" \/>\n<meta name=\"robots\" content=\"index, follow, max-snippet:-1, max-image-preview:large, max-video-preview:-1\" \/>\n<link rel=\"canonical\" href=\"https:\/\/www.subkultur.de\/edition\/shop\/elysion-tartaros\/\" \/>\n<meta property=\"og:locale\" content=\"de_DE\" \/>\n<meta property=\"og:type\" content=\"article\" \/>\n<meta property=\"og:title\" content=\"Elysion &amp; Tartaros - edition.subkultur\" \/>\n<meta property=\"og:description\" content=\"Edition Subkultur. SASCHA DINSE: &quot;Elysion &amp; Tartaros \u2013 Erz\u00e4hlungen&quot;. Neue Geschichten zwischen Horror, Dark Fantasy und Science Fiction vom Meister des subtilen Grauens.\" \/>\n<meta property=\"og:url\" content=\"https:\/\/www.subkultur.de\/edition\/shop\/elysion-tartaros\/\" \/>\n<meta property=\"og:site_name\" content=\"edition.subkultur\" \/>\n<meta property=\"article:publisher\" content=\"https:\/\/www.facebook.com\/edition.subkultur\/\" \/>\n<meta property=\"article:modified_time\" content=\"2024-01-10T23:06:03+00:00\" \/>\n<meta property=\"og:image\" content=\"https:\/\/www.subkultur.de\/edition\/wp-content\/uploads\/2022\/09\/Elysion-Coverweb.jpg\" \/>\n\t<meta property=\"og:image:width\" content=\"798\" \/>\n\t<meta property=\"og:image:height\" content=\"1217\" \/>\n\t<meta property=\"og:image:type\" content=\"image\/jpeg\" \/>\n<meta name=\"twitter:card\" content=\"summary_large_image\" \/>\n<meta name=\"twitter:label1\" content=\"Gesch\u00e4tzte Lesezeit\" \/>\n\t<meta name=\"twitter:data1\" content=\"1\u00a0Minute\" \/>\n<script type=\"application\/ld+json\" class=\"yoast-schema-graph\">{\"@context\":\"https:\\\/\\\/schema.org\",\"@graph\":[{\"@type\":\"WebPage\",\"@id\":\"https:\\\/\\\/www.subkultur.de\\\/edition\\\/shop\\\/elysion-tartaros\\\/\",\"url\":\"https:\\\/\\\/www.subkultur.de\\\/edition\\\/shop\\\/elysion-tartaros\\\/\",\"name\":\"Elysion & Tartaros - edition.subkultur\",\"isPartOf\":{\"@id\":\"https:\\\/\\\/www.subkultur.de\\\/edition\\\/#website\"},\"primaryImageOfPage\":{\"@id\":\"https:\\\/\\\/www.subkultur.de\\\/edition\\\/shop\\\/elysion-tartaros\\\/#primaryimage\"},\"image\":{\"@id\":\"https:\\\/\\\/www.subkultur.de\\\/edition\\\/shop\\\/elysion-tartaros\\\/#primaryimage\"},\"thumbnailUrl\":\"https:\\\/\\\/www.subkultur.de\\\/edition\\\/wp-content\\\/uploads\\\/2022\\\/09\\\/Elysion-Coverweb.jpg\",\"datePublished\":\"2022-09-27T09:29:50+00:00\",\"dateModified\":\"2024-01-10T23:06:03+00:00\",\"description\":\"Edition Subkultur. SASCHA DINSE: \\\"Elysion & Tartaros \u2013 Erz\u00e4hlungen\\\". Neue Geschichten zwischen Horror, Dark Fantasy und Science Fiction vom Meister des subtilen Grauens.\",\"breadcrumb\":{\"@id\":\"https:\\\/\\\/www.subkultur.de\\\/edition\\\/shop\\\/elysion-tartaros\\\/#breadcrumb\"},\"inLanguage\":\"de\",\"potentialAction\":[{\"@type\":\"ReadAction\",\"target\":[\"https:\\\/\\\/www.subkultur.de\\\/edition\\\/shop\\\/elysion-tartaros\\\/\"]}]},{\"@type\":\"ImageObject\",\"inLanguage\":\"de\",\"@id\":\"https:\\\/\\\/www.subkultur.de\\\/edition\\\/shop\\\/elysion-tartaros\\\/#primaryimage\",\"url\":\"https:\\\/\\\/www.subkultur.de\\\/edition\\\/wp-content\\\/uploads\\\/2022\\\/09\\\/Elysion-Coverweb.jpg\",\"contentUrl\":\"https:\\\/\\\/www.subkultur.de\\\/edition\\\/wp-content\\\/uploads\\\/2022\\\/09\\\/Elysion-Coverweb.jpg\",\"width\":798,\"height\":1217,\"caption\":\"SASCHA DINSE: \\\"Elysion & Tartaros\\\" \u2013 Edition Subkultur\"},{\"@type\":\"BreadcrumbList\",\"@id\":\"https:\\\/\\\/www.subkultur.de\\\/edition\\\/shop\\\/elysion-tartaros\\\/#breadcrumb\",\"itemListElement\":[{\"@type\":\"ListItem\",\"position\":1,\"name\":\"Startseite\",\"item\":\"https:\\\/\\\/www.subkultur.de\\\/edition\\\/\"},{\"@type\":\"ListItem\",\"position\":2,\"name\":\"Shop\",\"item\":\"https:\\\/\\\/www.subkultur.de\\\/edition\\\/shop\\\/\"},{\"@type\":\"ListItem\",\"position\":3,\"name\":\"Elysion &#038; Tartaros\"}]},{\"@type\":\"WebSite\",\"@id\":\"https:\\\/\\\/www.subkultur.de\\\/edition\\\/#website\",\"url\":\"https:\\\/\\\/www.subkultur.de\\\/edition\\\/\",\"name\":\"edition.subkultur\",\"description\":\"Overground Literatur &amp; Music\",\"publisher\":{\"@id\":\"https:\\\/\\\/www.subkultur.de\\\/edition\\\/#organization\"},\"potentialAction\":[{\"@type\":\"SearchAction\",\"target\":{\"@type\":\"EntryPoint\",\"urlTemplate\":\"https:\\\/\\\/www.subkultur.de\\\/edition\\\/?s={search_term_string}\"},\"query-input\":{\"@type\":\"PropertyValueSpecification\",\"valueRequired\":true,\"valueName\":\"search_term_string\"}}],\"inLanguage\":\"de\"},{\"@type\":\"Organization\",\"@id\":\"https:\\\/\\\/www.subkultur.de\\\/edition\\\/#organization\",\"name\":\"Edition Subkultur\",\"url\":\"https:\\\/\\\/www.subkultur.de\\\/edition\\\/\",\"logo\":{\"@type\":\"ImageObject\",\"inLanguage\":\"de\",\"@id\":\"https:\\\/\\\/www.subkultur.de\\\/edition\\\/#\\\/schema\\\/logo\\\/image\\\/\",\"url\":\"https:\\\/\\\/i0.wp.com\\\/www.subkultur.de\\\/edition\\\/wp-content\\\/uploads\\\/2018\\\/08\\\/sublogo3001.png?fit=300%2C111&ssl=1\",\"contentUrl\":\"https:\\\/\\\/i0.wp.com\\\/www.subkultur.de\\\/edition\\\/wp-content\\\/uploads\\\/2018\\\/08\\\/sublogo3001.png?fit=300%2C111&ssl=1\",\"width\":300,\"height\":111,\"caption\":\"Edition Subkultur\"},\"image\":{\"@id\":\"https:\\\/\\\/www.subkultur.de\\\/edition\\\/#\\\/schema\\\/logo\\\/image\\\/\"},\"sameAs\":[\"https:\\\/\\\/www.facebook.com\\\/edition.subkultur\\\/\"]}]}<\/script>\n<!-- \/ Yoast SEO plugin. -->","yoast_head_json":{"title":"Elysion & Tartaros - edition.subkultur","description":"Edition Subkultur. SASCHA DINSE: \"Elysion & Tartaros \u2013 Erz\u00e4hlungen\". Neue Geschichten zwischen Horror, Dark Fantasy und Science Fiction vom Meister des subtilen Grauens.","robots":{"index":"index","follow":"follow","max-snippet":"max-snippet:-1","max-image-preview":"max-image-preview:large","max-video-preview":"max-video-preview:-1"},"canonical":"https:\/\/www.subkultur.de\/edition\/shop\/elysion-tartaros\/","og_locale":"de_DE","og_type":"article","og_title":"Elysion & Tartaros - edition.subkultur","og_description":"Edition Subkultur. SASCHA DINSE: \"Elysion & Tartaros \u2013 Erz\u00e4hlungen\". Neue Geschichten zwischen Horror, Dark Fantasy und Science Fiction vom Meister des subtilen Grauens.","og_url":"https:\/\/www.subkultur.de\/edition\/shop\/elysion-tartaros\/","og_site_name":"edition.subkultur","article_publisher":"https:\/\/www.facebook.com\/edition.subkultur\/","article_modified_time":"2024-01-10T23:06:03+00:00","og_image":[{"width":798,"height":1217,"url":"https:\/\/www.subkultur.de\/edition\/wp-content\/uploads\/2022\/09\/Elysion-Coverweb.jpg","type":"image\/jpeg"}],"twitter_card":"summary_large_image","twitter_misc":{"Gesch\u00e4tzte Lesezeit":"1\u00a0Minute"},"schema":{"@context":"https:\/\/schema.org","@graph":[{"@type":"WebPage","@id":"https:\/\/www.subkultur.de\/edition\/shop\/elysion-tartaros\/","url":"https:\/\/www.subkultur.de\/edition\/shop\/elysion-tartaros\/","name":"Elysion & Tartaros - edition.subkultur","isPartOf":{"@id":"https:\/\/www.subkultur.de\/edition\/#website"},"primaryImageOfPage":{"@id":"https:\/\/www.subkultur.de\/edition\/shop\/elysion-tartaros\/#primaryimage"},"image":{"@id":"https:\/\/www.subkultur.de\/edition\/shop\/elysion-tartaros\/#primaryimage"},"thumbnailUrl":"https:\/\/www.subkultur.de\/edition\/wp-content\/uploads\/2022\/09\/Elysion-Coverweb.jpg","datePublished":"2022-09-27T09:29:50+00:00","dateModified":"2024-01-10T23:06:03+00:00","description":"Edition Subkultur. SASCHA DINSE: \"Elysion & Tartaros \u2013 Erz\u00e4hlungen\". Neue Geschichten zwischen Horror, Dark Fantasy und Science Fiction vom Meister des subtilen Grauens.","breadcrumb":{"@id":"https:\/\/www.subkultur.de\/edition\/shop\/elysion-tartaros\/#breadcrumb"},"inLanguage":"de","potentialAction":[{"@type":"ReadAction","target":["https:\/\/www.subkultur.de\/edition\/shop\/elysion-tartaros\/"]}]},{"@type":"ImageObject","inLanguage":"de","@id":"https:\/\/www.subkultur.de\/edition\/shop\/elysion-tartaros\/#primaryimage","url":"https:\/\/www.subkultur.de\/edition\/wp-content\/uploads\/2022\/09\/Elysion-Coverweb.jpg","contentUrl":"https:\/\/www.subkultur.de\/edition\/wp-content\/uploads\/2022\/09\/Elysion-Coverweb.jpg","width":798,"height":1217,"caption":"SASCHA DINSE: \"Elysion & Tartaros\" \u2013 Edition Subkultur"},{"@type":"BreadcrumbList","@id":"https:\/\/www.subkultur.de\/edition\/shop\/elysion-tartaros\/#breadcrumb","itemListElement":[{"@type":"ListItem","position":1,"name":"Startseite","item":"https:\/\/www.subkultur.de\/edition\/"},{"@type":"ListItem","position":2,"name":"Shop","item":"https:\/\/www.subkultur.de\/edition\/shop\/"},{"@type":"ListItem","position":3,"name":"Elysion &#038; Tartaros"}]},{"@type":"WebSite","@id":"https:\/\/www.subkultur.de\/edition\/#website","url":"https:\/\/www.subkultur.de\/edition\/","name":"edition.subkultur","description":"Overground Literatur &amp; Music","publisher":{"@id":"https:\/\/www.subkultur.de\/edition\/#organization"},"potentialAction":[{"@type":"SearchAction","target":{"@type":"EntryPoint","urlTemplate":"https:\/\/www.subkultur.de\/edition\/?s={search_term_string}"},"query-input":{"@type":"PropertyValueSpecification","valueRequired":true,"valueName":"search_term_string"}}],"inLanguage":"de"},{"@type":"Organization","@id":"https:\/\/www.subkultur.de\/edition\/#organization","name":"Edition Subkultur","url":"https:\/\/www.subkultur.de\/edition\/","logo":{"@type":"ImageObject","inLanguage":"de","@id":"https:\/\/www.subkultur.de\/edition\/#\/schema\/logo\/image\/","url":"https:\/\/i0.wp.com\/www.subkultur.de\/edition\/wp-content\/uploads\/2018\/08\/sublogo3001.png?fit=300%2C111&ssl=1","contentUrl":"https:\/\/i0.wp.com\/www.subkultur.de\/edition\/wp-content\/uploads\/2018\/08\/sublogo3001.png?fit=300%2C111&ssl=1","width":300,"height":111,"caption":"Edition Subkultur"},"image":{"@id":"https:\/\/www.subkultur.de\/edition\/#\/schema\/logo\/image\/"},"sameAs":["https:\/\/www.facebook.com\/edition.subkultur\/"]}]}},"jetpack_publicize_connections":[],"jetpack-related-posts":[{"id":5135,"url":"https:\/\/www.subkultur.de\/edition\/shop\/krasse-kurze\/","url_meta":{"origin":8018,"position":0},"title":"Krasse Kurze","author":"Thomas Manegold","date":"19.07.2020","format":false,"excerpt":"SASCHA DINSE: \u00bbKrasse Kurze\u00ab 31 Geschichten. Jetzt in zweiter Auflage bei Subkultur print ISBN: 978-3-943412-98-7 epub ISBN: 978-3-943412-99-4 2 Versionen","rel":"","context":"Mit 1 Kommentar","block_context":{"text":"Mit 1 Kommentar","link":"https:\/\/www.subkultur.de\/edition\/shop\/krasse-kurze\/#comments"},"img":{"alt_text":"Sascha Dinse - Krasse Kurze - edition subkultur","src":"https:\/\/i0.wp.com\/www.subkultur.de\/edition\/wp-content\/uploads\/2020\/07\/kk1web.jpg?resize=350%2C200&ssl=1","width":350,"height":200,"srcset":"https:\/\/i0.wp.com\/www.subkultur.de\/edition\/wp-content\/uploads\/2020\/07\/kk1web.jpg?resize=350%2C200&ssl=1 1x, https:\/\/i0.wp.com\/www.subkultur.de\/edition\/wp-content\/uploads\/2020\/07\/kk1web.jpg?resize=525%2C300&ssl=1 1.5x, https:\/\/i0.wp.com\/www.subkultur.de\/edition\/wp-content\/uploads\/2020\/07\/kk1web.jpg?resize=700%2C400&ssl=1 2x"},"classes":[]},{"id":5145,"url":"https:\/\/www.subkultur.de\/edition\/shop\/krasse-kurze-2\/","url_meta":{"origin":8018,"position":1},"title":"Krasse Kurze 2","author":"Thomas Manegold","date":"10.11.2020","format":false,"excerpt":"SASCHA DINSE: Krasse Kurze 2 Staffel 2 der Kurzgeschichten von Sascha Dinse zwischen Horror, Dark Fantasy und Science Fiction. Edition Subkultur, ca. 138 S print ISBN: 978-3-943412-91-8 epub ISBN: 978-3-943412-92-5 2 Versionen","rel":"","context":"Mit 1 Kommentar","block_context":{"text":"Mit 1 Kommentar","link":"https:\/\/www.subkultur.de\/edition\/shop\/krasse-kurze-2\/#comments"},"img":{"alt_text":"SASCHA DINSE: \u00bbKrasse Kurze 2\u00ab Subkultur","src":"https:\/\/i0.wp.com\/www.subkultur.de\/edition\/wp-content\/uploads\/2020\/07\/cover-web.jpg?resize=350%2C200&ssl=1","width":350,"height":200,"srcset":"https:\/\/i0.wp.com\/www.subkultur.de\/edition\/wp-content\/uploads\/2020\/07\/cover-web.jpg?resize=350%2C200&ssl=1 1x, https:\/\/i0.wp.com\/www.subkultur.de\/edition\/wp-content\/uploads\/2020\/07\/cover-web.jpg?resize=525%2C300&ssl=1 1.5x, https:\/\/i0.wp.com\/www.subkultur.de\/edition\/wp-content\/uploads\/2020\/07\/cover-web.jpg?resize=700%2C400&ssl=1 2x"},"classes":[]},{"id":6460,"url":"https:\/\/www.subkultur.de\/edition\/shop\/freitag-der-dreissigste\/","url_meta":{"origin":8018,"position":2},"title":"Freitag, der Drei\u00dfigste","author":"Thomas Manegold","date":"16.04.2021","format":false,"excerpt":"Fondermann & Gebhardt: \u201eFreitag, der Drei\u00dfigste\u201c Zwei Menschen ver\u00e4ndern ihr Leben und versuchen dabei, nicht davonzulaufen. Edition Subkultur, ca. 172 S. print ISBN: 978-3-948949-08-2 epub ISBN: 978-3-948949-09-9 mp3 ISBN: 978-3-948949-16-7 3Versionen:","rel":"","context":"\u00c4hnlicher Beitrag","block_context":{"text":"\u00c4hnlicher Beitrag","link":""},"img":{"alt_text":"Ritchy Fondermann und Lars Gebhardt: \u201eFreitag, der Drei\u00dfigste\u201c - edition subkultur","src":"https:\/\/i0.wp.com\/www.subkultur.de\/edition\/wp-content\/uploads\/2021\/04\/Coverweb.jpg?resize=350%2C200&ssl=1","width":350,"height":200,"srcset":"https:\/\/i0.wp.com\/www.subkultur.de\/edition\/wp-content\/uploads\/2021\/04\/Coverweb.jpg?resize=350%2C200&ssl=1 1x, https:\/\/i0.wp.com\/www.subkultur.de\/edition\/wp-content\/uploads\/2021\/04\/Coverweb.jpg?resize=525%2C300&ssl=1 1.5x, https:\/\/i0.wp.com\/www.subkultur.de\/edition\/wp-content\/uploads\/2021\/04\/Coverweb.jpg?resize=700%2C400&ssl=1 2x"},"classes":[]},{"id":303,"url":"https:\/\/www.subkultur.de\/edition\/shop\/widukin-cd\/","url_meta":{"origin":8018,"position":3},"title":"Widukind (CD)","author":"Thomas Manegold","date":"06.04.2012","format":false,"excerpt":"WIDUKIND \"Widukind\" Audio CD, Standard Edition des Projektes um Carsten Klatte, Post-Apocalyptic-Folk.","rel":"","context":"\u00c4hnlicher Beitrag","block_context":{"text":"\u00c4hnlicher Beitrag","link":""},"img":{"alt_text":"Widukind","src":"https:\/\/i0.wp.com\/www.subkultur.de\/edition\/wp-content\/uploads\/2013\/04\/cdweb.jpg?resize=350%2C200&ssl=1","width":350,"height":200,"srcset":"https:\/\/i0.wp.com\/www.subkultur.de\/edition\/wp-content\/uploads\/2013\/04\/cdweb.jpg?resize=350%2C200&ssl=1 1x, https:\/\/i0.wp.com\/www.subkultur.de\/edition\/wp-content\/uploads\/2013\/04\/cdweb.jpg?resize=525%2C300&ssl=1 1.5x"},"classes":[]},{"id":297,"url":"https:\/\/www.subkultur.de\/edition\/shop\/widukind-buch-cd\/","url_meta":{"origin":8018,"position":4},"title":"Widukind (Buch &#038; CD)","author":"Thomas Manegold","date":"04.04.2012","format":false,"excerpt":"WIDUKIND: \u201eWidukind\u201c, Buch & CD, limited Edition, Klappenbroschur Post-Apocalyptic-Folk, Essay, ca. 120 S., 55 Min. 19\u00d713,5cm, ISBN: 978-3-940767-86-7, Periplaneta, GLP: 16 \u20ac (D)","rel":"","context":"\u00c4hnlicher Beitrag","block_context":{"text":"\u00c4hnlicher Beitrag","link":""},"img":{"alt_text":"Widukind","src":"https:\/\/i0.wp.com\/www.subkultur.de\/edition\/wp-content\/uploads\/2013\/04\/buchweb.jpg?resize=350%2C200&ssl=1","width":350,"height":200},"classes":[]},{"id":4430,"url":"https:\/\/www.subkultur.de\/edition\/shop\/heldenhass\/","url_meta":{"origin":8018,"position":5},"title":"Heldenhass","author":"Thomas Manegold","date":"23.02.2020","format":false,"excerpt":"KRISTJAN KNALL: Heldenhass \u2013 Das B\u00f6se siegt immer und das ist auch gut so Die dunkle Seite der Helden unserer Gesellschaft, von Martin Luther bis Mozart. Edition Subkultur, ca, 178 S. print ISBN: 978-3-943412-89-5 epub ISBN: 978-3-943412-90-1 2 Versionen","rel":"","context":"\u00c4hnlicher Beitrag","block_context":{"text":"\u00c4hnlicher Beitrag","link":""},"img":{"alt_text":"Kristjan Knall \"Heldenhass\" -edition subkultur","src":"https:\/\/i0.wp.com\/www.subkultur.de\/edition\/wp-content\/uploads\/2020\/02\/coverhh1500web.jpg?resize=350%2C200&ssl=1","width":350,"height":200,"srcset":"https:\/\/i0.wp.com\/www.subkultur.de\/edition\/wp-content\/uploads\/2020\/02\/coverhh1500web.jpg?resize=350%2C200&ssl=1 1x, https:\/\/i0.wp.com\/www.subkultur.de\/edition\/wp-content\/uploads\/2020\/02\/coverhh1500web.jpg?resize=525%2C300&ssl=1 1.5x, https:\/\/i0.wp.com\/www.subkultur.de\/edition\/wp-content\/uploads\/2020\/02\/coverhh1500web.jpg?resize=700%2C400&ssl=1 2x"},"classes":[]}],"jetpack_sharing_enabled":true,"_links":{"self":[{"href":"https:\/\/www.subkultur.de\/edition\/wp-json\/wp\/v2\/product\/8018","targetHints":{"allow":["GET"]}}],"collection":[{"href":"https:\/\/www.subkultur.de\/edition\/wp-json\/wp\/v2\/product"}],"about":[{"href":"https:\/\/www.subkultur.de\/edition\/wp-json\/wp\/v2\/types\/product"}],"replies":[{"embeddable":true,"href":"https:\/\/www.subkultur.de\/edition\/wp-json\/wp\/v2\/comments?post=8018"}],"wp:featuredmedia":[{"embeddable":true,"href":"https:\/\/www.subkultur.de\/edition\/wp-json\/wp\/v2\/media\/8022"}],"wp:attachment":[{"href":"https:\/\/www.subkultur.de\/edition\/wp-json\/wp\/v2\/media?parent=8018"}],"wp:term":[{"taxonomy":"product_brand","embeddable":true,"href":"https:\/\/www.subkultur.de\/edition\/wp-json\/wp\/v2\/product_brand?post=8018"},{"taxonomy":"product_cat","embeddable":true,"href":"https:\/\/www.subkultur.de\/edition\/wp-json\/wp\/v2\/product_cat?post=8018"},{"taxonomy":"product_tag","embeddable":true,"href":"https:\/\/www.subkultur.de\/edition\/wp-json\/wp\/v2\/product_tag?post=8018"}],"curies":[{"name":"wp","href":"https:\/\/api.w.org\/{rel}","templated":true}]}}