{"id":8229,"date":"2023-07-25T18:56:43","date_gmt":"2023-07-25T16:56:43","guid":{"rendered":"https:\/\/www.subkultur.de\/edition\/?post_type=product&#038;p=8229"},"modified":"2023-07-29T00:07:28","modified_gmt":"2023-07-28T22:07:28","slug":"pfingstgefluester-2023","status":"publish","type":"product","link":"https:\/\/www.subkultur.de\/edition\/shop\/pfingstgefluester-2023\/","title":{"rendered":"Pfingstgefl\u00fcster 2023"},"content":{"rendered":"<p>Auch zum 30. Jubil\u00e4um des Wave-Gotik-Treffen in Leipzig erscheint das Kult(ur)magazin <em><strong>Pfingstgefl\u00fcster<\/strong><\/em> als umfangreicher R\u00fcckblick auf 2023. Von Gedanken zu Ausstellungen und pers\u00f6nlichen Eindr\u00fccken von teilnehmenden K\u00fcnstlern \u00fcber Lesungen und Vortr\u00e4gen bis hin zu visuellen Impressionen bietet die mittlerweile 16. Ausgabe das gewohnt breite Spektrum an Beitr\u00e4gen.<\/p>\n<p><em>Mit Beitr\u00e4gen u.a. von: Sascha Tayefeh, Jennifer Sonntag, Guldhan, Florian Patermo, Jennifer Hoffert-Karas, Wesley Eisold, Tom Schilling, Robert Forst, Lisanne Surborg, Eli van Vegas, Arne Gr\u00e4frath, Cornelius Brach, Dr. Hans-Christian Trepte. Mit Fotografien u.a. von: Daniela Vorndran, Michael K\u00fcper und Marcus Rietzsch.<\/em><\/p>\n<p>Ab 15.08.2023<\/p>\n<div class=\"shariff shariff-align-left shariff-widget-align-left\"><ul class=\"shariff-buttons theme-round orientation-horizontal buttonsize-small\"><li class=\"shariff-button facebook\" style=\"background-color:#666666\"><a href=\"https:\/\/www.facebook.com\/sharer\/sharer.php?u=https%3A%2F%2Fwww.subkultur.de%2Fedition%2Fshop%2Fpfingstgefluester-2023%2F\" title=\"Bei Facebook teilen\" aria-label=\"Bei Facebook teilen\" role=\"button\" rel=\"nofollow\" class=\"shariff-link\" style=\"; background-color:#990000; color:#fff\" target=\"_blank\"><span class=\"shariff-icon\" style=\"\"><svg width=\"32px\" height=\"20px\" xmlns=\"http:\/\/www.w3.org\/2000\/svg\" viewBox=\"0 0 18 32\"><path fill=\"#3b5998\" d=\"M17.1 0.2v4.7h-2.8q-1.5 0-2.1 0.6t-0.5 1.9v3.4h5.2l-0.7 5.3h-4.5v13.6h-5.5v-13.6h-4.5v-5.3h4.5v-3.9q0-3.3 1.9-5.2t5-1.8q2.6 0 4.1 0.2z\"\/><\/svg><\/span><\/a><\/li><li class=\"shariff-button twitter\" style=\"background-color:#666666\"><a href=\"https:\/\/twitter.com\/share?url=https%3A%2F%2Fwww.subkultur.de%2Fedition%2Fshop%2Fpfingstgefluester-2023%2F&text=Pfingstgefl%C3%BCster%202023\" title=\"Bei X teilen\" aria-label=\"Bei X teilen\" role=\"button\" rel=\"noopener nofollow\" class=\"shariff-link\" style=\"; background-color:#990000; color:#fff\" target=\"_blank\"><span class=\"shariff-icon\" style=\"\"><svg width=\"32px\" height=\"20px\" xmlns=\"http:\/\/www.w3.org\/2000\/svg\" viewBox=\"0 0 24 24\"><path fill=\"#000\" d=\"M14.258 10.152L23.176 0h-2.113l-7.747 8.813L7.133 0H0l9.352 13.328L0 23.973h2.113l8.176-9.309 6.531 9.309h7.133zm-2.895 3.293l-.949-1.328L2.875 1.56h3.246l6.086 8.523.945 1.328 7.91 11.078h-3.246zm0 0\"\/><\/svg><\/span><\/a><\/li><li class=\"shariff-button whatsapp shariff-mobile\" style=\"background-color:#666666\"><a href=\"https:\/\/api.whatsapp.com\/send?text=https%3A%2F%2Fwww.subkultur.de%2Fedition%2Fshop%2Fpfingstgefluester-2023%2F%20Pfingstgefl%C3%BCster%202023\" title=\"Bei Whatsapp teilen\" aria-label=\"Bei Whatsapp teilen\" role=\"button\" rel=\"noopener nofollow\" class=\"shariff-link\" style=\"; background-color:#990000; color:#fff\" target=\"_blank\"><span class=\"shariff-icon\" style=\"\"><svg width=\"32px\" height=\"20px\" xmlns=\"http:\/\/www.w3.org\/2000\/svg\" viewBox=\"0 0 32 32\"><path fill=\"#34af23\" d=\"M17.6 17.4q0.2 0 1.7 0.8t1.6 0.9q0 0.1 0 0.3 0 0.6-0.3 1.4-0.3 0.7-1.3 1.2t-1.8 0.5q-1 0-3.4-1.1-1.7-0.8-3-2.1t-2.6-3.3q-1.3-1.9-1.3-3.5v-0.1q0.1-1.6 1.3-2.8 0.4-0.4 0.9-0.4 0.1 0 0.3 0t0.3 0q0.3 0 0.5 0.1t0.3 0.5q0.1 0.4 0.6 1.6t0.4 1.3q0 0.4-0.6 1t-0.6 0.8q0 0.1 0.1 0.3 0.6 1.3 1.8 2.4 1 0.9 2.7 1.8 0.2 0.1 0.4 0.1 0.3 0 1-0.9t0.9-0.9zM14 26.9q2.3 0 4.3-0.9t3.6-2.4 2.4-3.6 0.9-4.3-0.9-4.3-2.4-3.6-3.6-2.4-4.3-0.9-4.3 0.9-3.6 2.4-2.4 3.6-0.9 4.3q0 3.6 2.1 6.6l-1.4 4.2 4.3-1.4q2.8 1.9 6.2 1.9zM14 2.2q2.7 0 5.2 1.1t4.3 2.9 2.9 4.3 1.1 5.2-1.1 5.2-2.9 4.3-4.3 2.9-5.2 1.1q-3.5 0-6.5-1.7l-7.4 2.4 2.4-7.2q-1.9-3.2-1.9-6.9 0-2.7 1.1-5.2t2.9-4.3 4.3-2.9 5.2-1.1z\"\/><\/svg><\/span><\/a><\/li><li class=\"shariff-button paypal\" style=\"background-color:#666666\"><a href=\"https:\/\/www.paypal.com\/cgi-bin\/webscr?cmd=_s-xclick&#038;hosted_button_id=PLJWJSQLT8Z36\" title=\"Spenden mit PayPal\" aria-label=\"Spenden mit PayPal\" role=\"button\" rel=\"noopener nofollow\" class=\"shariff-link\" style=\"; background-color:#990000; color:#fff\" target=\"_blank\"><span class=\"shariff-icon\" style=\"\"><svg width=\"32px\" height=\"20px\" xmlns=\"http:\/\/www.w3.org\/2000\/svg\" viewBox=\"0 0 32 32\"><path fill=\"#009cde\" d=\"M19.9 8q0-2.8-4.2-2.8h-1.2q-0.6 0-1.1 0.4t-0.6 0.9l-1.1 4.9q0 0.1 0 0.3 0 0.4 0.3 0.7t0.7 0.3h0.9q1.2 0 2.3-0.2t2-0.7 1.5-1.5 0.5-2.3zM30.6 10.7q0 4.7-3.9 7.6-3.9 2.9-10.9 2.9h-1.1q-0.6 0-1.1 0.4t-0.6 0.9l-1.3 5.6q-0.1 0.6-0.7 1.1t-1.2 0.5h-3.8q-0.6 0-0.9-0.4t-0.4-0.9q0-0.2 0.2-1.2h2.7q0.6 0 1.1-0.4t0.7-1l1.3-5.6q0.1-0.6 0.7-1t1.1-0.4h1.1q7 0 10.8-2.9t3.9-7.5q0-2.3-0.9-3.7 3.3 1.6 3.3 6zM27.4 7.4q0 4.7-3.9 7.6-3.9 2.9-10.9 2.9h-1.1q-0.6 0-1.1 0.4t-0.6 0.9l-1.3 5.6q-0.1 0.6-0.7 1.1t-1.2 0.5h-3.8q-0.6 0-0.9-0.3t-0.4-0.9q0-0.1 0-0.4l5.4-23.2q0.1-0.6 0.7-1.1t1.2-0.5h7.9q1.2 0 2.2 0.1t2.2 0.3 2 0.5 1.7 0.9 1.4 1.3 0.9 1.8 0.3 2.4z\"\/><\/svg><\/span><\/a><\/li><li class=\"shariff-button rss\" style=\"background-color:#666666\"><a href=\"https:\/\/www.subkultur.de\/edition\/feed\/rss\/\" title=\"RSS-feed\" aria-label=\"RSS-feed\" role=\"button\" class=\"shariff-link\" style=\"; background-color:#990000; color:#fff\" target=\"_blank\"><span class=\"shariff-icon\" style=\"\"><svg width=\"32px\" height=\"20px\" xmlns=\"http:\/\/www.w3.org\/2000\/svg\" viewBox=\"0 0 32 32\"><path fill=\"#fe9312\" d=\"M4.3 23.5c-2.3 0-4.3 1.9-4.3 4.3 0 2.3 1.9 4.2 4.3 4.2 2.4 0 4.3-1.9 4.3-4.2 0-2.3-1.9-4.3-4.3-4.3zM0 10.9v6.1c4 0 7.7 1.6 10.6 4.4 2.8 2.8 4.4 6.6 4.4 10.6h6.2c0-11.7-9.5-21.1-21.1-21.1zM0 0v6.1c14.2 0 25.8 11.6 25.8 25.9h6.2c0-17.6-14.4-32-32-32z\"\/><\/svg><\/span><\/a><\/li><\/ul><\/div>","protected":false},"excerpt":{"rendered":"<p>Marcus Rietzsch (Hrsg.) \u201ePfingstgefl\u00fcster 2023\u201c Magazin, DIN A4 (21 x 29,7 cm), ISBN: 978-3-948949-35-8, Softcover, 80 Seiten- Edition Subkultur. Ab 15.08.2023<\/p>\n","protected":false},"featured_media":8228,"comment_status":"open","ping_status":"closed","template":"","meta":{"jetpack_publicize_message":"","jetpack_publicize_feature_enabled":true,"jetpack_social_post_already_shared":true,"jetpack_social_options":{"image_generator_settings":{"template":"highway","default_image_id":0,"font":"","enabled":false},"version":2}},"product_brand":[],"product_cat":[197,405],"product_tag":[80,200,416,198,426],"class_list":{"0":"post-8229","1":"product","2":"type-product","3":"status-publish","4":"has-post-thumbnail","6":"product_cat-marcus-rietzsch","7":"product_cat-zeitschriften","8":"product_tag-gothic","9":"product_tag-leipzig-2","10":"product_tag-subkultur","11":"product_tag-wave-gotik-treffen","12":"product_tag-wgt","14":"first","15":"instock","16":"taxable","17":"shipping-taxable","18":"purchasable","19":"product-type-simple"},"yoast_head":"<!-- This site is optimized with the Yoast SEO plugin v27.4 - https:\/\/yoast.com\/product\/yoast-seo-wordpress\/ -->\n<title>Pfingstgefl\u00fcster 2023 - edition.subkultur<\/title>\n<meta name=\"description\" content=\"Marcus Rietzsch (Hrsg.) \u201ePfingstgefl\u00fcster 2023\u201c Magazin, DIN A4 (21 x 29,7 cm), ISBN: 978-3-948949-35-8, Softcover - Edition Subkultur\" \/>\n<meta name=\"robots\" content=\"index, follow, max-snippet:-1, max-image-preview:large, max-video-preview:-1\" \/>\n<link rel=\"canonical\" href=\"https:\/\/www.subkultur.de\/edition\/shop\/pfingstgefluester-2023\/\" \/>\n<meta property=\"og:locale\" content=\"de_DE\" \/>\n<meta property=\"og:type\" content=\"article\" \/>\n<meta property=\"og:title\" content=\"Pfingstgefluester 2019\" \/>\n<meta property=\"og:description\" content=\"Marcus Rietzsch (Hrsg.) \u201ePfingstgefl\u00fcster 2019\u201c Magazin, 92 Seiten, DIN A4 (21 x 29,7 cm), ISBN: 978-3-943412-84-0, Softcover, 92 Seiten, DIN A4 (21 x 29,7 cm) - Edition Subkultur\" \/>\n<meta property=\"og:url\" content=\"https:\/\/www.subkultur.de\/edition\/shop\/pfingstgefluester-2023\/\" \/>\n<meta property=\"og:site_name\" content=\"edition.subkultur\" \/>\n<meta property=\"article:publisher\" content=\"https:\/\/www.facebook.com\/edition.subkultur\/\" \/>\n<meta property=\"article:modified_time\" content=\"2023-07-28T22:07:28+00:00\" \/>\n<meta property=\"og:image\" content=\"https:\/\/www.subkultur.de\/edition\/wp-content\/uploads\/2019\/08\/pg2019.jpg\" \/>\n\t<meta property=\"og:image:width\" content=\"869\" \/>\n\t<meta property=\"og:image:height\" content=\"1200\" \/>\n\t<meta property=\"og:image:type\" content=\"image\/jpeg\" \/>\n<meta name=\"twitter:card\" content=\"summary_large_image\" \/>\n<meta name=\"twitter:description\" content=\"Marcus Rietzsch (Hrsg.) \u201ePfingstgefl\u00fcster 2019\u201c Magazin, 92 Seiten, DIN A4 (21 x 29,7 cm), ISBN: 978-3-943412-84-0, Softcover, 92 Seiten, DIN A4 (21 x 29,7 cm) - Edition Subkultur\" \/>\n<meta name=\"twitter:image\" content=\"https:\/\/www.subkultur.de\/edition\/wp-content\/uploads\/2019\/08\/pg2019.jpg\" \/>\n<meta name=\"twitter:label1\" content=\"Gesch\u00e4tzte Lesezeit\" \/>\n\t<meta name=\"twitter:data1\" content=\"1\u00a0Minute\" \/>\n<script type=\"application\/ld+json\" class=\"yoast-schema-graph\">{\"@context\":\"https:\\\/\\\/schema.org\",\"@graph\":[{\"@type\":\"WebPage\",\"@id\":\"https:\\\/\\\/www.subkultur.de\\\/edition\\\/shop\\\/pfingstgefluester-2023\\\/\",\"url\":\"https:\\\/\\\/www.subkultur.de\\\/edition\\\/shop\\\/pfingstgefluester-2023\\\/\",\"name\":\"Pfingstgefl\u00fcster 2023 - edition.subkultur\",\"isPartOf\":{\"@id\":\"https:\\\/\\\/www.subkultur.de\\\/edition\\\/#website\"},\"primaryImageOfPage\":{\"@id\":\"https:\\\/\\\/www.subkultur.de\\\/edition\\\/shop\\\/pfingstgefluester-2023\\\/#primaryimage\"},\"image\":{\"@id\":\"https:\\\/\\\/www.subkultur.de\\\/edition\\\/shop\\\/pfingstgefluester-2023\\\/#primaryimage\"},\"thumbnailUrl\":\"https:\\\/\\\/www.subkultur.de\\\/edition\\\/wp-content\\\/uploads\\\/2023\\\/07\\\/pfingstgefluester-2023.jpg\",\"datePublished\":\"2023-07-25T16:56:43+00:00\",\"dateModified\":\"2023-07-28T22:07:28+00:00\",\"description\":\"Marcus Rietzsch (Hrsg.) \u201ePfingstgefl\u00fcster 2023\u201c Magazin, DIN A4 (21 x 29,7 cm), ISBN: 978-3-948949-35-8, Softcover - Edition Subkultur\",\"breadcrumb\":{\"@id\":\"https:\\\/\\\/www.subkultur.de\\\/edition\\\/shop\\\/pfingstgefluester-2023\\\/#breadcrumb\"},\"inLanguage\":\"de\",\"potentialAction\":[{\"@type\":\"ReadAction\",\"target\":[\"https:\\\/\\\/www.subkultur.de\\\/edition\\\/shop\\\/pfingstgefluester-2023\\\/\"]}]},{\"@type\":\"ImageObject\",\"inLanguage\":\"de\",\"@id\":\"https:\\\/\\\/www.subkultur.de\\\/edition\\\/shop\\\/pfingstgefluester-2023\\\/#primaryimage\",\"url\":\"https:\\\/\\\/www.subkultur.de\\\/edition\\\/wp-content\\\/uploads\\\/2023\\\/07\\\/pfingstgefluester-2023.jpg\",\"contentUrl\":\"https:\\\/\\\/www.subkultur.de\\\/edition\\\/wp-content\\\/uploads\\\/2023\\\/07\\\/pfingstgefluester-2023.jpg\",\"width\":849,\"height\":1200,\"caption\":\"Pfingstgefl\u00fcster 2023 - Edition Subkultur\"},{\"@type\":\"BreadcrumbList\",\"@id\":\"https:\\\/\\\/www.subkultur.de\\\/edition\\\/shop\\\/pfingstgefluester-2023\\\/#breadcrumb\",\"itemListElement\":[{\"@type\":\"ListItem\",\"position\":1,\"name\":\"Startseite\",\"item\":\"https:\\\/\\\/www.subkultur.de\\\/edition\\\/\"},{\"@type\":\"ListItem\",\"position\":2,\"name\":\"Shop\",\"item\":\"https:\\\/\\\/www.subkultur.de\\\/edition\\\/shop\\\/\"},{\"@type\":\"ListItem\",\"position\":3,\"name\":\"Pfingstgefl\u00fcster 2023\"}]},{\"@type\":\"WebSite\",\"@id\":\"https:\\\/\\\/www.subkultur.de\\\/edition\\\/#website\",\"url\":\"https:\\\/\\\/www.subkultur.de\\\/edition\\\/\",\"name\":\"edition.subkultur\",\"description\":\"Overground Literatur &amp; Music\",\"publisher\":{\"@id\":\"https:\\\/\\\/www.subkultur.de\\\/edition\\\/#organization\"},\"potentialAction\":[{\"@type\":\"SearchAction\",\"target\":{\"@type\":\"EntryPoint\",\"urlTemplate\":\"https:\\\/\\\/www.subkultur.de\\\/edition\\\/?s={search_term_string}\"},\"query-input\":{\"@type\":\"PropertyValueSpecification\",\"valueRequired\":true,\"valueName\":\"search_term_string\"}}],\"inLanguage\":\"de\"},{\"@type\":\"Organization\",\"@id\":\"https:\\\/\\\/www.subkultur.de\\\/edition\\\/#organization\",\"name\":\"Edition Subkultur\",\"url\":\"https:\\\/\\\/www.subkultur.de\\\/edition\\\/\",\"logo\":{\"@type\":\"ImageObject\",\"inLanguage\":\"de\",\"@id\":\"https:\\\/\\\/www.subkultur.de\\\/edition\\\/#\\\/schema\\\/logo\\\/image\\\/\",\"url\":\"https:\\\/\\\/i0.wp.com\\\/www.subkultur.de\\\/edition\\\/wp-content\\\/uploads\\\/2018\\\/08\\\/sublogo3001.png?fit=300%2C111&ssl=1\",\"contentUrl\":\"https:\\\/\\\/i0.wp.com\\\/www.subkultur.de\\\/edition\\\/wp-content\\\/uploads\\\/2018\\\/08\\\/sublogo3001.png?fit=300%2C111&ssl=1\",\"width\":300,\"height\":111,\"caption\":\"Edition Subkultur\"},\"image\":{\"@id\":\"https:\\\/\\\/www.subkultur.de\\\/edition\\\/#\\\/schema\\\/logo\\\/image\\\/\"},\"sameAs\":[\"https:\\\/\\\/www.facebook.com\\\/edition.subkultur\\\/\"]}]}<\/script>\n<!-- \/ Yoast SEO plugin. -->","yoast_head_json":{"title":"Pfingstgefl\u00fcster 2023 - edition.subkultur","description":"Marcus Rietzsch (Hrsg.) \u201ePfingstgefl\u00fcster 2023\u201c Magazin, DIN A4 (21 x 29,7 cm), ISBN: 978-3-948949-35-8, Softcover - Edition Subkultur","robots":{"index":"index","follow":"follow","max-snippet":"max-snippet:-1","max-image-preview":"max-image-preview:large","max-video-preview":"max-video-preview:-1"},"canonical":"https:\/\/www.subkultur.de\/edition\/shop\/pfingstgefluester-2023\/","og_locale":"de_DE","og_type":"article","og_title":"Pfingstgefluester 2019","og_description":"Marcus Rietzsch (Hrsg.) \u201ePfingstgefl\u00fcster 2019\u201c Magazin, 92 Seiten, DIN A4 (21 x 29,7 cm), ISBN: 978-3-943412-84-0, Softcover, 92 Seiten, DIN A4 (21 x 29,7 cm) - Edition Subkultur","og_url":"https:\/\/www.subkultur.de\/edition\/shop\/pfingstgefluester-2023\/","og_site_name":"edition.subkultur","article_publisher":"https:\/\/www.facebook.com\/edition.subkultur\/","article_modified_time":"2023-07-28T22:07:28+00:00","og_image":[{"width":869,"height":1200,"url":"https:\/\/www.subkultur.de\/edition\/wp-content\/uploads\/2019\/08\/pg2019.jpg","type":"image\/jpeg"}],"twitter_card":"summary_large_image","twitter_description":"Marcus Rietzsch (Hrsg.) \u201ePfingstgefl\u00fcster 2019\u201c Magazin, 92 Seiten, DIN A4 (21 x 29,7 cm), ISBN: 978-3-943412-84-0, Softcover, 92 Seiten, DIN A4 (21 x 29,7 cm) - Edition Subkultur","twitter_image":"https:\/\/www.subkultur.de\/edition\/wp-content\/uploads\/2019\/08\/pg2019.jpg","twitter_misc":{"Gesch\u00e4tzte Lesezeit":"1\u00a0Minute"},"schema":{"@context":"https:\/\/schema.org","@graph":[{"@type":"WebPage","@id":"https:\/\/www.subkultur.de\/edition\/shop\/pfingstgefluester-2023\/","url":"https:\/\/www.subkultur.de\/edition\/shop\/pfingstgefluester-2023\/","name":"Pfingstgefl\u00fcster 2023 - edition.subkultur","isPartOf":{"@id":"https:\/\/www.subkultur.de\/edition\/#website"},"primaryImageOfPage":{"@id":"https:\/\/www.subkultur.de\/edition\/shop\/pfingstgefluester-2023\/#primaryimage"},"image":{"@id":"https:\/\/www.subkultur.de\/edition\/shop\/pfingstgefluester-2023\/#primaryimage"},"thumbnailUrl":"https:\/\/www.subkultur.de\/edition\/wp-content\/uploads\/2023\/07\/pfingstgefluester-2023.jpg","datePublished":"2023-07-25T16:56:43+00:00","dateModified":"2023-07-28T22:07:28+00:00","description":"Marcus Rietzsch (Hrsg.) \u201ePfingstgefl\u00fcster 2023\u201c Magazin, DIN A4 (21 x 29,7 cm), ISBN: 978-3-948949-35-8, Softcover - Edition Subkultur","breadcrumb":{"@id":"https:\/\/www.subkultur.de\/edition\/shop\/pfingstgefluester-2023\/#breadcrumb"},"inLanguage":"de","potentialAction":[{"@type":"ReadAction","target":["https:\/\/www.subkultur.de\/edition\/shop\/pfingstgefluester-2023\/"]}]},{"@type":"ImageObject","inLanguage":"de","@id":"https:\/\/www.subkultur.de\/edition\/shop\/pfingstgefluester-2023\/#primaryimage","url":"https:\/\/www.subkultur.de\/edition\/wp-content\/uploads\/2023\/07\/pfingstgefluester-2023.jpg","contentUrl":"https:\/\/www.subkultur.de\/edition\/wp-content\/uploads\/2023\/07\/pfingstgefluester-2023.jpg","width":849,"height":1200,"caption":"Pfingstgefl\u00fcster 2023 - Edition Subkultur"},{"@type":"BreadcrumbList","@id":"https:\/\/www.subkultur.de\/edition\/shop\/pfingstgefluester-2023\/#breadcrumb","itemListElement":[{"@type":"ListItem","position":1,"name":"Startseite","item":"https:\/\/www.subkultur.de\/edition\/"},{"@type":"ListItem","position":2,"name":"Shop","item":"https:\/\/www.subkultur.de\/edition\/shop\/"},{"@type":"ListItem","position":3,"name":"Pfingstgefl\u00fcster 2023"}]},{"@type":"WebSite","@id":"https:\/\/www.subkultur.de\/edition\/#website","url":"https:\/\/www.subkultur.de\/edition\/","name":"edition.subkultur","description":"Overground Literatur &amp; Music","publisher":{"@id":"https:\/\/www.subkultur.de\/edition\/#organization"},"potentialAction":[{"@type":"SearchAction","target":{"@type":"EntryPoint","urlTemplate":"https:\/\/www.subkultur.de\/edition\/?s={search_term_string}"},"query-input":{"@type":"PropertyValueSpecification","valueRequired":true,"valueName":"search_term_string"}}],"inLanguage":"de"},{"@type":"Organization","@id":"https:\/\/www.subkultur.de\/edition\/#organization","name":"Edition Subkultur","url":"https:\/\/www.subkultur.de\/edition\/","logo":{"@type":"ImageObject","inLanguage":"de","@id":"https:\/\/www.subkultur.de\/edition\/#\/schema\/logo\/image\/","url":"https:\/\/i0.wp.com\/www.subkultur.de\/edition\/wp-content\/uploads\/2018\/08\/sublogo3001.png?fit=300%2C111&ssl=1","contentUrl":"https:\/\/i0.wp.com\/www.subkultur.de\/edition\/wp-content\/uploads\/2018\/08\/sublogo3001.png?fit=300%2C111&ssl=1","width":300,"height":111,"caption":"Edition Subkultur"},"image":{"@id":"https:\/\/www.subkultur.de\/edition\/#\/schema\/logo\/image\/"},"sameAs":["https:\/\/www.facebook.com\/edition.subkultur\/"]}]}},"jetpack_publicize_connections":[],"jetpack-related-posts":[{"id":8004,"url":"https:\/\/www.subkultur.de\/edition\/shop\/pfingstgefluester-2022\/","url_meta":{"origin":8229,"position":0},"title":"Pfingstgefl\u00fcster 2022","author":"Thomas Manegold","date":"09.09.2022","format":false,"excerpt":"Marcus Rietzsch (Hrsg.) \u201ePfingstgefl\u00fcster 2022\u201c Magazin, DIN A4 (21 x 29,7 cm), ISBN: 978-3-948949-28-0, Softcover, DIN A4 (21 x 29,7 cm) - Edition Subkultur","rel":"","context":"\u00c4hnlicher Beitrag","block_context":{"text":"\u00c4hnlicher Beitrag","link":""},"img":{"alt_text":"Pfingstgefl\u00fcster 2022 - edition subkultur","src":"https:\/\/i0.wp.com\/www.subkultur.de\/edition\/wp-content\/uploads\/2022\/09\/Cover-2022.png?resize=350%2C200&ssl=1","width":350,"height":200,"srcset":"https:\/\/i0.wp.com\/www.subkultur.de\/edition\/wp-content\/uploads\/2022\/09\/Cover-2022.png?resize=350%2C200&ssl=1 1x, https:\/\/i0.wp.com\/www.subkultur.de\/edition\/wp-content\/uploads\/2022\/09\/Cover-2022.png?resize=525%2C300&ssl=1 1.5x, https:\/\/i0.wp.com\/www.subkultur.de\/edition\/wp-content\/uploads\/2022\/09\/Cover-2022.png?resize=700%2C400&ssl=1 2x"},"classes":[]},{"id":8467,"url":"https:\/\/www.subkultur.de\/edition\/shop\/pfingstgefluester-2025\/","url_meta":{"origin":8229,"position":1},"title":"Pfingstgefl\u00fcster 2025","author":"Thomas Manegold","date":"01.09.2025","format":false,"excerpt":"Marcus Rietzsch (Hrsg.) \u201ePfingstgefl\u00fcster 2025\u201c Magazin, DIN A4 (21 x 29,7 cm), Edition Subkultur, 92 Seiten, ISBN: 978-3-948949-50-1","rel":"","context":"\u00c4hnlicher Beitrag","block_context":{"text":"\u00c4hnlicher Beitrag","link":""},"img":{"alt_text":"Pfingstgefl\u00fcster 2025","src":"https:\/\/i0.wp.com\/www.subkultur.de\/edition\/wp-content\/uploads\/2025\/09\/Pfingstg2025.jpg?resize=350%2C200&ssl=1","width":350,"height":200,"srcset":"https:\/\/i0.wp.com\/www.subkultur.de\/edition\/wp-content\/uploads\/2025\/09\/Pfingstg2025.jpg?resize=350%2C200&ssl=1 1x, https:\/\/i0.wp.com\/www.subkultur.de\/edition\/wp-content\/uploads\/2025\/09\/Pfingstg2025.jpg?resize=525%2C300&ssl=1 1.5x, https:\/\/i0.wp.com\/www.subkultur.de\/edition\/wp-content\/uploads\/2025\/09\/Pfingstg2025.jpg?resize=700%2C400&ssl=1 2x"},"classes":[]},{"id":8367,"url":"https:\/\/www.subkultur.de\/edition\/shop\/pfingstgefluester-2024\/","url_meta":{"origin":8229,"position":2},"title":"Pfingstgefl\u00fcster 2024","author":"Thomas Manegold","date":"29.07.2024","format":false,"excerpt":"Marcus Rietzsch (Hrsg.) \u201ePfingstgefl\u00fcster 2024\u201c Magazin, DIN A4 (21 x 29,7 cm), ISBN: 978-3-948949-39-6, Softcover, 74 Seiten- Edition Subkultur.","rel":"","context":"\u00c4hnlicher Beitrag","block_context":{"text":"\u00c4hnlicher Beitrag","link":""},"img":{"alt_text":"Pfingstgefluester 2024","src":"https:\/\/i0.wp.com\/www.subkultur.de\/edition\/wp-content\/uploads\/2024\/07\/pfingstgefluester-2024-724x1024-1.jpg?resize=350%2C200&ssl=1","width":350,"height":200,"srcset":"https:\/\/i0.wp.com\/www.subkultur.de\/edition\/wp-content\/uploads\/2024\/07\/pfingstgefluester-2024-724x1024-1.jpg?resize=350%2C200&ssl=1 1x, https:\/\/i0.wp.com\/www.subkultur.de\/edition\/wp-content\/uploads\/2024\/07\/pfingstgefluester-2024-724x1024-1.jpg?resize=525%2C300&ssl=1 1.5x, https:\/\/i0.wp.com\/www.subkultur.de\/edition\/wp-content\/uploads\/2024\/07\/pfingstgefluester-2024-724x1024-1.jpg?resize=700%2C400&ssl=1 2x"},"classes":[]},{"id":926,"url":"https:\/\/www.subkultur.de\/edition\/shop\/schon-unser-heut-ein-gestern-ist\/","url_meta":{"origin":8229,"position":3},"title":"Schon unser Heut ein Gestern ist","author":"Thomas Manegold","date":"01.09.2013","format":false,"excerpt":"Marcus Rietzsch: \"Schon unser Heut ein Gestern ist\" Der Zauber des Verfalls, Fotobildband, a4, 132 S., Edition Subkultur, ISBN : 978-3-943412-03-1, GLP: 12.50 \u20ac","rel":"","context":"\u00c4hnlicher Beitrag","block_context":{"text":"\u00c4hnlicher Beitrag","link":""},"img":{"alt_text":"","src":"https:\/\/i0.wp.com\/www.subkultur.de\/edition\/wp-content\/uploads\/2013\/08\/suhegi-web.jpg?resize=350%2C200&ssl=1","width":350,"height":200,"srcset":"https:\/\/i0.wp.com\/www.subkultur.de\/edition\/wp-content\/uploads\/2013\/08\/suhegi-web.jpg?resize=350%2C200&ssl=1 1x, https:\/\/i0.wp.com\/www.subkultur.de\/edition\/wp-content\/uploads\/2013\/08\/suhegi-web.jpg?resize=525%2C300&ssl=1 1.5x"},"classes":[]},{"id":2586,"url":"https:\/\/www.subkultur.de\/edition\/shop\/fisch-mit-schibrille-buch\/","url_meta":{"origin":8229,"position":4},"title":"Fisch mit Schibrille (Buch)","author":"Thomas Manegold","date":"23.10.2017","format":false,"excerpt":"HC ROTH: \u201eFisch mit Schibrille\u201c, Das dritte Abenteuer des kleinen Manuel Magnoli f\u00fcr Kinder ab 4 Jahren und deren Eltern. Mit Illustrationen von Tristan Silvia Schade, Buch, Softcover 70 S., 12 x 18 cm, ISBN: 978-3-943412-31-4, Edition Subkultur, GLP: 7,50 \u20ac (D)","rel":"","context":"\u00c4hnlicher Beitrag","block_context":{"text":"\u00c4hnlicher Beitrag","link":""},"img":{"alt_text":"HC ROTH: Fisch mit Schibrille - subkultur","src":"https:\/\/i0.wp.com\/www.subkultur.de\/edition\/wp-content\/uploads\/2017\/10\/coverfischweb.jpg?resize=350%2C200&ssl=1","width":350,"height":200,"srcset":"https:\/\/i0.wp.com\/www.subkultur.de\/edition\/wp-content\/uploads\/2017\/10\/coverfischweb.jpg?resize=350%2C200&ssl=1 1x, https:\/\/i0.wp.com\/www.subkultur.de\/edition\/wp-content\/uploads\/2017\/10\/coverfischweb.jpg?resize=525%2C300&ssl=1 1.5x, https:\/\/i0.wp.com\/www.subkultur.de\/edition\/wp-content\/uploads\/2017\/10\/coverfischweb.jpg?resize=700%2C400&ssl=1 2x"},"classes":[]},{"id":1036,"url":"https:\/\/www.subkultur.de\/edition\/shop\/lisa-morgenstern-amphibian-limited-edition\/","url_meta":{"origin":8229,"position":5},"title":"Lisa Morgenstern &#8222;Amphibian&#8220; (limited Edition)","author":"Thomas Manegold","date":"12.11.2013","format":false,"excerpt":"LISA MORGENSTERN \"AMPHIBIAN\" Chanson Noir, Dark Pop, Klassik, 11 Tracks, 47 Min, auf einer CD im Black-Vinyl-Style, im limitierten Hardcover Artbook mit Fotografien von Manuel Estheim, ISBN: 978-3-943412-58-1","rel":"","context":"Mit 1 Kommentar","block_context":{"text":"Mit 1 Kommentar","link":"https:\/\/www.subkultur.de\/edition\/shop\/lisa-morgenstern-amphibian-limited-edition\/#comments"},"img":{"alt_text":"","src":"https:\/\/i0.wp.com\/www.subkultur.de\/edition\/wp-content\/uploads\/2013\/11\/lmhcn.jpg?resize=350%2C200&ssl=1","width":350,"height":200,"srcset":"https:\/\/i0.wp.com\/www.subkultur.de\/edition\/wp-content\/uploads\/2013\/11\/lmhcn.jpg?resize=350%2C200&ssl=1 1x, https:\/\/i0.wp.com\/www.subkultur.de\/edition\/wp-content\/uploads\/2013\/11\/lmhcn.jpg?resize=525%2C300&ssl=1 1.5x, https:\/\/i0.wp.com\/www.subkultur.de\/edition\/wp-content\/uploads\/2013\/11\/lmhcn.jpg?resize=700%2C400&ssl=1 2x, https:\/\/i0.wp.com\/www.subkultur.de\/edition\/wp-content\/uploads\/2013\/11\/lmhcn.jpg?resize=1050%2C600&ssl=1 3x"},"classes":[]}],"jetpack_sharing_enabled":true,"_links":{"self":[{"href":"https:\/\/www.subkultur.de\/edition\/wp-json\/wp\/v2\/product\/8229","targetHints":{"allow":["GET"]}}],"collection":[{"href":"https:\/\/www.subkultur.de\/edition\/wp-json\/wp\/v2\/product"}],"about":[{"href":"https:\/\/www.subkultur.de\/edition\/wp-json\/wp\/v2\/types\/product"}],"replies":[{"embeddable":true,"href":"https:\/\/www.subkultur.de\/edition\/wp-json\/wp\/v2\/comments?post=8229"}],"wp:featuredmedia":[{"embeddable":true,"href":"https:\/\/www.subkultur.de\/edition\/wp-json\/wp\/v2\/media\/8228"}],"wp:attachment":[{"href":"https:\/\/www.subkultur.de\/edition\/wp-json\/wp\/v2\/media?parent=8229"}],"wp:term":[{"taxonomy":"product_brand","embeddable":true,"href":"https:\/\/www.subkultur.de\/edition\/wp-json\/wp\/v2\/product_brand?post=8229"},{"taxonomy":"product_cat","embeddable":true,"href":"https:\/\/www.subkultur.de\/edition\/wp-json\/wp\/v2\/product_cat?post=8229"},{"taxonomy":"product_tag","embeddable":true,"href":"https:\/\/www.subkultur.de\/edition\/wp-json\/wp\/v2\/product_tag?post=8229"}],"curies":[{"name":"wp","href":"https:\/\/api.w.org\/{rel}","templated":true}]}}